{"id":5801,"date":"2024-08-20T01:55:07","date_gmt":"2024-08-20T01:55:07","guid":{"rendered":"https:\/\/jinhuaceramic.com\/?post_type=product&#038;p=5801"},"modified":"2024-11-07T09:54:02","modified_gmt":"2024-11-07T09:54:02","slug":"empty-candle-vessels-wholesale","status":"publish","type":"product","link":"https:\/\/jinhuaceramic.com\/de\/product\/empty-candle-vessels-wholesale\/","title":{"rendered":"Leere Kerzengef\u00e4\u00dfe Gro\u00dfhandel, Spirale gelbe keramische Gef\u00e4\u00dfe"},"content":{"rendered":"<div class=\"wp-block-columns is-layout-flex wp-container-core-columns-is-layout-9d6595d7 wp-block-columns-is-layout-flex\">\n<div class=\"wp-block-column is-layout-flow wp-block-column-is-layout-flow\">\n<h3 class=\"wp-block-heading\">Premium Leere Kerze Gef\u00e4\u00dfe Gro\u00dfhandel Merkmale:<\/h3>\n\n\n\n<ul class=\"wp-block-list\">\n<li><strong>Elegantes Design:<\/strong> Das elegante Design dieser leeren Kerzengef\u00e4\u00dfe im Gro\u00dfhandel ist von der Spiralform in der Natur inspiriert. Diese Gro\u00dfhandelskerzengef\u00e4\u00dfe beginnen am Boden und steigen allm\u00e4hlich in einer eleganten Spirallinie nach oben, um schlie\u00dflich in eine zarte runde obere \u00d6ffnung zu m\u00fcnden. Dieses Design ist nicht nur sch\u00f6n, sondern erh\u00f6ht auch die Stabilit\u00e4t der Verwendung.<\/li>\n\n\n\n<li><strong>Hochwertiges Material:<\/strong> Diese Spiral-Kerzengl\u00e4ser werden aus hochwertiger Keramik und unbedenklicher gelber Glasur als Rohmaterial hergestellt und durchlaufen ein feines Brennverfahren, um sicherzustellen, dass die Produktoberfl\u00e4che glatt und zart ist und sich warm anf\u00fchlt.<\/li>\n\n\n\n<li><strong>Wiederverwendbar:<\/strong> Nachdem die Kerzen aufgebraucht sind, k\u00f6nnen diese spiralf\u00f6rmigen, gelben, leeren Keramikkerzengef\u00e4\u00dfe im Gro\u00dfhandel als wunderbare Aufbewahrungsbeh\u00e4lter f\u00fcr kleine Gegenst\u00e4nde wie Schminkpinsel, Schmuck, Schl\u00fcssel oder B\u00fcroartikel wiederverwendet werden.<\/li>\n\n\n\n<li><strong>Anpassbarer Service:<\/strong> Um den individuellen Bed\u00fcrfnissen der verschiedenen Kunden gerecht zu werden, bieten wir als Fabrik kundenspezifische Kerzengl\u00e4ser an. Ob es sich um die Anpassung der Farbe, die \u00c4nderung der Gr\u00f6\u00dfe oder die Anpassung eines einzigartigen Musters handelt, wir werden Ihnen von ganzem Herzen dienen.<\/li>\n<\/ul>\n<\/div>\n\n\n\n<div class=\"wp-block-column is-layout-flow wp-block-column-is-layout-flow\">\n<figure class=\"wp-block-image size-full\"><img fetchpriority=\"high\" decoding=\"async\" width=\"1257\" height=\"1257\" src=\"https:\/\/jinhuaceramic.com\/wp-content\/uploads\/2024\/08\/candle-jar-ceramic-3.webp\" alt=\"Leere Kerze Gef\u00e4\u00dfe Gro\u00dfhandel, Spirale gelbe keramische Jars-4\" class=\"wp-image-5803\" srcset=\"https:\/\/jinhuaceramic.com\/wp-content\/uploads\/2024\/08\/candle-jar-ceramic-3.webp 1257w, https:\/\/jinhuaceramic.com\/wp-content\/uploads\/2024\/08\/candle-jar-ceramic-3-300x300.webp 300w, https:\/\/jinhuaceramic.com\/wp-content\/uploads\/2024\/08\/candle-jar-ceramic-3-150x150.webp 150w, https:\/\/jinhuaceramic.com\/wp-content\/uploads\/2024\/08\/candle-jar-ceramic-3-768x768.webp 768w, https:\/\/jinhuaceramic.com\/wp-content\/uploads\/2024\/08\/candle-jar-ceramic-3-12x12.webp 12w, https:\/\/jinhuaceramic.com\/wp-content\/uploads\/2024\/08\/candle-jar-ceramic-3-285x285.webp 285w, https:\/\/jinhuaceramic.com\/wp-content\/uploads\/2024\/08\/candle-jar-ceramic-3-270x270.webp 270w, https:\/\/jinhuaceramic.com\/wp-content\/uploads\/2024\/08\/candle-jar-ceramic-3-540x540.webp 540w, https:\/\/jinhuaceramic.com\/wp-content\/uploads\/2024\/08\/candle-jar-ceramic-3-660x660.webp 660w\" sizes=\"(max-width: 1257px) 100vw, 1257px\" \/><\/figure>\n<\/div>\n<\/div>","protected":false},"excerpt":{"rendered":"<p>Willkommen zum Kauf leere Kerze Gl\u00e4ser bulk. Unsere spiralf\u00f6rmige gelbe Keramik leere Kerze Gef\u00e4\u00dfe Gro\u00dfhandel, mit einer einzigartigen Spirale Design, warme gelbe Glasur, und hochwertige Keramik-Material, sind sowohl ein Haus Dekoration und praktisch. Wir bieten Gro\u00dfhandelsrabatte und personalisierte Anpassungsdienste und freuen uns darauf, einen sch\u00f6nen Raum mit Ihnen zu schaffen.<\/p>","protected":false},"featured_media":5804,"comment_status":"closed","ping_status":"closed","template":"","meta":{"_acf_changed":false},"product_brand":[],"product_cat":[52],"product_tag":[66],"class_list":{"0":"post-5801","1":"product","2":"type-product","3":"status-publish","4":"has-post-thumbnail","6":"product_cat-wholesale-candle-containers","7":"product_tag-candle-jars-wholesale","9":"first","10":"instock","11":"shipping-taxable","12":"product-type-simple"},"acf":[],"_links":{"self":[{"href":"https:\/\/jinhuaceramic.com\/de\/wp-json\/wp\/v2\/product\/5801","targetHints":{"allow":["GET"]}}],"collection":[{"href":"https:\/\/jinhuaceramic.com\/de\/wp-json\/wp\/v2\/product"}],"about":[{"href":"https:\/\/jinhuaceramic.com\/de\/wp-json\/wp\/v2\/types\/product"}],"replies":[{"embeddable":true,"href":"https:\/\/jinhuaceramic.com\/de\/wp-json\/wp\/v2\/comments?post=5801"}],"version-history":[{"count":0,"href":"https:\/\/jinhuaceramic.com\/de\/wp-json\/wp\/v2\/product\/5801\/revisions"}],"wp:featuredmedia":[{"embeddable":true,"href":"https:\/\/jinhuaceramic.com\/de\/wp-json\/wp\/v2\/media\/5804"}],"wp:attachment":[{"href":"https:\/\/jinhuaceramic.com\/de\/wp-json\/wp\/v2\/media?parent=5801"}],"wp:term":[{"taxonomy":"product_brand","embeddable":true,"href":"https:\/\/jinhuaceramic.com\/de\/wp-json\/wp\/v2\/product_brand?post=5801"},{"taxonomy":"product_cat","embeddable":true,"href":"https:\/\/jinhuaceramic.com\/de\/wp-json\/wp\/v2\/product_cat?post=5801"},{"taxonomy":"product_tag","embeddable":true,"href":"https:\/\/jinhuaceramic.com\/de\/wp-json\/wp\/v2\/product_tag?post=5801"}],"curies":[{"name":"wp","href":"https:\/\/api.w.org\/{rel}","templated":true}]}}