{"id":5816,"date":"2024-08-21T03:59:20","date_gmt":"2024-08-21T03:59:20","guid":{"rendered":"https:\/\/jinhuaceramic.com\/?post_type=product&#038;p=5816"},"modified":"2025-03-11T08:04:19","modified_gmt":"2025-03-11T08:04:19","slug":"versatile-ceramic-bakeware-set-wholesale","status":"publish","type":"product","link":"https:\/\/jinhuaceramic.com\/de\/product\/versatile-ceramic-bakeware-set-wholesale\/","title":{"rendered":"Vielseitiges Keramik-Backformen-Set Gro\u00dfhandel, Ramekins in Bulk"},"content":{"rendered":"<div class=\"wp-block-columns is-layout-flex wp-container-core-columns-is-layout-9d6595d7 wp-block-columns-is-layout-flex\">\n<div class=\"wp-block-column is-layout-flow wp-block-column-is-layout-flow\">\n<h3 class=\"wp-block-heading\">Premium-Keramik-Backformen Set Gro\u00dfhandel Eigenschaften:<\/h3>\n\n\n\n<ul class=\"wp-block-list\">\n<li><strong>Vielseitige Farbe:<\/strong> Dieses Keramik-Backformen-Set f\u00fcr den Gro\u00dfhandel gibt es in einer Vielzahl von leuchtenden Farben wie Blau, Wei\u00df und Rosa. Die Farbkombination ist harmonisch und lebendig, was sofort ins Auge f\u00e4llt, den Backprozess unterhaltsamer macht und die Backergebnisse verlockender erscheinen l\u00e4sst.<\/li>\n\n\n\n<li><strong>Hochwertiges Material:<\/strong> Diese vielseitigen Backformen-Sets f\u00fcr den Gro\u00dfhandel werden aus hochwertigem Keramik-Ton hergestellt und bei hohen Temperaturen gebrannt, so dass sie hitzebest\u00e4ndig, backofenfest und langlebig sind.<\/li>\n\n\n\n<li><strong>Vielseitig einsetzbar:<\/strong> Dieses Keramik-Backformen-Set f\u00fcr den Gro\u00dfhandel umfasst Backformen in verschiedenen Formen und Gr\u00f6\u00dfen, darunter gro\u00dfe rechteckige und 3 Gr\u00f6\u00dfen runder Backformen, um unterschiedlichen Backanforderungen gerecht zu werden. Die gro\u00dfe rechteckige Backform eignet sich f\u00fcr die Zubereitung gro\u00dffl\u00e4chiger Backwaren wie Brath\u00e4hnchen und Lasagne; die Auflaufform eignet sich f\u00fcr die Zubereitung kleiner Desserts oder Beilagen; die gro\u00dfen rechteckigen und runden Backformen sind flexibler und k\u00f6nnen an verschiedene Backszenarien angepasst werden.<\/li>\n\n\n\n<li><strong>Leicht zu reinigen:<\/strong> Die Oberfl\u00e4che dieses Gro\u00dfhandels-Backformen-Sets ist glatt und empfindlich, wird nicht leicht von Speiseresten verschmutzt und ist sehr leicht zu reinigen.<\/li>\n<\/ul>\n<\/div>\n\n\n\n<div class=\"wp-block-column is-layout-flow wp-block-column-is-layout-flow\">\n<figure class=\"wp-block-image size-full\"><img fetchpriority=\"high\" decoding=\"async\" width=\"900\" height=\"1497\" src=\"https:\/\/jinhuaceramic.com\/wp-content\/uploads\/2024\/08\/ceramic-bakeware-set.webp\" alt=\"Vielseitiges Keramik-Backformen-Set Gro\u00dfhandel, Ramekins in Bulk\" class=\"wp-image-5820\" srcset=\"https:\/\/jinhuaceramic.com\/wp-content\/uploads\/2024\/08\/ceramic-bakeware-set.webp 900w, https:\/\/jinhuaceramic.com\/wp-content\/uploads\/2024\/08\/ceramic-bakeware-set-180x300.webp 180w, https:\/\/jinhuaceramic.com\/wp-content\/uploads\/2024\/08\/ceramic-bakeware-set-768x1277.webp 768w, https:\/\/jinhuaceramic.com\/wp-content\/uploads\/2024\/08\/ceramic-bakeware-set-7x12.webp 7w, https:\/\/jinhuaceramic.com\/wp-content\/uploads\/2024\/08\/ceramic-bakeware-set-285x474.webp 285w, https:\/\/jinhuaceramic.com\/wp-content\/uploads\/2024\/08\/ceramic-bakeware-set-397x660.webp 397w, https:\/\/jinhuaceramic.com\/wp-content\/uploads\/2024\/08\/ceramic-bakeware-set-90x150.webp 90w\" sizes=\"(max-width: 900px) 100vw, 900px\" \/><\/figure>\n<\/div>\n<\/div>","protected":false},"excerpt":{"rendered":"<p>Mit leuchtenden Farben, hochwertigen Materialien und einer Vielzahl von Formen und Gr\u00f6\u00dfen machen diese vielseitigen Keramik-Backformen im Gro\u00dfhandel jedes Backen einfacher und angenehmer. Die Sets wurden f\u00fcr unterschiedliche Backbed\u00fcrfnisse entwickelt und sind eine gute Wahl f\u00fcr das Backen zu Hause oder f\u00fcr den gewerblichen Gebrauch.<\/p>","protected":false},"featured_media":5822,"comment_status":"closed","ping_status":"closed","template":"","meta":{"_acf_changed":false},"product_brand":[],"product_cat":[53],"product_tag":[69,71],"class_list":{"0":"post-5816","1":"product","2":"type-product","3":"status-publish","4":"has-post-thumbnail","6":"product_cat-bakeware-in-bulk","7":"product_tag-bulk-ramekins","8":"product_tag-wholesale-baking-pans","10":"first","11":"instock","12":"shipping-taxable","13":"product-type-simple"},"acf":[],"_links":{"self":[{"href":"https:\/\/jinhuaceramic.com\/de\/wp-json\/wp\/v2\/product\/5816","targetHints":{"allow":["GET"]}}],"collection":[{"href":"https:\/\/jinhuaceramic.com\/de\/wp-json\/wp\/v2\/product"}],"about":[{"href":"https:\/\/jinhuaceramic.com\/de\/wp-json\/wp\/v2\/types\/product"}],"replies":[{"embeddable":true,"href":"https:\/\/jinhuaceramic.com\/de\/wp-json\/wp\/v2\/comments?post=5816"}],"version-history":[{"count":0,"href":"https:\/\/jinhuaceramic.com\/de\/wp-json\/wp\/v2\/product\/5816\/revisions"}],"wp:featuredmedia":[{"embeddable":true,"href":"https:\/\/jinhuaceramic.com\/de\/wp-json\/wp\/v2\/media\/5822"}],"wp:attachment":[{"href":"https:\/\/jinhuaceramic.com\/de\/wp-json\/wp\/v2\/media?parent=5816"}],"wp:term":[{"taxonomy":"product_brand","embeddable":true,"href":"https:\/\/jinhuaceramic.com\/de\/wp-json\/wp\/v2\/product_brand?post=5816"},{"taxonomy":"product_cat","embeddable":true,"href":"https:\/\/jinhuaceramic.com\/de\/wp-json\/wp\/v2\/product_cat?post=5816"},{"taxonomy":"product_tag","embeddable":true,"href":"https:\/\/jinhuaceramic.com\/de\/wp-json\/wp\/v2\/product_tag?post=5816"}],"curies":[{"name":"wp","href":"https:\/\/api.w.org\/{rel}","templated":true}]}}