{"id":5884,"date":"2024-08-30T04:44:24","date_gmt":"2024-08-30T04:44:24","guid":{"rendered":"https:\/\/jinhuaceramic.com\/?post_type=product&#038;p=5884"},"modified":"2025-03-10T09:15:08","modified_gmt":"2025-03-10T09:15:08","slug":"ceramic-baking-dish-set-wholesale-2","status":"publish","type":"product","link":"https:\/\/jinhuaceramic.com\/de\/product\/ceramic-baking-dish-set-wholesale-2\/","title":{"rendered":"Dunkelblaue keramische Backform Set Gro\u00dfhandel, benutzerdefinierte Gr\u00f6\u00dfe Backen Pfannen"},"content":{"rendered":"<div class=\"wp-block-columns is-layout-flex wp-container-core-columns-is-layout-9d6595d7 wp-block-columns-is-layout-flex\">\n<div class=\"wp-block-column is-layout-flow wp-block-column-is-layout-flow\">\n<h3 class=\"wp-block-heading\">Premium-Keramik-Backform Set Gro\u00dfhandel Eigenschaften:<\/h3>\n\n\n\n<ul class=\"wp-block-list\">\n<li><strong>Geeignet f\u00fcr eine Vielzahl von K\u00fcchenger\u00e4ten:<\/strong> Dieses dunkelblaue Keramik-Backformen-Set kann sicher in Mikrowellenherden, Back\u00f6fen, K\u00fchlschr\u00e4nken und Geschirrsp\u00fclern verwendet werden, was den Nutzern hilft, eine nahtlose Verbindung zwischen Kochen und Reinigen zu erreichen und die Effizienz der K\u00fcchenabl\u00e4ufe erheblich zu verbessern.<\/li>\n\n\n\n<li><strong>Bieten Sie mehrere Gr\u00f6\u00dfenoptionen an: <\/strong>Dieses Backformen-Set in individueller Gr\u00f6\u00dfe umfasst eine Vielzahl von Gr\u00f6\u00dfen, die den unterschiedlichen Backanforderungen gerecht werden. Egal, ob es sich um ein kleines Familienessen oder eine gro\u00dfe Party handelt, Sie k\u00f6nnen eine passende Backform finden und flexibel auf verschiedene Zutaten und Rezeptanforderungen reagieren.<\/li>\n\n\n\n<li><strong>Hohe Hitzebest\u00e4ndigkeit: <\/strong>Unser Keramik-Backformen-Set f\u00fcr den Gro\u00dfhandel ist aus hochwertigem Keramikmaterial hergestellt. Diese Backform hat eine ausgezeichnete Hochtemperaturbest\u00e4ndigkeit und kann hohen Temperaturen beim Backen standhalten, ohne sich zu verformen oder Risse zu bekommen. So wird sichergestellt, dass die Lebensmittel gleichm\u00e4\u00dfig erhitzt werden und die K\u00f6stlichkeit und der Geschmack der Zutaten erhalten bleiben.<\/li>\n\n\n\n<li><strong>Stilvolles und elegantes dunkelblaues Aussehen: <\/strong>Unsere Backformen in Sondergr\u00f6\u00dfe haben ein einfaches und stimmungsvolles dunkelblaues Design, das sowohl praktisch als auch sch\u00f6n ist. Sie k\u00f6nnen der K\u00fcche eine elegante Atmosph\u00e4re verleihen, passen zu moderner und traditioneller Tischdekoration und verbessern das Esserlebnis.<\/li>\n<\/ul>\n<\/div>\n\n\n\n<div class=\"wp-block-column is-layout-flow wp-block-column-is-layout-flow\">\n<figure class=\"wp-block-image size-full\"><img fetchpriority=\"high\" decoding=\"async\" width=\"510\" height=\"510\" src=\"https:\/\/jinhuaceramic.com\/wp-content\/uploads\/2024\/08\/baking-dish-5.webp\" alt=\"Dunkelblaue keramische Backform Set Gro\u00dfhandel, benutzerdefinierte Gr\u00f6\u00dfe Backen Pfannen-1\" class=\"wp-image-5887\" srcset=\"https:\/\/jinhuaceramic.com\/wp-content\/uploads\/2024\/08\/baking-dish-5.webp 510w, https:\/\/jinhuaceramic.com\/wp-content\/uploads\/2024\/08\/baking-dish-5-300x300.webp 300w, https:\/\/jinhuaceramic.com\/wp-content\/uploads\/2024\/08\/baking-dish-5-150x150.webp 150w, https:\/\/jinhuaceramic.com\/wp-content\/uploads\/2024\/08\/baking-dish-5-12x12.webp 12w, https:\/\/jinhuaceramic.com\/wp-content\/uploads\/2024\/08\/baking-dish-5-285x285.webp 285w, https:\/\/jinhuaceramic.com\/wp-content\/uploads\/2024\/08\/baking-dish-5-270x270.webp 270w\" sizes=\"(max-width: 510px) 100vw, 510px\" \/><\/figure>\n<\/div>\n<\/div>","protected":false},"excerpt":{"rendered":"<p>Willkommen bei Backformen in Sondergr\u00f6\u00dfe. Unser dunkelblaues Keramik-Backformen-Set f\u00fcr den Gro\u00dfhandel ist sowohl sch\u00f6n als auch praktisch. Es eignet sich f\u00fcr Mikrowellenherde, Back\u00f6fen, K\u00fchlschr\u00e4nke und Geschirrsp\u00fcler und bietet eine Vielzahl von Gr\u00f6\u00dfenoptionen, um unterschiedliche Backanforderungen zu erf\u00fcllen.<\/p>","protected":false},"featured_media":5885,"comment_status":"closed","ping_status":"closed","template":"","meta":{"_acf_changed":false},"product_brand":[],"product_cat":[53],"product_tag":[71],"class_list":{"0":"post-5884","1":"product","2":"type-product","3":"status-publish","4":"has-post-thumbnail","6":"product_cat-bakeware-in-bulk","7":"product_tag-wholesale-baking-pans","9":"first","10":"instock","11":"shipping-taxable","12":"product-type-simple"},"acf":[],"_links":{"self":[{"href":"https:\/\/jinhuaceramic.com\/de\/wp-json\/wp\/v2\/product\/5884","targetHints":{"allow":["GET"]}}],"collection":[{"href":"https:\/\/jinhuaceramic.com\/de\/wp-json\/wp\/v2\/product"}],"about":[{"href":"https:\/\/jinhuaceramic.com\/de\/wp-json\/wp\/v2\/types\/product"}],"replies":[{"embeddable":true,"href":"https:\/\/jinhuaceramic.com\/de\/wp-json\/wp\/v2\/comments?post=5884"}],"version-history":[{"count":0,"href":"https:\/\/jinhuaceramic.com\/de\/wp-json\/wp\/v2\/product\/5884\/revisions"}],"wp:featuredmedia":[{"embeddable":true,"href":"https:\/\/jinhuaceramic.com\/de\/wp-json\/wp\/v2\/media\/5885"}],"wp:attachment":[{"href":"https:\/\/jinhuaceramic.com\/de\/wp-json\/wp\/v2\/media?parent=5884"}],"wp:term":[{"taxonomy":"product_brand","embeddable":true,"href":"https:\/\/jinhuaceramic.com\/de\/wp-json\/wp\/v2\/product_brand?post=5884"},{"taxonomy":"product_cat","embeddable":true,"href":"https:\/\/jinhuaceramic.com\/de\/wp-json\/wp\/v2\/product_cat?post=5884"},{"taxonomy":"product_tag","embeddable":true,"href":"https:\/\/jinhuaceramic.com\/de\/wp-json\/wp\/v2\/product_tag?post=5884"}],"curies":[{"name":"wp","href":"https:\/\/api.w.org\/{rel}","templated":true}]}}