{"id":5893,"date":"2024-08-30T04:47:37","date_gmt":"2024-08-30T04:47:37","guid":{"rendered":"https:\/\/jinhuaceramic.com\/?post_type=product&#038;p=5893"},"modified":"2025-01-16T06:25:10","modified_gmt":"2025-01-16T06:25:10","slug":"striped-ceramic-bowl-wholesale","status":"publish","type":"product","link":"https:\/\/jinhuaceramic.com\/de\/product\/striped-ceramic-bowl-wholesale\/","title":{"rendered":"Einzigartige gestreifte keramische Schale Gro\u00dfhandel, Geschirr f\u00fcr Snack und Salat"},"content":{"rendered":"<div class=\"wp-block-columns is-layout-flex wp-container-core-columns-is-layout-9d6595d7 wp-block-columns-is-layout-flex\">\n<div class=\"wp-block-column is-layout-flow wp-block-column-is-layout-flow\">\n<h3 class=\"wp-block-heading\">Premium-Keramik-Schale Gro\u00dfhandel Merkmale:<\/h3>\n\n\n\n<ul class=\"wp-block-list\">\n<li><strong>Einzigartiges Design: <\/strong>Diese einzigartigen Keramikschalen f\u00fcr den Gro\u00dfhandel sind von klassischen Fast-Food-Schachteln inspiriert. Mit ihren rot-wei\u00df und gr\u00fcn-wei\u00df gestreiften Mustern sind sie sowohl retro als auch lebendig und bringen einen Hauch von Spa\u00df auf jeden gedeckten Tisch.<\/li>\n\n\n\n<li><strong>Hochwertiges Material:<\/strong> Diese Keramikschalen sind aus hochwertiger Keramik gefertigt, die extrem langlebig, umweltfreundlich, ungiftig und bleifrei ist.<\/li>\n\n\n\n<li><strong>Vielseitig einsetzbar: <\/strong>Die quadratischen Keramikschalen sind tief genug, um Snacks wie Chips, Popcorn und Chicken Nuggets, aber auch Salate und andere Beilagen aufzunehmen oder Obst und Gem\u00fcse zu pr\u00e4sentieren.<\/li>\n\n\n\n<li><strong>Leicht zu reinigen: <\/strong>Die glatte Keramikoberfl\u00e4che dieser einzigartigen gestreiften Keramiksch\u00fcsseln hat eine gute Fleckenbest\u00e4ndigkeit, Speisereste bleiben nicht so leicht haften und k\u00f6nnen leicht von Hand oder in der Sp\u00fclmaschine gereinigt werden.<\/li>\n<\/ul>\n<\/div>\n\n\n\n<div class=\"wp-block-column is-layout-flow wp-block-column-is-layout-flow\">\n<figure class=\"wp-block-image size-full\"><img fetchpriority=\"high\" decoding=\"async\" width=\"800\" height=\"800\" src=\"https:\/\/jinhuaceramic.com\/wp-content\/uploads\/2024\/08\/snack-bowl.webp\" alt=\"Einzigartige Gestreifte-Keramik-Schale-Gro\u00dfhandel-Geschirr-f\u00fcr-Snack-und-Salat\" class=\"wp-image-5909\" srcset=\"https:\/\/jinhuaceramic.com\/wp-content\/uploads\/2024\/08\/snack-bowl.webp 800w, https:\/\/jinhuaceramic.com\/wp-content\/uploads\/2024\/08\/snack-bowl-300x300.webp 300w, https:\/\/jinhuaceramic.com\/wp-content\/uploads\/2024\/08\/snack-bowl-150x150.webp 150w, https:\/\/jinhuaceramic.com\/wp-content\/uploads\/2024\/08\/snack-bowl-768x768.webp 768w, https:\/\/jinhuaceramic.com\/wp-content\/uploads\/2024\/08\/snack-bowl-12x12.webp 12w, https:\/\/jinhuaceramic.com\/wp-content\/uploads\/2024\/08\/snack-bowl-285x285.webp 285w, https:\/\/jinhuaceramic.com\/wp-content\/uploads\/2024\/08\/snack-bowl-270x270.webp 270w, https:\/\/jinhuaceramic.com\/wp-content\/uploads\/2024\/08\/snack-bowl-540x540.webp 540w, https:\/\/jinhuaceramic.com\/wp-content\/uploads\/2024\/08\/snack-bowl-660x660.webp 660w\" sizes=\"(max-width: 800px) 100vw, 800px\" \/><\/figure>\n<\/div>\n<\/div>","protected":false},"excerpt":{"rendered":"<p>Diese gestreifte Keramiksch\u00fcssel Gro\u00dfhandel sind beliebt f\u00fcr ihre einzigartige Design, lebendige Farbabstimmung und hochwertigen Materialien. Ihre einzigartige Fast-Food-Box-Design ist nicht nur interessant und sch\u00f6n, sondern auch einfacher zu platzieren und zeigen Lebensmittel, die Verbesserung der Freude am Essen. \u00a0<\/p>","protected":false},"featured_media":5902,"comment_status":"closed","ping_status":"closed","template":"","meta":{"_acf_changed":false},"product_brand":[],"product_cat":[54,85],"product_tag":[78],"class_list":{"0":"post-5893","1":"product","2":"type-product","3":"status-publish","4":"has-post-thumbnail","6":"product_cat-tableware-wholesale","7":"product_cat-wholesale-ceramic-bowls","8":"product_tag-bulk-ceramic-bowls","10":"first","11":"instock","12":"shipping-taxable","13":"product-type-simple"},"acf":[],"_links":{"self":[{"href":"https:\/\/jinhuaceramic.com\/de\/wp-json\/wp\/v2\/product\/5893","targetHints":{"allow":["GET"]}}],"collection":[{"href":"https:\/\/jinhuaceramic.com\/de\/wp-json\/wp\/v2\/product"}],"about":[{"href":"https:\/\/jinhuaceramic.com\/de\/wp-json\/wp\/v2\/types\/product"}],"replies":[{"embeddable":true,"href":"https:\/\/jinhuaceramic.com\/de\/wp-json\/wp\/v2\/comments?post=5893"}],"version-history":[{"count":0,"href":"https:\/\/jinhuaceramic.com\/de\/wp-json\/wp\/v2\/product\/5893\/revisions"}],"wp:featuredmedia":[{"embeddable":true,"href":"https:\/\/jinhuaceramic.com\/de\/wp-json\/wp\/v2\/media\/5902"}],"wp:attachment":[{"href":"https:\/\/jinhuaceramic.com\/de\/wp-json\/wp\/v2\/media?parent=5893"}],"wp:term":[{"taxonomy":"product_brand","embeddable":true,"href":"https:\/\/jinhuaceramic.com\/de\/wp-json\/wp\/v2\/product_brand?post=5893"},{"taxonomy":"product_cat","embeddable":true,"href":"https:\/\/jinhuaceramic.com\/de\/wp-json\/wp\/v2\/product_cat?post=5893"},{"taxonomy":"product_tag","embeddable":true,"href":"https:\/\/jinhuaceramic.com\/de\/wp-json\/wp\/v2\/product_tag?post=5893"}],"curies":[{"name":"wp","href":"https:\/\/api.w.org\/{rel}","templated":true}]}}