{"id":5927,"date":"2024-08-31T09:14:05","date_gmt":"2024-08-31T09:14:05","guid":{"rendered":"https:\/\/jinhuaceramic.com\/?post_type=product&#038;p=5927"},"modified":"2024-09-21T04:08:18","modified_gmt":"2024-09-21T04:08:18","slug":"ceramic-wholesale-soap-dispensers","status":"publish","type":"product","link":"https:\/\/jinhuaceramic.com\/de\/product\/ceramic-wholesale-soap-dispensers\/","title":{"rendered":"Premium-Keramik-Gro\u00dfhandel Seifenspender, Seifenflasche f\u00fcr Badezimmer"},"content":{"rendered":"<div class=\"wp-block-columns is-layout-flex wp-container-core-columns-is-layout-9d6595d7 wp-block-columns-is-layout-flex\">\n<div class=\"wp-block-column is-layout-flow wp-block-column-is-layout-flow\">\n<h3 class=\"wp-block-heading\">Premium Gro\u00dfhandel Seifenspender Eigenschaften:<\/h3>\n\n\n\n<ul class=\"wp-block-list\">\n<li><strong>Modernes Design:<\/strong> Diese Keramikseifenspender f\u00fcr den Gro\u00dfhandel haben ein einfaches und modernes Design mit einer glatten, gebogenen Flasche, die unten etwas breiter ist und sich nach oben hin verj\u00fcngt. Dieses Design ist nicht nur \u00e4sthetisch ansprechend, sondern auch leicht zu halten. Eine Vielzahl von Farboptionen, schwarz, wei\u00df, grau und andere neutrale Farben mit einem goldenen Pumpenkopf, sehen sowohl klassisch und stilvoll.<\/li>\n\n\n\n<li><strong>Hochwertiges Material:<\/strong> Diese Seifenspender Gro\u00dfhandel sind aus hochwertigen keramischen Ton bei hoher Temperatur gebrannt, haben eine hohe H\u00e4rte und Verschlei\u00dffestigkeit, und sind nicht leicht zu besch\u00e4digen.<\/li>\n\n\n\n<li><strong>Funktioneller Pumpenmechanismus: <\/strong>Diese Gro\u00dfhandels-Keramikseifenspender verwenden hochwertige rostfreie Pumpen. Der Pumpenkopf ist so konzipiert, dass er leicht mit einer Hand zu dr\u00fccken ist und die Menge der abgegebenen Fl\u00fcssigkeit jedes Mal kontrolliert. Er kann um 360 Grad gedreht werden und ist somit einfach und schnell zu bedienen.<\/li>\n\n\n\n<li><strong>Leicht zu reinigen und wiederverwendbar:<\/strong> Diese keramischen Seifenspender f\u00fcr den Gro\u00dfhandel haben eine glatte Oberfl\u00e4che, sind leicht zu reinigen und k\u00f6nnen mit verschiedenen Shampoos, Duschgels, Lotionen usw. nachgef\u00fcllt werden.<\/li>\n<\/ul>\n<\/div>\n\n\n\n<div class=\"wp-block-column is-layout-flow wp-block-column-is-layout-flow\">\n<figure class=\"wp-block-image size-full\"><img fetchpriority=\"high\" decoding=\"async\" width=\"800\" height=\"800\" src=\"https:\/\/jinhuaceramic.com\/wp-content\/uploads\/2024\/08\/soap-dispenser-ceramic.webp\" alt=\"Premium-Keramik-Gro\u00dfhandel Seifenspender, Seifenflaschen-1\" class=\"wp-image-5933\" srcset=\"https:\/\/jinhuaceramic.com\/wp-content\/uploads\/2024\/08\/soap-dispenser-ceramic.webp 800w, https:\/\/jinhuaceramic.com\/wp-content\/uploads\/2024\/08\/soap-dispenser-ceramic-300x300.webp 300w, https:\/\/jinhuaceramic.com\/wp-content\/uploads\/2024\/08\/soap-dispenser-ceramic-150x150.webp 150w, https:\/\/jinhuaceramic.com\/wp-content\/uploads\/2024\/08\/soap-dispenser-ceramic-768x768.webp 768w, https:\/\/jinhuaceramic.com\/wp-content\/uploads\/2024\/08\/soap-dispenser-ceramic-12x12.webp 12w, https:\/\/jinhuaceramic.com\/wp-content\/uploads\/2024\/08\/soap-dispenser-ceramic-285x285.webp 285w, https:\/\/jinhuaceramic.com\/wp-content\/uploads\/2024\/08\/soap-dispenser-ceramic-270x270.webp 270w, https:\/\/jinhuaceramic.com\/wp-content\/uploads\/2024\/08\/soap-dispenser-ceramic-540x540.webp 540w, https:\/\/jinhuaceramic.com\/wp-content\/uploads\/2024\/08\/soap-dispenser-ceramic-660x660.webp 660w\" sizes=\"(max-width: 800px) 100vw, 800px\" \/><\/figure>\n<\/div>\n<\/div>","protected":false},"excerpt":{"rendered":"<p>Diese keramischen Seifenspendersets f\u00fcr den Gro\u00dfhandel sind mit ihrem schlichten Design, den verschiedenen Farboptionen und den hochwertigen Materialien ideal f\u00fcr private und gewerbliche Einrichtungen. Ihr modernes Aussehen wird den Gesamtstil eines Badezimmers oder einer Toilette verbessern und gleichzeitig praktisch sein.<\/p>","protected":false},"featured_media":5931,"comment_status":"closed","ping_status":"closed","template":"","meta":{"_acf_changed":false},"product_brand":[],"product_cat":[51],"product_tag":[74],"class_list":{"0":"post-5927","1":"product","2":"type-product","3":"status-publish","4":"has-post-thumbnail","6":"product_cat-bathroom-accessories-wholesale","7":"product_tag-ceramic-bath-accessories-wholesale","9":"first","10":"instock","11":"shipping-taxable","12":"product-type-simple"},"acf":[],"_links":{"self":[{"href":"https:\/\/jinhuaceramic.com\/de\/wp-json\/wp\/v2\/product\/5927","targetHints":{"allow":["GET"]}}],"collection":[{"href":"https:\/\/jinhuaceramic.com\/de\/wp-json\/wp\/v2\/product"}],"about":[{"href":"https:\/\/jinhuaceramic.com\/de\/wp-json\/wp\/v2\/types\/product"}],"replies":[{"embeddable":true,"href":"https:\/\/jinhuaceramic.com\/de\/wp-json\/wp\/v2\/comments?post=5927"}],"version-history":[{"count":0,"href":"https:\/\/jinhuaceramic.com\/de\/wp-json\/wp\/v2\/product\/5927\/revisions"}],"wp:featuredmedia":[{"embeddable":true,"href":"https:\/\/jinhuaceramic.com\/de\/wp-json\/wp\/v2\/media\/5931"}],"wp:attachment":[{"href":"https:\/\/jinhuaceramic.com\/de\/wp-json\/wp\/v2\/media?parent=5927"}],"wp:term":[{"taxonomy":"product_brand","embeddable":true,"href":"https:\/\/jinhuaceramic.com\/de\/wp-json\/wp\/v2\/product_brand?post=5927"},{"taxonomy":"product_cat","embeddable":true,"href":"https:\/\/jinhuaceramic.com\/de\/wp-json\/wp\/v2\/product_cat?post=5927"},{"taxonomy":"product_tag","embeddable":true,"href":"https:\/\/jinhuaceramic.com\/de\/wp-json\/wp\/v2\/product_tag?post=5927"}],"curies":[{"name":"wp","href":"https:\/\/api.w.org\/{rel}","templated":true}]}}