{"id":5970,"date":"2024-09-06T10:15:19","date_gmt":"2024-09-06T10:15:19","guid":{"rendered":"https:\/\/jinhuaceramic.com\/?post_type=product&#038;p=5970"},"modified":"2024-09-21T04:08:17","modified_gmt":"2024-09-21T04:08:17","slug":"floral-ceramic-bathroom-sets-wholesale","status":"publish","type":"product","link":"https:\/\/jinhuaceramic.com\/de\/product\/floral-ceramic-bathroom-sets-wholesale\/","title":{"rendered":"Floral Keramik Bad Sets Gro\u00dfhandel, benutzerdefinierte 4-St\u00fcck Bad Sets"},"content":{"rendered":"<div class=\"wp-block-columns is-layout-flex wp-container-core-columns-is-layout-9d6595d7 wp-block-columns-is-layout-flex\">\n<div class=\"wp-block-column is-layout-flow wp-block-column-is-layout-flow\">\n<h3 class=\"wp-block-heading\">Premium Floral Keramik Bad Sets Gro\u00dfhandel Eigenschaften:<\/h3>\n\n\n\n<ul class=\"wp-block-list\">\n<li><strong>Von der Natur inspiriertes Design: <\/strong>Diese floralen Keramiksets f\u00fcr den Gro\u00dfhandel zeichnen sich durch ein erfrischendes gr\u00fcnes Blattmuster aus, gepaart mit einem wei\u00dfen Sockel, der frisch und nat\u00fcrlich wirkt, die Badezimmereinrichtung aufwertet und eine warme und gem\u00fctliche Atmosph\u00e4re schafft.<\/li>\n\n\n\n<li><strong>Personalisierter Druck:<\/strong> Jedes dieser Keramiksets f\u00fcr das Badezimmer ist mit dem Schriftzug \u201cNature is something to love\u201d bedruckt, der die Liebe zur Natur zum Ausdruck bringt und gleichzeitig einen Hauch von literarischer Atmosph\u00e4re in das Badezimmer bringt.<\/li>\n\n\n\n<li><strong>Hochwertige Materialien:<\/strong> Diese floralen Keramik Bad-Sets Gro\u00dfhandel sind aus hochwertigem keramischen Ton und ungiftig Abziehbilder, die robust und langlebig sind, mit einer glatten Oberfl\u00e4che, wird nicht schimmeln, und sind nicht leicht zu z\u00fcchten Bakterien.<\/li>\n\n\n\n<li><strong>Vollst\u00e4ndiger Satz: <\/strong>Diese Gro\u00dfhandels-Keramik-Badezimmer-Sets umfassen einen Seifenspender, einen Zahnputzbecher und eine Seifenschale, die den t\u00e4glichen Waschbedarf decken und das Badezimmer gut organisieren k\u00f6nnen. Sie sind nicht nur f\u00fcr den Heimgebrauch geeignet, sondern k\u00f6nnen auch an kommerzielle Orte wie Hotels geliefert werden.<\/li>\n<\/ul>\n<\/div>\n\n\n\n<div class=\"wp-block-column is-layout-flow wp-block-column-is-layout-flow\">\n<figure class=\"wp-block-image size-full\"><img fetchpriority=\"high\" decoding=\"async\" width=\"1024\" height=\"1024\" src=\"https:\/\/jinhuaceramic.com\/wp-content\/uploads\/2024\/09\/4-Piece-Wholesale-Ceramic-Bathroom-Set-Custom-Hotel-Accessories-Supplier-2.webp\" alt=\"Floral Keramik Bad Sets Gro\u00dfhandel, benutzerdefinierte 4-St\u00fcck Bad Sets-1\" class=\"wp-image-5971\" srcset=\"https:\/\/jinhuaceramic.com\/wp-content\/uploads\/2024\/09\/4-Piece-Wholesale-Ceramic-Bathroom-Set-Custom-Hotel-Accessories-Supplier-2.webp 1024w, https:\/\/jinhuaceramic.com\/wp-content\/uploads\/2024\/09\/4-Piece-Wholesale-Ceramic-Bathroom-Set-Custom-Hotel-Accessories-Supplier-2-300x300.webp 300w, https:\/\/jinhuaceramic.com\/wp-content\/uploads\/2024\/09\/4-Piece-Wholesale-Ceramic-Bathroom-Set-Custom-Hotel-Accessories-Supplier-2-150x150.webp 150w, https:\/\/jinhuaceramic.com\/wp-content\/uploads\/2024\/09\/4-Piece-Wholesale-Ceramic-Bathroom-Set-Custom-Hotel-Accessories-Supplier-2-768x768.webp 768w, https:\/\/jinhuaceramic.com\/wp-content\/uploads\/2024\/09\/4-Piece-Wholesale-Ceramic-Bathroom-Set-Custom-Hotel-Accessories-Supplier-2-12x12.webp 12w, https:\/\/jinhuaceramic.com\/wp-content\/uploads\/2024\/09\/4-Piece-Wholesale-Ceramic-Bathroom-Set-Custom-Hotel-Accessories-Supplier-2-285x285.webp 285w, https:\/\/jinhuaceramic.com\/wp-content\/uploads\/2024\/09\/4-Piece-Wholesale-Ceramic-Bathroom-Set-Custom-Hotel-Accessories-Supplier-2-270x270.webp 270w, https:\/\/jinhuaceramic.com\/wp-content\/uploads\/2024\/09\/4-Piece-Wholesale-Ceramic-Bathroom-Set-Custom-Hotel-Accessories-Supplier-2-540x540.webp 540w, https:\/\/jinhuaceramic.com\/wp-content\/uploads\/2024\/09\/4-Piece-Wholesale-Ceramic-Bathroom-Set-Custom-Hotel-Accessories-Supplier-2-660x660.webp 660w\" sizes=\"(max-width: 1024px) 100vw, 1024px\" \/><\/figure>\n<\/div>\n<\/div>","protected":false},"excerpt":{"rendered":"<p>Diese floralen keramischen Badezimmersets Gro\u00dfhandel haben nicht nur frische Muster Designs, die f\u00fcr verschiedene Badstile geeignet sind, sondern auch hochwertige Materialien und starke Praktikabilit\u00e4t, die nicht nur das Aussehen des Badezimmers zu verbessern, sondern auch die Lagerung und Organisation Funktionen des Badezimmers zu erf\u00fcllen.<\/p>","protected":false},"featured_media":5977,"comment_status":"closed","ping_status":"closed","template":"","meta":{"_acf_changed":false},"product_brand":[],"product_cat":[51],"product_tag":[74],"class_list":{"0":"post-5970","1":"product","2":"type-product","3":"status-publish","4":"has-post-thumbnail","6":"product_cat-bathroom-accessories-wholesale","7":"product_tag-ceramic-bath-accessories-wholesale","9":"first","10":"instock","11":"shipping-taxable","12":"product-type-simple"},"acf":[],"_links":{"self":[{"href":"https:\/\/jinhuaceramic.com\/de\/wp-json\/wp\/v2\/product\/5970","targetHints":{"allow":["GET"]}}],"collection":[{"href":"https:\/\/jinhuaceramic.com\/de\/wp-json\/wp\/v2\/product"}],"about":[{"href":"https:\/\/jinhuaceramic.com\/de\/wp-json\/wp\/v2\/types\/product"}],"replies":[{"embeddable":true,"href":"https:\/\/jinhuaceramic.com\/de\/wp-json\/wp\/v2\/comments?post=5970"}],"version-history":[{"count":0,"href":"https:\/\/jinhuaceramic.com\/de\/wp-json\/wp\/v2\/product\/5970\/revisions"}],"wp:featuredmedia":[{"embeddable":true,"href":"https:\/\/jinhuaceramic.com\/de\/wp-json\/wp\/v2\/media\/5977"}],"wp:attachment":[{"href":"https:\/\/jinhuaceramic.com\/de\/wp-json\/wp\/v2\/media?parent=5970"}],"wp:term":[{"taxonomy":"product_brand","embeddable":true,"href":"https:\/\/jinhuaceramic.com\/de\/wp-json\/wp\/v2\/product_brand?post=5970"},{"taxonomy":"product_cat","embeddable":true,"href":"https:\/\/jinhuaceramic.com\/de\/wp-json\/wp\/v2\/product_cat?post=5970"},{"taxonomy":"product_tag","embeddable":true,"href":"https:\/\/jinhuaceramic.com\/de\/wp-json\/wp\/v2\/product_tag?post=5970"}],"curies":[{"name":"wp","href":"https:\/\/api.w.org\/{rel}","templated":true}]}}