{"id":6036,"date":"2024-09-19T06:23:33","date_gmt":"2024-09-19T06:23:33","guid":{"rendered":"https:\/\/jinhuaceramic.com\/?post_type=product&#038;p=6036"},"modified":"2025-03-08T02:32:58","modified_gmt":"2025-03-08T02:32:58","slug":"ceramic-bathroom-accessories-wholesale","status":"publish","type":"product","link":"https:\/\/jinhuaceramic.com\/de\/product\/ceramic-bathroom-accessories-wholesale\/","title":{"rendered":"Keramische Bad-Accessoires Gro\u00dfhandel, 5 St\u00fcck Hotel Badezimmer Set"},"content":{"rendered":"<div class=\"wp-block-columns is-layout-flex wp-container-core-columns-is-layout-9d6595d7 wp-block-columns-is-layout-flex\">\n<div class=\"wp-block-column is-layout-flow wp-block-column-is-layout-flow\">\n<h3 class=\"wp-block-heading\">Premium-Keramik-Badezimmer-Accessoires Gro\u00dfhandel Features:<\/h3>\n\n\n\n<ul class=\"wp-block-list\">\n<li><strong>Modernes Design:<\/strong> Diese Keramik Bad-Accessoires Gro\u00dfhandel sind wei\u00df und minimalistisch im modernen Design. Jedes Produkt hat vertikale Streifen auf der Oberfl\u00e4che, die ein Gef\u00fchl von Textur verleiht. Dar\u00fcber hinaus macht die abgerundete Linie Design das Produkt weicher. Diese keramischen Badezimmergarnituren k\u00f6nnen an verschiedene Badezimmerdekorationsthemen angepasst werden.<\/li>\n\n\n\n<li><strong>Hochwertiges Material:<\/strong> Aus hochwertigem, bei hohen Temperaturen gebranntem Keramikton hergestellt, sind diese Badezimmer-Sets f\u00fcr den Gro\u00dfhandel sehr hart und robust und nicht so leicht zu brechen.<\/li>\n\n\n\n<li><strong>Vollst\u00e4ndiger Satz:<\/strong> Diese keramischen Bad-Accessoires Gro\u00dfhandel besteht aus einem Spender f\u00fcr Fl\u00fcssigseife, um verschiedene Arten von Fl\u00fcssigseife, zwei Keramik-Tassen, um etwas wie Zahnb\u00fcrsten oder zu verwenden, w\u00e4hrend der Reinigung Ihren Mund, eine Seifenschale, und ein Apotheker Glas zu setzen Watteb\u00e4llchen und Wattepads, die f\u00fcr die t\u00e4gliche Reinigung Bed\u00fcrfnisse und halten das Bad organisiert werden k\u00f6nnen.<\/li>\n\n\n\n<li><strong>Leicht zu reinigen: <\/strong>Die Keramik dieser Gro\u00dfhandelssets f\u00fcr das Badezimmer ist glatt, schmutzunempfindlich und leicht zu reinigen, so dass das Badezimmer sauber und keimfrei ist.<\/li>\n<\/ul>\n<\/div>\n\n\n\n<div class=\"wp-block-column is-layout-flow wp-block-column-is-layout-flow\">\n<figure class=\"wp-block-image size-full\"><img fetchpriority=\"high\" decoding=\"async\" width=\"1500\" height=\"1499\" src=\"https:\/\/jinhuaceramic.com\/wp-content\/uploads\/2024\/09\/Wholesale-Ceramic-Bathroom-Set-5-Piece-Hotel-Bathroom-Accessories-4.webp\" alt=\"Keramische Bad-Accessoires Gro\u00dfhandel, 5 St\u00fcck Hotel Badezimmer Set-1\" class=\"wp-image-6039\" srcset=\"https:\/\/jinhuaceramic.com\/wp-content\/uploads\/2024\/09\/Wholesale-Ceramic-Bathroom-Set-5-Piece-Hotel-Bathroom-Accessories-4.webp 1500w, https:\/\/jinhuaceramic.com\/wp-content\/uploads\/2024\/09\/Wholesale-Ceramic-Bathroom-Set-5-Piece-Hotel-Bathroom-Accessories-4-300x300.webp 300w, https:\/\/jinhuaceramic.com\/wp-content\/uploads\/2024\/09\/Wholesale-Ceramic-Bathroom-Set-5-Piece-Hotel-Bathroom-Accessories-4-150x150.webp 150w, https:\/\/jinhuaceramic.com\/wp-content\/uploads\/2024\/09\/Wholesale-Ceramic-Bathroom-Set-5-Piece-Hotel-Bathroom-Accessories-4-768x767.webp 768w, https:\/\/jinhuaceramic.com\/wp-content\/uploads\/2024\/09\/Wholesale-Ceramic-Bathroom-Set-5-Piece-Hotel-Bathroom-Accessories-4-12x12.webp 12w, https:\/\/jinhuaceramic.com\/wp-content\/uploads\/2024\/09\/Wholesale-Ceramic-Bathroom-Set-5-Piece-Hotel-Bathroom-Accessories-4-285x285.webp 285w, https:\/\/jinhuaceramic.com\/wp-content\/uploads\/2024\/09\/Wholesale-Ceramic-Bathroom-Set-5-Piece-Hotel-Bathroom-Accessories-4-270x270.webp 270w, https:\/\/jinhuaceramic.com\/wp-content\/uploads\/2024\/09\/Wholesale-Ceramic-Bathroom-Set-5-Piece-Hotel-Bathroom-Accessories-4-540x540.webp 540w, https:\/\/jinhuaceramic.com\/wp-content\/uploads\/2024\/09\/Wholesale-Ceramic-Bathroom-Set-5-Piece-Hotel-Bathroom-Accessories-4-660x660.webp 660w\" sizes=\"(max-width: 1500px) 100vw, 1500px\" \/><\/figure>\n<\/div>\n<\/div>","protected":false},"excerpt":{"rendered":"<p>Willkommen im Gro\u00dfhandel Badezimmer-Sets zu kaufen. Diese keramischen Bad-Accessoires Gro\u00dfhandel sind beliebt wegen ihrer einfachen und eleganten Stil, ausgezeichnete keramische Materialien und allgemeine Praktikabilit\u00e4t. Balancing Sch\u00f6nheit und Funktionalit\u00e4t, haben diese Keramik Bad-Sets die beliebteste Wahl f\u00fcr Bad Dekoration gewesen.<\/p>","protected":false},"featured_media":6038,"comment_status":"closed","ping_status":"closed","template":"","meta":{"_acf_changed":false},"product_brand":[],"product_cat":[51],"product_tag":[74],"class_list":{"0":"post-6036","1":"product","2":"type-product","3":"status-publish","4":"has-post-thumbnail","6":"product_cat-bathroom-accessories-wholesale","7":"product_tag-ceramic-bath-accessories-wholesale","9":"first","10":"instock","11":"shipping-taxable","12":"product-type-simple"},"acf":[],"_links":{"self":[{"href":"https:\/\/jinhuaceramic.com\/de\/wp-json\/wp\/v2\/product\/6036","targetHints":{"allow":["GET"]}}],"collection":[{"href":"https:\/\/jinhuaceramic.com\/de\/wp-json\/wp\/v2\/product"}],"about":[{"href":"https:\/\/jinhuaceramic.com\/de\/wp-json\/wp\/v2\/types\/product"}],"replies":[{"embeddable":true,"href":"https:\/\/jinhuaceramic.com\/de\/wp-json\/wp\/v2\/comments?post=6036"}],"version-history":[{"count":0,"href":"https:\/\/jinhuaceramic.com\/de\/wp-json\/wp\/v2\/product\/6036\/revisions"}],"wp:featuredmedia":[{"embeddable":true,"href":"https:\/\/jinhuaceramic.com\/de\/wp-json\/wp\/v2\/media\/6038"}],"wp:attachment":[{"href":"https:\/\/jinhuaceramic.com\/de\/wp-json\/wp\/v2\/media?parent=6036"}],"wp:term":[{"taxonomy":"product_brand","embeddable":true,"href":"https:\/\/jinhuaceramic.com\/de\/wp-json\/wp\/v2\/product_brand?post=6036"},{"taxonomy":"product_cat","embeddable":true,"href":"https:\/\/jinhuaceramic.com\/de\/wp-json\/wp\/v2\/product_cat?post=6036"},{"taxonomy":"product_tag","embeddable":true,"href":"https:\/\/jinhuaceramic.com\/de\/wp-json\/wp\/v2\/product_tag?post=6036"}],"curies":[{"name":"wp","href":"https:\/\/api.w.org\/{rel}","templated":true}]}}