{"id":6079,"date":"2024-09-19T06:16:19","date_gmt":"2024-09-19T06:16:19","guid":{"rendered":"https:\/\/jinhuaceramic.com\/?post_type=product&#038;p=6079"},"modified":"2024-09-21T03:55:24","modified_gmt":"2024-09-21T03:55:24","slug":"wholesale-soap-dishes","status":"publish","type":"product","link":"https:\/\/jinhuaceramic.com\/de\/product\/wholesale-soap-dishes\/","title":{"rendered":"Gro\u00dfhandel Seifenschale mit wellenf\u00f6rmigen Deisgn"},"content":{"rendered":"<div class=\"wp-block-columns is-layout-flex wp-container-core-columns-is-layout-9d6595d7 wp-block-columns-is-layout-flex\">\n<div class=\"wp-block-column is-layout-flow wp-block-column-is-layout-flow\">\n<h3 class=\"wp-block-heading\">Premium Gro\u00dfhandel Seifenschalen Eigenschaften:<\/h3>\n\n\n\n<ul class=\"wp-block-list\">\n<li><strong>Einzigartiges wellenf\u00f6rmiges Design:<\/strong> Diese keramischen Seifenschalen f\u00fcr den Gro\u00dfhandel zeichnen sich durch ein einzigartiges durchgehendes wellenf\u00f6rmiges Design aus. Die Ober- und Unterseite zeigen beide glatte Wellenlinien, was nicht nur sch\u00f6n ist, sondern auch einen visuellen Effekt von Leichtigkeit und Bewegung bringt.<\/li>\n\n\n\n<li><strong>Hochwertige Materialien:<\/strong> Diese Gro\u00dfhandelsseifenschalen sind aus hochwertigem Keramikmaterial hergestellt. Sie sind hart, nicht leicht zu brechen, und kann ihr Aussehen so hell und sauber wie neu f\u00fcr eine lange Zeit zu halten.<\/li>\n\n\n\n<li><strong>Verschiedene Farben: <\/strong>Diese Keramik Seifenschalen Gro\u00dfhandel sind in einer Vielzahl von Farben, schwarz, wei\u00df, hellgrau, beige, gesprenkelt wei\u00df, etc. Als eine Fabrik, k\u00f6nnen wir auch andere Farben nach Kundenwunsch anpassen.<\/li>\n\n\n\n<li><strong>Selbstentleerend und hygienisch:<\/strong> Das gewellte Design dieser keramischen Seifenschalen f\u00fcr den Gro\u00dfhandel hebt die Seife an, so dass sie nicht lange im Wasser einweicht, die Seife trocken und hygienisch bleibt und die Nutzungsdauer der Seife verl\u00e4ngert wird. Die keramische Oberfl\u00e4che ist glatt und zart, nicht leicht, Schmutz und Bakterien zu verstecken, und ist sehr bequem zu reinigen.<\/li>\n<\/ul>\n<\/div>\n\n\n\n<div class=\"wp-block-column is-layout-flow wp-block-column-is-layout-flow\">\n<figure class=\"wp-block-image size-full\"><img fetchpriority=\"high\" decoding=\"async\" width=\"750\" height=\"750\" src=\"https:\/\/jinhuaceramic.com\/wp-content\/uploads\/2024\/09\/Custom-Wave-Shaped-Ceramic-Soap-Dish-Wholesale-Bathroom-Accessories-9.webp\" alt=\"Durable Gro\u00dfhandel Seifenschalen mit Wave-Shaped Design-1\" class=\"wp-image-6087\" srcset=\"https:\/\/jinhuaceramic.com\/wp-content\/uploads\/2024\/09\/Custom-Wave-Shaped-Ceramic-Soap-Dish-Wholesale-Bathroom-Accessories-9.webp 750w, https:\/\/jinhuaceramic.com\/wp-content\/uploads\/2024\/09\/Custom-Wave-Shaped-Ceramic-Soap-Dish-Wholesale-Bathroom-Accessories-9-300x300.webp 300w, https:\/\/jinhuaceramic.com\/wp-content\/uploads\/2024\/09\/Custom-Wave-Shaped-Ceramic-Soap-Dish-Wholesale-Bathroom-Accessories-9-150x150.webp 150w, https:\/\/jinhuaceramic.com\/wp-content\/uploads\/2024\/09\/Custom-Wave-Shaped-Ceramic-Soap-Dish-Wholesale-Bathroom-Accessories-9-12x12.webp 12w, https:\/\/jinhuaceramic.com\/wp-content\/uploads\/2024\/09\/Custom-Wave-Shaped-Ceramic-Soap-Dish-Wholesale-Bathroom-Accessories-9-285x285.webp 285w, https:\/\/jinhuaceramic.com\/wp-content\/uploads\/2024\/09\/Custom-Wave-Shaped-Ceramic-Soap-Dish-Wholesale-Bathroom-Accessories-9-270x270.webp 270w, https:\/\/jinhuaceramic.com\/wp-content\/uploads\/2024\/09\/Custom-Wave-Shaped-Ceramic-Soap-Dish-Wholesale-Bathroom-Accessories-9-540x540.webp 540w, https:\/\/jinhuaceramic.com\/wp-content\/uploads\/2024\/09\/Custom-Wave-Shaped-Ceramic-Soap-Dish-Wholesale-Bathroom-Accessories-9-660x660.webp 660w\" sizes=\"(max-width: 750px) 100vw, 750px\" \/><\/figure>\n<\/div>\n<\/div>\n\n\n\n<p><\/p>","protected":false},"excerpt":{"rendered":"<p>Willkommen zu kaufen Keramik Suppenschalen in loser Sch\u00fcttung. Die Kombination von \u00c4sthetik und Praktikabilit\u00e4t, unsere welligen Gro\u00dfhandel Seifenschalen haben die erste Wahl der Kunden geworden. Eine Vielzahl von Farben machen es geeignet f\u00fcr verschiedene Baddekoration Stile und eine sch\u00f6ne Versch\u00f6nerung im Bad werden. Das hochwertige Keramikmaterial macht sie langlebig, leicht zu reinigen und hygienisch.<\/p>","protected":false},"featured_media":6088,"comment_status":"closed","ping_status":"closed","template":"","meta":{"_acf_changed":false},"product_brand":[],"product_cat":[51],"product_tag":[72],"class_list":{"0":"post-6079","1":"product","2":"type-product","3":"status-publish","4":"has-post-thumbnail","6":"product_cat-bathroom-accessories-wholesale","7":"product_tag-wholesale-soap-dishes","9":"first","10":"instock","11":"shipping-taxable","12":"product-type-simple"},"acf":[],"_links":{"self":[{"href":"https:\/\/jinhuaceramic.com\/de\/wp-json\/wp\/v2\/product\/6079","targetHints":{"allow":["GET"]}}],"collection":[{"href":"https:\/\/jinhuaceramic.com\/de\/wp-json\/wp\/v2\/product"}],"about":[{"href":"https:\/\/jinhuaceramic.com\/de\/wp-json\/wp\/v2\/types\/product"}],"replies":[{"embeddable":true,"href":"https:\/\/jinhuaceramic.com\/de\/wp-json\/wp\/v2\/comments?post=6079"}],"version-history":[{"count":0,"href":"https:\/\/jinhuaceramic.com\/de\/wp-json\/wp\/v2\/product\/6079\/revisions"}],"wp:featuredmedia":[{"embeddable":true,"href":"https:\/\/jinhuaceramic.com\/de\/wp-json\/wp\/v2\/media\/6088"}],"wp:attachment":[{"href":"https:\/\/jinhuaceramic.com\/de\/wp-json\/wp\/v2\/media?parent=6079"}],"wp:term":[{"taxonomy":"product_brand","embeddable":true,"href":"https:\/\/jinhuaceramic.com\/de\/wp-json\/wp\/v2\/product_brand?post=6079"},{"taxonomy":"product_cat","embeddable":true,"href":"https:\/\/jinhuaceramic.com\/de\/wp-json\/wp\/v2\/product_cat?post=6079"},{"taxonomy":"product_tag","embeddable":true,"href":"https:\/\/jinhuaceramic.com\/de\/wp-json\/wp\/v2\/product_tag?post=6079"}],"curies":[{"name":"wp","href":"https:\/\/api.w.org\/{rel}","templated":true}]}}