{"id":6142,"date":"2024-09-20T09:01:48","date_gmt":"2024-09-20T09:01:48","guid":{"rendered":"https:\/\/jinhuaceramic.com\/?post_type=product&#038;p=6142"},"modified":"2024-09-21T04:08:16","modified_gmt":"2024-09-21T04:08:16","slug":"4-piece-wholesale-ceramic-bathroom-set","status":"publish","type":"product","link":"https:\/\/jinhuaceramic.com\/de\/product\/4-piece-wholesale-ceramic-bathroom-set\/","title":{"rendered":"4-teiliges Keramik-Badezimmer-Set mit Bambus-Deckeln im Gro\u00dfhandel"},"content":{"rendered":"<div class=\"wp-block-columns is-layout-flex wp-container-core-columns-is-layout-9d6595d7 wp-block-columns-is-layout-flex\">\n<div class=\"wp-block-column is-layout-flow wp-block-column-is-layout-flow\">\n<h3 class=\"wp-block-heading\">Premium 4-St\u00fcck Gro\u00dfhandel keramischen Badezimmer Set Features:<\/h3>\n\n\n\n<ul class=\"wp-block-list\">\n<li><strong>Modernes Design:<\/strong> Diese 4-teiligen Keramiksets f\u00fcr den Gro\u00dfhandel zeichnen sich durch ein minimalistisches, modernes Design aus. Die Keramik Tassen und Seifenflaschen sind beide klassische zylindrische Designs mit glatten Linien, einfach und doch anspruchsvoll. Dar\u00fcber hinaus f\u00fcgt das Bambustablett einen Hauch von nat\u00fcrlicher Textur zu dem modernen Set.<\/li>\n\n\n\n<li><strong>Vielseitige Farben:<\/strong> Diese Gro\u00dfhandels-Badezimmer-Sets sind in drei Farben erh\u00e4ltlich: wei\u00df, schwarz und grau, die die Bed\u00fcrfnisse der Badezimmerdekoration in verschiedenen Stilen erf\u00fcllen k\u00f6nnen. Wei\u00df ist klassisch und vielseitig, schwarz ist einfach und stimmungsvoll, und grau ist modisch und elegant.<\/li>\n\n\n\n<li><strong>Hochwertiges Material:<\/strong> Diese 4-teiligen Gro\u00dfhandels-Keramik-Badezimmer-Sets sind aus hochwertigem Keramikmaterial und Premium-Bambusholz gefertigt. Die Keramik ist glatt und zart, hat eine gute Wasserdichtigkeit und ist leicht zu reinigen.<\/li>\n\n\n\n<li><strong>Vollst\u00e4ndiger Satz:<\/strong> Diese Badezimmer-Sets f\u00fcr den Gro\u00dfhandel umfassen zwei Keramikbecher und einen Keramikseifenspender mit Pumpe, in dem Zahnb\u00fcrsten, Zahnpasta, Handseife usw. aufbewahrt werden k\u00f6nnen. Das Bambus-Tablett unterst\u00fctzt nicht nur, sondern trennt auch verschiedene Elemente, so dass das Badezimmer Arbeitsplatte mehr aufger\u00e4umt und organisiert.<\/li>\n<\/ul>\n<\/div>\n\n\n\n<div class=\"wp-block-column is-layout-flow wp-block-column-is-layout-flow\">\n<figure class=\"wp-block-image size-full\"><img fetchpriority=\"high\" decoding=\"async\" width=\"800\" height=\"800\" src=\"https:\/\/jinhuaceramic.com\/wp-content\/uploads\/2024\/09\/4-Piece-Wholesale-Ceramic-Bathroom-Set-With-Bamboo-Accents-4.jpg\" alt=\"4-Teiliges-Gro\u00dfhandels-Keramik-Badezimmer-Set-mit-Bambus-Akzenten\" class=\"wp-image-6150\" srcset=\"https:\/\/jinhuaceramic.com\/wp-content\/uploads\/2024\/09\/4-Piece-Wholesale-Ceramic-Bathroom-Set-With-Bamboo-Accents-4.jpg 800w, https:\/\/jinhuaceramic.com\/wp-content\/uploads\/2024\/09\/4-Piece-Wholesale-Ceramic-Bathroom-Set-With-Bamboo-Accents-4-300x300.jpg 300w, https:\/\/jinhuaceramic.com\/wp-content\/uploads\/2024\/09\/4-Piece-Wholesale-Ceramic-Bathroom-Set-With-Bamboo-Accents-4-150x150.jpg 150w, https:\/\/jinhuaceramic.com\/wp-content\/uploads\/2024\/09\/4-Piece-Wholesale-Ceramic-Bathroom-Set-With-Bamboo-Accents-4-768x768.jpg 768w, https:\/\/jinhuaceramic.com\/wp-content\/uploads\/2024\/09\/4-Piece-Wholesale-Ceramic-Bathroom-Set-With-Bamboo-Accents-4-12x12.jpg 12w, https:\/\/jinhuaceramic.com\/wp-content\/uploads\/2024\/09\/4-Piece-Wholesale-Ceramic-Bathroom-Set-With-Bamboo-Accents-4-285x285.jpg 285w, https:\/\/jinhuaceramic.com\/wp-content\/uploads\/2024\/09\/4-Piece-Wholesale-Ceramic-Bathroom-Set-With-Bamboo-Accents-4-270x270.jpg 270w, https:\/\/jinhuaceramic.com\/wp-content\/uploads\/2024\/09\/4-Piece-Wholesale-Ceramic-Bathroom-Set-With-Bamboo-Accents-4-540x540.jpg 540w, https:\/\/jinhuaceramic.com\/wp-content\/uploads\/2024\/09\/4-Piece-Wholesale-Ceramic-Bathroom-Set-With-Bamboo-Accents-4-660x660.jpg 660w\" sizes=\"(max-width: 800px) 100vw, 800px\" \/><\/figure>\n<\/div>\n<\/div>","protected":false},"excerpt":{"rendered":"<p>Willkommen zum Kauf von Bad-Accessoires. Diese 4-teiligen Gro\u00dfhandels-Keramik-Badezimmer-Sets haben aufgrund ihres modernen Designs, ihres hochwertigen Keramikmaterials und ihrer praktischen Funktionalit\u00e4t gro\u00dfen Anklang auf dem Markt gefunden. Die schwarze, wei\u00dfe und graue Keramik l\u00e4sst sich leicht in jeden Badezimmerdekorationsstil integrieren. Die Sets k\u00f6nnen im Gro\u00dfhandel gekauft werden, um den Bedarf von Gro\u00dfkunden zu decken.<\/p>","protected":false},"featured_media":6149,"comment_status":"closed","ping_status":"closed","template":"","meta":{"_acf_changed":false},"product_brand":[],"product_cat":[51],"product_tag":[74],"class_list":{"0":"post-6142","1":"product","2":"type-product","3":"status-publish","4":"has-post-thumbnail","6":"product_cat-bathroom-accessories-wholesale","7":"product_tag-ceramic-bath-accessories-wholesale","9":"first","10":"instock","11":"shipping-taxable","12":"product-type-simple"},"acf":[],"_links":{"self":[{"href":"https:\/\/jinhuaceramic.com\/de\/wp-json\/wp\/v2\/product\/6142","targetHints":{"allow":["GET"]}}],"collection":[{"href":"https:\/\/jinhuaceramic.com\/de\/wp-json\/wp\/v2\/product"}],"about":[{"href":"https:\/\/jinhuaceramic.com\/de\/wp-json\/wp\/v2\/types\/product"}],"replies":[{"embeddable":true,"href":"https:\/\/jinhuaceramic.com\/de\/wp-json\/wp\/v2\/comments?post=6142"}],"version-history":[{"count":0,"href":"https:\/\/jinhuaceramic.com\/de\/wp-json\/wp\/v2\/product\/6142\/revisions"}],"wp:featuredmedia":[{"embeddable":true,"href":"https:\/\/jinhuaceramic.com\/de\/wp-json\/wp\/v2\/media\/6149"}],"wp:attachment":[{"href":"https:\/\/jinhuaceramic.com\/de\/wp-json\/wp\/v2\/media?parent=6142"}],"wp:term":[{"taxonomy":"product_brand","embeddable":true,"href":"https:\/\/jinhuaceramic.com\/de\/wp-json\/wp\/v2\/product_brand?post=6142"},{"taxonomy":"product_cat","embeddable":true,"href":"https:\/\/jinhuaceramic.com\/de\/wp-json\/wp\/v2\/product_cat?post=6142"},{"taxonomy":"product_tag","embeddable":true,"href":"https:\/\/jinhuaceramic.com\/de\/wp-json\/wp\/v2\/product_tag?post=6142"}],"curies":[{"name":"wp","href":"https:\/\/api.w.org\/{rel}","templated":true}]}}