{"id":6162,"date":"2024-09-20T09:04:47","date_gmt":"2024-09-20T09:04:47","guid":{"rendered":"https:\/\/jinhuaceramic.com\/?post_type=product&#038;p=6162"},"modified":"2024-10-15T08:24:16","modified_gmt":"2024-10-15T08:24:16","slug":"wholesale-black-ceramic-bathroom-set","status":"publish","type":"product","link":"https:\/\/jinhuaceramic.com\/de\/product\/wholesale-black-ceramic-bathroom-set\/","title":{"rendered":"Gro\u00dfhandel schwarzer Keramik-Badezimmer-Set, benutzerdefinierte Bad-Accessoires f\u00fcr Hotel"},"content":{"rendered":"<div class=\"wp-block-columns is-layout-flex wp-container-core-columns-is-layout-9d6595d7 wp-block-columns-is-layout-flex\">\n<div class=\"wp-block-column is-layout-flow wp-block-column-is-layout-flow\">\n<h3 class=\"wp-block-heading\">Premium-Gro\u00dfhandel schwarzer Keramik-Badezimmer-Set Features:<\/h3>\n\n\n\n<ul class=\"wp-block-list\">\n<li><strong>Klassisches schwarzes Design, stilvoll und elegant: <\/strong>Diese Gro\u00dfhandel schwarze Keramik Bad-Set ist voll von modernen Sinn, die Eleganz und High-End-Gef\u00fchl zu Hotel und zu Hause B\u00e4der hinzuf\u00fcgen k\u00f6nnen. Das schwarze Design ist nicht nur modisch, sondern kann auch nahtlos mit einer Vielzahl von dekorativen Stilen abgestimmt werden, um den Grad der gesamten Raum zu verbessern.<\/li>\n\n\n\n<li><strong>Ein komplettes, voll funktionsf\u00e4higes Set von Badezimmerzubeh\u00f6r: <\/strong>Dieses ma\u00dfgeschneiderte Bad-Accessoires-Set umfasst eine Vielzahl von h\u00e4ufig verwendeten Bad-Accessoires, wie Seifenschalen, Seifenspender, Zahnb\u00fcrstenbecher, Zahnb\u00fcrstenhalter usw., die den t\u00e4glichen Bedarf im Bad erf\u00fcllen und eine breite Palette von praktischen Dienstleistungen bieten. Jedes Zubeh\u00f6rteil ist formsch\u00f6n und hochfunktionell und eignet sich f\u00fcr Hotels und Privathaushalte der gehobenen Klasse.<\/li>\n\n\n\n<li><strong>Hochwertiges Keramikmaterial, langlebig und leicht zu reinigen: <\/strong>Unser schwarzes Keramik-Badezimmerset f\u00fcr den Gro\u00dfhandel besteht aus hochwertigem Keramikmaterial mit einer glatten und kratzfesten Oberfl\u00e4che und verf\u00fcgt \u00fcber eine ausgezeichnete Haltbarkeit und Fleckenbest\u00e4ndigkeit. Keramische Materialien sind leicht zu reinigen, um sicherzustellen, dass das Produkt bleibt sch\u00f6n in den langfristigen Einsatz, die eine ideale Wahl f\u00fcr Hotel und Haus B\u00e4der ist.<\/li>\n\n\n\n<li><strong>Unterst\u00fctzung der Anpassung, geeignet f\u00fcr Hotel-Branding-Bed\u00fcrfnisse: <\/strong>Unsere ma\u00dfgefertigten Badaccessoires k\u00f6nnen nicht nur in gro\u00dfen Mengen gekauft werden, sondern unterst\u00fctzen auch individuelle Anpassungsdienste wie Farbe und Logo, was besonders f\u00fcr kommerzielle Einrichtungen wie Hotels und Resorts geeignet ist, um exklusive Markenbilder zu schaffen.<\/li>\n<\/ul>\n<\/div>\n\n\n\n<div class=\"wp-block-column is-layout-flow wp-block-column-is-layout-flow\">\n<figure class=\"wp-block-image size-full\"><img fetchpriority=\"high\" decoding=\"async\" width=\"1024\" height=\"1024\" src=\"https:\/\/jinhuaceramic.com\/wp-content\/uploads\/2024\/09\/Wholesale-Black-Ceramic-Bathroom-Set-Custom-Hotel-Bathroom-Accessories.webp\" alt=\"Gro\u00dfhandel schwarzer Keramik-Badezimmer-Set, benutzerdefinierte Bad-Accessoires f\u00fcr Hotel-1\" class=\"wp-image-6169\" srcset=\"https:\/\/jinhuaceramic.com\/wp-content\/uploads\/2024\/09\/Wholesale-Black-Ceramic-Bathroom-Set-Custom-Hotel-Bathroom-Accessories.webp 1024w, https:\/\/jinhuaceramic.com\/wp-content\/uploads\/2024\/09\/Wholesale-Black-Ceramic-Bathroom-Set-Custom-Hotel-Bathroom-Accessories-300x300.webp 300w, https:\/\/jinhuaceramic.com\/wp-content\/uploads\/2024\/09\/Wholesale-Black-Ceramic-Bathroom-Set-Custom-Hotel-Bathroom-Accessories-150x150.webp 150w, https:\/\/jinhuaceramic.com\/wp-content\/uploads\/2024\/09\/Wholesale-Black-Ceramic-Bathroom-Set-Custom-Hotel-Bathroom-Accessories-768x768.webp 768w, https:\/\/jinhuaceramic.com\/wp-content\/uploads\/2024\/09\/Wholesale-Black-Ceramic-Bathroom-Set-Custom-Hotel-Bathroom-Accessories-12x12.webp 12w, https:\/\/jinhuaceramic.com\/wp-content\/uploads\/2024\/09\/Wholesale-Black-Ceramic-Bathroom-Set-Custom-Hotel-Bathroom-Accessories-285x285.webp 285w, https:\/\/jinhuaceramic.com\/wp-content\/uploads\/2024\/09\/Wholesale-Black-Ceramic-Bathroom-Set-Custom-Hotel-Bathroom-Accessories-270x270.webp 270w, https:\/\/jinhuaceramic.com\/wp-content\/uploads\/2024\/09\/Wholesale-Black-Ceramic-Bathroom-Set-Custom-Hotel-Bathroom-Accessories-540x540.webp 540w, https:\/\/jinhuaceramic.com\/wp-content\/uploads\/2024\/09\/Wholesale-Black-Ceramic-Bathroom-Set-Custom-Hotel-Bathroom-Accessories-660x660.webp 660w\" sizes=\"(max-width: 1024px) 100vw, 1024px\" \/><\/figure>\n<\/div>\n<\/div>","protected":false},"excerpt":{"rendered":"<p>Willkommen bei kundenspezifischen Bad-Accessoires. Dieses Gro\u00dfhandelsset aus schwarzer Keramik ist eine perfekte Kombination aus Sch\u00f6nheit und Praktikabilit\u00e4t mit seinem stilvollen und einfachen Design und hochwertigem Keramikmaterial. Der komplette Satz von Zubeh\u00f6r erf\u00fcllt den t\u00e4glichen Bedarf und eignet sich f\u00fcr High-End-Hotels und Heimb\u00e4der.<\/p>","protected":false},"featured_media":6168,"comment_status":"closed","ping_status":"closed","template":"","meta":{"_acf_changed":false},"product_brand":[],"product_cat":[51],"product_tag":[74],"class_list":{"0":"post-6162","1":"product","2":"type-product","3":"status-publish","4":"has-post-thumbnail","6":"product_cat-bathroom-accessories-wholesale","7":"product_tag-ceramic-bath-accessories-wholesale","9":"first","10":"instock","11":"shipping-taxable","12":"product-type-simple"},"acf":[],"_links":{"self":[{"href":"https:\/\/jinhuaceramic.com\/de\/wp-json\/wp\/v2\/product\/6162","targetHints":{"allow":["GET"]}}],"collection":[{"href":"https:\/\/jinhuaceramic.com\/de\/wp-json\/wp\/v2\/product"}],"about":[{"href":"https:\/\/jinhuaceramic.com\/de\/wp-json\/wp\/v2\/types\/product"}],"replies":[{"embeddable":true,"href":"https:\/\/jinhuaceramic.com\/de\/wp-json\/wp\/v2\/comments?post=6162"}],"version-history":[{"count":0,"href":"https:\/\/jinhuaceramic.com\/de\/wp-json\/wp\/v2\/product\/6162\/revisions"}],"wp:featuredmedia":[{"embeddable":true,"href":"https:\/\/jinhuaceramic.com\/de\/wp-json\/wp\/v2\/media\/6168"}],"wp:attachment":[{"href":"https:\/\/jinhuaceramic.com\/de\/wp-json\/wp\/v2\/media?parent=6162"}],"wp:term":[{"taxonomy":"product_brand","embeddable":true,"href":"https:\/\/jinhuaceramic.com\/de\/wp-json\/wp\/v2\/product_brand?post=6162"},{"taxonomy":"product_cat","embeddable":true,"href":"https:\/\/jinhuaceramic.com\/de\/wp-json\/wp\/v2\/product_cat?post=6162"},{"taxonomy":"product_tag","embeddable":true,"href":"https:\/\/jinhuaceramic.com\/de\/wp-json\/wp\/v2\/product_tag?post=6162"}],"curies":[{"name":"wp","href":"https:\/\/api.w.org\/{rel}","templated":true}]}}