{"id":6225,"date":"2024-09-25T08:50:08","date_gmt":"2024-09-25T08:50:08","guid":{"rendered":"https:\/\/jinhuaceramic.com\/?post_type=product&#038;p=6225"},"modified":"2025-03-08T02:02:40","modified_gmt":"2025-03-08T02:02:40","slug":"matte-black-bathroom-set-wholesale","status":"publish","type":"product","link":"https:\/\/jinhuaceramic.com\/de\/product\/matte-black-bathroom-set-wholesale\/","title":{"rendered":"Mattschwarzes Badezimmerset Gro\u00dfhandel, keramische Bad-Accessoires"},"content":{"rendered":"<div class=\"wp-block-columns is-layout-flex wp-container-core-columns-is-layout-9d6595d7 wp-block-columns-is-layout-flex\">\n<div class=\"wp-block-column is-layout-flow wp-block-column-is-layout-flow\">\n<h3 class=\"wp-block-heading\">Premium Matte Black Badezimmer Set Gro\u00dfhandel Features:<\/h3>\n\n\n\n<ul class=\"wp-block-list\">\n<li><strong>Modernes Design:<\/strong> Dieses mattschwarze Badezimmerset im Gro\u00dfhandel ist mit einfachen Linien und abgerundeten Formen ohne \u00fcberm\u00e4\u00dfige Dekoration gestaltet und pr\u00e4sentiert eine moderne minimalistische Sch\u00f6nheit. Die mattschwarze Oberfl\u00e4chenbehandlung ist nicht nur schmutzabweisend, sondern kann auch eine geheimnisvolle und hochwertige Atmosph\u00e4re schaffen, die sich f\u00fcr B\u00e4der verschiedener Einrichtungsstile eignet.<\/li>\n\n\n\n<li><strong>Hochwertiges Material:<\/strong> Die Hochtemperatur-gebrannten keramischen Materialien dieser Gro\u00dfhandel Bad-Accessoires Sets sind hart und verschlei\u00dffest, nicht leicht zerkratzt, und mit guter Wasserdichtigkeit. Der Pumpenkopf des Seifenspenders ist verchromt, was eine lange Lebensdauer hat und nicht leicht korrodiert.<\/li>\n\n\n\n<li><strong>Praktikabilit\u00e4t:<\/strong> Die Seifenspender, Zahnputzbecher und Seifenschalen dieses mattschwarzen Badezimmersets f\u00fcr den Gro\u00dfhandel erf\u00fcllen die einfachen Bed\u00fcrfnisse der t\u00e4glichen Badreinigung.<\/li>\n\n\n\n<li><strong>Gro\u00dfhandel &amp; Personalisierung:<\/strong> Gro\u00dfhandel Bad-Accessoires-Sets in gro\u00dfen Mengen werden von unserer Fabrik zu Gro\u00dfhandelspreisen f\u00fcr H\u00e4ndler, die gro\u00dfe Volumen kauft suchen zur Verf\u00fcgung gestellt. Auch k\u00f6nnen wir kundenspezifischen Service nach individuellen Spezifikationen zu bekommen Farben, Gr\u00f6\u00dfe, Muster, etc. angepasst und machen es zu einem speziellen Bad-Accessoires nach Hotel, Wohnung oder luxuri\u00f6ses Haus Spezifikationen gesetzt.<\/li>\n<\/ul>\n<\/div>\n\n\n\n<div class=\"wp-block-column is-layout-flow wp-block-column-is-layout-flow\">\n<figure class=\"wp-block-image size-full\"><img fetchpriority=\"high\" decoding=\"async\" width=\"750\" height=\"750\" src=\"https:\/\/jinhuaceramic.com\/wp-content\/uploads\/2024\/09\/Modern-Black-Ceramic-Bathroom-Set-Wholesale-Hotel-Bathroom-Accessories-8.webp\" alt=\"Mattschwarzes Badezimmerset Gro\u00dfhandel, keramisches Badzubeh\u00f6r-7\" class=\"wp-image-6232\" srcset=\"https:\/\/jinhuaceramic.com\/wp-content\/uploads\/2024\/09\/Modern-Black-Ceramic-Bathroom-Set-Wholesale-Hotel-Bathroom-Accessories-8.webp 750w, https:\/\/jinhuaceramic.com\/wp-content\/uploads\/2024\/09\/Modern-Black-Ceramic-Bathroom-Set-Wholesale-Hotel-Bathroom-Accessories-8-300x300.webp 300w, https:\/\/jinhuaceramic.com\/wp-content\/uploads\/2024\/09\/Modern-Black-Ceramic-Bathroom-Set-Wholesale-Hotel-Bathroom-Accessories-8-150x150.webp 150w, https:\/\/jinhuaceramic.com\/wp-content\/uploads\/2024\/09\/Modern-Black-Ceramic-Bathroom-Set-Wholesale-Hotel-Bathroom-Accessories-8-12x12.webp 12w, https:\/\/jinhuaceramic.com\/wp-content\/uploads\/2024\/09\/Modern-Black-Ceramic-Bathroom-Set-Wholesale-Hotel-Bathroom-Accessories-8-285x285.webp 285w, https:\/\/jinhuaceramic.com\/wp-content\/uploads\/2024\/09\/Modern-Black-Ceramic-Bathroom-Set-Wholesale-Hotel-Bathroom-Accessories-8-270x270.webp 270w, https:\/\/jinhuaceramic.com\/wp-content\/uploads\/2024\/09\/Modern-Black-Ceramic-Bathroom-Set-Wholesale-Hotel-Bathroom-Accessories-8-540x540.webp 540w, https:\/\/jinhuaceramic.com\/wp-content\/uploads\/2024\/09\/Modern-Black-Ceramic-Bathroom-Set-Wholesale-Hotel-Bathroom-Accessories-8-660x660.webp 660w\" sizes=\"(max-width: 750px) 100vw, 750px\" \/><\/figure>\n<\/div>\n<\/div>","protected":false},"excerpt":{"rendered":"<p>Willkommen zu kaufen Keramik Bad-Accessoires. Dieses moderne mattschwarze Badezimmerset Gro\u00dfhandel ist perfekt f\u00fcr verschiedene Badstile. Das hochwertige Keramikmaterial macht sie langlebig und kann f\u00fcr eine lange Zeit verwendet werden. Die Kombination von \u00c4sthetik und Praktikabilit\u00e4t, diese Gro\u00dfhandel Keramik Bad-Sets haben die erste Wahl der Kunden geworden.<\/p>","protected":false},"featured_media":6233,"comment_status":"closed","ping_status":"closed","template":"","meta":{"_acf_changed":false},"product_brand":[],"product_cat":[51],"product_tag":[74],"class_list":{"0":"post-6225","1":"product","2":"type-product","3":"status-publish","4":"has-post-thumbnail","6":"product_cat-bathroom-accessories-wholesale","7":"product_tag-ceramic-bath-accessories-wholesale","9":"first","10":"instock","11":"shipping-taxable","12":"product-type-simple"},"acf":[],"_links":{"self":[{"href":"https:\/\/jinhuaceramic.com\/de\/wp-json\/wp\/v2\/product\/6225","targetHints":{"allow":["GET"]}}],"collection":[{"href":"https:\/\/jinhuaceramic.com\/de\/wp-json\/wp\/v2\/product"}],"about":[{"href":"https:\/\/jinhuaceramic.com\/de\/wp-json\/wp\/v2\/types\/product"}],"replies":[{"embeddable":true,"href":"https:\/\/jinhuaceramic.com\/de\/wp-json\/wp\/v2\/comments?post=6225"}],"version-history":[{"count":0,"href":"https:\/\/jinhuaceramic.com\/de\/wp-json\/wp\/v2\/product\/6225\/revisions"}],"wp:featuredmedia":[{"embeddable":true,"href":"https:\/\/jinhuaceramic.com\/de\/wp-json\/wp\/v2\/media\/6233"}],"wp:attachment":[{"href":"https:\/\/jinhuaceramic.com\/de\/wp-json\/wp\/v2\/media?parent=6225"}],"wp:term":[{"taxonomy":"product_brand","embeddable":true,"href":"https:\/\/jinhuaceramic.com\/de\/wp-json\/wp\/v2\/product_brand?post=6225"},{"taxonomy":"product_cat","embeddable":true,"href":"https:\/\/jinhuaceramic.com\/de\/wp-json\/wp\/v2\/product_cat?post=6225"},{"taxonomy":"product_tag","embeddable":true,"href":"https:\/\/jinhuaceramic.com\/de\/wp-json\/wp\/v2\/product_tag?post=6225"}],"curies":[{"name":"wp","href":"https:\/\/api.w.org\/{rel}","templated":true}]}}