{"id":6236,"date":"2024-09-25T08:56:41","date_gmt":"2024-09-25T08:56:41","guid":{"rendered":"https:\/\/jinhuaceramic.com\/?post_type=product&#038;p=6236"},"modified":"2024-10-06T07:19:37","modified_gmt":"2024-10-06T07:19:37","slug":"wholesale-ceramic-bathroom-accessories","status":"publish","type":"product","link":"https:\/\/jinhuaceramic.com\/de\/product\/wholesale-ceramic-bathroom-accessories\/","title":{"rendered":"Beste Gro\u00dfhandel keramische Bad-Accessoires f\u00fcr Haus &amp; Hotel"},"content":{"rendered":"<div class=\"wp-block-columns is-layout-flex wp-container-core-columns-is-layout-9d6595d7 wp-block-columns-is-layout-flex\">\n<div class=\"wp-block-column is-layout-flow wp-block-column-is-layout-flow\">\n<h3 class=\"wp-block-heading\">Premium Gro\u00dfhandel keramischen Bad Zubeh\u00f6r Features:<\/h3>\n\n\n\n<ul class=\"wp-block-list\">\n<li><strong>Modernes Design:<\/strong> Diese Gro\u00dfhandels-Keramik-Badezimmer-Accessoires zeichnen sich durch ein modernes und minimalistisches Design aus. Die beiden Farben mattes Wei\u00df und mattes Schwarz sind zur\u00fcckhaltend und sehr vielseitig und eignen sich f\u00fcr B\u00e4der mit verschiedenen Einrichtungsstilen. Die Versch\u00f6nerung des goldenen Pumpenkopfes verleiht dem Set einen Hauch von Luxus und wirkt hochwertig.<\/li>\n\n\n\n<li><strong>Hochwertiges Material: <\/strong>Diese Bad-Accessoires-Sets f\u00fcr den Gro\u00dfhandel sind aus hochwertiger Keramik gefertigt, die wasserfest und langlebig ist. Die solide Konstruktion sorgt daf\u00fcr, dass jedes St\u00fcck langlebig, verschlei\u00dffest und beh\u00e4lt sein urspr\u00fcngliches Aussehen f\u00fcr eine lange Zeit.<\/li>\n\n\n\n<li><strong>Vollst\u00e4ndiger Satz:<\/strong> Diese Gro\u00dfhandels-Keramik-Badezimmerzubeh\u00f6r-Sets umfassen eine Seifenflasche, die zur Ausgabe verschiedener Fl\u00fcssigseifen verwendet werden kann, eine Seifenschale, zwei Keramikbecher f\u00fcr Zahnb\u00fcrsten, Zahnpasta und Mundwasser sowie ein Tablett, das andere Accessoires fest aufnehmen kann und leicht zu bewegen und zu organisieren ist. Jedes Zubeh\u00f6rteil hat seine eigene Funktion, um die t\u00e4glichen Bed\u00fcrfnisse im Bad zu erf\u00fcllen.<\/li>\n\n\n\n<li><strong>Gro\u00dfhandel &amp; Personalisierung: <\/strong>Diese keramischen Badaccessoires unterst\u00fctzen den Gro\u00dfhandel, um den Einkaufsbedarf von gewerblichen Kunden wie Hotels und Gastfamilien zu decken. Gleichzeitig bieten wir personalisierte Anpassungsdienste an und k\u00f6nnen Muster, Logos usw. entsprechend den Kundenbed\u00fcrfnissen anpassen, um jeden Satz von Produkten einzigartig zu machen.<\/li>\n<\/ul>\n<\/div>\n\n\n\n<div class=\"wp-block-column is-layout-flow wp-block-column-is-layout-flow\">\n<figure class=\"wp-block-image size-full\"><img fetchpriority=\"high\" decoding=\"async\" width=\"750\" height=\"750\" src=\"https:\/\/jinhuaceramic.com\/wp-content\/uploads\/2024\/09\/Wholesale-Ceramic-Bathroom-Accessories-Set-For-Home-Hotel-In-Bulk-3.webp\" alt=\"Gro\u00dfhandel keramische Bad-Accessoires f\u00fcr Haus &amp; Hotel-1\" class=\"wp-image-6238\" srcset=\"https:\/\/jinhuaceramic.com\/wp-content\/uploads\/2024\/09\/Wholesale-Ceramic-Bathroom-Accessories-Set-For-Home-Hotel-In-Bulk-3.webp 750w, https:\/\/jinhuaceramic.com\/wp-content\/uploads\/2024\/09\/Wholesale-Ceramic-Bathroom-Accessories-Set-For-Home-Hotel-In-Bulk-3-300x300.webp 300w, https:\/\/jinhuaceramic.com\/wp-content\/uploads\/2024\/09\/Wholesale-Ceramic-Bathroom-Accessories-Set-For-Home-Hotel-In-Bulk-3-150x150.webp 150w, https:\/\/jinhuaceramic.com\/wp-content\/uploads\/2024\/09\/Wholesale-Ceramic-Bathroom-Accessories-Set-For-Home-Hotel-In-Bulk-3-12x12.webp 12w, https:\/\/jinhuaceramic.com\/wp-content\/uploads\/2024\/09\/Wholesale-Ceramic-Bathroom-Accessories-Set-For-Home-Hotel-In-Bulk-3-285x285.webp 285w, https:\/\/jinhuaceramic.com\/wp-content\/uploads\/2024\/09\/Wholesale-Ceramic-Bathroom-Accessories-Set-For-Home-Hotel-In-Bulk-3-270x270.webp 270w, https:\/\/jinhuaceramic.com\/wp-content\/uploads\/2024\/09\/Wholesale-Ceramic-Bathroom-Accessories-Set-For-Home-Hotel-In-Bulk-3-540x540.webp 540w, https:\/\/jinhuaceramic.com\/wp-content\/uploads\/2024\/09\/Wholesale-Ceramic-Bathroom-Accessories-Set-For-Home-Hotel-In-Bulk-3-660x660.webp 660w\" sizes=\"(max-width: 750px) 100vw, 750px\" \/><\/figure>\n<\/div>\n<\/div>","protected":false},"excerpt":{"rendered":"<p>Willkommen zum Kauf von Badezimmer-Sets. Unsere Gro\u00dfhandel Keramik Bad-Accessoires-Sets haben einzigartiges Design und hohe Qualit\u00e4t, so dass sie auf dem Markt beliebt und die erste Wahl, um den Stil des Badezimmers Raum zu verbessern. Durch die Kombination von Sch\u00f6nheit und Zweckm\u00e4\u00dfigkeit sind diese keramischen Badezimmersets nicht nur f\u00fcr den Einsatz in privaten Badezimmern geeignet, sondern auch f\u00fcr kommerzielle Anl\u00e4sse wie Hotels, Spas oder B&amp;Bs.<\/p>","protected":false},"featured_media":6240,"comment_status":"closed","ping_status":"closed","template":"","meta":{"_acf_changed":false},"product_brand":[],"product_cat":[51],"product_tag":[74],"class_list":{"0":"post-6236","1":"product","2":"type-product","3":"status-publish","4":"has-post-thumbnail","6":"product_cat-bathroom-accessories-wholesale","7":"product_tag-ceramic-bath-accessories-wholesale","9":"first","10":"instock","11":"shipping-taxable","12":"product-type-simple"},"acf":[],"_links":{"self":[{"href":"https:\/\/jinhuaceramic.com\/de\/wp-json\/wp\/v2\/product\/6236","targetHints":{"allow":["GET"]}}],"collection":[{"href":"https:\/\/jinhuaceramic.com\/de\/wp-json\/wp\/v2\/product"}],"about":[{"href":"https:\/\/jinhuaceramic.com\/de\/wp-json\/wp\/v2\/types\/product"}],"replies":[{"embeddable":true,"href":"https:\/\/jinhuaceramic.com\/de\/wp-json\/wp\/v2\/comments?post=6236"}],"version-history":[{"count":0,"href":"https:\/\/jinhuaceramic.com\/de\/wp-json\/wp\/v2\/product\/6236\/revisions"}],"wp:featuredmedia":[{"embeddable":true,"href":"https:\/\/jinhuaceramic.com\/de\/wp-json\/wp\/v2\/media\/6240"}],"wp:attachment":[{"href":"https:\/\/jinhuaceramic.com\/de\/wp-json\/wp\/v2\/media?parent=6236"}],"wp:term":[{"taxonomy":"product_brand","embeddable":true,"href":"https:\/\/jinhuaceramic.com\/de\/wp-json\/wp\/v2\/product_brand?post=6236"},{"taxonomy":"product_cat","embeddable":true,"href":"https:\/\/jinhuaceramic.com\/de\/wp-json\/wp\/v2\/product_cat?post=6236"},{"taxonomy":"product_tag","embeddable":true,"href":"https:\/\/jinhuaceramic.com\/de\/wp-json\/wp\/v2\/product_tag?post=6236"}],"curies":[{"name":"wp","href":"https:\/\/api.w.org\/{rel}","templated":true}]}}