{"id":6253,"date":"2024-09-28T08:47:03","date_gmt":"2024-09-28T08:47:03","guid":{"rendered":"https:\/\/jinhuaceramic.com\/?post_type=product&#038;p=6253"},"modified":"2024-10-06T07:19:51","modified_gmt":"2024-10-06T07:19:51","slug":"blue-bathroom-set-wholesale","status":"publish","type":"product","link":"https:\/\/jinhuaceramic.com\/de\/product\/blue-bathroom-set-wholesale\/","title":{"rendered":"Gradient Blue Bathroom Set Gro\u00dfhandel, Custom Bathroom Essentials"},"content":{"rendered":"<div class=\"wp-block-columns is-layout-flex wp-container-core-columns-is-layout-9d6595d7 wp-block-columns-is-layout-flex\">\n<div class=\"wp-block-column is-layout-flow wp-block-column-is-layout-flow\">\n<h3 class=\"wp-block-heading\">Premium Blue Bathroom Set Gro\u00dfhandel Eigenschaften:<\/h3>\n\n\n\n<ul class=\"wp-block-list\">\n<li><strong>Gradient Design:<\/strong> Das auff\u00e4lligste Merkmal dieses blauen Badezimmersets im Gro\u00dfhandel ist der Farbverlauf, der von Dunkelblau in sanftes Wei\u00df \u00fcbergeht und an Meereswellen erinnert. Das blaue Farbverlaufsdesign tr\u00e4gt nicht nur zur Sch\u00f6nheit bei, sondern schafft auch eine ruhige und friedliche Atmosph\u00e4re, die perfekt f\u00fcr moderne minimalistische Badezimmer ist.<\/li>\n\n\n\n<li><strong>Nat\u00fcrliche Elemente:<\/strong> Die Formen dieser Keramiksets f\u00fcr den Gro\u00dfhandel sind von der Natur inspiriert. Der Seifenspender hat die Form eines abgerundeten Kieselsteins, und auch die Linien des Zahnputzbechers und der Seifenschale sind weicher und erinnern an Kieselsteine und Muscheln am Strand. Dieses Design integriert auf geschickte Weise nat\u00fcrliche Elemente in das Badezimmer und verleiht ihm einen Hauch von Leben.<\/li>\n\n\n\n<li><strong>Vollst\u00e4ndiger Satz: <\/strong>Dieses blaue Badezimmerset f\u00fcr den Gro\u00dfhandel umfasst einen Seifenspender, eine Seifenschale, einen Mundsp\u00fclbecher, einen Zahnb\u00fcrstenhalter und ein Tablett, das die Grundbed\u00fcrfnisse der t\u00e4glichen Badreinigung erf\u00fcllt. Das Vorhandensein des Tabletts macht die Anordnung der Bad-Accessoires mehr ordentlich und bequem, das gesamte Set zu bewegen.<\/li>\n\n\n\n<li><strong>Hochwertiges Material:<\/strong> Diese Gro\u00dfhandel Gradient Bad-Sets sind aus hochwertiger Keramik, die langlebig ist, nicht leicht zu kratzen, und die glatte Keramikoberfl\u00e4che ist leicht zu reinigen.<\/li>\n<\/ul>\n<\/div>\n\n\n\n<div class=\"wp-block-column is-layout-flow wp-block-column-is-layout-flow\">\n<figure class=\"wp-block-image size-full\"><img fetchpriority=\"high\" decoding=\"async\" width=\"748\" height=\"748\" src=\"https:\/\/jinhuaceramic.com\/wp-content\/uploads\/2024\/09\/Gradient-Blue-Ceramic-Bathroom-Set-Wholesale-Custom-Bathroom-Essentials-2.webp\" alt=\"Gradient Blue Badezimmer Set Gro\u00dfhandel, benutzerdefinierte Bad Essentials-1\" class=\"wp-image-6254\" srcset=\"https:\/\/jinhuaceramic.com\/wp-content\/uploads\/2024\/09\/Gradient-Blue-Ceramic-Bathroom-Set-Wholesale-Custom-Bathroom-Essentials-2.webp 748w, https:\/\/jinhuaceramic.com\/wp-content\/uploads\/2024\/09\/Gradient-Blue-Ceramic-Bathroom-Set-Wholesale-Custom-Bathroom-Essentials-2-300x300.webp 300w, https:\/\/jinhuaceramic.com\/wp-content\/uploads\/2024\/09\/Gradient-Blue-Ceramic-Bathroom-Set-Wholesale-Custom-Bathroom-Essentials-2-150x150.webp 150w, https:\/\/jinhuaceramic.com\/wp-content\/uploads\/2024\/09\/Gradient-Blue-Ceramic-Bathroom-Set-Wholesale-Custom-Bathroom-Essentials-2-12x12.webp 12w, https:\/\/jinhuaceramic.com\/wp-content\/uploads\/2024\/09\/Gradient-Blue-Ceramic-Bathroom-Set-Wholesale-Custom-Bathroom-Essentials-2-285x285.webp 285w, https:\/\/jinhuaceramic.com\/wp-content\/uploads\/2024\/09\/Gradient-Blue-Ceramic-Bathroom-Set-Wholesale-Custom-Bathroom-Essentials-2-270x270.webp 270w, https:\/\/jinhuaceramic.com\/wp-content\/uploads\/2024\/09\/Gradient-Blue-Ceramic-Bathroom-Set-Wholesale-Custom-Bathroom-Essentials-2-540x540.webp 540w, https:\/\/jinhuaceramic.com\/wp-content\/uploads\/2024\/09\/Gradient-Blue-Ceramic-Bathroom-Set-Wholesale-Custom-Bathroom-Essentials-2-660x660.webp 660w\" sizes=\"(max-width: 748px) 100vw, 748px\" \/><\/figure>\n<\/div>\n<\/div>\n\n\n\n<p><\/p>","protected":false},"excerpt":{"rendered":"<p>Willkommen zum Kauf von Keramik Bad-Accessoires Gro\u00dfhandel. Dieses blaue Badezimmerset Gro\u00dfhandel ist die perfekte Kombination aus Sch\u00f6nheit und Praktikabilit\u00e4t. Das Farbverlaufsdesign, die nat\u00fcrlichen Elemente und die hochwertige Keramiktextur verleihen ihm einen einzigartigen Reiz. Dies ist eine gute Wahl f\u00fcr diejenigen, die einen Hauch von Eleganz und Raffinesse, um ihr Bad hinzuzuf\u00fcgen.<\/p>","protected":false},"featured_media":6260,"comment_status":"closed","ping_status":"closed","template":"","meta":{"_acf_changed":false},"product_brand":[],"product_cat":[51],"product_tag":[74],"class_list":{"0":"post-6253","1":"product","2":"type-product","3":"status-publish","4":"has-post-thumbnail","6":"product_cat-bathroom-accessories-wholesale","7":"product_tag-ceramic-bath-accessories-wholesale","9":"first","10":"instock","11":"shipping-taxable","12":"product-type-simple"},"acf":[],"_links":{"self":[{"href":"https:\/\/jinhuaceramic.com\/de\/wp-json\/wp\/v2\/product\/6253","targetHints":{"allow":["GET"]}}],"collection":[{"href":"https:\/\/jinhuaceramic.com\/de\/wp-json\/wp\/v2\/product"}],"about":[{"href":"https:\/\/jinhuaceramic.com\/de\/wp-json\/wp\/v2\/types\/product"}],"replies":[{"embeddable":true,"href":"https:\/\/jinhuaceramic.com\/de\/wp-json\/wp\/v2\/comments?post=6253"}],"version-history":[{"count":0,"href":"https:\/\/jinhuaceramic.com\/de\/wp-json\/wp\/v2\/product\/6253\/revisions"}],"wp:featuredmedia":[{"embeddable":true,"href":"https:\/\/jinhuaceramic.com\/de\/wp-json\/wp\/v2\/media\/6260"}],"wp:attachment":[{"href":"https:\/\/jinhuaceramic.com\/de\/wp-json\/wp\/v2\/media?parent=6253"}],"wp:term":[{"taxonomy":"product_brand","embeddable":true,"href":"https:\/\/jinhuaceramic.com\/de\/wp-json\/wp\/v2\/product_brand?post=6253"},{"taxonomy":"product_cat","embeddable":true,"href":"https:\/\/jinhuaceramic.com\/de\/wp-json\/wp\/v2\/product_cat?post=6253"},{"taxonomy":"product_tag","embeddable":true,"href":"https:\/\/jinhuaceramic.com\/de\/wp-json\/wp\/v2\/product_tag?post=6253"}],"curies":[{"name":"wp","href":"https:\/\/api.w.org\/{rel}","templated":true}]}}