{"id":6266,"date":"2024-09-28T08:55:17","date_gmt":"2024-09-28T08:55:17","guid":{"rendered":"https:\/\/jinhuaceramic.com\/?post_type=product&#038;p=6266"},"modified":"2024-10-06T07:19:55","modified_gmt":"2024-10-06T07:19:55","slug":"ceramic-wholesale-bathroom-set","status":"publish","type":"product","link":"https:\/\/jinhuaceramic.com\/de\/product\/ceramic-wholesale-bathroom-set\/","title":{"rendered":"Marmor Textur keramische Gro\u00dfhandel Badezimmer Set, Hotel Bad Zubeh\u00f6r"},"content":{"rendered":"<div class=\"wp-block-columns is-layout-flex wp-container-core-columns-is-layout-9d6595d7 wp-block-columns-is-layout-flex\">\n<div class=\"wp-block-column is-layout-flow wp-block-column-is-layout-flow\">\n<h3 class=\"wp-block-heading\">Premium-Keramik-Gro\u00dfhandel Badezimmer Set Features:<\/h3>\n\n\n\n<ul class=\"wp-block-list\">\n<li><strong>Marmor-Design:<\/strong> Diese Keramiksets f\u00fcr den Gro\u00dfhandel haben einen einfachen und modernen Stil, verziert mit einzigartigen goldenen Marmormustern auf der Oberfl\u00e4che, kombiniert mit goldenen Metallelementen wie der Pumpe des Seifenspenders und der Abdeckung des Zahnb\u00fcrstenhalters, die einen Hauch von Luxus verleihen und das gesamte Set noch hochwertiger machen.<\/li>\n\n\n\n<li><strong>Verschiedene Farben:<\/strong> Diese Marmor-Keramik Bad-Accessoires Gro\u00dfhandel sind in schwarz, dunkelgr\u00fcn und wei\u00df erh\u00e4ltlich. Das schwarze Set ist geheimnisvoll, das gr\u00fcne Set ist retro, und das wei\u00dfe Set ist einfach und vielseitig, kann nach verschiedenen Bad Dekoration Stile gew\u00e4hlt werden.<\/li>\n\n\n\n<li><strong>Hochwertiges Material:<\/strong> Diese keramischen Badezimmer-Sets f\u00fcr den Gro\u00dfhandel sind aus hochwertigen keramischen Materialien hergestellt, langlebig und leicht zu reinigen. Die keramische Oberfl\u00e4che ist glatt und zart, mit einem komfortablen Touch, der das Vergn\u00fcgen des t\u00e4glichen Gebrauchs verbessern kann.<\/li>\n\n\n\n<li><strong>Praktische Funktionalit\u00e4t:<\/strong> Zu diesen Badaccessoires aus Marmor-Keramik geh\u00f6ren Zahnb\u00fcrstenhalter, Mundsp\u00fclbecher, Seifenspender, Seifenschalen, Tabletts usw., die die verschiedenen Bed\u00fcrfnisse des t\u00e4glichen Waschens erf\u00fcllen k\u00f6nnen. Das Design des Zahnputzbechers ber\u00fccksichtigt die Platzierung mehrerer Zahnb\u00fcrsten, und die Seifenspenderpumpe hat eine gro\u00dfe Fl\u00e4che und ist leicht zu dr\u00fccken. Das Tablett kann zur Aufbewahrung von anderem Zubeh\u00f6r oder kleinen Gegenst\u00e4nden wie Schmuck verwendet werden.<\/li>\n<\/ul>\n<\/div>\n\n\n\n<div class=\"wp-block-column is-layout-flow wp-block-column-is-layout-flow\">\n<figure class=\"wp-block-image size-full\"><img fetchpriority=\"high\" decoding=\"async\" width=\"800\" height=\"800\" src=\"https:\/\/jinhuaceramic.com\/wp-content\/uploads\/2024\/09\/High-End-Marble-Ceramic-Bathroom-Set-Wholesale-Hotel-Bathroom-Accessories-2.webp\" alt=\"Marmor Textur keramische Gro\u00dfhandel Badezimmer Set, Hotel Bad Zubeh\u00f6r-3\" class=\"wp-image-6267\" srcset=\"https:\/\/jinhuaceramic.com\/wp-content\/uploads\/2024\/09\/High-End-Marble-Ceramic-Bathroom-Set-Wholesale-Hotel-Bathroom-Accessories-2.webp 800w, https:\/\/jinhuaceramic.com\/wp-content\/uploads\/2024\/09\/High-End-Marble-Ceramic-Bathroom-Set-Wholesale-Hotel-Bathroom-Accessories-2-300x300.webp 300w, https:\/\/jinhuaceramic.com\/wp-content\/uploads\/2024\/09\/High-End-Marble-Ceramic-Bathroom-Set-Wholesale-Hotel-Bathroom-Accessories-2-150x150.webp 150w, https:\/\/jinhuaceramic.com\/wp-content\/uploads\/2024\/09\/High-End-Marble-Ceramic-Bathroom-Set-Wholesale-Hotel-Bathroom-Accessories-2-768x768.webp 768w, https:\/\/jinhuaceramic.com\/wp-content\/uploads\/2024\/09\/High-End-Marble-Ceramic-Bathroom-Set-Wholesale-Hotel-Bathroom-Accessories-2-12x12.webp 12w, https:\/\/jinhuaceramic.com\/wp-content\/uploads\/2024\/09\/High-End-Marble-Ceramic-Bathroom-Set-Wholesale-Hotel-Bathroom-Accessories-2-285x285.webp 285w, https:\/\/jinhuaceramic.com\/wp-content\/uploads\/2024\/09\/High-End-Marble-Ceramic-Bathroom-Set-Wholesale-Hotel-Bathroom-Accessories-2-270x270.webp 270w, https:\/\/jinhuaceramic.com\/wp-content\/uploads\/2024\/09\/High-End-Marble-Ceramic-Bathroom-Set-Wholesale-Hotel-Bathroom-Accessories-2-540x540.webp 540w, https:\/\/jinhuaceramic.com\/wp-content\/uploads\/2024\/09\/High-End-Marble-Ceramic-Bathroom-Set-Wholesale-Hotel-Bathroom-Accessories-2-660x660.webp 660w\" sizes=\"(max-width: 800px) 100vw, 800px\" \/><\/figure>\n<\/div>\n<\/div>","protected":false},"excerpt":{"rendered":"<p>Willkommen zum Kauf von Badaccessoires im Gro\u00dfhandel. Diese keramischen Gro\u00dfhandel Bad-Sets zeichnen sich durch ihre einzigartige goldene Marmor-Muster und kann leicht in verschiedene moderne Wohnkultur Stile integriert werden. Hergestellt aus hochwertigen keramischen Materialien, sind sie ungiftig und harmlos, sicher zu bedienen. Die Kombination von \u00c4sthetik und Praktikabilit\u00e4t, sind diese Gro\u00dfhandel Keramik Bad-Sets eine gute Wahl f\u00fcr Wohnungen oder Hotels.<\/p>","protected":false},"featured_media":6270,"comment_status":"closed","ping_status":"closed","template":"","meta":{"_acf_changed":false},"product_brand":[],"product_cat":[51],"product_tag":[74],"class_list":{"0":"post-6266","1":"product","2":"type-product","3":"status-publish","4":"has-post-thumbnail","6":"product_cat-bathroom-accessories-wholesale","7":"product_tag-ceramic-bath-accessories-wholesale","9":"first","10":"instock","11":"shipping-taxable","12":"product-type-simple"},"acf":[],"_links":{"self":[{"href":"https:\/\/jinhuaceramic.com\/de\/wp-json\/wp\/v2\/product\/6266","targetHints":{"allow":["GET"]}}],"collection":[{"href":"https:\/\/jinhuaceramic.com\/de\/wp-json\/wp\/v2\/product"}],"about":[{"href":"https:\/\/jinhuaceramic.com\/de\/wp-json\/wp\/v2\/types\/product"}],"replies":[{"embeddable":true,"href":"https:\/\/jinhuaceramic.com\/de\/wp-json\/wp\/v2\/comments?post=6266"}],"version-history":[{"count":0,"href":"https:\/\/jinhuaceramic.com\/de\/wp-json\/wp\/v2\/product\/6266\/revisions"}],"wp:featuredmedia":[{"embeddable":true,"href":"https:\/\/jinhuaceramic.com\/de\/wp-json\/wp\/v2\/media\/6270"}],"wp:attachment":[{"href":"https:\/\/jinhuaceramic.com\/de\/wp-json\/wp\/v2\/media?parent=6266"}],"wp:term":[{"taxonomy":"product_brand","embeddable":true,"href":"https:\/\/jinhuaceramic.com\/de\/wp-json\/wp\/v2\/product_brand?post=6266"},{"taxonomy":"product_cat","embeddable":true,"href":"https:\/\/jinhuaceramic.com\/de\/wp-json\/wp\/v2\/product_cat?post=6266"},{"taxonomy":"product_tag","embeddable":true,"href":"https:\/\/jinhuaceramic.com\/de\/wp-json\/wp\/v2\/product_tag?post=6266"}],"curies":[{"name":"wp","href":"https:\/\/api.w.org\/{rel}","templated":true}]}}