{"id":6284,"date":"2024-10-06T07:17:03","date_gmt":"2024-10-06T07:17:03","guid":{"rendered":"https:\/\/jinhuaceramic.com\/?post_type=product&#038;p=6284"},"modified":"2024-10-06T07:21:27","modified_gmt":"2024-10-06T07:21:27","slug":"ceramic-soap-dispenser-bulk","status":"publish","type":"product","link":"https:\/\/jinhuaceramic.com\/de\/product\/ceramic-soap-dispenser-bulk\/","title":{"rendered":"Metallische keramische Seifenspender Bulk, benutzerdefinierte Seifenspender Gro\u00dfhandel"},"content":{"rendered":"<div class=\"wp-block-columns is-layout-flex wp-container-core-columns-is-layout-9d6595d7 wp-block-columns-is-layout-flex\">\n<div class=\"wp-block-column is-layout-flow wp-block-column-is-layout-flow\">\n<h3 class=\"wp-block-heading\">Premium-Keramik-Seifenspender Bulk Merkmale:<\/h3>\n\n\n\n<ul class=\"wp-block-list\">\n<li><strong>Einzigartiges Design: <\/strong>Dieser Seifenspender aus Keramik zeichnet sich durch ein einzigartiges, ringf\u00f6rmiges Design aus, das die eint\u00f6nige Form herk\u00f6mmlicher Seifenflaschen durchbricht und lebendiger und interessanter wirkt. Die abgerundeten Linien und die glatte Oberfl\u00e4che bieten den Menschen ein weiches und angenehmes visuelles Erlebnis.<\/li>\n\n\n\n<li><strong>Hochwertiges Material:<\/strong> Hergestellt aus hochwertigem Keramik-Material, sind diese benutzerdefinierten Seifenspender Gro\u00dfhandel langlebig und nicht leicht zu brechen, so dass eine langfristige Nutzung.<\/li>\n\n\n\n<li><strong>Verschiedene Farben und Gr\u00f6\u00dfen:<\/strong> Diese Seifenspender aus Keramik sind in drei klassischen Farben erh\u00e4ltlich: schwarz, wei\u00df und silber. Schwarz ist geheimnisvoll und edel, wei\u00df ist frisch und elegant, und Silber f\u00fcgt einen modernen Touch, geeignet f\u00fcr B\u00e4der von verschiedenen Stilen. Die zwei Gr\u00f6\u00dfen der Keramikseifenflaschen mit unterschiedlichen Kapazit\u00e4ten sind f\u00fcr verschiedene Anl\u00e4sse geeignet, und die Kunden k\u00f6nnen frei w\u00e4hlen.<\/li>\n\n\n\n<li><strong>Praktikabilit\u00e4t:<\/strong> Diese benutzerdefinierten Seifenspender Gro\u00dfhandel sind perfekt f\u00fcr die Abgabe von K\u00f6rperw\u00e4sche, Handseife, Lotion, Shampoo, oder andere fl\u00fcssige Seifen. Der Pumpenkopf ist vern\u00fcnftig gestaltet und leicht zu dr\u00fccken, und die Menge der Seife entladen kann leicht kontrolliert werden.<\/li>\n<\/ul>\n<\/div>\n\n\n\n<div class=\"wp-block-column is-layout-flow wp-block-column-is-layout-flow\">\n<figure class=\"wp-block-image size-full\"><img fetchpriority=\"high\" decoding=\"async\" width=\"800\" height=\"800\" src=\"https:\/\/jinhuaceramic.com\/wp-content\/uploads\/2024\/09\/Wholesale-Ceramic-Soap-Dispenser-Bottle-Custom-Bathroom-Accessories-3.webp\" alt=\"Metallische keramische Seifenspender Bulk, benutzerdefinierte Seifenspender Gro\u00dfhandel-1\" class=\"wp-image-6286\" srcset=\"https:\/\/jinhuaceramic.com\/wp-content\/uploads\/2024\/09\/Wholesale-Ceramic-Soap-Dispenser-Bottle-Custom-Bathroom-Accessories-3.webp 800w, https:\/\/jinhuaceramic.com\/wp-content\/uploads\/2024\/09\/Wholesale-Ceramic-Soap-Dispenser-Bottle-Custom-Bathroom-Accessories-3-300x300.webp 300w, https:\/\/jinhuaceramic.com\/wp-content\/uploads\/2024\/09\/Wholesale-Ceramic-Soap-Dispenser-Bottle-Custom-Bathroom-Accessories-3-150x150.webp 150w, https:\/\/jinhuaceramic.com\/wp-content\/uploads\/2024\/09\/Wholesale-Ceramic-Soap-Dispenser-Bottle-Custom-Bathroom-Accessories-3-768x768.webp 768w, https:\/\/jinhuaceramic.com\/wp-content\/uploads\/2024\/09\/Wholesale-Ceramic-Soap-Dispenser-Bottle-Custom-Bathroom-Accessories-3-12x12.webp 12w, https:\/\/jinhuaceramic.com\/wp-content\/uploads\/2024\/09\/Wholesale-Ceramic-Soap-Dispenser-Bottle-Custom-Bathroom-Accessories-3-285x285.webp 285w, https:\/\/jinhuaceramic.com\/wp-content\/uploads\/2024\/09\/Wholesale-Ceramic-Soap-Dispenser-Bottle-Custom-Bathroom-Accessories-3-270x270.webp 270w, https:\/\/jinhuaceramic.com\/wp-content\/uploads\/2024\/09\/Wholesale-Ceramic-Soap-Dispenser-Bottle-Custom-Bathroom-Accessories-3-540x540.webp 540w, https:\/\/jinhuaceramic.com\/wp-content\/uploads\/2024\/09\/Wholesale-Ceramic-Soap-Dispenser-Bottle-Custom-Bathroom-Accessories-3-660x660.webp 660w\" sizes=\"(max-width: 800px) 100vw, 800px\" \/><\/figure>\n<\/div>\n<\/div>","protected":false},"excerpt":{"rendered":"<p>Willkommen bei den individuellen Seifenspendern. Diese Seifenspender aus Metallkeramik haben die Gunst der Verbraucher durch ihr einzigartiges Design und ihre hervorragende Funktionalit\u00e4t gewonnen. Aus hochwertigem Keramikmaterial hergestellt, ist die Flasche robust und langlebig. Au\u00dferdem l\u00e4sst sich das schlichte, aber stilvolle Aussehen leicht in verschiedene Wohnstile integrieren und verleiht dem Badezimmer eine k\u00fcnstlerische Note.<\/p>","protected":false},"featured_media":6287,"comment_status":"closed","ping_status":"closed","template":"","meta":{"_acf_changed":false},"product_brand":[],"product_cat":[51],"product_tag":[73],"class_list":{"0":"post-6284","1":"product","2":"type-product","3":"status-publish","4":"has-post-thumbnail","6":"product_cat-bathroom-accessories-wholesale","7":"product_tag-custom-soap-dispensers","9":"first","10":"instock","11":"shipping-taxable","12":"product-type-simple"},"acf":[],"_links":{"self":[{"href":"https:\/\/jinhuaceramic.com\/de\/wp-json\/wp\/v2\/product\/6284","targetHints":{"allow":["GET"]}}],"collection":[{"href":"https:\/\/jinhuaceramic.com\/de\/wp-json\/wp\/v2\/product"}],"about":[{"href":"https:\/\/jinhuaceramic.com\/de\/wp-json\/wp\/v2\/types\/product"}],"replies":[{"embeddable":true,"href":"https:\/\/jinhuaceramic.com\/de\/wp-json\/wp\/v2\/comments?post=6284"}],"version-history":[{"count":0,"href":"https:\/\/jinhuaceramic.com\/de\/wp-json\/wp\/v2\/product\/6284\/revisions"}],"wp:featuredmedia":[{"embeddable":true,"href":"https:\/\/jinhuaceramic.com\/de\/wp-json\/wp\/v2\/media\/6287"}],"wp:attachment":[{"href":"https:\/\/jinhuaceramic.com\/de\/wp-json\/wp\/v2\/media?parent=6284"}],"wp:term":[{"taxonomy":"product_brand","embeddable":true,"href":"https:\/\/jinhuaceramic.com\/de\/wp-json\/wp\/v2\/product_brand?post=6284"},{"taxonomy":"product_cat","embeddable":true,"href":"https:\/\/jinhuaceramic.com\/de\/wp-json\/wp\/v2\/product_cat?post=6284"},{"taxonomy":"product_tag","embeddable":true,"href":"https:\/\/jinhuaceramic.com\/de\/wp-json\/wp\/v2\/product_tag?post=6284"}],"curies":[{"name":"wp","href":"https:\/\/api.w.org\/{rel}","templated":true}]}}