{"id":6296,"date":"2024-10-06T07:09:21","date_gmt":"2024-10-06T07:09:21","guid":{"rendered":"https:\/\/jinhuaceramic.com\/?post_type=product&#038;p=6296"},"modified":"2024-10-06T07:20:39","modified_gmt":"2024-10-06T07:20:39","slug":"candle-vessels-wholesale","status":"publish","type":"product","link":"https:\/\/jinhuaceramic.com\/de\/product\/candle-vessels-wholesale\/","title":{"rendered":"Tulpe Form Kerze Gef\u00e4\u00dfe Gro\u00dfhandel, Chic Kerze Gl\u00e4ser Bulk"},"content":{"rendered":"<div class=\"wp-block-columns is-layout-flex wp-container-core-columns-is-layout-9d6595d7 wp-block-columns-is-layout-flex\">\n<div class=\"wp-block-column is-layout-flow wp-block-column-is-layout-flow\">\n<h3 class=\"wp-block-heading\">Premium Tulpe Form Kerze Gef\u00e4\u00dfe Gro\u00dfhandel Merkmale:<\/h3>\n\n\n\n<ul class=\"wp-block-list\">\n<li><strong>Einzigartige Tulpenform: <\/strong>Diese Keramik-Kerzengef\u00e4\u00dfe im Gro\u00dfhandel sind in Form von Tulpen gestaltet, mit leicht ge\u00f6ffneten Bl\u00fctenbl\u00e4ttern und einem abgerundeten Boden, der insgesamt sehr lebendig wirkt.<\/li>\n\n\n\n<li><strong>Sanfte Farbpalette:<\/strong> Die Farbauswahl dieser Keramik-Kerzengl\u00e4ser ist sehr weich, einschlie\u00dflich wei\u00df, hellblau, hellbraun und K\u00fcrbis Farbe, etc. Diese Farben sind sehr harmonisch aufeinander abgestimmt und geben den Menschen ein warmes und angenehmes Gef\u00fchl. Zus\u00e4tzlich zu diesen Farben, k\u00f6nnen wir auch verschiedene Farben nach Kundenwunsch anpassen.<\/li>\n\n\n\n<li><strong>Hochwertiges Material: <\/strong>Diese Tulpenkerzengef\u00e4\u00dfe f\u00fcr den Gro\u00dfhandel werden aus hochwertiger, bei hohen Temperaturen gebrannter Keramik hergestellt, die eine ausgezeichnete Hitzebest\u00e4ndigkeit und Haltbarkeit aufweist. Dies stellt sicher, dass die Gl\u00e4ser die Hitze der Kerzenflamme aushalten k\u00f6nnen, ohne zu zerspringen oder zu brechen, und bietet einen sicheren und gesch\u00fctzten Beh\u00e4lter f\u00fcr Ihre Kerzen.<\/li>\n\n\n\n<li><strong>Gro\u00dfhandel &amp; Personalisierung:<\/strong> Unsere Fabrik bietet Gro\u00dfhandelsrabatte f\u00fcr Bulk-Kerzengl\u00e4ser Bestellungen, die Gew\u00e4hrleistung der Qualit\u00e4t Gro\u00dfhandel Kerzengl\u00e4ser zu wettbewerbsf\u00e4higen Preisen. Dar\u00fcber hinaus bieten wir auch Dienstleistungen zur Anpassung an Ihre Marke einzigartigen Stil, ob es Gr\u00f6\u00dfe, Form, Muster, Farbe, Logo kann angepasst werden.<\/li>\n<\/ul>\n<\/div>\n\n\n\n<div class=\"wp-block-column is-layout-flow wp-block-column-is-layout-flow\">\n<figure class=\"wp-block-image size-full\"><img fetchpriority=\"high\" decoding=\"async\" width=\"790\" height=\"790\" src=\"https:\/\/jinhuaceramic.com\/wp-content\/uploads\/2024\/10\/Wholesale-Tulip-Shape-Ceramic-Candle-Jar-For-Candle-Making-In-Bulk-4.webp\" alt=\"Tulpe Form Kerze Gef\u00e4\u00dfe Gro\u00dfhandel, Chic Kerze Gl\u00e4ser Bulk-2\" class=\"wp-image-6299\" srcset=\"https:\/\/jinhuaceramic.com\/wp-content\/uploads\/2024\/10\/Wholesale-Tulip-Shape-Ceramic-Candle-Jar-For-Candle-Making-In-Bulk-4.webp 790w, https:\/\/jinhuaceramic.com\/wp-content\/uploads\/2024\/10\/Wholesale-Tulip-Shape-Ceramic-Candle-Jar-For-Candle-Making-In-Bulk-4-300x300.webp 300w, https:\/\/jinhuaceramic.com\/wp-content\/uploads\/2024\/10\/Wholesale-Tulip-Shape-Ceramic-Candle-Jar-For-Candle-Making-In-Bulk-4-150x150.webp 150w, https:\/\/jinhuaceramic.com\/wp-content\/uploads\/2024\/10\/Wholesale-Tulip-Shape-Ceramic-Candle-Jar-For-Candle-Making-In-Bulk-4-768x768.webp 768w, https:\/\/jinhuaceramic.com\/wp-content\/uploads\/2024\/10\/Wholesale-Tulip-Shape-Ceramic-Candle-Jar-For-Candle-Making-In-Bulk-4-12x12.webp 12w, https:\/\/jinhuaceramic.com\/wp-content\/uploads\/2024\/10\/Wholesale-Tulip-Shape-Ceramic-Candle-Jar-For-Candle-Making-In-Bulk-4-285x285.webp 285w, https:\/\/jinhuaceramic.com\/wp-content\/uploads\/2024\/10\/Wholesale-Tulip-Shape-Ceramic-Candle-Jar-For-Candle-Making-In-Bulk-4-270x270.webp 270w, https:\/\/jinhuaceramic.com\/wp-content\/uploads\/2024\/10\/Wholesale-Tulip-Shape-Ceramic-Candle-Jar-For-Candle-Making-In-Bulk-4-540x540.webp 540w, https:\/\/jinhuaceramic.com\/wp-content\/uploads\/2024\/10\/Wholesale-Tulip-Shape-Ceramic-Candle-Jar-For-Candle-Making-In-Bulk-4-660x660.webp 660w\" sizes=\"(max-width: 790px) 100vw, 790px\" \/><\/figure>\n<\/div>\n<\/div>","protected":false},"excerpt":{"rendered":"<p>Willkommen zu kaufen Kerze Gl\u00e4ser bulk. Das Design dieser Keramik-Kerzengef\u00e4\u00dfe Gro\u00dfhandel perfekt kombiniert nat\u00fcrliche Tulpe Elemente mit modernen minimalistischen Stil, die Schaffung einer warmen und gem\u00fctlichen Atmosph\u00e4re, und ist sehr geeignet f\u00fcr die Herstellung von Duftkerzen. Nicht nur sch\u00f6n im Aussehen, sind diese Keramik-Kerzengef\u00e4\u00dfe stabil in der Struktur und langlebig.<\/p>","protected":false},"featured_media":6298,"comment_status":"closed","ping_status":"closed","template":"","meta":{"_acf_changed":false},"product_brand":[],"product_cat":[52],"product_tag":[66],"class_list":{"0":"post-6296","1":"product","2":"type-product","3":"status-publish","4":"has-post-thumbnail","6":"product_cat-wholesale-candle-containers","7":"product_tag-candle-jars-wholesale","9":"first","10":"instock","11":"shipping-taxable","12":"product-type-simple"},"acf":[],"_links":{"self":[{"href":"https:\/\/jinhuaceramic.com\/de\/wp-json\/wp\/v2\/product\/6296","targetHints":{"allow":["GET"]}}],"collection":[{"href":"https:\/\/jinhuaceramic.com\/de\/wp-json\/wp\/v2\/product"}],"about":[{"href":"https:\/\/jinhuaceramic.com\/de\/wp-json\/wp\/v2\/types\/product"}],"replies":[{"embeddable":true,"href":"https:\/\/jinhuaceramic.com\/de\/wp-json\/wp\/v2\/comments?post=6296"}],"version-history":[{"count":0,"href":"https:\/\/jinhuaceramic.com\/de\/wp-json\/wp\/v2\/product\/6296\/revisions"}],"wp:featuredmedia":[{"embeddable":true,"href":"https:\/\/jinhuaceramic.com\/de\/wp-json\/wp\/v2\/media\/6298"}],"wp:attachment":[{"href":"https:\/\/jinhuaceramic.com\/de\/wp-json\/wp\/v2\/media?parent=6296"}],"wp:term":[{"taxonomy":"product_brand","embeddable":true,"href":"https:\/\/jinhuaceramic.com\/de\/wp-json\/wp\/v2\/product_brand?post=6296"},{"taxonomy":"product_cat","embeddable":true,"href":"https:\/\/jinhuaceramic.com\/de\/wp-json\/wp\/v2\/product_cat?post=6296"},{"taxonomy":"product_tag","embeddable":true,"href":"https:\/\/jinhuaceramic.com\/de\/wp-json\/wp\/v2\/product_tag?post=6296"}],"curies":[{"name":"wp","href":"https:\/\/api.w.org\/{rel}","templated":true}]}}