{"id":6307,"date":"2024-10-06T07:02:11","date_gmt":"2024-10-06T07:02:11","guid":{"rendered":"https:\/\/jinhuaceramic.com\/?post_type=product&#038;p=6307"},"modified":"2024-10-06T07:20:45","modified_gmt":"2024-10-06T07:20:45","slug":"wholesale-candle-jars","status":"publish","type":"product","link":"https:\/\/jinhuaceramic.com\/de\/product\/wholesale-candle-jars\/","title":{"rendered":"Gro\u00dfhandel Kerze Gl\u00e4ser, einzigartige wei\u00dfe Keramik Kerze Gef\u00e4\u00dfe Bulk"},"content":{"rendered":"<div class=\"wp-block-columns is-layout-flex wp-container-core-columns-is-layout-9d6595d7 wp-block-columns-is-layout-flex\">\n<div class=\"wp-block-column is-layout-flow wp-block-column-is-layout-flow\">\n<h3 class=\"wp-block-heading\">Premium Unique Wholesale Candle Jars\u00a0Features:<\/h3>\n\n\n\n<ul class=\"wp-block-list\">\n<li><strong>Einzigartiges Design:<\/strong> These ceramic wholesale candle jars are irregular in shape, uneven, and have a wrinkled surface, just like a crumpled paper bag, which is in sharp contrast to the traditional round and smooth candle jars. This irregular shape and rustic texture make it look very artistic and can enhance the taste of your home environment.<\/li>\n\n\n\n<li><strong>Sanfte T\u00f6ne:<\/strong> These unique ceramic candle jars bulk are available in a variety of soft colors, including white, light blue, light brown, and pumpkin. These colors are low in saturation and give a warm and cozy feeling. In addition to these colors, we can also customize different colors according to customer requirements.<\/li>\n\n\n\n<li><strong>Hochwertiges Material: <\/strong>These wholesale candle jars are made of high-quality ceramic clay fired at high temperature. The ceramic material has good heat resistance and durability and can be used for a long time. Moreover, the surface of these ceramic candle vessels bulk is smooth and easy to clean without leaving ugly stains.<\/li>\n\n\n\n<li><strong>Wiederverwendbar und umweltfreundlich:<\/strong> After the candles are burned out, these ceramic wholesale candle jars can be transformed into pen holders, jewelry boxes, or used to plant some small plants, which is very practical. Compared with disposable candle containers, ceramic jars can be reused and are more environmentally friendly.<\/li>\n<\/ul>\n<\/div>\n\n\n\n<div class=\"wp-block-column is-layout-flow wp-block-column-is-layout-flow\">\n<figure class=\"wp-block-image size-full\"><img fetchpriority=\"high\" decoding=\"async\" width=\"800\" height=\"800\" src=\"https:\/\/jinhuaceramic.com\/wp-content\/uploads\/2024\/10\/Wholesale-Unique-Ceramic-Candle-Jar-Personalized-Candle-Vessel-In-Bulk-5.webp\" alt=\"Wholesale Candle Jars, White Ceramic Candle Vessels Bulk-1\" class=\"wp-image-6311\" srcset=\"https:\/\/jinhuaceramic.com\/wp-content\/uploads\/2024\/10\/Wholesale-Unique-Ceramic-Candle-Jar-Personalized-Candle-Vessel-In-Bulk-5.webp 800w, https:\/\/jinhuaceramic.com\/wp-content\/uploads\/2024\/10\/Wholesale-Unique-Ceramic-Candle-Jar-Personalized-Candle-Vessel-In-Bulk-5-300x300.webp 300w, https:\/\/jinhuaceramic.com\/wp-content\/uploads\/2024\/10\/Wholesale-Unique-Ceramic-Candle-Jar-Personalized-Candle-Vessel-In-Bulk-5-150x150.webp 150w, https:\/\/jinhuaceramic.com\/wp-content\/uploads\/2024\/10\/Wholesale-Unique-Ceramic-Candle-Jar-Personalized-Candle-Vessel-In-Bulk-5-768x768.webp 768w, https:\/\/jinhuaceramic.com\/wp-content\/uploads\/2024\/10\/Wholesale-Unique-Ceramic-Candle-Jar-Personalized-Candle-Vessel-In-Bulk-5-12x12.webp 12w, https:\/\/jinhuaceramic.com\/wp-content\/uploads\/2024\/10\/Wholesale-Unique-Ceramic-Candle-Jar-Personalized-Candle-Vessel-In-Bulk-5-285x285.webp 285w, https:\/\/jinhuaceramic.com\/wp-content\/uploads\/2024\/10\/Wholesale-Unique-Ceramic-Candle-Jar-Personalized-Candle-Vessel-In-Bulk-5-270x270.webp 270w, https:\/\/jinhuaceramic.com\/wp-content\/uploads\/2024\/10\/Wholesale-Unique-Ceramic-Candle-Jar-Personalized-Candle-Vessel-In-Bulk-5-540x540.webp 540w, https:\/\/jinhuaceramic.com\/wp-content\/uploads\/2024\/10\/Wholesale-Unique-Ceramic-Candle-Jar-Personalized-Candle-Vessel-In-Bulk-5-660x660.webp 660w\" sizes=\"(max-width: 800px) 100vw, 800px\" \/><\/figure>\n<\/div>\n<\/div>","protected":false},"excerpt":{"rendered":"<p>Welcome to purchase ceramic candle vessels bulk. These ceramic wholesale candle jars are popular because of their unique shape design, soft colors, and high-quality ceramic material. Combining aesthetics and practicality, these candle jars are suitable for various home decoration styles and can add a touch of art to the home environment.<\/p>","protected":false},"featured_media":6313,"comment_status":"closed","ping_status":"closed","template":"","meta":{"_acf_changed":false},"product_brand":[],"product_cat":[52],"product_tag":[66],"class_list":{"0":"post-6307","1":"product","2":"type-product","3":"status-publish","4":"has-post-thumbnail","6":"product_cat-wholesale-candle-containers","7":"product_tag-candle-jars-wholesale","9":"first","10":"instock","11":"shipping-taxable","12":"product-type-simple"},"acf":[],"_links":{"self":[{"href":"https:\/\/jinhuaceramic.com\/de\/wp-json\/wp\/v2\/product\/6307","targetHints":{"allow":["GET"]}}],"collection":[{"href":"https:\/\/jinhuaceramic.com\/de\/wp-json\/wp\/v2\/product"}],"about":[{"href":"https:\/\/jinhuaceramic.com\/de\/wp-json\/wp\/v2\/types\/product"}],"replies":[{"embeddable":true,"href":"https:\/\/jinhuaceramic.com\/de\/wp-json\/wp\/v2\/comments?post=6307"}],"version-history":[{"count":0,"href":"https:\/\/jinhuaceramic.com\/de\/wp-json\/wp\/v2\/product\/6307\/revisions"}],"wp:featuredmedia":[{"embeddable":true,"href":"https:\/\/jinhuaceramic.com\/de\/wp-json\/wp\/v2\/media\/6313"}],"wp:attachment":[{"href":"https:\/\/jinhuaceramic.com\/de\/wp-json\/wp\/v2\/media?parent=6307"}],"wp:term":[{"taxonomy":"product_brand","embeddable":true,"href":"https:\/\/jinhuaceramic.com\/de\/wp-json\/wp\/v2\/product_brand?post=6307"},{"taxonomy":"product_cat","embeddable":true,"href":"https:\/\/jinhuaceramic.com\/de\/wp-json\/wp\/v2\/product_cat?post=6307"},{"taxonomy":"product_tag","embeddable":true,"href":"https:\/\/jinhuaceramic.com\/de\/wp-json\/wp\/v2\/product_tag?post=6307"}],"curies":[{"name":"wp","href":"https:\/\/api.w.org\/{rel}","templated":true}]}}