{"id":6328,"date":"2024-10-09T01:47:15","date_gmt":"2024-10-09T01:47:15","guid":{"rendered":"https:\/\/jinhuaceramic.com\/?post_type=product&#038;p=6328"},"modified":"2024-10-09T01:50:16","modified_gmt":"2024-10-09T01:50:16","slug":"wholesale-candle-vessels","status":"publish","type":"product","link":"https:\/\/jinhuaceramic.com\/de\/product\/wholesale-candle-vessels\/","title":{"rendered":"Ei geformt Gro\u00dfhandel Kerze Gef\u00e4\u00dfe, Kerze Container Bulk"},"content":{"rendered":"<div class=\"wp-block-columns is-layout-flex wp-container-core-columns-is-layout-9d6595d7 wp-block-columns-is-layout-flex\">\n<div class=\"wp-block-column is-layout-flow wp-block-column-is-layout-flow\">\n<h3 class=\"wp-block-heading\">Premium-Gro\u00dfhandel Kerze Gef\u00e4\u00dfe Merkmale:<\/h3>\n\n\n\n<ul class=\"wp-block-list\">\n<li><strong>Einzigartiges Design:<\/strong> Diese Keramik-Gro\u00dfhandelskerzengef\u00e4\u00dfe weisen ein einzigartiges nat\u00fcrliches Design auf. Die Form ist sehr realistisch und ahmt die Form eines Eies nach, einschlie\u00dflich der Textur der Eierschale, rissiger R\u00e4nder und anderer Details. An bestimmten Feiertagen, wie Ostern und Valentinstag, k\u00f6nnen eif\u00f6rmige Kerzenbeh\u00e4lter als Feiertagsdekoration verwendet werden, um die festliche Atmosph\u00e4re zu verst\u00e4rken.<\/li>\n\n\n\n<li><strong>Hochwertiges Material:<\/strong> Diese eif\u00f6rmigen Kerzenbeh\u00e4lter bestehen aus hochwertigem keramischem Material, das hitzebest\u00e4ndig, ungiftig und unsch\u00e4dlich ist und das sichere Abbrennen von Kerzen gew\u00e4hrleistet. Gleichzeitig sind die Keramik-Kerzengl\u00e4ser nicht leicht zu verformen und k\u00f6nnen f\u00fcr eine lange Zeit verwendet werden.<\/li>\n\n\n\n<li><strong>Verschiedene Farben: <\/strong>Diese Gro\u00dfhandel Kerzengef\u00e4\u00dfe kommen in einer Vielzahl von Farben, einschlie\u00dflich rosa, wei\u00df, schwarz, etc., um die Vorlieben der verschiedenen Menschen und die passenden Bed\u00fcrfnisse der Heimdekoration Stile zu erf\u00fcllen. Als Hersteller k\u00f6nnen wir auch andere Farben nach Kundenw\u00fcnschen anpassen.<\/li>\n\n\n\n<li><strong>Wiederverwendbar und umweltfreundlich:<\/strong> Wenn die Kerzen ausgebrannt sind, k\u00f6nnen diese Keramikgef\u00e4\u00dfe als Aufbewahrungsort f\u00fcr kleine Gegenst\u00e4nde wie Schl\u00fcssel oder M\u00fcnzen oder als kleine Blument\u00f6pfe verwendet werden, was sehr praktisch ist. Im Vergleich zu Einweg-Kerzenbeh\u00e4ltern k\u00f6nnen Keramikgef\u00e4\u00dfe wiederverwendet werden und sind umweltfreundlicher.<\/li>\n<\/ul>\n<\/div>\n\n\n\n<div class=\"wp-block-column is-layout-flow wp-block-column-is-layout-flow\">\n<figure class=\"wp-block-image size-full\"><img fetchpriority=\"high\" decoding=\"async\" width=\"1000\" height=\"1000\" src=\"https:\/\/jinhuaceramic.com\/wp-content\/uploads\/2024\/10\/Wholesale-Egg-Shape-Ceramic-Candle-Jar-Custom-Empty-Vessel-For-Candle-Making-4.webp\" alt=\"Ei geformt Gro\u00dfhandel Kerze Gef\u00e4\u00dfe, Kerze Container Bulk-1\" class=\"wp-image-6331\" srcset=\"https:\/\/jinhuaceramic.com\/wp-content\/uploads\/2024\/10\/Wholesale-Egg-Shape-Ceramic-Candle-Jar-Custom-Empty-Vessel-For-Candle-Making-4.webp 1000w, https:\/\/jinhuaceramic.com\/wp-content\/uploads\/2024\/10\/Wholesale-Egg-Shape-Ceramic-Candle-Jar-Custom-Empty-Vessel-For-Candle-Making-4-300x300.webp 300w, https:\/\/jinhuaceramic.com\/wp-content\/uploads\/2024\/10\/Wholesale-Egg-Shape-Ceramic-Candle-Jar-Custom-Empty-Vessel-For-Candle-Making-4-150x150.webp 150w, https:\/\/jinhuaceramic.com\/wp-content\/uploads\/2024\/10\/Wholesale-Egg-Shape-Ceramic-Candle-Jar-Custom-Empty-Vessel-For-Candle-Making-4-768x768.webp 768w, https:\/\/jinhuaceramic.com\/wp-content\/uploads\/2024\/10\/Wholesale-Egg-Shape-Ceramic-Candle-Jar-Custom-Empty-Vessel-For-Candle-Making-4-12x12.webp 12w, https:\/\/jinhuaceramic.com\/wp-content\/uploads\/2024\/10\/Wholesale-Egg-Shape-Ceramic-Candle-Jar-Custom-Empty-Vessel-For-Candle-Making-4-285x285.webp 285w, https:\/\/jinhuaceramic.com\/wp-content\/uploads\/2024\/10\/Wholesale-Egg-Shape-Ceramic-Candle-Jar-Custom-Empty-Vessel-For-Candle-Making-4-270x270.webp 270w, https:\/\/jinhuaceramic.com\/wp-content\/uploads\/2024\/10\/Wholesale-Egg-Shape-Ceramic-Candle-Jar-Custom-Empty-Vessel-For-Candle-Making-4-540x540.webp 540w, https:\/\/jinhuaceramic.com\/wp-content\/uploads\/2024\/10\/Wholesale-Egg-Shape-Ceramic-Candle-Jar-Custom-Empty-Vessel-For-Candle-Making-4-660x660.webp 660w\" sizes=\"(max-width: 1000px) 100vw, 1000px\" \/><\/figure>\n<\/div>\n<\/div>","protected":false},"excerpt":{"rendered":"<p>Willkommen zum Kauf Gro\u00dfhandel Kerze Schiffe. Diese keramischen Kerzenbeh\u00e4lter sind wegen ihrer einzigartigen Eierform, den verschiedenen Farben und dem hochwertigen Keramikmaterial sehr beliebt. Die gebrochene Eierschale Design zieht die Aufmerksamkeit der Verbraucher, und die hochwertige Keramik-Material ist robust und langlebig, die Kombination von Sch\u00f6nheit und Funktionalit\u00e4t, so dass diese Kerze Gl\u00e4ser ein meistverkauftes Haus Dekoration.<\/p>","protected":false},"featured_media":6330,"comment_status":"closed","ping_status":"closed","template":"","meta":{"_acf_changed":false},"product_brand":[],"product_cat":[52],"product_tag":[66],"class_list":{"0":"post-6328","1":"product","2":"type-product","3":"status-publish","4":"has-post-thumbnail","6":"product_cat-wholesale-candle-containers","7":"product_tag-candle-jars-wholesale","9":"first","10":"instock","11":"shipping-taxable","12":"product-type-simple"},"acf":[],"_links":{"self":[{"href":"https:\/\/jinhuaceramic.com\/de\/wp-json\/wp\/v2\/product\/6328","targetHints":{"allow":["GET"]}}],"collection":[{"href":"https:\/\/jinhuaceramic.com\/de\/wp-json\/wp\/v2\/product"}],"about":[{"href":"https:\/\/jinhuaceramic.com\/de\/wp-json\/wp\/v2\/types\/product"}],"replies":[{"embeddable":true,"href":"https:\/\/jinhuaceramic.com\/de\/wp-json\/wp\/v2\/comments?post=6328"}],"version-history":[{"count":0,"href":"https:\/\/jinhuaceramic.com\/de\/wp-json\/wp\/v2\/product\/6328\/revisions"}],"wp:featuredmedia":[{"embeddable":true,"href":"https:\/\/jinhuaceramic.com\/de\/wp-json\/wp\/v2\/media\/6330"}],"wp:attachment":[{"href":"https:\/\/jinhuaceramic.com\/de\/wp-json\/wp\/v2\/media?parent=6328"}],"wp:term":[{"taxonomy":"product_brand","embeddable":true,"href":"https:\/\/jinhuaceramic.com\/de\/wp-json\/wp\/v2\/product_brand?post=6328"},{"taxonomy":"product_cat","embeddable":true,"href":"https:\/\/jinhuaceramic.com\/de\/wp-json\/wp\/v2\/product_cat?post=6328"},{"taxonomy":"product_tag","embeddable":true,"href":"https:\/\/jinhuaceramic.com\/de\/wp-json\/wp\/v2\/product_tag?post=6328"}],"curies":[{"name":"wp","href":"https:\/\/api.w.org\/{rel}","templated":true}]}}