{"id":6338,"date":"2024-10-09T01:38:51","date_gmt":"2024-10-09T01:38:51","guid":{"rendered":"https:\/\/jinhuaceramic.com\/?post_type=product&#038;p=6338"},"modified":"2024-10-09T01:38:54","modified_gmt":"2024-10-09T01:38:54","slug":"bulk-ceramic-candle-jars","status":"publish","type":"product","link":"https:\/\/jinhuaceramic.com\/de\/product\/bulk-ceramic-candle-jars\/","title":{"rendered":"Gradient Bulk Keramik Kerze Gl\u00e4ser, Kerze Container Gro\u00dfhandel"},"content":{"rendered":"<div class=\"wp-block-columns is-layout-flex wp-container-core-columns-is-layout-9d6595d7 wp-block-columns-is-layout-flex\">\n<div class=\"wp-block-column is-layout-flow wp-block-column-is-layout-flow\">\n<h3 class=\"wp-block-heading\">Premium Bulk Keramik-Kerzengl\u00e4ser Merkmale:<\/h3>\n\n\n\n<ul class=\"wp-block-list\">\n<li><strong>Einfacher und moderner Stil:<\/strong> Die Gesamtform dieser gro\u00dfen Keramikkerzengl\u00e4ser ist einfach und glatt, mit klaren Linien und ohne \u00fcberm\u00e4\u00dfige Dekoration. Dieses schlichte Design entspricht der \u00c4sthetik des modernen Menschen und l\u00e4sst sich leicht mit verschiedenen Wohnstilen kombinieren.<\/li>\n\n\n\n<li><strong>Farbverlauf Design:<\/strong> Diese keramischen Kerzenbeh\u00e4lter f\u00fcr den Gro\u00dfhandel sind mit einem Farbverlauf versehen. Im Vergleich zu monochromen Kerzengl\u00e4sern bereichert das Farbverlaufsdesign nicht nur die visuelle Ebene, sondern schafft auch eine weiche und zarte Atmosph\u00e4re.<\/li>\n\n\n\n<li><strong>Hochwertiges Material:<\/strong> Diese Keramik-Kerzengl\u00e4ser mit Farbverlauf bestehen aus hochwertiger Keramik, die hitzebest\u00e4ndig ist und eine gute Textur aufweist. Gleichzeitig haben die Keramik-Kerzengl\u00e4ser auch eine gewisse W\u00e4rmeschutzwirkung, die die Brenndauer der Kerzen verl\u00e4ngern kann.<\/li>\n\n\n\n<li><strong>Eine Vielzahl von Farben: <\/strong>Diese keramischen Kerzenbeh\u00e4lter Gro\u00dfhandel kommen in einer Vielzahl von Farben, einschlie\u00dflich Farbverlauf blau, Farbverlauf rot, Farbverlauf schwarz, Farbverlauf cyan, um die Vorlieben der verschiedenen Menschen und die passenden Bed\u00fcrfnisse der Heimdekoration Stile zu erf\u00fcllen. Als Hersteller, k\u00f6nnen wir auch andere Farben nach Kundenwunsch anpassen.<\/li>\n<\/ul>\n<\/div>\n\n\n\n<div class=\"wp-block-column is-layout-flow wp-block-column-is-layout-flow\">\n<figure class=\"wp-block-image size-full\"><img fetchpriority=\"high\" decoding=\"async\" width=\"750\" height=\"750\" src=\"https:\/\/jinhuaceramic.com\/wp-content\/uploads\/2024\/10\/Wholesale-Gradient-Color-Ceramic-Candle-Jars-Empty-Containers-In-Bulk-3.webp\" alt=\"Gradient Bulk Keramik Kerze Jars, Kerze-Container Gro\u00dfhandel-5\" class=\"wp-image-6340\" srcset=\"https:\/\/jinhuaceramic.com\/wp-content\/uploads\/2024\/10\/Wholesale-Gradient-Color-Ceramic-Candle-Jars-Empty-Containers-In-Bulk-3.webp 750w, https:\/\/jinhuaceramic.com\/wp-content\/uploads\/2024\/10\/Wholesale-Gradient-Color-Ceramic-Candle-Jars-Empty-Containers-In-Bulk-3-300x300.webp 300w, https:\/\/jinhuaceramic.com\/wp-content\/uploads\/2024\/10\/Wholesale-Gradient-Color-Ceramic-Candle-Jars-Empty-Containers-In-Bulk-3-150x150.webp 150w, https:\/\/jinhuaceramic.com\/wp-content\/uploads\/2024\/10\/Wholesale-Gradient-Color-Ceramic-Candle-Jars-Empty-Containers-In-Bulk-3-12x12.webp 12w, https:\/\/jinhuaceramic.com\/wp-content\/uploads\/2024\/10\/Wholesale-Gradient-Color-Ceramic-Candle-Jars-Empty-Containers-In-Bulk-3-285x285.webp 285w, https:\/\/jinhuaceramic.com\/wp-content\/uploads\/2024\/10\/Wholesale-Gradient-Color-Ceramic-Candle-Jars-Empty-Containers-In-Bulk-3-270x270.webp 270w, https:\/\/jinhuaceramic.com\/wp-content\/uploads\/2024\/10\/Wholesale-Gradient-Color-Ceramic-Candle-Jars-Empty-Containers-In-Bulk-3-540x540.webp 540w, https:\/\/jinhuaceramic.com\/wp-content\/uploads\/2024\/10\/Wholesale-Gradient-Color-Ceramic-Candle-Jars-Empty-Containers-In-Bulk-3-660x660.webp 660w\" sizes=\"(max-width: 750px) 100vw, 750px\" \/><\/figure>\n<\/div>\n<\/div>","protected":false},"excerpt":{"rendered":"<p>Willkommen zum Kauf Kerze Container Gro\u00dfhandel. Diese Massenkerzengef\u00e4\u00dfe aus Keramik zeichnen sich durch ihr elegantes Farbverlaufsdesign und ihren einfachen, modernen Stil aus. Sie sind nicht nur sch\u00f6n im Aussehen, diese Kerze Gl\u00e4ser haben eine hochwertige Keramik Textur, sind ungiftig und harmlos, und sind sicher zu bedienen.\u00a0<\/p>","protected":false},"featured_media":6344,"comment_status":"closed","ping_status":"closed","template":"","meta":{"_acf_changed":false},"product_brand":[],"product_cat":[52],"product_tag":[66],"class_list":{"0":"post-6338","1":"product","2":"type-product","3":"status-publish","4":"has-post-thumbnail","6":"product_cat-wholesale-candle-containers","7":"product_tag-candle-jars-wholesale","9":"first","10":"instock","11":"shipping-taxable","12":"product-type-simple"},"acf":[],"_links":{"self":[{"href":"https:\/\/jinhuaceramic.com\/de\/wp-json\/wp\/v2\/product\/6338","targetHints":{"allow":["GET"]}}],"collection":[{"href":"https:\/\/jinhuaceramic.com\/de\/wp-json\/wp\/v2\/product"}],"about":[{"href":"https:\/\/jinhuaceramic.com\/de\/wp-json\/wp\/v2\/types\/product"}],"replies":[{"embeddable":true,"href":"https:\/\/jinhuaceramic.com\/de\/wp-json\/wp\/v2\/comments?post=6338"}],"version-history":[{"count":0,"href":"https:\/\/jinhuaceramic.com\/de\/wp-json\/wp\/v2\/product\/6338\/revisions"}],"wp:featuredmedia":[{"embeddable":true,"href":"https:\/\/jinhuaceramic.com\/de\/wp-json\/wp\/v2\/media\/6344"}],"wp:attachment":[{"href":"https:\/\/jinhuaceramic.com\/de\/wp-json\/wp\/v2\/media?parent=6338"}],"wp:term":[{"taxonomy":"product_brand","embeddable":true,"href":"https:\/\/jinhuaceramic.com\/de\/wp-json\/wp\/v2\/product_brand?post=6338"},{"taxonomy":"product_cat","embeddable":true,"href":"https:\/\/jinhuaceramic.com\/de\/wp-json\/wp\/v2\/product_cat?post=6338"},{"taxonomy":"product_tag","embeddable":true,"href":"https:\/\/jinhuaceramic.com\/de\/wp-json\/wp\/v2\/product_tag?post=6338"}],"curies":[{"name":"wp","href":"https:\/\/api.w.org\/{rel}","templated":true}]}}