{"id":6354,"date":"2024-10-11T02:32:05","date_gmt":"2024-10-11T02:32:05","guid":{"rendered":"https:\/\/jinhuaceramic.com\/?post_type=product&#038;p=6354"},"modified":"2024-10-11T02:32:06","modified_gmt":"2024-10-11T02:32:06","slug":"candle-vessels-bulk","status":"publish","type":"product","link":"https:\/\/jinhuaceramic.com\/de\/product\/candle-vessels-bulk\/","title":{"rendered":"Geometrische keramische Kerze Gef\u00e4\u00dfe Bulk, Matte Kerze Jars Gro\u00dfhandel"},"content":{"rendered":"<div class=\"wp-block-columns is-layout-flex wp-container-core-columns-is-layout-9d6595d7 wp-block-columns-is-layout-flex\">\n<div class=\"wp-block-column is-layout-flow wp-block-column-is-layout-flow\">\n<h3 class=\"wp-block-heading\">Premium Candle Vessels Bulk\u00a0Features:<\/h3>\n\n\n\n<ul class=\"wp-block-list\">\n<li><strong>Elegantes Design:<\/strong> These ceramic candle vessels bulk have a unique geometric design, simple and stylish. The geometric lines of the candle jars are smooth and clear, giving a sense of sophistication, and can be easily integrated into various interior decoration styles.<\/li>\n\n\n\n<li><strong>Hochwertiges keramisches Material:<\/strong> These matte candle jars wholesale are hard and wear-resistant, not easy to deform, and can be used for a long time. Even if the candle is burned many times, it will not be easily damaged and can be used repeatedly.<\/li>\n\n\n\n<li><strong>Matte Soft Tones:<\/strong> These ceramic candle vessels bulk are available in a variety of matte soft colors, including white, light blue, light green, light yellow, etc. These colors are low in saturation, giving people a warm and comfortable feeling. At the same time, matte colors are more textured than glossy colors.<\/li>\n\n\n\n<li><strong>Vielseitigkeit:<\/strong> In addition to being used as candle jars, these matte candle jars wholesale can also be used to store small items, small flower pots, etc., which are highly practical. When the candles are used up, they can also be placed in the home as home decorations to continue to play its beautiful role.<\/li>\n<\/ul>\n<\/div>\n\n\n\n<div class=\"wp-block-column is-layout-flow wp-block-column-is-layout-flow\">\n<figure class=\"wp-block-image size-full\"><img fetchpriority=\"high\" decoding=\"async\" width=\"800\" height=\"800\" src=\"https:\/\/jinhuaceramic.com\/wp-content\/uploads\/2024\/10\/Matte-Geometric-Ceramic-Candle-Jar-Custom-Candle-Vessel-Wholesale-4.webp\" alt=\"Geometrische keramische Kerze Gef\u00e4\u00dfe Bulk, Matte Kerze Jars Gro\u00dfhandel-1\" class=\"wp-image-6357\" srcset=\"https:\/\/jinhuaceramic.com\/wp-content\/uploads\/2024\/10\/Matte-Geometric-Ceramic-Candle-Jar-Custom-Candle-Vessel-Wholesale-4.webp 800w, https:\/\/jinhuaceramic.com\/wp-content\/uploads\/2024\/10\/Matte-Geometric-Ceramic-Candle-Jar-Custom-Candle-Vessel-Wholesale-4-300x300.webp 300w, https:\/\/jinhuaceramic.com\/wp-content\/uploads\/2024\/10\/Matte-Geometric-Ceramic-Candle-Jar-Custom-Candle-Vessel-Wholesale-4-150x150.webp 150w, https:\/\/jinhuaceramic.com\/wp-content\/uploads\/2024\/10\/Matte-Geometric-Ceramic-Candle-Jar-Custom-Candle-Vessel-Wholesale-4-768x768.webp 768w, https:\/\/jinhuaceramic.com\/wp-content\/uploads\/2024\/10\/Matte-Geometric-Ceramic-Candle-Jar-Custom-Candle-Vessel-Wholesale-4-12x12.webp 12w, https:\/\/jinhuaceramic.com\/wp-content\/uploads\/2024\/10\/Matte-Geometric-Ceramic-Candle-Jar-Custom-Candle-Vessel-Wholesale-4-285x285.webp 285w, https:\/\/jinhuaceramic.com\/wp-content\/uploads\/2024\/10\/Matte-Geometric-Ceramic-Candle-Jar-Custom-Candle-Vessel-Wholesale-4-270x270.webp 270w, https:\/\/jinhuaceramic.com\/wp-content\/uploads\/2024\/10\/Matte-Geometric-Ceramic-Candle-Jar-Custom-Candle-Vessel-Wholesale-4-540x540.webp 540w, https:\/\/jinhuaceramic.com\/wp-content\/uploads\/2024\/10\/Matte-Geometric-Ceramic-Candle-Jar-Custom-Candle-Vessel-Wholesale-4-660x660.webp 660w\" sizes=\"(max-width: 800px) 100vw, 800px\" \/><\/figure>\n<\/div>\n<\/div>\n\n\n\n<p><\/p>","protected":false},"excerpt":{"rendered":"<p>Welcome to purchase ceramic candle vessels bulk. These matte candle jars wholesale have a delicate texture, and the geometric design makes them look simple and stylish. The soft color combination can easily blend into various home styles and enhance the taste of the space. In general, these ceramic candle jars not only have beautiful appearance, but also strong practicality and good durability, making them a good choice for home decoration.<\/p>","protected":false},"featured_media":6356,"comment_status":"closed","ping_status":"closed","template":"","meta":{"_acf_changed":false},"product_brand":[],"product_cat":[52],"product_tag":[66],"class_list":{"0":"post-6354","1":"product","2":"type-product","3":"status-publish","4":"has-post-thumbnail","6":"product_cat-wholesale-candle-containers","7":"product_tag-candle-jars-wholesale","9":"first","10":"instock","11":"shipping-taxable","12":"product-type-simple"},"acf":[],"_links":{"self":[{"href":"https:\/\/jinhuaceramic.com\/de\/wp-json\/wp\/v2\/product\/6354","targetHints":{"allow":["GET"]}}],"collection":[{"href":"https:\/\/jinhuaceramic.com\/de\/wp-json\/wp\/v2\/product"}],"about":[{"href":"https:\/\/jinhuaceramic.com\/de\/wp-json\/wp\/v2\/types\/product"}],"replies":[{"embeddable":true,"href":"https:\/\/jinhuaceramic.com\/de\/wp-json\/wp\/v2\/comments?post=6354"}],"version-history":[{"count":0,"href":"https:\/\/jinhuaceramic.com\/de\/wp-json\/wp\/v2\/product\/6354\/revisions"}],"wp:featuredmedia":[{"embeddable":true,"href":"https:\/\/jinhuaceramic.com\/de\/wp-json\/wp\/v2\/media\/6356"}],"wp:attachment":[{"href":"https:\/\/jinhuaceramic.com\/de\/wp-json\/wp\/v2\/media?parent=6354"}],"wp:term":[{"taxonomy":"product_brand","embeddable":true,"href":"https:\/\/jinhuaceramic.com\/de\/wp-json\/wp\/v2\/product_brand?post=6354"},{"taxonomy":"product_cat","embeddable":true,"href":"https:\/\/jinhuaceramic.com\/de\/wp-json\/wp\/v2\/product_cat?post=6354"},{"taxonomy":"product_tag","embeddable":true,"href":"https:\/\/jinhuaceramic.com\/de\/wp-json\/wp\/v2\/product_tag?post=6354"}],"curies":[{"name":"wp","href":"https:\/\/api.w.org\/{rel}","templated":true}]}}