{"id":6364,"date":"2024-10-11T02:38:56","date_gmt":"2024-10-11T02:38:56","guid":{"rendered":"https:\/\/jinhuaceramic.com\/?post_type=product&#038;p=6364"},"modified":"2024-10-11T02:38:58","modified_gmt":"2024-10-11T02:38:58","slug":"candle-jars-wholesale-with-lids","status":"publish","type":"product","link":"https:\/\/jinhuaceramic.com\/de\/product\/candle-jars-wholesale-with-lids\/","title":{"rendered":"Chic Keramik Kerze Jars Gro\u00dfhandel mit Deckeln, Bulk Kerze Gef\u00e4\u00dfe"},"content":{"rendered":"<div class=\"wp-block-columns is-layout-flex wp-container-core-columns-is-layout-9d6595d7 wp-block-columns-is-layout-flex\">\n<div class=\"wp-block-column is-layout-flow wp-block-column-is-layout-flow\">\n<h3 class=\"wp-block-heading\">Premium-Kerze Gl\u00e4ser Gro\u00dfhandel mit Deckeln Merkmale:<\/h3>\n\n\n\n<ul class=\"wp-block-list\">\n<li><strong>Minimalistisches Design: <\/strong>Diese Keramik Kerzengl\u00e4ser Gro\u00dfhandel mit Deckel verf\u00fcgen \u00fcber ein minimalistisches zylindrisches Design, und die schwarzen und wei\u00dfen Farben sind sehr einfach und elegant, geeignet f\u00fcr eine Vielzahl von Wohnstilen. Die Verzierung des Bambusdeckels f\u00fcgt einen Hauch von Natur hinzu. Es gibt auch eine subtile Textur Design auf der Keramik-Glas, das es mehr fortgeschritten macht.<\/li>\n\n\n\n<li><strong>Hochwertiges Material: <\/strong>Diese gro\u00dfen Kerzengef\u00e4\u00dfe sind aus hochwertigem, bei hoher Temperatur gebranntem Keramikton hergestellt, so dass sie eine gute Hitzebest\u00e4ndigkeit aufweisen und den hohen Temperaturen standhalten, die beim Brennen von Kerzen entstehen. Sie sind nicht leicht zu verformen oder zu brechen, was eine sichere Verwendung gew\u00e4hrleistet.<\/li>\n\n\n\n<li><strong>Praktischer Bamboo-Deckel:<\/strong> Diese gro\u00dfen Kerzengef\u00e4\u00dfe sind mit einem dicht schlie\u00dfenden Bambusdeckel ausgestattet, der den Duft der Kerze bewahrt, das Eindringen von Staub und anderen Verunreinigungen verhindert und die Qualit\u00e4t der Kerze bewahrt, wenn sie nicht in Gebrauch ist.<\/li>\n\n\n\n<li><strong>Gro\u00dfhandel &amp; Personalisierung:<\/strong> Unsere Fabrik bietet Rabatte auf Gro\u00dfbestellungen, um den Bed\u00fcrfnissen von H\u00e4ndlern gerecht zu werden, die Keramik-Kerzengl\u00e4ser mit Deckeln im Gro\u00dfhandel in gro\u00dfem Umfang kaufen m\u00f6chten. Dar\u00fcber hinaus bieten wir personalisierte Anpassungsdienste an, die es den Kunden erm\u00f6glichen, Farben, Gr\u00f6\u00dfen, Muster usw. anzupassen, um einzigartige Duftkerzen zu kreieren, die f\u00fcr ihre eigenen Marken geeignet sind.<\/li>\n<\/ul>\n<\/div>\n\n\n\n<div class=\"wp-block-column is-layout-flow wp-block-column-is-layout-flow\">\n<figure class=\"wp-block-image size-full\"><img fetchpriority=\"high\" decoding=\"async\" width=\"750\" height=\"750\" src=\"https:\/\/jinhuaceramic.com\/wp-content\/uploads\/2024\/10\/Minimalist-Ceramic-Candle-Jar-With-Bamboo-Lid-Wholesale-Candle-Container-4.webp\" alt=\"Chic Keramik Kerze Gl\u00e4ser Gro\u00dfhandel mit Deckel, Bulk Kerze Vessels-1\" class=\"wp-image-6367\" srcset=\"https:\/\/jinhuaceramic.com\/wp-content\/uploads\/2024\/10\/Minimalist-Ceramic-Candle-Jar-With-Bamboo-Lid-Wholesale-Candle-Container-4.webp 750w, https:\/\/jinhuaceramic.com\/wp-content\/uploads\/2024\/10\/Minimalist-Ceramic-Candle-Jar-With-Bamboo-Lid-Wholesale-Candle-Container-4-300x300.webp 300w, https:\/\/jinhuaceramic.com\/wp-content\/uploads\/2024\/10\/Minimalist-Ceramic-Candle-Jar-With-Bamboo-Lid-Wholesale-Candle-Container-4-150x150.webp 150w, https:\/\/jinhuaceramic.com\/wp-content\/uploads\/2024\/10\/Minimalist-Ceramic-Candle-Jar-With-Bamboo-Lid-Wholesale-Candle-Container-4-12x12.webp 12w, https:\/\/jinhuaceramic.com\/wp-content\/uploads\/2024\/10\/Minimalist-Ceramic-Candle-Jar-With-Bamboo-Lid-Wholesale-Candle-Container-4-285x285.webp 285w, https:\/\/jinhuaceramic.com\/wp-content\/uploads\/2024\/10\/Minimalist-Ceramic-Candle-Jar-With-Bamboo-Lid-Wholesale-Candle-Container-4-270x270.webp 270w, https:\/\/jinhuaceramic.com\/wp-content\/uploads\/2024\/10\/Minimalist-Ceramic-Candle-Jar-With-Bamboo-Lid-Wholesale-Candle-Container-4-540x540.webp 540w, https:\/\/jinhuaceramic.com\/wp-content\/uploads\/2024\/10\/Minimalist-Ceramic-Candle-Jar-With-Bamboo-Lid-Wholesale-Candle-Container-4-660x660.webp 660w\" sizes=\"(max-width: 750px) 100vw, 750px\" \/><\/figure>\n<\/div>\n<\/div>","protected":false},"excerpt":{"rendered":"<p>Willkommen zu kaufen Bulk-Kerze Gef\u00e4\u00dfe. Unsere Keramik-Kerzengl\u00e4ser Gro\u00dfhandel mit Deckel sind sehr willkommen auf dem Markt. Diese Gro\u00dfhandel Keramik Kerze Gl\u00e4ser nehmen exquisite Design, hochwertige Materialien, breite Anwendbarkeit und Gro\u00dfhandel Vorteile, die eine ideale Produktwahl f\u00fcr Aromatherapie Kerze Hersteller, bringen mehr dekorative M\u00f6glichkeiten f\u00fcr verschiedene Gelegenheiten.<\/p>","protected":false},"featured_media":6369,"comment_status":"closed","ping_status":"closed","template":"","meta":{"_acf_changed":false},"product_brand":[],"product_cat":[52],"product_tag":[67],"class_list":{"0":"post-6364","1":"product","2":"type-product","3":"status-publish","4":"has-post-thumbnail","6":"product_cat-wholesale-candle-containers","7":"product_tag-bulk-candle-jars-with-lids","9":"first","10":"instock","11":"shipping-taxable","12":"product-type-simple"},"acf":[],"_links":{"self":[{"href":"https:\/\/jinhuaceramic.com\/de\/wp-json\/wp\/v2\/product\/6364","targetHints":{"allow":["GET"]}}],"collection":[{"href":"https:\/\/jinhuaceramic.com\/de\/wp-json\/wp\/v2\/product"}],"about":[{"href":"https:\/\/jinhuaceramic.com\/de\/wp-json\/wp\/v2\/types\/product"}],"replies":[{"embeddable":true,"href":"https:\/\/jinhuaceramic.com\/de\/wp-json\/wp\/v2\/comments?post=6364"}],"version-history":[{"count":0,"href":"https:\/\/jinhuaceramic.com\/de\/wp-json\/wp\/v2\/product\/6364\/revisions"}],"wp:featuredmedia":[{"embeddable":true,"href":"https:\/\/jinhuaceramic.com\/de\/wp-json\/wp\/v2\/media\/6369"}],"wp:attachment":[{"href":"https:\/\/jinhuaceramic.com\/de\/wp-json\/wp\/v2\/media?parent=6364"}],"wp:term":[{"taxonomy":"product_brand","embeddable":true,"href":"https:\/\/jinhuaceramic.com\/de\/wp-json\/wp\/v2\/product_brand?post=6364"},{"taxonomy":"product_cat","embeddable":true,"href":"https:\/\/jinhuaceramic.com\/de\/wp-json\/wp\/v2\/product_cat?post=6364"},{"taxonomy":"product_tag","embeddable":true,"href":"https:\/\/jinhuaceramic.com\/de\/wp-json\/wp\/v2\/product_tag?post=6364"}],"curies":[{"name":"wp","href":"https:\/\/api.w.org\/{rel}","templated":true}]}}