{"id":6393,"date":"2024-10-12T06:14:08","date_gmt":"2024-10-12T06:14:08","guid":{"rendered":"https:\/\/jinhuaceramic.com\/?post_type=product&#038;p=6393"},"modified":"2024-10-15T07:22:55","modified_gmt":"2024-10-15T07:22:55","slug":"wholesale-candle-containers","status":"publish","type":"product","link":"https:\/\/jinhuaceramic.com\/de\/product\/wholesale-candle-containers\/","title":{"rendered":"Tulpe Form Gro\u00dfhandel Kerze Container, leere keramische Kerze Gef\u00e4\u00dfe Bulk"},"content":{"rendered":"<div class=\"wp-block-columns is-layout-flex wp-container-core-columns-is-layout-9d6595d7 wp-block-columns-is-layout-flex\">\n<div class=\"wp-block-column is-layout-flow wp-block-column-is-layout-flow\">\n<h3 class=\"wp-block-heading\">Premium-Gro\u00dfhandel Kerze Container Merkmale:<\/h3>\n\n\n\n<ul class=\"wp-block-list\">\n<li><strong>Einzigartige Tulpenform:<\/strong> Diese Gro\u00dfhandelskerzenbeh\u00e4lter haben die Form von Tulpen, mit glatten Linien und einzigartigen Formen, die k\u00fcnstlerischer und interessanter sind als traditionelle runde oder quadratische Kerzengl\u00e4ser. Die Textur der Tulpenbl\u00fctenbl\u00e4tter ist zart und lebensecht, was den dreidimensionalen Sinn und die Schichtung der Kerzengl\u00e4ser erh\u00f6ht.<\/li>\n\n\n\n<li><strong>Hochwertiges keramisches Material:<\/strong> Diese leeren Kerzengef\u00e4\u00dfe in loser Sch\u00fcttung sind aus haltbarem, hochwertigem Keramikmaterial gefertigt, das hohen Temperaturen standh\u00e4lt und Risse verhindert, was eine lange und zuverl\u00e4ssige Lebensdauer gew\u00e4hrleistet. Die glatte Keramikoberfl\u00e4che sieht nicht nur elegant aus, sondern ist auch leicht zu reinigen und zu pflegen.<\/li>\n\n\n\n<li><strong>Eine Vielzahl von Farben:<\/strong> Diese Gro\u00dfhandel Kerze Container kommen in einer Vielzahl von Farben, einschlie\u00dflich gelb, wei\u00df, braun, blau, mit weichen T\u00f6nen und geringe S\u00e4ttigung, so dass die Menschen ein frisches und nat\u00fcrliches Gef\u00fchl, das ist sehr geeignet f\u00fcr moderne und einfache home style. Als Hersteller, k\u00f6nnen wir auch andere Farben nach Kundenwunsch anpassen.<\/li>\n\n\n\n<li><strong>Wiederverwendbar und umweltfreundlich: <\/strong>Wenn die Kerzen ausgebrannt sind, k\u00f6nnen diese leeren Kerzengef\u00e4\u00dfe als Make-up-Pinselhalter, Stifthalter oder als Ablage f\u00fcr kleine Gegenst\u00e4nde wie Schl\u00fcssel und M\u00fcnzen verwendet werden, was sehr praktisch ist. Im Vergleich zu Einwegkerzenbeh\u00e4ltern aus Metall k\u00f6nnen Keramikgef\u00e4\u00dfe wiederverwendet werden und sind umweltfreundlicher.<\/li>\n<\/ul>\n<\/div>\n\n\n\n<div class=\"wp-block-column is-layout-flow wp-block-column-is-layout-flow\">\n<figure class=\"wp-block-image size-full\"><img fetchpriority=\"high\" decoding=\"async\" width=\"1600\" height=\"1600\" src=\"https:\/\/jinhuaceramic.com\/wp-content\/uploads\/2024\/10\/Tulip-Shape-Ceramic-Candle-Jars-Wholesale-Empty-Vessel-For-Candle-Making-6.webp\" alt=\"Tulpe Form Gro\u00dfhandel Kerze Container, leere keramische Kerze Gef\u00e4\u00dfe Bulk-2\" class=\"wp-image-6398\" srcset=\"https:\/\/jinhuaceramic.com\/wp-content\/uploads\/2024\/10\/Tulip-Shape-Ceramic-Candle-Jars-Wholesale-Empty-Vessel-For-Candle-Making-6.webp 1600w, https:\/\/jinhuaceramic.com\/wp-content\/uploads\/2024\/10\/Tulip-Shape-Ceramic-Candle-Jars-Wholesale-Empty-Vessel-For-Candle-Making-6-300x300.webp 300w, https:\/\/jinhuaceramic.com\/wp-content\/uploads\/2024\/10\/Tulip-Shape-Ceramic-Candle-Jars-Wholesale-Empty-Vessel-For-Candle-Making-6-150x150.webp 150w, https:\/\/jinhuaceramic.com\/wp-content\/uploads\/2024\/10\/Tulip-Shape-Ceramic-Candle-Jars-Wholesale-Empty-Vessel-For-Candle-Making-6-768x768.webp 768w, https:\/\/jinhuaceramic.com\/wp-content\/uploads\/2024\/10\/Tulip-Shape-Ceramic-Candle-Jars-Wholesale-Empty-Vessel-For-Candle-Making-6-12x12.webp 12w, https:\/\/jinhuaceramic.com\/wp-content\/uploads\/2024\/10\/Tulip-Shape-Ceramic-Candle-Jars-Wholesale-Empty-Vessel-For-Candle-Making-6-285x285.webp 285w, https:\/\/jinhuaceramic.com\/wp-content\/uploads\/2024\/10\/Tulip-Shape-Ceramic-Candle-Jars-Wholesale-Empty-Vessel-For-Candle-Making-6-270x270.webp 270w, https:\/\/jinhuaceramic.com\/wp-content\/uploads\/2024\/10\/Tulip-Shape-Ceramic-Candle-Jars-Wholesale-Empty-Vessel-For-Candle-Making-6-540x540.webp 540w, https:\/\/jinhuaceramic.com\/wp-content\/uploads\/2024\/10\/Tulip-Shape-Ceramic-Candle-Jars-Wholesale-Empty-Vessel-For-Candle-Making-6-660x660.webp 660w\" sizes=\"(max-width: 1600px) 100vw, 1600px\" \/><\/figure>\n<\/div>\n<\/div>","protected":false},"excerpt":{"rendered":"<p>Willkommen zu kaufen Kerze Schiffe bulk. Diese Gro\u00dfhandel Kerzengef\u00e4\u00dfe sind beliebt f\u00fcr ihre einzigartige Tulpe Design, verschiedene Farben und langlebige Keramikkonstruktion. Die Kombination aus sch\u00f6nem Aussehen und Praktikabilit\u00e4t macht diese Kerze Gl\u00e4ser die beste Wahl f\u00fcr die Heimdekoration.<\/p>","protected":false},"featured_media":6395,"comment_status":"closed","ping_status":"closed","template":"","meta":{"_acf_changed":false},"product_brand":[],"product_cat":[52],"product_tag":[66],"class_list":{"0":"post-6393","1":"product","2":"type-product","3":"status-publish","4":"has-post-thumbnail","6":"product_cat-wholesale-candle-containers","7":"product_tag-candle-jars-wholesale","9":"first","10":"instock","11":"shipping-taxable","12":"product-type-simple"},"acf":[],"_links":{"self":[{"href":"https:\/\/jinhuaceramic.com\/de\/wp-json\/wp\/v2\/product\/6393","targetHints":{"allow":["GET"]}}],"collection":[{"href":"https:\/\/jinhuaceramic.com\/de\/wp-json\/wp\/v2\/product"}],"about":[{"href":"https:\/\/jinhuaceramic.com\/de\/wp-json\/wp\/v2\/types\/product"}],"replies":[{"embeddable":true,"href":"https:\/\/jinhuaceramic.com\/de\/wp-json\/wp\/v2\/comments?post=6393"}],"version-history":[{"count":0,"href":"https:\/\/jinhuaceramic.com\/de\/wp-json\/wp\/v2\/product\/6393\/revisions"}],"wp:featuredmedia":[{"embeddable":true,"href":"https:\/\/jinhuaceramic.com\/de\/wp-json\/wp\/v2\/media\/6395"}],"wp:attachment":[{"href":"https:\/\/jinhuaceramic.com\/de\/wp-json\/wp\/v2\/media?parent=6393"}],"wp:term":[{"taxonomy":"product_brand","embeddable":true,"href":"https:\/\/jinhuaceramic.com\/de\/wp-json\/wp\/v2\/product_brand?post=6393"},{"taxonomy":"product_cat","embeddable":true,"href":"https:\/\/jinhuaceramic.com\/de\/wp-json\/wp\/v2\/product_cat?post=6393"},{"taxonomy":"product_tag","embeddable":true,"href":"https:\/\/jinhuaceramic.com\/de\/wp-json\/wp\/v2\/product_tag?post=6393"}],"curies":[{"name":"wp","href":"https:\/\/api.w.org\/{rel}","templated":true}]}}