{"id":6471,"date":"2024-10-15T07:22:08","date_gmt":"2024-10-15T07:22:08","guid":{"rendered":"https:\/\/jinhuaceramic.com\/?post_type=product&#038;p=6471"},"modified":"2024-10-15T07:22:47","modified_gmt":"2024-10-15T07:22:47","slug":"candle-container-wholesale","status":"publish","type":"product","link":"https:\/\/jinhuaceramic.com\/de\/product\/candle-container-wholesale\/","title":{"rendered":"Minimalistische Kerze Container Gro\u00dfhandel, Luxus Kerze Gef\u00e4\u00dfe Gro\u00dfhandel"},"content":{"rendered":"<div class=\"wp-block-columns is-layout-flex wp-container-core-columns-is-layout-9d6595d7 wp-block-columns-is-layout-flex\">\n<div class=\"wp-block-column is-layout-flow wp-block-column-is-layout-flow\">\n<h3 class=\"wp-block-heading\">Premium Kerze Container Gro\u00dfhandel Merkmale:<\/h3>\n\n\n\n<ul class=\"wp-block-list\">\n<li><strong>Elegantes Design:<\/strong> Die Form dieses Kerzenbeh\u00e4lters aus dem Gro\u00dfhandel ist einfach und glatt, ohne jedoch seinen Sinn f\u00fcr Design zu verlieren. Im Vergleich zu gew\u00f6hnlichen zylindrischen Kerzengl\u00e4sern haben diese Keramik-Kerzengl\u00e4ser im unteren Teil einen Sockel. Der Boden hat eine gr\u00f6\u00dfere Auflagefl\u00e4che, was die Stabilit\u00e4t erh\u00f6ht und auch zum Greifen geeignet ist. Die abgerundeten Linien und das segmentierte Design verleihen den Menschen eine moderne und minimalistische \u00c4sthetik.<\/li>\n\n\n\n<li><strong>Hochwertiges Material:<\/strong> Diese minimalistischen Luxus-Kerzengef\u00e4\u00dfe f\u00fcr den Gro\u00dfhandel werden aus hochwertigem, bei hohen Temperaturen gebranntem Keramik-Ton hergestellt. Sie sind resistent gegen hohe Temperaturen und sind nicht leicht zu brechen oder zu knacken, die die sichere Verbrennung von Kerzen gew\u00e4hrleisten kann. Das keramische Material ist ungiftig und harmlos, und ist gesund und sicher f\u00fcr den t\u00e4glichen Gebrauch.<\/li>\n\n\n\n<li><strong>Vielseitige Farben:<\/strong> Dieser Kerzenbeh\u00e4lter Gro\u00dfhandel ist in einer Vielzahl von Farben einschlie\u00dflich matt wei\u00df, gl\u00e4nzend wei\u00df, schwarz, gr\u00fcn, etc. erh\u00e4ltlich. Diese Farben sind vielseitig und geben ein frisches und High-End-Gef\u00fchl, das sehr geeignet f\u00fcr moderne Wohnstil ist.<\/li>\n\n\n\n<li><strong>Wiederverwendbar und umweltfreundlich:<\/strong> Diese luxuri\u00f6sen Kerzengef\u00e4\u00dfe f\u00fcr den Gro\u00dfhandel sind wiederverwendbar und umweltfreundlich. Wenn die Kerze ausgebrannt ist, sind die Keramikgef\u00e4\u00dfe leicht zu reinigen und k\u00f6nnen als Stifthalter, Zahnb\u00fcrsten- und Schminkpinselhalter, kleine Vasen und andere Heimdekorationen wiederverwendet werden.<\/li>\n<\/ul>\n<\/div>\n\n\n\n<div class=\"wp-block-column is-layout-flow wp-block-column-is-layout-flow\">\n<figure class=\"wp-block-image size-full\"><img fetchpriority=\"high\" decoding=\"async\" width=\"800\" height=\"800\" src=\"https:\/\/jinhuaceramic.com\/wp-content\/uploads\/2024\/10\/High-End-Minimalist-Ceramic-Candle-Jar-Wholesale-Empty-Candle-Vessel-6.webp\" alt=\"Kerze Container Gro\u00dfhandel, Luxus Kerze Gef\u00e4\u00dfe Gro\u00dfhandel-1\" class=\"wp-image-6476\" srcset=\"https:\/\/jinhuaceramic.com\/wp-content\/uploads\/2024\/10\/High-End-Minimalist-Ceramic-Candle-Jar-Wholesale-Empty-Candle-Vessel-6.webp 800w, https:\/\/jinhuaceramic.com\/wp-content\/uploads\/2024\/10\/High-End-Minimalist-Ceramic-Candle-Jar-Wholesale-Empty-Candle-Vessel-6-300x300.webp 300w, https:\/\/jinhuaceramic.com\/wp-content\/uploads\/2024\/10\/High-End-Minimalist-Ceramic-Candle-Jar-Wholesale-Empty-Candle-Vessel-6-150x150.webp 150w, https:\/\/jinhuaceramic.com\/wp-content\/uploads\/2024\/10\/High-End-Minimalist-Ceramic-Candle-Jar-Wholesale-Empty-Candle-Vessel-6-768x768.webp 768w, https:\/\/jinhuaceramic.com\/wp-content\/uploads\/2024\/10\/High-End-Minimalist-Ceramic-Candle-Jar-Wholesale-Empty-Candle-Vessel-6-12x12.webp 12w, https:\/\/jinhuaceramic.com\/wp-content\/uploads\/2024\/10\/High-End-Minimalist-Ceramic-Candle-Jar-Wholesale-Empty-Candle-Vessel-6-285x285.webp 285w, https:\/\/jinhuaceramic.com\/wp-content\/uploads\/2024\/10\/High-End-Minimalist-Ceramic-Candle-Jar-Wholesale-Empty-Candle-Vessel-6-270x270.webp 270w, https:\/\/jinhuaceramic.com\/wp-content\/uploads\/2024\/10\/High-End-Minimalist-Ceramic-Candle-Jar-Wholesale-Empty-Candle-Vessel-6-540x540.webp 540w, https:\/\/jinhuaceramic.com\/wp-content\/uploads\/2024\/10\/High-End-Minimalist-Ceramic-Candle-Jar-Wholesale-Empty-Candle-Vessel-6-660x660.webp 660w\" sizes=\"(max-width: 800px) 100vw, 800px\" \/><\/figure>\n<\/div>\n<\/div>","protected":false},"excerpt":{"rendered":"<p>Willkommen zum Kauf Kerze Container Gro\u00dfhandel. Diese Luxus-Kerze Gef\u00e4\u00dfe Gro\u00dfhandel sind beliebt f\u00fcr ihr elegantes Design, solide Keramikkonstruktion und eine Vielzahl von Farboptionen. Als Hersteller, bieten wir auch personalisierte Anpassung Dienstleistungen. Wir k\u00f6nnen die Form, Farbe, Logo, Gr\u00f6\u00dfe, Muster, etc. nach Kundenwunsch zu \u00e4ndern, um eine einzigartige und exklusive Kerzengef\u00e4\u00df zu schaffen.\u00a0<\/p>","protected":false},"featured_media":6473,"comment_status":"closed","ping_status":"closed","template":"","meta":{"_acf_changed":false},"product_brand":[],"product_cat":[52],"product_tag":[66],"class_list":{"0":"post-6471","1":"product","2":"type-product","3":"status-publish","4":"has-post-thumbnail","6":"product_cat-wholesale-candle-containers","7":"product_tag-candle-jars-wholesale","9":"first","10":"instock","11":"shipping-taxable","12":"product-type-simple"},"acf":[],"_links":{"self":[{"href":"https:\/\/jinhuaceramic.com\/de\/wp-json\/wp\/v2\/product\/6471","targetHints":{"allow":["GET"]}}],"collection":[{"href":"https:\/\/jinhuaceramic.com\/de\/wp-json\/wp\/v2\/product"}],"about":[{"href":"https:\/\/jinhuaceramic.com\/de\/wp-json\/wp\/v2\/types\/product"}],"replies":[{"embeddable":true,"href":"https:\/\/jinhuaceramic.com\/de\/wp-json\/wp\/v2\/comments?post=6471"}],"version-history":[{"count":0,"href":"https:\/\/jinhuaceramic.com\/de\/wp-json\/wp\/v2\/product\/6471\/revisions"}],"wp:featuredmedia":[{"embeddable":true,"href":"https:\/\/jinhuaceramic.com\/de\/wp-json\/wp\/v2\/media\/6473"}],"wp:attachment":[{"href":"https:\/\/jinhuaceramic.com\/de\/wp-json\/wp\/v2\/media?parent=6471"}],"wp:term":[{"taxonomy":"product_brand","embeddable":true,"href":"https:\/\/jinhuaceramic.com\/de\/wp-json\/wp\/v2\/product_brand?post=6471"},{"taxonomy":"product_cat","embeddable":true,"href":"https:\/\/jinhuaceramic.com\/de\/wp-json\/wp\/v2\/product_cat?post=6471"},{"taxonomy":"product_tag","embeddable":true,"href":"https:\/\/jinhuaceramic.com\/de\/wp-json\/wp\/v2\/product_tag?post=6471"}],"curies":[{"name":"wp","href":"https:\/\/api.w.org\/{rel}","templated":true}]}}