{"id":6660,"date":"2024-10-18T00:54:08","date_gmt":"2024-10-18T00:54:08","guid":{"rendered":"https:\/\/jinhuaceramic.com\/?post_type=product&#038;p=6660"},"modified":"2024-10-18T00:55:10","modified_gmt":"2024-10-18T00:55:10","slug":"bulk-soap-dishes","status":"publish","type":"product","link":"https:\/\/jinhuaceramic.com\/de\/product\/bulk-soap-dishes\/","title":{"rendered":"Luxuri\u00f6se doppellagige Seifenschalen f\u00fcr Hotelbadezimmer"},"content":{"rendered":"<div class=\"wp-block-columns is-layout-flex wp-container-core-columns-is-layout-9d6595d7 wp-block-columns-is-layout-flex\">\n<div class=\"wp-block-column is-layout-flow wp-block-column-is-layout-flow\">\n<h3 class=\"wp-block-heading\">Premium Bulk Seifenschalen Merkmale:<\/h3>\n\n\n\n<ul class=\"wp-block-list\">\n<li><strong>Doppellagiges Design:<\/strong> Diese keramischen Seifenschalen bestehen aus einer oberen und einer unteren Schicht, die sich stapeln lassen. Dadurch wird nicht nur der Stauraum vergr\u00f6\u00dfert, sondern es k\u00f6nnen auch verschiedene Arten von Seifen oder andere kleine Gegenst\u00e4nde gleichzeitig aufbewahrt werden, was die Schale praktischer macht. Neben der doppellagigen Seifenschale gibt es auch traditionelle einlagige Seifenschalen, die der Kunde flexibel nach seinen Bed\u00fcrfnissen ausw\u00e4hlen kann.<\/li>\n\n\n\n<li><strong>Kombination aus Keramik und Metall:<\/strong> Die Schale dieser luxuri\u00f6sen Seifenschale f\u00fcr die Badewanne ist aus Keramik mit einer glatten und zarten Oberfl\u00e4che und einer au\u00dfergew\u00f6hnlichen Textur gefertigt. Die Halterung ist aus goldfarbenem Metall gefertigt und verleiht dem Produkt einen Hauch von Luxus und Modernit\u00e4t. Die geschickte Kombination der beiden Materialien macht das Produkt noch designorientierter.<\/li>\n\n\n\n<li><strong>Personalisierter Druck: <\/strong>Diese Seifenschalen aus Keramik sind mit dem goldenen Schriftzug \u201cNature is warm\u201d bedruckt, der einen Hauch von literarischer Atmosph\u00e4re vermittelt und die Liebe zur Natur zum Ausdruck bringt. Solche personalisierten Design macht das Produkt unverwechselbar.<\/li>\n\n\n\n<li><strong>Gute Entw\u00e4sserung:<\/strong> Die R\u00e4nder dieser Badewannenseifenschale im Gro\u00dfhandel haben ein stromlinienf\u00f6rmiges Design, das nicht nur sch\u00f6n ist, sondern auch ein Verrutschen der Seife wirksam verhindern kann. Gleichzeitig ist der Boden der Schale auch mit einem schr\u00e4gen Winkel entworfen, um das Wasser schnell abflie\u00dfen zu lassen und die Seife trocken zu halten.<\/li>\n<\/ul>\n<\/div>\n\n\n\n<div class=\"wp-block-column is-layout-flow wp-block-column-is-layout-flow\">\n<figure class=\"wp-block-image size-full\"><img fetchpriority=\"high\" decoding=\"async\" width=\"800\" height=\"800\" src=\"https:\/\/jinhuaceramic.com\/wp-content\/uploads\/2024\/10\/Wholesale-Luxury-double-Layer-Ceramic-Soap-Dish-For-Hotel-Bathroom-In-Bulk-6.webp\" alt=\"Luxus Double-Layer Bulk Seifenschalen f\u00fcr Hotel Badezimmer-1\" class=\"wp-image-6665\" srcset=\"https:\/\/jinhuaceramic.com\/wp-content\/uploads\/2024\/10\/Wholesale-Luxury-double-Layer-Ceramic-Soap-Dish-For-Hotel-Bathroom-In-Bulk-6.webp 800w, https:\/\/jinhuaceramic.com\/wp-content\/uploads\/2024\/10\/Wholesale-Luxury-double-Layer-Ceramic-Soap-Dish-For-Hotel-Bathroom-In-Bulk-6-300x300.webp 300w, https:\/\/jinhuaceramic.com\/wp-content\/uploads\/2024\/10\/Wholesale-Luxury-double-Layer-Ceramic-Soap-Dish-For-Hotel-Bathroom-In-Bulk-6-150x150.webp 150w, https:\/\/jinhuaceramic.com\/wp-content\/uploads\/2024\/10\/Wholesale-Luxury-double-Layer-Ceramic-Soap-Dish-For-Hotel-Bathroom-In-Bulk-6-768x768.webp 768w, https:\/\/jinhuaceramic.com\/wp-content\/uploads\/2024\/10\/Wholesale-Luxury-double-Layer-Ceramic-Soap-Dish-For-Hotel-Bathroom-In-Bulk-6-12x12.webp 12w, https:\/\/jinhuaceramic.com\/wp-content\/uploads\/2024\/10\/Wholesale-Luxury-double-Layer-Ceramic-Soap-Dish-For-Hotel-Bathroom-In-Bulk-6-285x285.webp 285w, https:\/\/jinhuaceramic.com\/wp-content\/uploads\/2024\/10\/Wholesale-Luxury-double-Layer-Ceramic-Soap-Dish-For-Hotel-Bathroom-In-Bulk-6-270x270.webp 270w, https:\/\/jinhuaceramic.com\/wp-content\/uploads\/2024\/10\/Wholesale-Luxury-double-Layer-Ceramic-Soap-Dish-For-Hotel-Bathroom-In-Bulk-6-540x540.webp 540w, https:\/\/jinhuaceramic.com\/wp-content\/uploads\/2024\/10\/Wholesale-Luxury-double-Layer-Ceramic-Soap-Dish-For-Hotel-Bathroom-In-Bulk-6-660x660.webp 660w\" sizes=\"(max-width: 800px) 100vw, 800px\" \/><\/figure>\n<\/div>\n<\/div>","protected":false},"excerpt":{"rendered":"<p>Willkommen zum Kauf Badewanne Seifenschale Gro\u00dfhandel. Das Design dieser Bulk-Seifenschalen kombiniert perfekt Funktionalit\u00e4t und Sch\u00f6nheit, die nicht nur die Bed\u00fcrfnisse des t\u00e4glichen Gebrauchs erf\u00fcllen k\u00f6nnen, sondern auch den allgemeinen Stil des Badezimmers verbessern. Das einzigartige zweischichtige Design, die Kombination von Keramik und Metall, das stromlinienf\u00f6rmige Aussehen und der personalisierte Druck machen sie zu einem sehr attraktiven Produkt.<\/p>","protected":false},"featured_media":6664,"comment_status":"closed","ping_status":"closed","template":"","meta":{"_acf_changed":false},"product_brand":[],"product_cat":[51],"product_tag":[72],"class_list":{"0":"post-6660","1":"product","2":"type-product","3":"status-publish","4":"has-post-thumbnail","6":"product_cat-bathroom-accessories-wholesale","7":"product_tag-wholesale-soap-dishes","9":"first","10":"instock","11":"shipping-taxable","12":"product-type-simple"},"acf":[],"_links":{"self":[{"href":"https:\/\/jinhuaceramic.com\/de\/wp-json\/wp\/v2\/product\/6660","targetHints":{"allow":["GET"]}}],"collection":[{"href":"https:\/\/jinhuaceramic.com\/de\/wp-json\/wp\/v2\/product"}],"about":[{"href":"https:\/\/jinhuaceramic.com\/de\/wp-json\/wp\/v2\/types\/product"}],"replies":[{"embeddable":true,"href":"https:\/\/jinhuaceramic.com\/de\/wp-json\/wp\/v2\/comments?post=6660"}],"version-history":[{"count":0,"href":"https:\/\/jinhuaceramic.com\/de\/wp-json\/wp\/v2\/product\/6660\/revisions"}],"wp:featuredmedia":[{"embeddable":true,"href":"https:\/\/jinhuaceramic.com\/de\/wp-json\/wp\/v2\/media\/6664"}],"wp:attachment":[{"href":"https:\/\/jinhuaceramic.com\/de\/wp-json\/wp\/v2\/media?parent=6660"}],"wp:term":[{"taxonomy":"product_brand","embeddable":true,"href":"https:\/\/jinhuaceramic.com\/de\/wp-json\/wp\/v2\/product_brand?post=6660"},{"taxonomy":"product_cat","embeddable":true,"href":"https:\/\/jinhuaceramic.com\/de\/wp-json\/wp\/v2\/product_cat?post=6660"},{"taxonomy":"product_tag","embeddable":true,"href":"https:\/\/jinhuaceramic.com\/de\/wp-json\/wp\/v2\/product_tag?post=6660"}],"curies":[{"name":"wp","href":"https:\/\/api.w.org\/{rel}","templated":true}]}}