{"id":6689,"date":"2024-10-19T01:15:43","date_gmt":"2024-10-19T01:15:43","guid":{"rendered":"https:\/\/jinhuaceramic.com\/?post_type=product&#038;p=6689"},"modified":"2024-10-19T01:16:11","modified_gmt":"2024-10-19T01:16:11","slug":"bulk-soap-dispensers","status":"publish","type":"product","link":"https:\/\/jinhuaceramic.com\/de\/product\/bulk-soap-dispensers\/","title":{"rendered":"Luxus Keramik Bulk Seifenspender, Lotion Dispenser Gro\u00dfhandel"},"content":{"rendered":"<div class=\"wp-block-columns is-layout-flex wp-container-core-columns-is-layout-9d6595d7 wp-block-columns-is-layout-flex\">\n<div class=\"wp-block-column is-layout-flow wp-block-column-is-layout-flow\">\n<h3 class=\"wp-block-heading\">Premium Seifenspender f\u00fcr Gro\u00dfmengen Merkmale:<\/h3>\n\n\n\n<ul class=\"wp-block-list\">\n<li><strong>Stilvoll und sch\u00f6n:<\/strong> Diese keramischen Seifenspender sind mit dem beliebten Terrazzo-Muster versehen, das farbenfroh und lebendig ist, das eint\u00f6nige Design traditioneller Seifenflaschen durchbricht und dem Badezimmer einen Hauch von Mode verleiht. Gleichzeitig verleiht der goldene Pumpenkopf dem Seifenspender einen Hauch von Luxus und macht ihn edler.<\/li>\n\n\n\n<li><strong>Hochwertiges Material:<\/strong> Diese Luxus-Lotion Spender Gro\u00dfhandel sind aus hochwertigem Keramik-Material, das hart und langlebig ist, nicht leicht zu besch\u00e4digen, und kann f\u00fcr eine lange Zeit verwendet werden. Gute Abdichtung kann verhindern, dass Fl\u00fcssigkeit ausl\u00e4uft und halten das Bad ordentlich.<\/li>\n\n\n\n<li><strong>Verschiedene Stile:<\/strong> Unsere Seifenspender enthalten Flaschen in verschiedenen Formen und mit unterschiedlichem Fassungsverm\u00f6gen, die den Bedarf an verschiedenen Toilettenartikeln decken und das Badezimmer bereichern k\u00f6nnen. Sie k\u00f6nnen zur Ausgabe verschiedener fl\u00fcssiger Toilettenartikel wie Handseife, Shampoo, Duschgel usw. verwendet werden und sind zudem leicht zu unterscheiden.<\/li>\n\n\n\n<li><strong>Umweltvertr\u00e4glich:<\/strong> Diese keramischen Lotionspender f\u00fcr den Gro\u00dfhandel haben eine glatte und zarte Keramikoberfl\u00e4che, sind leicht zu reinigen, langlebig und wiederverwendbar, reduzieren den Plastikm\u00fcll und tragen zum Umweltschutz bei. Lehnen Sie Plastik ab, umarmen Sie die Natur, und Seifenspender aus Keramik sind Ihre kluge Wahl.<\/li>\n<\/ul>\n<\/div>\n\n\n\n<div class=\"wp-block-column is-layout-flow wp-block-column-is-layout-flow\">\n<figure class=\"wp-block-image size-full\"><img fetchpriority=\"high\" decoding=\"async\" width=\"800\" height=\"800\" src=\"https:\/\/jinhuaceramic.com\/wp-content\/uploads\/2024\/10\/Custom-Luxury-Ceramic-Soap-Dispenser-Bottle-Bathroom-Supplies-Wholesale-7.webp\" alt=\"Luxus Keramik Bulk Seifenspender, Lotion Dispenser Gro\u00dfhandel-1\" class=\"wp-image-6695\" srcset=\"https:\/\/jinhuaceramic.com\/wp-content\/uploads\/2024\/10\/Custom-Luxury-Ceramic-Soap-Dispenser-Bottle-Bathroom-Supplies-Wholesale-7.webp 800w, https:\/\/jinhuaceramic.com\/wp-content\/uploads\/2024\/10\/Custom-Luxury-Ceramic-Soap-Dispenser-Bottle-Bathroom-Supplies-Wholesale-7-300x300.webp 300w, https:\/\/jinhuaceramic.com\/wp-content\/uploads\/2024\/10\/Custom-Luxury-Ceramic-Soap-Dispenser-Bottle-Bathroom-Supplies-Wholesale-7-150x150.webp 150w, https:\/\/jinhuaceramic.com\/wp-content\/uploads\/2024\/10\/Custom-Luxury-Ceramic-Soap-Dispenser-Bottle-Bathroom-Supplies-Wholesale-7-768x768.webp 768w, https:\/\/jinhuaceramic.com\/wp-content\/uploads\/2024\/10\/Custom-Luxury-Ceramic-Soap-Dispenser-Bottle-Bathroom-Supplies-Wholesale-7-12x12.webp 12w, https:\/\/jinhuaceramic.com\/wp-content\/uploads\/2024\/10\/Custom-Luxury-Ceramic-Soap-Dispenser-Bottle-Bathroom-Supplies-Wholesale-7-285x285.webp 285w, https:\/\/jinhuaceramic.com\/wp-content\/uploads\/2024\/10\/Custom-Luxury-Ceramic-Soap-Dispenser-Bottle-Bathroom-Supplies-Wholesale-7-270x270.webp 270w, https:\/\/jinhuaceramic.com\/wp-content\/uploads\/2024\/10\/Custom-Luxury-Ceramic-Soap-Dispenser-Bottle-Bathroom-Supplies-Wholesale-7-540x540.webp 540w, https:\/\/jinhuaceramic.com\/wp-content\/uploads\/2024\/10\/Custom-Luxury-Ceramic-Soap-Dispenser-Bottle-Bathroom-Supplies-Wholesale-7-660x660.webp 660w\" sizes=\"(max-width: 800px) 100vw, 800px\" \/><\/figure>\n<\/div>\n<\/div>","protected":false},"excerpt":{"rendered":"<p>Willkommen zum Kauf von Lotionspendern im Gro\u00dfhandel. Diese keramischen Seifenspender haben einzigartige Terrazzo-Muster, eine Vielzahl von Stilen und hochwertige keramische Texturen, die sie auf dem Markt beliebt machen. Dieser Satz von Luxus Keramik Seifenflaschen kombiniert Sch\u00f6nheit und Funktionalit\u00e4t, so dass es die perfekte Wahl, um das Aussehen und die Qualit\u00e4t Ihres Badezimmers zu verbessern.<\/p>","protected":false},"featured_media":6693,"comment_status":"closed","ping_status":"closed","template":"","meta":{"_acf_changed":false},"product_brand":[],"product_cat":[51],"product_tag":[73],"class_list":{"0":"post-6689","1":"product","2":"type-product","3":"status-publish","4":"has-post-thumbnail","6":"product_cat-bathroom-accessories-wholesale","7":"product_tag-custom-soap-dispensers","9":"first","10":"instock","11":"shipping-taxable","12":"product-type-simple"},"acf":[],"_links":{"self":[{"href":"https:\/\/jinhuaceramic.com\/de\/wp-json\/wp\/v2\/product\/6689","targetHints":{"allow":["GET"]}}],"collection":[{"href":"https:\/\/jinhuaceramic.com\/de\/wp-json\/wp\/v2\/product"}],"about":[{"href":"https:\/\/jinhuaceramic.com\/de\/wp-json\/wp\/v2\/types\/product"}],"replies":[{"embeddable":true,"href":"https:\/\/jinhuaceramic.com\/de\/wp-json\/wp\/v2\/comments?post=6689"}],"version-history":[{"count":0,"href":"https:\/\/jinhuaceramic.com\/de\/wp-json\/wp\/v2\/product\/6689\/revisions"}],"wp:featuredmedia":[{"embeddable":true,"href":"https:\/\/jinhuaceramic.com\/de\/wp-json\/wp\/v2\/media\/6693"}],"wp:attachment":[{"href":"https:\/\/jinhuaceramic.com\/de\/wp-json\/wp\/v2\/media?parent=6689"}],"wp:term":[{"taxonomy":"product_brand","embeddable":true,"href":"https:\/\/jinhuaceramic.com\/de\/wp-json\/wp\/v2\/product_brand?post=6689"},{"taxonomy":"product_cat","embeddable":true,"href":"https:\/\/jinhuaceramic.com\/de\/wp-json\/wp\/v2\/product_cat?post=6689"},{"taxonomy":"product_tag","embeddable":true,"href":"https:\/\/jinhuaceramic.com\/de\/wp-json\/wp\/v2\/product_tag?post=6689"}],"curies":[{"name":"wp","href":"https:\/\/api.w.org\/{rel}","templated":true}]}}