{"id":6710,"date":"2024-10-19T09:10:00","date_gmt":"2024-10-19T09:10:00","guid":{"rendered":"https:\/\/jinhuaceramic.com\/?post_type=product&#038;p=6710"},"modified":"2024-10-29T02:32:35","modified_gmt":"2024-10-29T02:32:35","slug":"foaming-soap-dispenser-wholesale","status":"publish","type":"product","link":"https:\/\/jinhuaceramic.com\/de\/product\/foaming-soap-dispenser-wholesale\/","title":{"rendered":"Chic Keramik sch\u00e4umende Seife Dispenser Gro\u00dfhandel, Bulk Seife Flaschen"},"content":{"rendered":"<div class=\"wp-block-columns is-layout-flex wp-container-core-columns-is-layout-9d6595d7 wp-block-columns-is-layout-flex\">\n<div class=\"wp-block-column is-layout-flow wp-block-column-is-layout-flow\">\n<h3 class=\"wp-block-heading\">Premium Schaumseifenspender Gro\u00dfhandel Eigenschaften:<\/h3>\n\n\n\n<ul class=\"wp-block-list\">\n<li><strong>Einzigartiges Gesichtsdesign: <\/strong>Das Design dieses sch\u00e4umenden Seifenspenders f\u00fcr den Gro\u00dfhandel ist sehr einzigartig und integriert die Gesichtsz\u00fcge des menschlichen K\u00f6rpers in die Flasche, was einen starken Sinn f\u00fcr Kunst und Pers\u00f6nlichkeit hat. Die goldene Pumpe auf dem Seifenspender spielt einen letzten Schliff, der nicht nur die Textur des Produkts verbessert, sondern erh\u00f6ht auch das allgemeine Gef\u00fchl von Luxus.<\/li>\n\n\n\n<li><strong>Verschiedene Farben:<\/strong> Diese Seifenflaschen im Gro\u00dfhandel bieten eine Vielzahl von Farboptionen, einschlie\u00dflich grau, rosa, wei\u00df und schwarz, um die \u00e4sthetischen Bed\u00fcrfnisse der verschiedenen Menschen zu erf\u00fcllen. Als Hersteller, k\u00f6nnen wir auch andere Farben nach Kundenwunsch anpassen.<\/li>\n\n\n\n<li><strong>Langlebiges Material:<\/strong> Diese Keramik sch\u00e4umende Seifenspender Gro\u00dfhandel ist aus hochwertiger Keramik gefertigt. Das keramische Material hat eine zarte Textur, so dass die Menschen ein High-End-Gef\u00fchl. Gleichzeitig hat Keramik eine gute Korrosionsbest\u00e4ndigkeit, ist nicht leicht, Bakterien zu z\u00fcchten, und kann sauber und hygienisch f\u00fcr eine lange Zeit zu halten.<\/li>\n\n\n\n<li><strong>Starke Praktikabilit\u00e4t:<\/strong> Diese Seifenflaschen aus Keramik sind nicht nur dekorativ, sondern auch sehr praktisch. Die gut durchdachte Pumpe erm\u00f6glicht eine einfache Dosierung von Fl\u00fcssigseife und erzeugt reichhaltigen Schaum. Gleichzeitig hat der Flaschenk\u00f6rper ein moderates Fassungsverm\u00f6gen und ist f\u00fcr den t\u00e4glichen Gebrauch geeignet.<\/li>\n<\/ul>\n<\/div>\n\n\n\n<div class=\"wp-block-column is-layout-flow wp-block-column-is-layout-flow\">\n<figure class=\"wp-block-image size-full\"><img fetchpriority=\"high\" decoding=\"async\" width=\"800\" height=\"800\" src=\"https:\/\/jinhuaceramic.com\/wp-content\/uploads\/2024\/10\/Custom-Face-Shape-Foaming-Soap-Dispenser-Bathroom-Ceramic-Soap-Bottle-Wholesale-2.webp\" alt=\"Chic Keramik sch\u00e4umende Seife Dispenser Gro\u00dfhandel, Bulk Seife Flaschen-1\" class=\"wp-image-6711\" srcset=\"https:\/\/jinhuaceramic.com\/wp-content\/uploads\/2024\/10\/Custom-Face-Shape-Foaming-Soap-Dispenser-Bathroom-Ceramic-Soap-Bottle-Wholesale-2.webp 800w, https:\/\/jinhuaceramic.com\/wp-content\/uploads\/2024\/10\/Custom-Face-Shape-Foaming-Soap-Dispenser-Bathroom-Ceramic-Soap-Bottle-Wholesale-2-300x300.webp 300w, https:\/\/jinhuaceramic.com\/wp-content\/uploads\/2024\/10\/Custom-Face-Shape-Foaming-Soap-Dispenser-Bathroom-Ceramic-Soap-Bottle-Wholesale-2-150x150.webp 150w, https:\/\/jinhuaceramic.com\/wp-content\/uploads\/2024\/10\/Custom-Face-Shape-Foaming-Soap-Dispenser-Bathroom-Ceramic-Soap-Bottle-Wholesale-2-768x768.webp 768w, https:\/\/jinhuaceramic.com\/wp-content\/uploads\/2024\/10\/Custom-Face-Shape-Foaming-Soap-Dispenser-Bathroom-Ceramic-Soap-Bottle-Wholesale-2-12x12.webp 12w, https:\/\/jinhuaceramic.com\/wp-content\/uploads\/2024\/10\/Custom-Face-Shape-Foaming-Soap-Dispenser-Bathroom-Ceramic-Soap-Bottle-Wholesale-2-285x285.webp 285w, https:\/\/jinhuaceramic.com\/wp-content\/uploads\/2024\/10\/Custom-Face-Shape-Foaming-Soap-Dispenser-Bathroom-Ceramic-Soap-Bottle-Wholesale-2-270x270.webp 270w, https:\/\/jinhuaceramic.com\/wp-content\/uploads\/2024\/10\/Custom-Face-Shape-Foaming-Soap-Dispenser-Bathroom-Ceramic-Soap-Bottle-Wholesale-2-540x540.webp 540w, https:\/\/jinhuaceramic.com\/wp-content\/uploads\/2024\/10\/Custom-Face-Shape-Foaming-Soap-Dispenser-Bathroom-Ceramic-Soap-Bottle-Wholesale-2-660x660.webp 660w\" sizes=\"(max-width: 800px) 100vw, 800px\" \/><\/figure>\n<\/div>\n<\/div>","protected":false},"excerpt":{"rendered":"<p>Willkommen zu kaufen Bulk-Seife Flaschen. Die Einzigartigkeit dieser keramischen Seifenspender Gro\u00dfhandel liegt in der Integration von abstrakten Elementen wie menschliche Gesichter in das Design, die sowohl neuartige und k\u00fcnstlerische, so dass die gew\u00f6hnlichen Seifenspender lebendig und interessant ist. Diese Keramik-Seifenflasche ist nicht nur sehr dekorativ, sondern auch sehr praktisch. Es ist eine gute Wahl, um Ihr Zuhause Geschmack zu verbessern.<\/p>","protected":false},"featured_media":6712,"comment_status":"closed","ping_status":"closed","template":"","meta":{"_acf_changed":false},"product_brand":[],"product_cat":[51],"product_tag":[74],"class_list":{"0":"post-6710","1":"product","2":"type-product","3":"status-publish","4":"has-post-thumbnail","6":"product_cat-bathroom-accessories-wholesale","7":"product_tag-ceramic-bath-accessories-wholesale","9":"first","10":"instock","11":"shipping-taxable","12":"product-type-simple"},"acf":[],"_links":{"self":[{"href":"https:\/\/jinhuaceramic.com\/de\/wp-json\/wp\/v2\/product\/6710","targetHints":{"allow":["GET"]}}],"collection":[{"href":"https:\/\/jinhuaceramic.com\/de\/wp-json\/wp\/v2\/product"}],"about":[{"href":"https:\/\/jinhuaceramic.com\/de\/wp-json\/wp\/v2\/types\/product"}],"replies":[{"embeddable":true,"href":"https:\/\/jinhuaceramic.com\/de\/wp-json\/wp\/v2\/comments?post=6710"}],"version-history":[{"count":0,"href":"https:\/\/jinhuaceramic.com\/de\/wp-json\/wp\/v2\/product\/6710\/revisions"}],"wp:featuredmedia":[{"embeddable":true,"href":"https:\/\/jinhuaceramic.com\/de\/wp-json\/wp\/v2\/media\/6712"}],"wp:attachment":[{"href":"https:\/\/jinhuaceramic.com\/de\/wp-json\/wp\/v2\/media?parent=6710"}],"wp:term":[{"taxonomy":"product_brand","embeddable":true,"href":"https:\/\/jinhuaceramic.com\/de\/wp-json\/wp\/v2\/product_brand?post=6710"},{"taxonomy":"product_cat","embeddable":true,"href":"https:\/\/jinhuaceramic.com\/de\/wp-json\/wp\/v2\/product_cat?post=6710"},{"taxonomy":"product_tag","embeddable":true,"href":"https:\/\/jinhuaceramic.com\/de\/wp-json\/wp\/v2\/product_tag?post=6710"}],"curies":[{"name":"wp","href":"https:\/\/api.w.org\/{rel}","templated":true}]}}