{"id":6722,"date":"2024-10-23T06:46:04","date_gmt":"2024-10-23T06:46:04","guid":{"rendered":"https:\/\/jinhuaceramic.com\/?post_type=product&#038;p=6722"},"modified":"2024-10-29T02:31:59","modified_gmt":"2024-10-29T02:31:59","slug":"candle-making-containers-wholesale","status":"publish","type":"product","link":"https:\/\/jinhuaceramic.com\/de\/product\/candle-making-containers-wholesale\/","title":{"rendered":"Kerze machen Container Gro\u00dfhandel, leere Kerze Jars Bulk"},"content":{"rendered":"<div class=\"wp-block-columns is-layout-flex wp-container-core-columns-is-layout-9d6595d7 wp-block-columns-is-layout-flex\">\n<div class=\"wp-block-column is-layout-flow wp-block-column-is-layout-flow\">\n<h3 class=\"wp-block-heading\">Premium Kerze machen Container Gro\u00dfhandel Features:<\/h3>\n\n\n\n<ul class=\"wp-block-list\">\n<li><strong>Minimalistisches Design:<\/strong> Diese keramischen Kerzenbeh\u00e4lter im Gro\u00dfhandel sind zylindrisch, minimalistisch und elegant, mit einfachem Schriftdesign, der Gesamtstil ist sehr vielseitig und kann leicht in verschiedene Wohnumgebungen integriert werden. Diese klassische Form Design kann gut aus der Flamme der Kerze gesetzt und schaffen eine friedliche und harmonische Atmosph\u00e4re.<\/li>\n\n\n\n<li><strong>Personalisierter Druck:<\/strong> Die Seiten dieser leeren Kerzengl\u00e4ser sind mit W\u00f6rtern wie \"LOVE YOUR LIFE ENJOY\" bedruckt, und das Schriftdesign ist einfach und stilvoll, im Einklang mit dem allgemeinen Stil. Diese Worte zeigen nicht nur die Kapazit\u00e4t der Kerze, sondern haben auch eine dekorative Wirkung und vermitteln eine optimistische Einstellung zum Leben.<\/li>\n\n\n\n<li><strong>Vielseitige Farben: <\/strong>Diese keramischen Gef\u00e4\u00dfe f\u00fcr die Kerzenherstellung im Gro\u00dfhandel bieten eine Vielzahl von Farboptionen, von sanften hellen Farben bis hin zu satten dunklen Farben, um den Vorlieben verschiedener Menschen und den passenden Bed\u00fcrfnissen von Wohnstilen gerecht zu werden.<\/li>\n\n\n\n<li><strong>Hochwertiges Material: <\/strong>Diese Gro\u00dfhandel leere Kerze Gl\u00e4ser bulk sind aus hochwertigem keramischen Material, mit guter Hochtemperaturbest\u00e4ndigkeit, und kann sicher halten brennende Kerzen. Keramisches Material ist ein nat\u00fcrliches und umweltfreundliches Material, das wiederverwendet werden kann, um die Umweltverschmutzung zu reduzieren.<\/li>\n<\/ul>\n<\/div>\n\n\n\n<div class=\"wp-block-column is-layout-flow wp-block-column-is-layout-flow\">\n<figure class=\"wp-block-image size-full\"><img fetchpriority=\"high\" decoding=\"async\" width=\"800\" height=\"800\" src=\"https:\/\/jinhuaceramic.com\/wp-content\/uploads\/2024\/10\/Wholesale-Custom-Ceramic-Candle-Jar-Empty-Candle-Container-Bulk-5.webp\" alt=\"Kerze machen Container Gro\u00dfhandel, leere Kerze Jars Bulk-2\" class=\"wp-image-6726\" srcset=\"https:\/\/jinhuaceramic.com\/wp-content\/uploads\/2024\/10\/Wholesale-Custom-Ceramic-Candle-Jar-Empty-Candle-Container-Bulk-5.webp 800w, https:\/\/jinhuaceramic.com\/wp-content\/uploads\/2024\/10\/Wholesale-Custom-Ceramic-Candle-Jar-Empty-Candle-Container-Bulk-5-300x300.webp 300w, https:\/\/jinhuaceramic.com\/wp-content\/uploads\/2024\/10\/Wholesale-Custom-Ceramic-Candle-Jar-Empty-Candle-Container-Bulk-5-150x150.webp 150w, https:\/\/jinhuaceramic.com\/wp-content\/uploads\/2024\/10\/Wholesale-Custom-Ceramic-Candle-Jar-Empty-Candle-Container-Bulk-5-768x768.webp 768w, https:\/\/jinhuaceramic.com\/wp-content\/uploads\/2024\/10\/Wholesale-Custom-Ceramic-Candle-Jar-Empty-Candle-Container-Bulk-5-12x12.webp 12w, https:\/\/jinhuaceramic.com\/wp-content\/uploads\/2024\/10\/Wholesale-Custom-Ceramic-Candle-Jar-Empty-Candle-Container-Bulk-5-285x285.webp 285w, https:\/\/jinhuaceramic.com\/wp-content\/uploads\/2024\/10\/Wholesale-Custom-Ceramic-Candle-Jar-Empty-Candle-Container-Bulk-5-270x270.webp 270w, https:\/\/jinhuaceramic.com\/wp-content\/uploads\/2024\/10\/Wholesale-Custom-Ceramic-Candle-Jar-Empty-Candle-Container-Bulk-5-540x540.webp 540w, https:\/\/jinhuaceramic.com\/wp-content\/uploads\/2024\/10\/Wholesale-Custom-Ceramic-Candle-Jar-Empty-Candle-Container-Bulk-5-660x660.webp 660w\" sizes=\"(max-width: 800px) 100vw, 800px\" \/><\/figure>\n<\/div>\n<\/div>","protected":false},"excerpt":{"rendered":"<p>Willkommen zu kaufen leere Kerze Gl\u00e4ser bulk. Das Design dieser Kerze machen Container Gro\u00dfhandel voll spiegelt die einfachen und eleganten Stil. Ob es aus dem Material, Farbe, Form oder Text-Design ist, gibt es den Menschen ein komfortables und entspannendes Gef\u00fchl. Diese Kerzengl\u00e4ser sind sehr geeignet f\u00fcr moderne H\u00e4user und kann ein warmes und gem\u00fctliches Gef\u00fchl zu Hause Raum hinzuf\u00fcgen.<\/p>","protected":false},"featured_media":6725,"comment_status":"closed","ping_status":"closed","template":"","meta":{"_acf_changed":false},"product_brand":[],"product_cat":[52],"product_tag":[66],"class_list":{"0":"post-6722","1":"product","2":"type-product","3":"status-publish","4":"has-post-thumbnail","6":"product_cat-wholesale-candle-containers","7":"product_tag-candle-jars-wholesale","9":"first","10":"instock","11":"shipping-taxable","12":"product-type-simple"},"acf":[],"_links":{"self":[{"href":"https:\/\/jinhuaceramic.com\/de\/wp-json\/wp\/v2\/product\/6722","targetHints":{"allow":["GET"]}}],"collection":[{"href":"https:\/\/jinhuaceramic.com\/de\/wp-json\/wp\/v2\/product"}],"about":[{"href":"https:\/\/jinhuaceramic.com\/de\/wp-json\/wp\/v2\/types\/product"}],"replies":[{"embeddable":true,"href":"https:\/\/jinhuaceramic.com\/de\/wp-json\/wp\/v2\/comments?post=6722"}],"version-history":[{"count":0,"href":"https:\/\/jinhuaceramic.com\/de\/wp-json\/wp\/v2\/product\/6722\/revisions"}],"wp:featuredmedia":[{"embeddable":true,"href":"https:\/\/jinhuaceramic.com\/de\/wp-json\/wp\/v2\/media\/6725"}],"wp:attachment":[{"href":"https:\/\/jinhuaceramic.com\/de\/wp-json\/wp\/v2\/media?parent=6722"}],"wp:term":[{"taxonomy":"product_brand","embeddable":true,"href":"https:\/\/jinhuaceramic.com\/de\/wp-json\/wp\/v2\/product_brand?post=6722"},{"taxonomy":"product_cat","embeddable":true,"href":"https:\/\/jinhuaceramic.com\/de\/wp-json\/wp\/v2\/product_cat?post=6722"},{"taxonomy":"product_tag","embeddable":true,"href":"https:\/\/jinhuaceramic.com\/de\/wp-json\/wp\/v2\/product_tag?post=6722"}],"curies":[{"name":"wp","href":"https:\/\/api.w.org\/{rel}","templated":true}]}}