{"id":6740,"date":"2024-10-23T06:39:05","date_gmt":"2024-10-23T06:39:05","guid":{"rendered":"https:\/\/jinhuaceramic.com\/?post_type=product&#038;p=6740"},"modified":"2024-10-29T02:32:25","modified_gmt":"2024-10-29T02:32:25","slug":"soap-dishes-bulk","status":"publish","type":"product","link":"https:\/\/jinhuaceramic.com\/de\/product\/soap-dishes-bulk\/","title":{"rendered":"Double-Layer-Keramik-Seifenschalen Bulk, beste Bar Seife Halter Gro\u00dfhandel"},"content":{"rendered":"<div class=\"wp-block-columns is-layout-flex wp-container-core-columns-is-layout-9d6595d7 wp-block-columns-is-layout-flex\">\n<div class=\"wp-block-column is-layout-flow wp-block-column-is-layout-flow\">\n<h3 class=\"wp-block-heading\">Premium Seifenschalen Bulk Eigenschaften:<\/h3>\n\n\n\n<ul class=\"wp-block-list\">\n<li><strong>Doppellagiges Design:<\/strong> Diese Seifenschalen aus Keramik haben ein zweischichtiges Design, in dem verschiedene Arten von Seifen oder andere kleine Gegenst\u00e4nde wie Schmuck gleichzeitig aufbewahrt werden k\u00f6nnen, was Platz in Ihrem Badezimmer spart. Neben der doppelschichtigen Seifenschale gibt es auch eine traditionelle einschichtige Seifenschale, und die Kunden k\u00f6nnen flexibel nach ihren Bed\u00fcrfnissen w\u00e4hlen.<\/li>\n\n\n\n<li><strong>Panda-Form:<\/strong> Diese doppelschichtigen Keramikseifenschalen im Gro\u00dfhandel haben die Form von niedlichen Pandas, die sehr ansprechend sind und dem Badezimmer eine lustige Note verleihen.<\/li>\n\n\n\n<li><strong>Hochwertiges Material:<\/strong> Diese Seifenschalen aus Keramik bestehen aus einer Keramikschale und einem St\u00e4nder aus Edelstahl. Die Keramikseifenschale ist langlebig, hat eine glatte Oberfl\u00e4che, kann nicht leicht Schmutz verbergen und ist leicht zu reinigen. Der St\u00e4nder aus Edelstahl kann die Keramikseifenschale fest st\u00fctzen, um ein Verrutschen zu verhindern, und ist sehr korrosionsbest\u00e4ndig, rostet nicht leicht und hat eine lange Lebensdauer.<\/li>\n\n\n\n<li><strong>Gute Entw\u00e4sserung:<\/strong> Diese Keramikseifenschalen f\u00fcr den Gro\u00dfhandel haben einen erh\u00f6hten Rand und 3 Rillen in der Mitte, die ein Abrutschen der Seife wirksam verhindern. Die Keramikseifenschale ist auf einem Edelstahlst\u00e4nder in einem geneigten Winkel platziert und ist mit speziellen Entw\u00e4sserungsl\u00f6chern entworfen, um schnell die Feuchtigkeit aus der Seife abzulassen, die Seife trocken zu halten und die Lebensdauer der Seife zu verl\u00e4ngern.<\/li>\n<\/ul>\n<\/div>\n\n\n\n<div class=\"wp-block-column is-layout-flow wp-block-column-is-layout-flow\">\n<figure class=\"wp-block-image size-full\"><img fetchpriority=\"high\" decoding=\"async\" width=\"800\" height=\"800\" src=\"https:\/\/jinhuaceramic.com\/wp-content\/uploads\/2024\/10\/Wholesale-Double-Layer-Ceramic-Soap-Dish-Soap-Holder-Bathroom-Accessories-Supplies-7.webp\" alt=\"Double-Layer-Keramik-Seife Gerichte Bulk, Bar Seife Halter Gro\u00dfhandel-1\" class=\"wp-image-6737\" srcset=\"https:\/\/jinhuaceramic.com\/wp-content\/uploads\/2024\/10\/Wholesale-Double-Layer-Ceramic-Soap-Dish-Soap-Holder-Bathroom-Accessories-Supplies-7.webp 800w, https:\/\/jinhuaceramic.com\/wp-content\/uploads\/2024\/10\/Wholesale-Double-Layer-Ceramic-Soap-Dish-Soap-Holder-Bathroom-Accessories-Supplies-7-300x300.webp 300w, https:\/\/jinhuaceramic.com\/wp-content\/uploads\/2024\/10\/Wholesale-Double-Layer-Ceramic-Soap-Dish-Soap-Holder-Bathroom-Accessories-Supplies-7-150x150.webp 150w, https:\/\/jinhuaceramic.com\/wp-content\/uploads\/2024\/10\/Wholesale-Double-Layer-Ceramic-Soap-Dish-Soap-Holder-Bathroom-Accessories-Supplies-7-768x768.webp 768w, https:\/\/jinhuaceramic.com\/wp-content\/uploads\/2024\/10\/Wholesale-Double-Layer-Ceramic-Soap-Dish-Soap-Holder-Bathroom-Accessories-Supplies-7-12x12.webp 12w, https:\/\/jinhuaceramic.com\/wp-content\/uploads\/2024\/10\/Wholesale-Double-Layer-Ceramic-Soap-Dish-Soap-Holder-Bathroom-Accessories-Supplies-7-285x285.webp 285w, https:\/\/jinhuaceramic.com\/wp-content\/uploads\/2024\/10\/Wholesale-Double-Layer-Ceramic-Soap-Dish-Soap-Holder-Bathroom-Accessories-Supplies-7-270x270.webp 270w, https:\/\/jinhuaceramic.com\/wp-content\/uploads\/2024\/10\/Wholesale-Double-Layer-Ceramic-Soap-Dish-Soap-Holder-Bathroom-Accessories-Supplies-7-540x540.webp 540w, https:\/\/jinhuaceramic.com\/wp-content\/uploads\/2024\/10\/Wholesale-Double-Layer-Ceramic-Soap-Dish-Soap-Holder-Bathroom-Accessories-Supplies-7-660x660.webp 660w\" sizes=\"(max-width: 800px) 100vw, 800px\" \/><\/figure>\n<\/div>\n<\/div>","protected":false},"excerpt":{"rendered":"<p>Willkommen zum Kauf Seifenhalter Gro\u00dfhandel. Diese Seifenschalen aus Keramik zeichnen sich auf dem Markt durch ihr praktisches, doppelschichtiges Design, die gute Drainagefunktion, hochwertige Materialien und niedliche Formen aus. Die Kombination von \u00c4sthetik und Praktikabilit\u00e4t, diese Keramik Seifenschalen haben ein Muss im Bad geworden.<\/p>","protected":false},"featured_media":6732,"comment_status":"closed","ping_status":"closed","template":"","meta":{"_acf_changed":false},"product_brand":[],"product_cat":[51],"product_tag":[72],"class_list":{"0":"post-6740","1":"product","2":"type-product","3":"status-publish","4":"has-post-thumbnail","6":"product_cat-bathroom-accessories-wholesale","7":"product_tag-wholesale-soap-dishes","9":"first","10":"instock","11":"shipping-taxable","12":"product-type-simple"},"acf":[],"_links":{"self":[{"href":"https:\/\/jinhuaceramic.com\/de\/wp-json\/wp\/v2\/product\/6740","targetHints":{"allow":["GET"]}}],"collection":[{"href":"https:\/\/jinhuaceramic.com\/de\/wp-json\/wp\/v2\/product"}],"about":[{"href":"https:\/\/jinhuaceramic.com\/de\/wp-json\/wp\/v2\/types\/product"}],"replies":[{"embeddable":true,"href":"https:\/\/jinhuaceramic.com\/de\/wp-json\/wp\/v2\/comments?post=6740"}],"version-history":[{"count":0,"href":"https:\/\/jinhuaceramic.com\/de\/wp-json\/wp\/v2\/product\/6740\/revisions"}],"wp:featuredmedia":[{"embeddable":true,"href":"https:\/\/jinhuaceramic.com\/de\/wp-json\/wp\/v2\/media\/6732"}],"wp:attachment":[{"href":"https:\/\/jinhuaceramic.com\/de\/wp-json\/wp\/v2\/media?parent=6740"}],"wp:term":[{"taxonomy":"product_brand","embeddable":true,"href":"https:\/\/jinhuaceramic.com\/de\/wp-json\/wp\/v2\/product_brand?post=6740"},{"taxonomy":"product_cat","embeddable":true,"href":"https:\/\/jinhuaceramic.com\/de\/wp-json\/wp\/v2\/product_cat?post=6740"},{"taxonomy":"product_tag","embeddable":true,"href":"https:\/\/jinhuaceramic.com\/de\/wp-json\/wp\/v2\/product_tag?post=6740"}],"curies":[{"name":"wp","href":"https:\/\/api.w.org\/{rel}","templated":true}]}}