{"id":6770,"date":"2024-10-24T09:35:36","date_gmt":"2024-10-24T09:35:36","guid":{"rendered":"https:\/\/jinhuaceramic.com\/?post_type=product&#038;p=6770"},"modified":"2024-10-24T09:36:03","modified_gmt":"2024-10-24T09:36:03","slug":"ceramic-candle-containers-wholesale","status":"publish","type":"product","link":"https:\/\/jinhuaceramic.com\/de\/product\/ceramic-candle-containers-wholesale\/","title":{"rendered":"Keramik-Kerze-Container Gro\u00dfhandel, leere Kerze Jars Bulk"},"content":{"rendered":"<div class=\"wp-block-columns is-layout-flex wp-container-core-columns-is-layout-9d6595d7 wp-block-columns-is-layout-flex\">\n<div class=\"wp-block-column is-layout-flow wp-block-column-is-layout-flow\">\n<h3 class=\"wp-block-heading\">Premium-Keramik-Kerze-Container Gro\u00dfhandel Merkmale:<\/h3>\n\n\n\n<ul class=\"wp-block-list\">\n<li><strong>Unregelm\u00e4\u00dfige geometrische Formen:<\/strong> Im Gegensatz zu den traditionellen zylindrischen Kerzengl\u00e4sern weisen diese beiden Keramikkerzenbeh\u00e4lter f\u00fcr den Gro\u00dfhandel unregelm\u00e4\u00dfige geometrische Formen auf. Das eine ist quadratisch mit leicht gebogenen Kanten, das andere hat die Form einer f\u00fcnfbl\u00e4ttrigen Blume mit glatten und unterschiedlichen Linien. Dieses unregelm\u00e4\u00dfige Design bricht mit dem Stereotyp traditioneller Kerzengl\u00e4ser und bringt Spa\u00df und Sinn f\u00fcr Design.<\/li>\n\n\n\n<li><strong>Mattes Wei\u00df Farbe:<\/strong> Diese leeren Kerzengl\u00e4ser sind in reinem, mattem Wei\u00df gehalten, was ihnen eine schlichte und reine Ausstrahlung verleiht. Diese Farbkombination ist sehr vielseitig und l\u00e4sst sich leicht in eine Vielzahl von Wohnstilen integrieren. Au\u00dferdem f\u00fchlen sich matte Keramikkerzengl\u00e4ser strukturierter an als gl\u00e4nzende Kerzengl\u00e4ser.<\/li>\n\n\n\n<li><strong>Hochwertiges keramisches Material:<\/strong> Diese einzigartigen keramischen Kerzenbeh\u00e4lter f\u00fcr den Gro\u00dfhandel sind aus hochwertigem keramischem Ton hergestellt, der eine au\u00dfergew\u00f6hnliche Hitzebest\u00e4ndigkeit und Haltbarkeit aufweist. Dies stellt sicher, dass die Gl\u00e4ser die Hitze einer Kerzenflamme aushalten k\u00f6nnen, ohne zu brechen oder zu zerbrechen, und bietet einen sicheren und sicheren Beh\u00e4lter f\u00fcr Ihre Kerzen.<\/li>\n\n\n\n<li><strong>Wiederverwendbar und umweltfreundlich:<\/strong> Sobald die Kerze fertig ist, k\u00f6nnen diese einzigartigen leeren Kerzengl\u00e4ser als Dekorationsartikel in Ihrem Zuhause sch\u00f6n pr\u00e4sentiert werden. Die wiederverwendbare Natur dieser Gl\u00e4ser f\u00f6rdert die Nachhaltigkeit. Durch die Wiederverwendung der Gl\u00e4ser wird Abfall reduziert, was sie zu einer umweltfreundlichen Wahl f\u00fcr bewusste Verbraucher macht.<\/li>\n<\/ul>\n<\/div>\n\n\n\n<div class=\"wp-block-column is-layout-flow wp-block-column-is-layout-flow\">\n<figure class=\"wp-block-image size-full\"><img fetchpriority=\"high\" decoding=\"async\" width=\"736\" height=\"736\" src=\"https:\/\/jinhuaceramic.com\/wp-content\/uploads\/2024\/10\/Custom-Unique-White-Ceramic-Candle-Jar-Empty-Ceramic-Vessel-Wholesale-3.webp\" alt=\"Kerze-Beh\u00e4lter Gro\u00dfhandel, leere Kerze Gl\u00e4ser Bulk-2\" class=\"wp-image-6762\" srcset=\"https:\/\/jinhuaceramic.com\/wp-content\/uploads\/2024\/10\/Custom-Unique-White-Ceramic-Candle-Jar-Empty-Ceramic-Vessel-Wholesale-3.webp 736w, https:\/\/jinhuaceramic.com\/wp-content\/uploads\/2024\/10\/Custom-Unique-White-Ceramic-Candle-Jar-Empty-Ceramic-Vessel-Wholesale-3-300x300.webp 300w, https:\/\/jinhuaceramic.com\/wp-content\/uploads\/2024\/10\/Custom-Unique-White-Ceramic-Candle-Jar-Empty-Ceramic-Vessel-Wholesale-3-150x150.webp 150w, https:\/\/jinhuaceramic.com\/wp-content\/uploads\/2024\/10\/Custom-Unique-White-Ceramic-Candle-Jar-Empty-Ceramic-Vessel-Wholesale-3-12x12.webp 12w, https:\/\/jinhuaceramic.com\/wp-content\/uploads\/2024\/10\/Custom-Unique-White-Ceramic-Candle-Jar-Empty-Ceramic-Vessel-Wholesale-3-285x285.webp 285w, https:\/\/jinhuaceramic.com\/wp-content\/uploads\/2024\/10\/Custom-Unique-White-Ceramic-Candle-Jar-Empty-Ceramic-Vessel-Wholesale-3-270x270.webp 270w, https:\/\/jinhuaceramic.com\/wp-content\/uploads\/2024\/10\/Custom-Unique-White-Ceramic-Candle-Jar-Empty-Ceramic-Vessel-Wholesale-3-540x540.webp 540w, https:\/\/jinhuaceramic.com\/wp-content\/uploads\/2024\/10\/Custom-Unique-White-Ceramic-Candle-Jar-Empty-Ceramic-Vessel-Wholesale-3-660x660.webp 660w\" sizes=\"(max-width: 736px) 100vw, 736px\" \/><\/figure>\n<\/div>\n<\/div>","protected":false},"excerpt":{"rendered":"<p>Willkommen zu kaufen leere Kerze Gl\u00e4ser bulk. Unsere Keramik Kerze Container Gro\u00dfhandel sind sehr willkommen. Mit den Vorteilen der unregelm\u00e4\u00dfigen geometrischen Formen, reines Wei\u00df, hochwertige Materialien und Wiederverwendbarkeit, diese Gro\u00dfhandel Keramik Kerzengl\u00e4ser bieten eine ideale Produktwahl f\u00fcr Kerzenhersteller und H\u00e4ndler, bringen mehr M\u00f6glichkeiten f\u00fcr die Dekoration in verschiedenen Gelegenheiten.<\/p>","protected":false},"featured_media":6761,"comment_status":"closed","ping_status":"closed","template":"","meta":{"_acf_changed":false},"product_brand":[],"product_cat":[52],"product_tag":[66],"class_list":{"0":"post-6770","1":"product","2":"type-product","3":"status-publish","4":"has-post-thumbnail","6":"product_cat-wholesale-candle-containers","7":"product_tag-candle-jars-wholesale","9":"first","10":"instock","11":"shipping-taxable","12":"product-type-simple"},"acf":[],"_links":{"self":[{"href":"https:\/\/jinhuaceramic.com\/de\/wp-json\/wp\/v2\/product\/6770","targetHints":{"allow":["GET"]}}],"collection":[{"href":"https:\/\/jinhuaceramic.com\/de\/wp-json\/wp\/v2\/product"}],"about":[{"href":"https:\/\/jinhuaceramic.com\/de\/wp-json\/wp\/v2\/types\/product"}],"replies":[{"embeddable":true,"href":"https:\/\/jinhuaceramic.com\/de\/wp-json\/wp\/v2\/comments?post=6770"}],"version-history":[{"count":0,"href":"https:\/\/jinhuaceramic.com\/de\/wp-json\/wp\/v2\/product\/6770\/revisions"}],"wp:featuredmedia":[{"embeddable":true,"href":"https:\/\/jinhuaceramic.com\/de\/wp-json\/wp\/v2\/media\/6761"}],"wp:attachment":[{"href":"https:\/\/jinhuaceramic.com\/de\/wp-json\/wp\/v2\/media?parent=6770"}],"wp:term":[{"taxonomy":"product_brand","embeddable":true,"href":"https:\/\/jinhuaceramic.com\/de\/wp-json\/wp\/v2\/product_brand?post=6770"},{"taxonomy":"product_cat","embeddable":true,"href":"https:\/\/jinhuaceramic.com\/de\/wp-json\/wp\/v2\/product_cat?post=6770"},{"taxonomy":"product_tag","embeddable":true,"href":"https:\/\/jinhuaceramic.com\/de\/wp-json\/wp\/v2\/product_tag?post=6770"}],"curies":[{"name":"wp","href":"https:\/\/api.w.org\/{rel}","templated":true}]}}