{"id":6776,"date":"2024-10-24T10:15:16","date_gmt":"2024-10-24T10:15:16","guid":{"rendered":"https:\/\/jinhuaceramic.com\/?post_type=product&#038;p=6776"},"modified":"2024-10-29T02:32:51","modified_gmt":"2024-10-29T02:32:51","slug":"luxury-candle-jars-wholesale","status":"publish","type":"product","link":"https:\/\/jinhuaceramic.com\/de\/product\/luxury-candle-jars-wholesale\/","title":{"rendered":"Luxus-Kerzengl\u00e4ser Gro\u00dfhandel, einzigartige Kerze Container Bulk"},"content":{"rendered":"<div class=\"wp-block-columns is-layout-flex wp-container-core-columns-is-layout-9d6595d7 wp-block-columns-is-layout-flex\">\n<div class=\"wp-block-column is-layout-flow wp-block-column-is-layout-flow\">\n<h3 class=\"wp-block-heading\">Gro\u00dfhandel mit hochwertigen Luxus-Kerzengl\u00e4sern:<\/h3>\n\n\n\n<ul class=\"wp-block-list\">\n<li><strong>Einzigartiges Bubble-Design:<\/strong> Diese luxuri\u00f6sen Kerzengl\u00e4ser im Gro\u00dfhandel sind zylindrisch, aber die Oberfl\u00e4che ist mit runden Vorspr\u00fcngen gleicher Gr\u00f6\u00dfe bedeckt, die wie kleine Blasen aussehen. Sie durchbrechen das glatte Design traditioneller Kerzengl\u00e4ser und wirken sehr lebendig und niedlich. Ein solches Design ist nicht nur ein Blickfang, sondern verleiht dem Zuhause auch eine fr\u00f6hliche Note.<\/li>\n\n\n\n<li><strong>Pastellfarbe: <\/strong>Die Farbe dieser einzigartigen Keramik-Kerzenhalter ist hellgelb, eine sanfte Farbe, die ein warmes und behagliches Gef\u00fchl vermittelt. Die Farbe mit geringer S\u00e4ttigung passt vielseitiger zu jedem Einrichtungsstil.<\/li>\n\n\n\n<li><strong>Hochwertiges keramisches Material:<\/strong> Diese luxuri\u00f6sen Kerzengl\u00e4ser f\u00fcr den Gro\u00dfhandel bestehen aus strapazierf\u00e4higem, hochwertigem Keramikmaterial, das hohen Temperaturen standh\u00e4lt und nicht leicht zerbricht, wodurch eine langfristige und zuverl\u00e4ssige Nutzung gew\u00e4hrleistet ist. Die glatte Keramikoberfl\u00e4che sieht nicht nur elegant aus, sondern ist auch leicht zu reinigen und zu pflegen.<\/li>\n\n\n\n<li><strong>Vielseitigkeit:<\/strong> Diese einzigartigen Keramik-Kerzenhalter k\u00f6nnen nicht nur als Kerzengl\u00e4ser verwendet werden, sondern auch als Wohnaccessoires, nachdem die Kerzen heruntergebrannt sind. Keramikgl\u00e4ser k\u00f6nnen zur Aufbewahrung kleiner Gegenst\u00e4nde wie Schmuck und Schl\u00fcssel oder als kleine Blument\u00f6pfe, Stifthalter usw. verwendet werden, was sehr praktisch ist.<\/li>\n<\/ul>\n<\/div>\n\n\n\n<div class=\"wp-block-column is-layout-flow wp-block-column-is-layout-flow\">\n<figure class=\"wp-block-image size-full\"><img fetchpriority=\"high\" decoding=\"async\" width=\"900\" height=\"900\" src=\"https:\/\/jinhuaceramic.com\/wp-content\/uploads\/2024\/10\/Bulk-Ceramic-Unique-Candle-Jar-Wholesale-Empty-Candle-Vessel-Custom-5.webp\" alt=\"Luxus-Kerzengl\u00e4ser Gro\u00dfhandel, einzigartige Kerzenbeh\u00e4lter Gro\u00dfhandel-1\" class=\"wp-image-6780\" srcset=\"https:\/\/jinhuaceramic.com\/wp-content\/uploads\/2024\/10\/Bulk-Ceramic-Unique-Candle-Jar-Wholesale-Empty-Candle-Vessel-Custom-5.webp 900w, https:\/\/jinhuaceramic.com\/wp-content\/uploads\/2024\/10\/Bulk-Ceramic-Unique-Candle-Jar-Wholesale-Empty-Candle-Vessel-Custom-5-300x300.webp 300w, https:\/\/jinhuaceramic.com\/wp-content\/uploads\/2024\/10\/Bulk-Ceramic-Unique-Candle-Jar-Wholesale-Empty-Candle-Vessel-Custom-5-150x150.webp 150w, https:\/\/jinhuaceramic.com\/wp-content\/uploads\/2024\/10\/Bulk-Ceramic-Unique-Candle-Jar-Wholesale-Empty-Candle-Vessel-Custom-5-768x768.webp 768w, https:\/\/jinhuaceramic.com\/wp-content\/uploads\/2024\/10\/Bulk-Ceramic-Unique-Candle-Jar-Wholesale-Empty-Candle-Vessel-Custom-5-12x12.webp 12w, https:\/\/jinhuaceramic.com\/wp-content\/uploads\/2024\/10\/Bulk-Ceramic-Unique-Candle-Jar-Wholesale-Empty-Candle-Vessel-Custom-5-285x285.webp 285w, https:\/\/jinhuaceramic.com\/wp-content\/uploads\/2024\/10\/Bulk-Ceramic-Unique-Candle-Jar-Wholesale-Empty-Candle-Vessel-Custom-5-270x270.webp 270w, https:\/\/jinhuaceramic.com\/wp-content\/uploads\/2024\/10\/Bulk-Ceramic-Unique-Candle-Jar-Wholesale-Empty-Candle-Vessel-Custom-5-540x540.webp 540w, https:\/\/jinhuaceramic.com\/wp-content\/uploads\/2024\/10\/Bulk-Ceramic-Unique-Candle-Jar-Wholesale-Empty-Candle-Vessel-Custom-5-660x660.webp 660w\" sizes=\"(max-width: 900px) 100vw, 900px\" \/><\/figure>\n<\/div>\n<\/div>","protected":false},"excerpt":{"rendered":"<p>Willkommen beim Kauf einzigartiger Kerzenbeh\u00e4lter in Gro\u00dfmengen. Das Design unserer luxuri\u00f6sen Kerzengl\u00e4ser im Gro\u00dfhandel ist sehr schlicht und stilvoll, aber dennoch interessant. Die abgerundete Blasenform und die sanfte hellgelbe Farbe vermitteln ein warmes und behagliches Gef\u00fchl. Sie eignen sich sehr gut f\u00fcr Schlafzimmer, Wohnzimmer und andere R\u00e4ume, um die warme Atmosph\u00e4re des Zuhauses zu unterstreichen. Das Keramikmaterial macht sie nicht nur sch\u00f6n, sondern auch langlebig und praktisch.<\/p>","protected":false},"featured_media":6782,"comment_status":"closed","ping_status":"closed","template":"","meta":{"_acf_changed":false},"product_brand":[],"product_cat":[52],"product_tag":[66],"class_list":{"0":"post-6776","1":"product","2":"type-product","3":"status-publish","4":"has-post-thumbnail","6":"product_cat-wholesale-candle-containers","7":"product_tag-candle-jars-wholesale","9":"first","10":"instock","11":"shipping-taxable","12":"product-type-simple"},"acf":[],"_links":{"self":[{"href":"https:\/\/jinhuaceramic.com\/de\/wp-json\/wp\/v2\/product\/6776","targetHints":{"allow":["GET"]}}],"collection":[{"href":"https:\/\/jinhuaceramic.com\/de\/wp-json\/wp\/v2\/product"}],"about":[{"href":"https:\/\/jinhuaceramic.com\/de\/wp-json\/wp\/v2\/types\/product"}],"replies":[{"embeddable":true,"href":"https:\/\/jinhuaceramic.com\/de\/wp-json\/wp\/v2\/comments?post=6776"}],"version-history":[{"count":0,"href":"https:\/\/jinhuaceramic.com\/de\/wp-json\/wp\/v2\/product\/6776\/revisions"}],"wp:featuredmedia":[{"embeddable":true,"href":"https:\/\/jinhuaceramic.com\/de\/wp-json\/wp\/v2\/media\/6782"}],"wp:attachment":[{"href":"https:\/\/jinhuaceramic.com\/de\/wp-json\/wp\/v2\/media?parent=6776"}],"wp:term":[{"taxonomy":"product_brand","embeddable":true,"href":"https:\/\/jinhuaceramic.com\/de\/wp-json\/wp\/v2\/product_brand?post=6776"},{"taxonomy":"product_cat","embeddable":true,"href":"https:\/\/jinhuaceramic.com\/de\/wp-json\/wp\/v2\/product_cat?post=6776"},{"taxonomy":"product_tag","embeddable":true,"href":"https:\/\/jinhuaceramic.com\/de\/wp-json\/wp\/v2\/product_tag?post=6776"}],"curies":[{"name":"wp","href":"https:\/\/api.w.org\/{rel}","templated":true}]}}