{"id":6805,"date":"2024-10-29T03:13:26","date_gmt":"2024-10-29T03:13:26","guid":{"rendered":"https:\/\/jinhuaceramic.com\/?post_type=product&#038;p=6805"},"modified":"2025-03-10T08:51:41","modified_gmt":"2025-03-10T08:51:41","slug":"bakeware-wholesale","status":"publish","type":"product","link":"https:\/\/jinhuaceramic.com\/de\/product\/bakeware-wholesale\/","title":{"rendered":"Keramik-Backformen Gro\u00dfhandel, Bulk-Backformen mit Deckeln"},"content":{"rendered":"<div class=\"wp-block-columns is-layout-flex wp-container-core-columns-is-layout-9d6595d7 wp-block-columns-is-layout-flex\">\n<div class=\"wp-block-column is-layout-flow wp-block-column-is-layout-flow\">\n<h3 class=\"wp-block-heading\">Premium-Keramik-Backformen Gro\u00dfhandel Eigenschaften:<\/h3>\n\n\n\n<ul class=\"wp-block-list\">\n<li><strong>Einzigartiges Erscheinungsbild Design: <\/strong>Diese keramischen Backformen im Gro\u00dfhandel zeichnen sich durch die klassische blaue und wei\u00dfe Farbkombination aus, die den Menschen ein frisches und elegantes Gef\u00fchl vermittelt. Die Oberfl\u00e4che der Backform ist mit unregelm\u00e4\u00dfiger Glasur bedeckt, die durch den speziellen keramischen Prozess der \"Unvorhersehbaren Ofenwechsel\" hergestellt wird, bilden zuf\u00e4llige Glasur Variation, reiche Schichtung, einzigartig und sch\u00f6n.<\/li>\n\n\n\n<li><strong>Hochwertiges Material: <\/strong>Diese gro\u00dfvolumigen Backformen mit Deckel sind aus hochwertiger, bei hoher Temperatur gebrannter Keramik hergestellt, haben eine gute Hochtemperaturbest\u00e4ndigkeit und k\u00f6nnen sicher in Back\u00f6fen, Mikrowellen, Geschirrsp\u00fclern und K\u00fchlschr\u00e4nken verwendet werden. Gleichzeitig verf\u00fcgt Keramik \u00fcber eine gleichm\u00e4\u00dfige W\u00e4rmeleitung, wodurch Lebensmittel gleichm\u00e4\u00dfig erhitzt werden k\u00f6nnen und die Situation vermieden wird, dass die Au\u00dfenseite verbrennt und die Innenseite kocht.<\/li>\n\n\n\n<li><strong>Anti-Rutsch-Griff und -Deckel: <\/strong>Diese Backformen aus Keramik haben auf beiden Seiten rutschfeste Griffe, die ein einfaches Greifen und sicheres Herausnehmen erm\u00f6glichen, auch wenn das Blech hei\u00df ist. Der passende Deckel hat die gleiche Farbe und das gleiche Material wie die Schale und verf\u00fcgt \u00fcber einen quadratischen Griff am Deckel zum einfachen \u00d6ffnen und Schlie\u00dfen. Der Deckel sitzt fest auf dem Tablett und schlie\u00dft die Feuchtigkeit effektiv ein, damit die Speisen frisch und warm bleiben.<\/li>\n\n\n\n<li><strong>Leicht zu reinigen: <\/strong>Diese gro\u00dfen Backformen haben eine glatte Keramikoberfl\u00e4che, die nicht so leicht an den Lebensmitteln kleben bleibt, und sind sehr leicht zu reinigen, entweder von Hand oder in der Sp\u00fclmaschine.<\/li>\n<\/ul>\n<\/div>\n\n\n\n<div class=\"wp-block-column is-layout-flow wp-block-column-is-layout-flow\">\n<figure class=\"wp-block-image size-full\"><img fetchpriority=\"high\" decoding=\"async\" width=\"1500\" height=\"1500\" src=\"https:\/\/jinhuaceramic.com\/wp-content\/uploads\/2024\/10\/Wholesale-Ceramic-Baking-Dish-With-Lid-Custom-Bakeware-Supplies-3.webp\" alt=\"Keramik-Backformen Gro\u00dfhandel, Bulk-Backformen mit Deckeln-1\" class=\"wp-image-6807\" srcset=\"https:\/\/jinhuaceramic.com\/wp-content\/uploads\/2024\/10\/Wholesale-Ceramic-Baking-Dish-With-Lid-Custom-Bakeware-Supplies-3.webp 1500w, https:\/\/jinhuaceramic.com\/wp-content\/uploads\/2024\/10\/Wholesale-Ceramic-Baking-Dish-With-Lid-Custom-Bakeware-Supplies-3-300x300.webp 300w, https:\/\/jinhuaceramic.com\/wp-content\/uploads\/2024\/10\/Wholesale-Ceramic-Baking-Dish-With-Lid-Custom-Bakeware-Supplies-3-150x150.webp 150w, https:\/\/jinhuaceramic.com\/wp-content\/uploads\/2024\/10\/Wholesale-Ceramic-Baking-Dish-With-Lid-Custom-Bakeware-Supplies-3-768x768.webp 768w, https:\/\/jinhuaceramic.com\/wp-content\/uploads\/2024\/10\/Wholesale-Ceramic-Baking-Dish-With-Lid-Custom-Bakeware-Supplies-3-12x12.webp 12w, https:\/\/jinhuaceramic.com\/wp-content\/uploads\/2024\/10\/Wholesale-Ceramic-Baking-Dish-With-Lid-Custom-Bakeware-Supplies-3-285x285.webp 285w, https:\/\/jinhuaceramic.com\/wp-content\/uploads\/2024\/10\/Wholesale-Ceramic-Baking-Dish-With-Lid-Custom-Bakeware-Supplies-3-270x270.webp 270w, https:\/\/jinhuaceramic.com\/wp-content\/uploads\/2024\/10\/Wholesale-Ceramic-Baking-Dish-With-Lid-Custom-Bakeware-Supplies-3-540x540.webp 540w, https:\/\/jinhuaceramic.com\/wp-content\/uploads\/2024\/10\/Wholesale-Ceramic-Baking-Dish-With-Lid-Custom-Bakeware-Supplies-3-660x660.webp 660w\" sizes=\"(max-width: 1500px) 100vw, 1500px\" \/><\/figure>\n<\/div>\n<\/div>","protected":false},"excerpt":{"rendered":"<p>Willkommen zum Kauf von Backformen in gro\u00dfen Mengen. Diese Keramik-Backformen f\u00fcr den Gro\u00dfhandel wurden f\u00fcr die professionelle K\u00fcche und das Backen zu Hause entwickelt und verf\u00fcgen \u00fcber einen passenden Deckel zur einfachen Aufbewahrung und Konservierung. Das robuste Keramikmaterial sorgt f\u00fcr eine gleichm\u00e4\u00dfige W\u00e4rmeleitung, so dass die Speisen gleichm\u00e4\u00dfig gebacken werden und hervorragend schmecken.<\/p>","protected":false},"featured_media":6808,"comment_status":"closed","ping_status":"closed","template":"","meta":{"_acf_changed":false},"product_brand":[],"product_cat":[53],"product_tag":[71],"class_list":{"0":"post-6805","1":"product","2":"type-product","3":"status-publish","4":"has-post-thumbnail","6":"product_cat-bakeware-in-bulk","7":"product_tag-wholesale-baking-pans","9":"first","10":"instock","11":"shipping-taxable","12":"product-type-simple"},"acf":[],"_links":{"self":[{"href":"https:\/\/jinhuaceramic.com\/de\/wp-json\/wp\/v2\/product\/6805","targetHints":{"allow":["GET"]}}],"collection":[{"href":"https:\/\/jinhuaceramic.com\/de\/wp-json\/wp\/v2\/product"}],"about":[{"href":"https:\/\/jinhuaceramic.com\/de\/wp-json\/wp\/v2\/types\/product"}],"replies":[{"embeddable":true,"href":"https:\/\/jinhuaceramic.com\/de\/wp-json\/wp\/v2\/comments?post=6805"}],"version-history":[{"count":0,"href":"https:\/\/jinhuaceramic.com\/de\/wp-json\/wp\/v2\/product\/6805\/revisions"}],"wp:featuredmedia":[{"embeddable":true,"href":"https:\/\/jinhuaceramic.com\/de\/wp-json\/wp\/v2\/media\/6808"}],"wp:attachment":[{"href":"https:\/\/jinhuaceramic.com\/de\/wp-json\/wp\/v2\/media?parent=6805"}],"wp:term":[{"taxonomy":"product_brand","embeddable":true,"href":"https:\/\/jinhuaceramic.com\/de\/wp-json\/wp\/v2\/product_brand?post=6805"},{"taxonomy":"product_cat","embeddable":true,"href":"https:\/\/jinhuaceramic.com\/de\/wp-json\/wp\/v2\/product_cat?post=6805"},{"taxonomy":"product_tag","embeddable":true,"href":"https:\/\/jinhuaceramic.com\/de\/wp-json\/wp\/v2\/product_tag?post=6805"}],"curies":[{"name":"wp","href":"https:\/\/api.w.org\/{rel}","templated":true}]}}