{"id":6821,"date":"2024-10-31T07:00:57","date_gmt":"2024-10-31T07:00:57","guid":{"rendered":"https:\/\/jinhuaceramic.com\/?post_type=product&#038;p=6821"},"modified":"2024-10-31T07:01:00","modified_gmt":"2024-10-31T07:01:00","slug":"wholesale-bathroom-sets","status":"publish","type":"product","link":"https:\/\/jinhuaceramic.com\/de\/product\/wholesale-bathroom-sets\/","title":{"rendered":"Schillernde Gro\u00dfhandel Badezimmer-Sets, keramische Bulk Bad-Accessoires"},"content":{"rendered":"<div class=\"wp-block-columns is-layout-flex wp-container-core-columns-is-layout-9d6595d7 wp-block-columns-is-layout-flex\">\n<div class=\"wp-block-column is-layout-flow wp-block-column-is-layout-flow\">\n<h3 class=\"wp-block-heading\">Premium Gro\u00dfhandel Badezimmer Sets Eigenschaften:<\/h3>\n\n\n\n<ul class=\"wp-block-list\">\n<li><strong>Elegantes Design:<\/strong> Die Oberfl\u00e4che dieser keramischen Badezimmersets aus dem Gro\u00dfhandel hat eine einzigartige schillernde Farbe mit einem perlenartigen Glanz. Wenn sie vom Licht angestrahlt wird, strahlt sie einen sanften und bezaubernden Lichtschein aus und verleiht dem Badezimmer eine romantische Atmosph\u00e4re. Die Form der Seifenflasche ist wie ein unregelm\u00e4\u00dfiger Kieselstein gestaltet, der die regelm\u00e4\u00dfige Form traditioneller Badartikel durchbricht und f\u00fcr Interesse sorgt.<\/li>\n\n\n\n<li><strong>Hochwertiges Material:<\/strong> Diese losen Badaccessoires bestehen aus hochwertigen keramischen Materialien, die eine hohe Verschlei\u00dffestigkeit und Korrosionsbest\u00e4ndigkeit aufweisen. Sie nutzen sich im t\u00e4glichen Gebrauch nicht so leicht ab und haben eine lange Lebensdauer. Die Oberfl\u00e4che des keramischen Materials ist glatt und kann Schmutz nicht so leicht verbergen. F\u00fcr die t\u00e4gliche Reinigung gen\u00fcgt es, sie mit einem feuchten Tuch abzuwischen, was sehr praktisch ist.<\/li>\n\n\n\n<li><strong>Vollst\u00e4ndiger Satz:<\/strong> Diese schillernde Keramik Gro\u00dfhandel Badezimmer-Sets enthalten einen Seifenspender, eine rutschfeste Abfluss Seifenschale, eine Zahnb\u00fcrste Halter, ein Mundwasser Becher und ein Tablett, jedes Zubeh\u00f6r ist gut gestaltet und hat seine praktische Funktion zu halten Bad liefert organisiert.<\/li>\n\n\n\n<li><strong>Gro\u00dfhandel &amp; Personalisierung:<\/strong> Unsere Fabrik bietet Rabatte auf Gro\u00dfbestellungen an, um den Bed\u00fcrfnissen von H\u00e4ndlern gerecht zu werden, die Keramik-Badsets in gro\u00dfen Mengen kaufen m\u00f6chten. Dar\u00fcber hinaus bieten wir personalisierte Anpassungsdienste an, die es den Kunden erm\u00f6glichen, Farben, Gr\u00f6\u00dfen, Muster usw. anzupassen, um ein einzigartiges Badzubeh\u00f6r zu schaffen, das f\u00fcr Hotels, Wohnungen oder gehobene Wohnh\u00e4user geeignet ist.<\/li>\n<\/ul>\n<\/div>\n\n\n\n<div class=\"wp-block-column is-layout-flow wp-block-column-is-layout-flow\">\n<figure class=\"wp-block-image size-full\"><img fetchpriority=\"high\" decoding=\"async\" width=\"681\" height=\"681\" src=\"https:\/\/jinhuaceramic.com\/wp-content\/uploads\/2024\/10\/Custom-Made-Iridescent-Bathroom-Accessories-Set-Ceramic-Bath-Supplies.webp\" alt=\"Schillernde Gro\u00dfhandel Badezimmer-Sets, keramische Bulk Bad Zubeh\u00f6r-1\" class=\"wp-image-6825\" srcset=\"https:\/\/jinhuaceramic.com\/wp-content\/uploads\/2024\/10\/Custom-Made-Iridescent-Bathroom-Accessories-Set-Ceramic-Bath-Supplies.webp 681w, https:\/\/jinhuaceramic.com\/wp-content\/uploads\/2024\/10\/Custom-Made-Iridescent-Bathroom-Accessories-Set-Ceramic-Bath-Supplies-300x300.webp 300w, https:\/\/jinhuaceramic.com\/wp-content\/uploads\/2024\/10\/Custom-Made-Iridescent-Bathroom-Accessories-Set-Ceramic-Bath-Supplies-150x150.webp 150w, https:\/\/jinhuaceramic.com\/wp-content\/uploads\/2024\/10\/Custom-Made-Iridescent-Bathroom-Accessories-Set-Ceramic-Bath-Supplies-12x12.webp 12w, https:\/\/jinhuaceramic.com\/wp-content\/uploads\/2024\/10\/Custom-Made-Iridescent-Bathroom-Accessories-Set-Ceramic-Bath-Supplies-285x285.webp 285w, https:\/\/jinhuaceramic.com\/wp-content\/uploads\/2024\/10\/Custom-Made-Iridescent-Bathroom-Accessories-Set-Ceramic-Bath-Supplies-270x270.webp 270w, https:\/\/jinhuaceramic.com\/wp-content\/uploads\/2024\/10\/Custom-Made-Iridescent-Bathroom-Accessories-Set-Ceramic-Bath-Supplies-540x540.webp 540w, https:\/\/jinhuaceramic.com\/wp-content\/uploads\/2024\/10\/Custom-Made-Iridescent-Bathroom-Accessories-Set-Ceramic-Bath-Supplies-660x660.webp 660w\" sizes=\"(max-width: 681px) 100vw, 681px\" \/><\/figure>\n<\/div>\n<\/div>","protected":false},"excerpt":{"rendered":"<p>Willkommen zum Kauf von Badzubeh\u00f6r in gro\u00dfen Mengen. Diese keramischen Gro\u00dfhandel Badezimmer-Sets k\u00f6nnen leicht in jeden Stil der Baddekoration integriert werden. Durch die Kombination von Sch\u00f6nheit, Zweckm\u00e4\u00dfigkeit und Umweltschutz sind diese keramischen Badezimmersets die perfekte Wahl, um die Qualit\u00e4t Ihres Badezimmers zu verbessern.<\/p>","protected":false},"featured_media":6825,"comment_status":"closed","ping_status":"closed","template":"","meta":{"_acf_changed":false},"product_brand":[],"product_cat":[51],"product_tag":[74],"class_list":{"0":"post-6821","1":"product","2":"type-product","3":"status-publish","4":"has-post-thumbnail","6":"product_cat-bathroom-accessories-wholesale","7":"product_tag-ceramic-bath-accessories-wholesale","9":"first","10":"instock","11":"shipping-taxable","12":"product-type-simple"},"acf":[],"_links":{"self":[{"href":"https:\/\/jinhuaceramic.com\/de\/wp-json\/wp\/v2\/product\/6821","targetHints":{"allow":["GET"]}}],"collection":[{"href":"https:\/\/jinhuaceramic.com\/de\/wp-json\/wp\/v2\/product"}],"about":[{"href":"https:\/\/jinhuaceramic.com\/de\/wp-json\/wp\/v2\/types\/product"}],"replies":[{"embeddable":true,"href":"https:\/\/jinhuaceramic.com\/de\/wp-json\/wp\/v2\/comments?post=6821"}],"version-history":[{"count":0,"href":"https:\/\/jinhuaceramic.com\/de\/wp-json\/wp\/v2\/product\/6821\/revisions"}],"wp:featuredmedia":[{"embeddable":true,"href":"https:\/\/jinhuaceramic.com\/de\/wp-json\/wp\/v2\/media\/6825"}],"wp:attachment":[{"href":"https:\/\/jinhuaceramic.com\/de\/wp-json\/wp\/v2\/media?parent=6821"}],"wp:term":[{"taxonomy":"product_brand","embeddable":true,"href":"https:\/\/jinhuaceramic.com\/de\/wp-json\/wp\/v2\/product_brand?post=6821"},{"taxonomy":"product_cat","embeddable":true,"href":"https:\/\/jinhuaceramic.com\/de\/wp-json\/wp\/v2\/product_cat?post=6821"},{"taxonomy":"product_tag","embeddable":true,"href":"https:\/\/jinhuaceramic.com\/de\/wp-json\/wp\/v2\/product_tag?post=6821"}],"curies":[{"name":"wp","href":"https:\/\/api.w.org\/{rel}","templated":true}]}}