{"id":6829,"date":"2024-11-01T04:02:56","date_gmt":"2024-11-01T04:02:56","guid":{"rendered":"https:\/\/jinhuaceramic.com\/?post_type=product&#038;p=6829"},"modified":"2025-03-11T08:23:06","modified_gmt":"2025-03-11T08:23:06","slug":"wholesale-casserole-dishes","status":"publish","type":"product","link":"https:\/\/jinhuaceramic.com\/de\/product\/wholesale-casserole-dishes\/","title":{"rendered":"Gro\u00dfhandel Auflaufformen, keramische benutzerdefinierte Gr\u00f6\u00dfe Backen Pfannen"},"content":{"rendered":"<div class=\"wp-block-columns is-layout-flex wp-container-core-columns-is-layout-9d6595d7 wp-block-columns-is-layout-flex\">\n<div class=\"wp-block-column is-layout-flow wp-block-column-is-layout-flow\">\n<h3 class=\"wp-block-heading\">Premium Gro\u00dfhandel Auflaufformen Merkmale:<\/h3>\n\n\n\n<ul class=\"wp-block-list\">\n<li><strong>Rechteckige Form:<\/strong> Diese Auflaufformen aus dem Gro\u00dfhandel haben eine rechteckige Form, um den Platz in Ihrem Ofen oder Grill optimal zu nutzen, und sind gleichzeitig leicht zu platzieren und zu transportieren. Das rechteckige Design erm\u00f6glicht es, diese Auflaufform f\u00fcr eine Vielzahl von Kochmethoden zu verwenden, wie z. B. Braten, Gratinieren, Schmoren, usw. Au\u00dferdem ist die Gr\u00f6\u00dfe der Auflaufform so bemessen, dass sie gen\u00fcgend Platz f\u00fcr Lebensmittel bietet, ohne zu sperrig zu sein.<\/li>\n\n\n\n<li><strong>Hochwertige keramische Materialien: <\/strong>Diese Backformen in Sondergr\u00f6\u00dfe werden aus hochwertigem Keramikmaterial hergestellt, das bei hoher Temperatur gebrannt wird. Im Vergleich zu Backformen aus Metall oder Silikon sind Keramik-Backformen hart und verschlei\u00dffest, nicht leicht zu zerkratzen, haben eine lange Lebensdauer und eine gute W\u00e4rmeleitf\u00e4higkeit. Die glatte, glasierte Oberfl\u00e4che haftet nicht so leicht an Speiseresten, ist leicht zu reinigen und kann in der Sp\u00fclmaschine gereinigt werden.<\/li>\n\n\n\n<li><strong>Vielseitige Farbe:<\/strong> Diese keramischen Auflaufformen mit Deckeln sind in 3 Farben erh\u00e4ltlich: rot, wei\u00df und dunkelblau. Wei\u00df ist vielseitig und einfach, rot ist hell und lebendig, und blau ist elegant und geheimnisvoll. Als Hersteller k\u00f6nnen wir auch Auflaufformen in anderen Farben nach Kundenwunsch herstellen.<\/li>\n\n\n\n<li><strong>Anti-Rutsch-Griff und -Deckel:<\/strong> Diese rechteckigen Keramik-Backformen in Sondergr\u00f6\u00dfe sind mit zwei Griffen ausgestattet. Das Design der Griffe ist nicht nur ergonomisch und bequem f\u00fcr die Benutzer, um die Backform sicher zu bewegen und Verbrennungen zu vermeiden, sondern erh\u00f6ht auch die Gesamt\u00e4sthetik der Backform. Der Keramikdeckel kann die Feuchtigkeit und die N\u00e4hrstoffe der Lebensmittel effektiv einschlie\u00dfen, eine Rolle bei der W\u00e4rmeerhaltung spielen und die Lebensmittel zarter machen.<\/li>\n<\/ul>\n<\/div>\n\n\n\n<div class=\"wp-block-column is-layout-flow wp-block-column-is-layout-flow\">\n<figure class=\"wp-block-image size-full\"><img fetchpriority=\"high\" decoding=\"async\" width=\"1000\" height=\"1000\" src=\"https:\/\/jinhuaceramic.com\/wp-content\/uploads\/2024\/10\/Custom-Rectangular-Baking-Dish-With-Lid-Ceramic-Bakeware-Supplies-6.webp\" alt=\"Gro\u00dfhandel Auflaufformen, keramische benutzerdefinierte Gr\u00f6\u00dfe Backen Pfannen-1\" class=\"wp-image-6834\" srcset=\"https:\/\/jinhuaceramic.com\/wp-content\/uploads\/2024\/10\/Custom-Rectangular-Baking-Dish-With-Lid-Ceramic-Bakeware-Supplies-6.webp 1000w, https:\/\/jinhuaceramic.com\/wp-content\/uploads\/2024\/10\/Custom-Rectangular-Baking-Dish-With-Lid-Ceramic-Bakeware-Supplies-6-300x300.webp 300w, https:\/\/jinhuaceramic.com\/wp-content\/uploads\/2024\/10\/Custom-Rectangular-Baking-Dish-With-Lid-Ceramic-Bakeware-Supplies-6-150x150.webp 150w, https:\/\/jinhuaceramic.com\/wp-content\/uploads\/2024\/10\/Custom-Rectangular-Baking-Dish-With-Lid-Ceramic-Bakeware-Supplies-6-768x768.webp 768w, https:\/\/jinhuaceramic.com\/wp-content\/uploads\/2024\/10\/Custom-Rectangular-Baking-Dish-With-Lid-Ceramic-Bakeware-Supplies-6-12x12.webp 12w, https:\/\/jinhuaceramic.com\/wp-content\/uploads\/2024\/10\/Custom-Rectangular-Baking-Dish-With-Lid-Ceramic-Bakeware-Supplies-6-285x285.webp 285w, https:\/\/jinhuaceramic.com\/wp-content\/uploads\/2024\/10\/Custom-Rectangular-Baking-Dish-With-Lid-Ceramic-Bakeware-Supplies-6-270x270.webp 270w, https:\/\/jinhuaceramic.com\/wp-content\/uploads\/2024\/10\/Custom-Rectangular-Baking-Dish-With-Lid-Ceramic-Bakeware-Supplies-6-540x540.webp 540w, https:\/\/jinhuaceramic.com\/wp-content\/uploads\/2024\/10\/Custom-Rectangular-Baking-Dish-With-Lid-Ceramic-Bakeware-Supplies-6-660x660.webp 660w\" sizes=\"(max-width: 1000px) 100vw, 1000px\" \/><\/figure>\n<\/div>\n<\/div>","protected":false},"excerpt":{"rendered":"<p>Willkommen zu kaufen benutzerdefinierte Gr\u00f6\u00dfe Backformen. Das einzigartige Design dieser Auflaufformen f\u00fcr den Gro\u00dfhandel ist die perfekte Kombination aus Praktikabilit\u00e4t und Sch\u00f6nheit. Das hochwertige Keramikmaterial, das rechteckige Design, die verschiedenen Farben, die glatte Glasur, das Doppelgriffdesign und der passende Deckel verleihen dieser Auflaufform einen einzigartigen Charme.<\/p>","protected":false},"featured_media":6833,"comment_status":"closed","ping_status":"closed","template":"","meta":{"_acf_changed":false},"product_brand":[],"product_cat":[53],"product_tag":[71],"class_list":{"0":"post-6829","1":"product","2":"type-product","3":"status-publish","4":"has-post-thumbnail","6":"product_cat-bakeware-in-bulk","7":"product_tag-wholesale-baking-pans","9":"first","10":"instock","11":"shipping-taxable","12":"product-type-simple"},"acf":[],"_links":{"self":[{"href":"https:\/\/jinhuaceramic.com\/de\/wp-json\/wp\/v2\/product\/6829","targetHints":{"allow":["GET"]}}],"collection":[{"href":"https:\/\/jinhuaceramic.com\/de\/wp-json\/wp\/v2\/product"}],"about":[{"href":"https:\/\/jinhuaceramic.com\/de\/wp-json\/wp\/v2\/types\/product"}],"replies":[{"embeddable":true,"href":"https:\/\/jinhuaceramic.com\/de\/wp-json\/wp\/v2\/comments?post=6829"}],"version-history":[{"count":0,"href":"https:\/\/jinhuaceramic.com\/de\/wp-json\/wp\/v2\/product\/6829\/revisions"}],"wp:featuredmedia":[{"embeddable":true,"href":"https:\/\/jinhuaceramic.com\/de\/wp-json\/wp\/v2\/media\/6833"}],"wp:attachment":[{"href":"https:\/\/jinhuaceramic.com\/de\/wp-json\/wp\/v2\/media?parent=6829"}],"wp:term":[{"taxonomy":"product_brand","embeddable":true,"href":"https:\/\/jinhuaceramic.com\/de\/wp-json\/wp\/v2\/product_brand?post=6829"},{"taxonomy":"product_cat","embeddable":true,"href":"https:\/\/jinhuaceramic.com\/de\/wp-json\/wp\/v2\/product_cat?post=6829"},{"taxonomy":"product_tag","embeddable":true,"href":"https:\/\/jinhuaceramic.com\/de\/wp-json\/wp\/v2\/product_tag?post=6829"}],"curies":[{"name":"wp","href":"https:\/\/api.w.org\/{rel}","templated":true}]}}