{"id":6907,"date":"2024-11-05T08:30:23","date_gmt":"2024-11-05T08:30:23","guid":{"rendered":"https:\/\/jinhuaceramic.com\/?post_type=product&#038;p=6907"},"modified":"2024-11-05T08:30:45","modified_gmt":"2024-11-05T08:30:45","slug":"bathtub-soap-dish-bulk","status":"publish","type":"product","link":"https:\/\/jinhuaceramic.com\/de\/product\/bathtub-soap-dish-bulk\/","title":{"rendered":"Niedliche Badewanne Seife Sch\u00fcssel Bulk, Gro\u00dfhandel Keramik Seife Schalen"},"content":{"rendered":"<div class=\"wp-block-columns is-layout-flex wp-container-core-columns-is-layout-9d6595d7 wp-block-columns-is-layout-flex\">\n<div class=\"wp-block-column is-layout-flow wp-block-column-is-layout-flow\">\n<h3 class=\"wp-block-heading\">Premium Bathtub Soap Dish Bulk Eigenschaften:<\/h3>\n\n\n\n<ul class=\"wp-block-list\">\n<li><strong>Einzigartige Form der Badewanne:<\/strong> Im Gegensatz zu den traditionellen quadratischen oder ovalen Seifenschalen sind diese Keramik-Badewannen-Seifenschalen in der kreativen Form einer kleinen Badewanne gestaltet, die so niedlich ist. Die Form der Badewanne k\u00f6nnte die Seife zu unterst\u00fctzen und f\u00fcgen Sie Spa\u00df im Bad.<\/li>\n\n\n\n<li><strong>Verschiedene Farben &amp; Marmor-Muster:<\/strong> Diese Gro\u00dfhandels-Keramikseifenschalen gibt es in vielen Farben, wie blau, rosa, schwarz und wei\u00df. Ihre satten Farbt\u00f6ne passen zu verschiedenen Stilen der Badezimmerdekoration und machen den Badezimmerraum viel lebendiger. Die Oberfl\u00e4che der Seifenschale ist in Marmor Textur mit goldenen Linien auf sie verarbeitet und ist High-End mit Retro-Gef\u00fchl.<\/li>\n\n\n\n<li><strong>Hochwertiges Material:<\/strong> Unsere Seifenschale f\u00fcr die Badewanne ist aus hochwertigem Material - Keramik - hergestellt. Im Vergleich zu den Seifendosen aus Kunststoff sind die Seifenschalen aus Keramik hart und nutzen sich nicht so schnell ab. Sie haben eine glatte Glasur, die leicht zu reinigen ist und keine Bakterien hervorbringt. In dieser Hinsicht ist die Verwendung von Keramikseifenschalen umweltfreundlicher und ges\u00fcnder.<\/li>\n\n\n\n<li><strong>Praktisch: <\/strong>Diese Gro\u00dfhandel Bad Keramik Seifenschalen sind in der Gr\u00f6\u00dfe klein; mit diesem im Verstand, w\u00fcrden diese Elemente nicht viel Platz und w\u00e4re perfekt, um auf einem Waschtisch gesetzt werden. Der Boden dieser Seifenschale hat 3 Abflussl\u00f6cher f\u00fcr schnelles Abflie\u00dfen von Wasser aus der Seife, um die Seife trocken f\u00fcr den l\u00e4ngeren Gebrauch zu halten.<\/li>\n<\/ul>\n<\/div>\n\n\n\n<div class=\"wp-block-column is-layout-flow wp-block-column-is-layout-flow\">\n<figure class=\"wp-block-image size-full\"><img fetchpriority=\"high\" decoding=\"async\" width=\"2000\" height=\"2000\" src=\"https:\/\/jinhuaceramic.com\/wp-content\/uploads\/2024\/11\/Wholesale-Ceramic-Bathtub-Soap-Dish-Bulk-Bathroom-Accessories-Supplies-2.webp\" alt=\"Niedliche Badewanne Seife Sch\u00fcssel Bulk, Gro\u00dfhandel Keramik Seife Dishes-1\" class=\"wp-image-6909\" srcset=\"https:\/\/jinhuaceramic.com\/wp-content\/uploads\/2024\/11\/Wholesale-Ceramic-Bathtub-Soap-Dish-Bulk-Bathroom-Accessories-Supplies-2.webp 2000w, https:\/\/jinhuaceramic.com\/wp-content\/uploads\/2024\/11\/Wholesale-Ceramic-Bathtub-Soap-Dish-Bulk-Bathroom-Accessories-Supplies-2-300x300.webp 300w, https:\/\/jinhuaceramic.com\/wp-content\/uploads\/2024\/11\/Wholesale-Ceramic-Bathtub-Soap-Dish-Bulk-Bathroom-Accessories-Supplies-2-150x150.webp 150w, https:\/\/jinhuaceramic.com\/wp-content\/uploads\/2024\/11\/Wholesale-Ceramic-Bathtub-Soap-Dish-Bulk-Bathroom-Accessories-Supplies-2-768x768.webp 768w, https:\/\/jinhuaceramic.com\/wp-content\/uploads\/2024\/11\/Wholesale-Ceramic-Bathtub-Soap-Dish-Bulk-Bathroom-Accessories-Supplies-2-12x12.webp 12w, https:\/\/jinhuaceramic.com\/wp-content\/uploads\/2024\/11\/Wholesale-Ceramic-Bathtub-Soap-Dish-Bulk-Bathroom-Accessories-Supplies-2-285x285.webp 285w, https:\/\/jinhuaceramic.com\/wp-content\/uploads\/2024\/11\/Wholesale-Ceramic-Bathtub-Soap-Dish-Bulk-Bathroom-Accessories-Supplies-2-1600x1600.webp 1600w, https:\/\/jinhuaceramic.com\/wp-content\/uploads\/2024\/11\/Wholesale-Ceramic-Bathtub-Soap-Dish-Bulk-Bathroom-Accessories-Supplies-2-270x270.webp 270w, https:\/\/jinhuaceramic.com\/wp-content\/uploads\/2024\/11\/Wholesale-Ceramic-Bathtub-Soap-Dish-Bulk-Bathroom-Accessories-Supplies-2-540x540.webp 540w, https:\/\/jinhuaceramic.com\/wp-content\/uploads\/2024\/11\/Wholesale-Ceramic-Bathtub-Soap-Dish-Bulk-Bathroom-Accessories-Supplies-2-660x660.webp 660w\" sizes=\"(max-width: 2000px) 100vw, 2000px\" \/><\/figure>\n<\/div>\n<\/div>","protected":false},"excerpt":{"rendered":"<p>Willkommen im Gro\u00dfhandel Seifenschalen zu kaufen. Das Design dieser Badewanne Seifenschale Bulk ist etwas Besonderes, Drehen t\u00e4glichen Seifenschalen in das Bild eines Mini-Badewanne lebendig und interessant. Diese Keramik Seifenschalen perfekt kombiniert Funktionalit\u00e4t und Dekoration, um die Anforderung des t\u00e4glichen Gebrauchs zu erf\u00fcllen und f\u00fcgen Sie Spa\u00df und Kunst im Bad.<\/p>","protected":false},"featured_media":6915,"comment_status":"closed","ping_status":"closed","template":"","meta":{"_acf_changed":false},"product_brand":[],"product_cat":[51],"product_tag":[72],"class_list":{"0":"post-6907","1":"product","2":"type-product","3":"status-publish","4":"has-post-thumbnail","6":"product_cat-bathroom-accessories-wholesale","7":"product_tag-wholesale-soap-dishes","9":"first","10":"instock","11":"shipping-taxable","12":"product-type-simple"},"acf":[],"_links":{"self":[{"href":"https:\/\/jinhuaceramic.com\/de\/wp-json\/wp\/v2\/product\/6907","targetHints":{"allow":["GET"]}}],"collection":[{"href":"https:\/\/jinhuaceramic.com\/de\/wp-json\/wp\/v2\/product"}],"about":[{"href":"https:\/\/jinhuaceramic.com\/de\/wp-json\/wp\/v2\/types\/product"}],"replies":[{"embeddable":true,"href":"https:\/\/jinhuaceramic.com\/de\/wp-json\/wp\/v2\/comments?post=6907"}],"version-history":[{"count":0,"href":"https:\/\/jinhuaceramic.com\/de\/wp-json\/wp\/v2\/product\/6907\/revisions"}],"wp:featuredmedia":[{"embeddable":true,"href":"https:\/\/jinhuaceramic.com\/de\/wp-json\/wp\/v2\/media\/6915"}],"wp:attachment":[{"href":"https:\/\/jinhuaceramic.com\/de\/wp-json\/wp\/v2\/media?parent=6907"}],"wp:term":[{"taxonomy":"product_brand","embeddable":true,"href":"https:\/\/jinhuaceramic.com\/de\/wp-json\/wp\/v2\/product_brand?post=6907"},{"taxonomy":"product_cat","embeddable":true,"href":"https:\/\/jinhuaceramic.com\/de\/wp-json\/wp\/v2\/product_cat?post=6907"},{"taxonomy":"product_tag","embeddable":true,"href":"https:\/\/jinhuaceramic.com\/de\/wp-json\/wp\/v2\/product_tag?post=6907"}],"curies":[{"name":"wp","href":"https:\/\/api.w.org\/{rel}","templated":true}]}}