{"id":6939,"date":"2024-11-06T10:28:42","date_gmt":"2024-11-06T10:28:42","guid":{"rendered":"https:\/\/jinhuaceramic.com\/?post_type=product&#038;p=6939"},"modified":"2025-03-11T08:00:27","modified_gmt":"2025-03-11T08:00:27","slug":"casserole-wholesale","status":"publish","type":"product","link":"https:\/\/jinhuaceramic.com\/de\/product\/casserole-wholesale\/","title":{"rendered":"Retro Rote Keramik Auflaufform Gro\u00dfhandel mit Deckel"},"content":{"rendered":"<div class=\"wp-block-columns is-layout-flex wp-container-core-columns-is-layout-9d6595d7 wp-block-columns-is-layout-flex\">\n<div class=\"wp-block-column is-layout-flow wp-block-column-is-layout-flow\">\n<h3 class=\"wp-block-heading\">Premium Kasserolle Gro\u00dfhandel Merkmale:<\/h3>\n\n\n\n<ul class=\"wp-block-list\">\n<li><strong>Stilvolles Design: <\/strong>Im Vergleich zu anderen Kasserollen auf dem Markt ist diese Premium-Kasserolle im Gro\u00dfhandel klein und niedlich. Sie hat eine einfache Struktur mit einem stilvollen roten und wei\u00dfen Farbschema, das in die moderne K\u00fcche passt. Die Au\u00dfenfarbe der Kasserolle ist von rot nach schwarz abgestuft - ein k\u00fcnstlerischer Touch, der dem Produkt hinzugef\u00fcgt wurde.<\/li>\n\n\n\n<li><strong>Hochwertiges keramisches Material: <\/strong>Mikrowellen- und backofensicher, diese Gro\u00dfhandels-Keramik-Backform hat eine gute W\u00e4rmeleitf\u00e4higkeit, die die W\u00e4rme gleichm\u00e4\u00dfig verteilen kann, um das Essen zu erw\u00e4rmen und wird nicht leicht brennen. Ungiftiges und geruchloses keramisches Material, in sicherem Kontakt mit Lebensmitteln, setzt keine sch\u00e4dlichen Substanzen w\u00e4hrend des Gebrauchs frei.<\/li>\n\n\n\n<li><strong>Funktionsweise: <\/strong>Diese Kasserolle Gro\u00dfhandel kann f\u00fcr alle Arten von Gerichten verwendet werden, geeignet f\u00fcr eine einzelne Person oder eine kleine Familie. Der Deckel kann gut sperren den Duft und die Feuchtigkeit der Lebensmittel und halten den urspr\u00fcnglichen Geschmack. Auch kann direkt auf den Tisch gestellt werden, um als Geschirr zu dienen.<\/li>\n\n\n\n<li><strong>Leicht zu reinigen: <\/strong>Aufgrund ihrer glatten, glasierten Oberfl\u00e4che k\u00f6nnen Gro\u00dfhandelskeramik-Backformen mit Deckel nicht mit Speiseresten verklebt werden. Daher sind sie recht leicht zu reinigen. <\/li>\n<\/ul>\n<\/div>\n\n\n\n<div class=\"wp-block-column is-layout-flow wp-block-column-is-layout-flow\">\n<figure class=\"wp-block-image size-full\"><img fetchpriority=\"high\" decoding=\"async\" width=\"1024\" height=\"1024\" src=\"https:\/\/jinhuaceramic.com\/wp-content\/uploads\/2024\/11\/Custom-Ceramic-Mini-Casserole-Dish-With-Lid-For-Baking-Wholesale-4.webp\" alt=\"Retro Rot Keramik Backen Kasserolle Gro\u00dfhandel mit Deckel-1\" class=\"wp-image-6942\" srcset=\"https:\/\/jinhuaceramic.com\/wp-content\/uploads\/2024\/11\/Custom-Ceramic-Mini-Casserole-Dish-With-Lid-For-Baking-Wholesale-4.webp 1024w, https:\/\/jinhuaceramic.com\/wp-content\/uploads\/2024\/11\/Custom-Ceramic-Mini-Casserole-Dish-With-Lid-For-Baking-Wholesale-4-300x300.webp 300w, https:\/\/jinhuaceramic.com\/wp-content\/uploads\/2024\/11\/Custom-Ceramic-Mini-Casserole-Dish-With-Lid-For-Baking-Wholesale-4-150x150.webp 150w, https:\/\/jinhuaceramic.com\/wp-content\/uploads\/2024\/11\/Custom-Ceramic-Mini-Casserole-Dish-With-Lid-For-Baking-Wholesale-4-768x768.webp 768w, https:\/\/jinhuaceramic.com\/wp-content\/uploads\/2024\/11\/Custom-Ceramic-Mini-Casserole-Dish-With-Lid-For-Baking-Wholesale-4-12x12.webp 12w, https:\/\/jinhuaceramic.com\/wp-content\/uploads\/2024\/11\/Custom-Ceramic-Mini-Casserole-Dish-With-Lid-For-Baking-Wholesale-4-285x285.webp 285w, https:\/\/jinhuaceramic.com\/wp-content\/uploads\/2024\/11\/Custom-Ceramic-Mini-Casserole-Dish-With-Lid-For-Baking-Wholesale-4-270x270.webp 270w, https:\/\/jinhuaceramic.com\/wp-content\/uploads\/2024\/11\/Custom-Ceramic-Mini-Casserole-Dish-With-Lid-For-Baking-Wholesale-4-540x540.webp 540w, https:\/\/jinhuaceramic.com\/wp-content\/uploads\/2024\/11\/Custom-Ceramic-Mini-Casserole-Dish-With-Lid-For-Baking-Wholesale-4-660x660.webp 660w\" sizes=\"(max-width: 1024px) 100vw, 1024px\" \/><\/figure>\n<\/div>\n<\/div>","protected":false},"excerpt":{"rendered":"<p>Willkommen zum Kauf von Keramik-Backformen in gro\u00dfen Mengen. Diese rote Auflaufform im Gro\u00dfhandel hat viele hervorragende Eigenschaften: stilvolles Design, hochwertiges Keramikmaterial, praktischer Deckel, praktisches Fassungsverm\u00f6gen und einfache Reinigung. All dies macht sie zu Ihrer besten Wahl zum Backen und Servieren in der K\u00fcche. Im Allgemeinen lieben die Kunden diese \u00e4sthetische und praktische Auflaufform mit Deckel.<\/p>","protected":false},"featured_media":6943,"comment_status":"closed","ping_status":"closed","template":"","meta":{"_acf_changed":false},"product_brand":[],"product_cat":[53],"product_tag":[71],"class_list":{"0":"post-6939","1":"product","2":"type-product","3":"status-publish","4":"has-post-thumbnail","6":"product_cat-bakeware-in-bulk","7":"product_tag-wholesale-baking-pans","9":"first","10":"instock","11":"shipping-taxable","12":"product-type-simple"},"acf":[],"_links":{"self":[{"href":"https:\/\/jinhuaceramic.com\/de\/wp-json\/wp\/v2\/product\/6939","targetHints":{"allow":["GET"]}}],"collection":[{"href":"https:\/\/jinhuaceramic.com\/de\/wp-json\/wp\/v2\/product"}],"about":[{"href":"https:\/\/jinhuaceramic.com\/de\/wp-json\/wp\/v2\/types\/product"}],"replies":[{"embeddable":true,"href":"https:\/\/jinhuaceramic.com\/de\/wp-json\/wp\/v2\/comments?post=6939"}],"version-history":[{"count":0,"href":"https:\/\/jinhuaceramic.com\/de\/wp-json\/wp\/v2\/product\/6939\/revisions"}],"wp:featuredmedia":[{"embeddable":true,"href":"https:\/\/jinhuaceramic.com\/de\/wp-json\/wp\/v2\/media\/6943"}],"wp:attachment":[{"href":"https:\/\/jinhuaceramic.com\/de\/wp-json\/wp\/v2\/media?parent=6939"}],"wp:term":[{"taxonomy":"product_brand","embeddable":true,"href":"https:\/\/jinhuaceramic.com\/de\/wp-json\/wp\/v2\/product_brand?post=6939"},{"taxonomy":"product_cat","embeddable":true,"href":"https:\/\/jinhuaceramic.com\/de\/wp-json\/wp\/v2\/product_cat?post=6939"},{"taxonomy":"product_tag","embeddable":true,"href":"https:\/\/jinhuaceramic.com\/de\/wp-json\/wp\/v2\/product_tag?post=6939"}],"curies":[{"name":"wp","href":"https:\/\/api.w.org\/{rel}","templated":true}]}}