{"id":6989,"date":"2024-11-08T01:48:24","date_gmt":"2024-11-08T01:48:24","guid":{"rendered":"https:\/\/jinhuaceramic.com\/?post_type=product&#038;p=6989"},"modified":"2025-03-10T09:12:21","modified_gmt":"2025-03-10T09:12:21","slug":"baking-pans-wholesale","status":"publish","type":"product","link":"https:\/\/jinhuaceramic.com\/de\/product\/baking-pans-wholesale\/","title":{"rendered":"Benutzerdefinierte Gr\u00f6\u00dfe Backformen Gro\u00dfhandel, kommerzielle Backformen Bulk"},"content":{"rendered":"<div class=\"wp-block-columns is-layout-flex wp-container-core-columns-is-layout-9d6595d7 wp-block-columns-is-layout-flex\">\n<div class=\"wp-block-column is-layout-flow wp-block-column-is-layout-flow\">\n<h3 class=\"wp-block-heading\">Premium-Backformen Gro\u00dfhandel Merkmale:<\/h3>\n\n\n\n<ul class=\"wp-block-list\">\n<li><strong>Modisches Design: <\/strong>Diese Keramik-Backformen im Gro\u00dfhandel haben ein kontrastreiches Design in Rot und Wei\u00df. Klassisches Rot und Wei\u00df bringen Farbe in Ihre K\u00fcche. Die Kombination von Farben pr\u00e4sentiert Sch\u00f6nheit, so leicht erkennbar sofort.<\/li>\n\n\n\n<li><strong>Hochwertiges Material: <\/strong>Diese stapelbaren Backformen in kundenspezifischer Gr\u00f6\u00dfe sind aus hochwertiger, bei hoher Temperatur gebrannter Keramik gefertigt. Die starke W\u00e4rmeleitf\u00e4higkeit kann Lebensmittel gleichm\u00e4\u00dfig erhitzen und verhindert, dass die Au\u00dfenseite verbrannt und die Innenseite roh wird, was die Zubereitung k\u00f6stlicher Speisen erleichtert. Es ist schwierig, die Glasur der Backformen zu zerkratzen, und es gibt eine lange Lebensdauer, die sie langlebig in der K\u00fcche macht.<\/li>\n\n\n\n<li><strong>Stapelbares Design: <\/strong>Jede dieser Keramik-Backformen aus dem Gro\u00dfhandel umfasst 2 kleine Backformen und 1 gro\u00dfe Backform. Sie sind stapelbar, wobei die 2 kleinen Backformen in die gro\u00dfe Backform passen und so dringend ben\u00f6tigten Platz im Schrank schaffen, wenn die Backformen nicht in Gebrauch sind.<\/li>\n\n\n\n<li><strong>Starke Praktikabilit\u00e4t: <\/strong>Dieser Satz von Gro\u00dfhandel Backformen umfasst Backformen in verschiedenen Gr\u00f6\u00dfen, so dass verschiedene Bed\u00fcrfnisse des Backens zu erf\u00fcllen. Und der Griff dieser Backform ist relativ einfach, aber sehr praktisch, die vern\u00fcnftig positioniert ist f\u00fcr einfache Kommissionierung und Bewegung. Au\u00dferdem sind diese keramischen Backformen fein glasiert, um den glatten Glasurprozess zu durchlaufen und sind leicht zu reinigen.<\/li>\n<\/ul>\n<\/div>\n\n\n\n<div class=\"wp-block-column is-layout-flow wp-block-column-is-layout-flow\">\n<figure class=\"wp-block-image size-full\"><img fetchpriority=\"high\" decoding=\"async\" width=\"1024\" height=\"1024\" src=\"https:\/\/jinhuaceramic.com\/wp-content\/uploads\/2024\/11\/Customized-Ceramic-Stackable-Baking-Dish-Set-Commercial-Bakeware-Supplies-3.webp\" alt=\"Benutzerdefinierte Gr\u00f6\u00dfe Backformen Gro\u00dfhandel, kommerzielle Backformen Bulk-1\" class=\"wp-image-6993\" srcset=\"https:\/\/jinhuaceramic.com\/wp-content\/uploads\/2024\/11\/Customized-Ceramic-Stackable-Baking-Dish-Set-Commercial-Bakeware-Supplies-3.webp 1024w, https:\/\/jinhuaceramic.com\/wp-content\/uploads\/2024\/11\/Customized-Ceramic-Stackable-Baking-Dish-Set-Commercial-Bakeware-Supplies-3-300x300.webp 300w, https:\/\/jinhuaceramic.com\/wp-content\/uploads\/2024\/11\/Customized-Ceramic-Stackable-Baking-Dish-Set-Commercial-Bakeware-Supplies-3-150x150.webp 150w, https:\/\/jinhuaceramic.com\/wp-content\/uploads\/2024\/11\/Customized-Ceramic-Stackable-Baking-Dish-Set-Commercial-Bakeware-Supplies-3-768x768.webp 768w, https:\/\/jinhuaceramic.com\/wp-content\/uploads\/2024\/11\/Customized-Ceramic-Stackable-Baking-Dish-Set-Commercial-Bakeware-Supplies-3-12x12.webp 12w, https:\/\/jinhuaceramic.com\/wp-content\/uploads\/2024\/11\/Customized-Ceramic-Stackable-Baking-Dish-Set-Commercial-Bakeware-Supplies-3-285x285.webp 285w, https:\/\/jinhuaceramic.com\/wp-content\/uploads\/2024\/11\/Customized-Ceramic-Stackable-Baking-Dish-Set-Commercial-Bakeware-Supplies-3-270x270.webp 270w, https:\/\/jinhuaceramic.com\/wp-content\/uploads\/2024\/11\/Customized-Ceramic-Stackable-Baking-Dish-Set-Commercial-Bakeware-Supplies-3-540x540.webp 540w, https:\/\/jinhuaceramic.com\/wp-content\/uploads\/2024\/11\/Customized-Ceramic-Stackable-Baking-Dish-Set-Commercial-Bakeware-Supplies-3-660x660.webp 660w\" sizes=\"(max-width: 1024px) 100vw, 1024px\" \/><\/figure>\n<\/div>\n<\/div>\n\n\n\n<p><\/p>","protected":false},"excerpt":{"rendered":"<p>Willkommen zum Kauf von Keramik-Backformen Gro\u00dfhandel. Diese benutzerdefinierte Gr\u00f6\u00dfe Backformen Set haben rote und wei\u00dfe Kontrastfarbe, stapelbar Design, langlebige Keramik-Material, und praktische Griff-Design. Wenn Sie eine qualitativ hochwertige Backform, die sch\u00f6n, praktisch und langlebig ist, ist diese Keramik-Backform Set sicherlich die beste Wahl zu bekommen.<\/p>","protected":false},"featured_media":6992,"comment_status":"closed","ping_status":"closed","template":"","meta":{"_acf_changed":false},"product_brand":[],"product_cat":[53],"product_tag":[71],"class_list":{"0":"post-6989","1":"product","2":"type-product","3":"status-publish","4":"has-post-thumbnail","6":"product_cat-bakeware-in-bulk","7":"product_tag-wholesale-baking-pans","9":"first","10":"instock","11":"shipping-taxable","12":"product-type-simple"},"acf":[],"_links":{"self":[{"href":"https:\/\/jinhuaceramic.com\/de\/wp-json\/wp\/v2\/product\/6989","targetHints":{"allow":["GET"]}}],"collection":[{"href":"https:\/\/jinhuaceramic.com\/de\/wp-json\/wp\/v2\/product"}],"about":[{"href":"https:\/\/jinhuaceramic.com\/de\/wp-json\/wp\/v2\/types\/product"}],"replies":[{"embeddable":true,"href":"https:\/\/jinhuaceramic.com\/de\/wp-json\/wp\/v2\/comments?post=6989"}],"version-history":[{"count":0,"href":"https:\/\/jinhuaceramic.com\/de\/wp-json\/wp\/v2\/product\/6989\/revisions"}],"wp:featuredmedia":[{"embeddable":true,"href":"https:\/\/jinhuaceramic.com\/de\/wp-json\/wp\/v2\/media\/6992"}],"wp:attachment":[{"href":"https:\/\/jinhuaceramic.com\/de\/wp-json\/wp\/v2\/media?parent=6989"}],"wp:term":[{"taxonomy":"product_brand","embeddable":true,"href":"https:\/\/jinhuaceramic.com\/de\/wp-json\/wp\/v2\/product_brand?post=6989"},{"taxonomy":"product_cat","embeddable":true,"href":"https:\/\/jinhuaceramic.com\/de\/wp-json\/wp\/v2\/product_cat?post=6989"},{"taxonomy":"product_tag","embeddable":true,"href":"https:\/\/jinhuaceramic.com\/de\/wp-json\/wp\/v2\/product_tag?post=6989"}],"curies":[{"name":"wp","href":"https:\/\/api.w.org\/{rel}","templated":true}]}}