{"id":7030,"date":"2024-11-09T08:59:46","date_gmt":"2024-11-09T08:59:46","guid":{"rendered":"https:\/\/jinhuaceramic.com\/?post_type=product&#038;p=7030"},"modified":"2025-03-10T09:00:29","modified_gmt":"2025-03-10T09:00:29","slug":"square-baking-pans-wholesale","status":"publish","type":"product","link":"https:\/\/jinhuaceramic.com\/de\/product\/square-baking-pans-wholesale\/","title":{"rendered":"Keramische quadratische Backformen Gro\u00dfhandel Professionelle Backformen Zubeh\u00f6r"},"content":{"rendered":"<div class=\"wp-block-columns is-layout-flex wp-container-core-columns-is-layout-9d6595d7 wp-block-columns-is-layout-flex\">\n<div class=\"wp-block-column is-layout-flow wp-block-column-is-layout-flow\">\n<h3 class=\"wp-block-heading\">Premium Square Backformen Gro\u00dfhandel Merkmale:<\/h3>\n\n\n\n<ul class=\"wp-block-list\">\n<li><strong>Elegantes Design: <\/strong>Diese quadratischen Keramik-Backformen f\u00fcr den Gro\u00dfhandel haben ein zweifarbiges Design. Die Au\u00dfenseite der Backform ist farbig, die Innenseite, die mit den Lebensmitteln in Ber\u00fchrung kommt, ist einheitlich wei\u00df. Der Kontrast zwischen den beiden Farben ist viel sch\u00f6ner. Kombiniert mit der klassischen quadratischen Form, diese benutzerdefinierte Backformen sind einfach und elegant, geeignet f\u00fcr K\u00fcchen aller Stile.<\/li>\n\n\n\n<li><strong>Hochwertiges Keramikmaterial: <\/strong>Der Rohstoff, der f\u00fcr die Herstellung dieser kundenspezifischen Backformen verwendet wird, ist von hoher Qualit\u00e4t, ohne Chemikalien und unsch\u00e4dlich f\u00fcr die menschliche Gesundheit. Im Vergleich zu Metall oder Silikon-Backblech, ist Keramik-Backformen hart und verschlei\u00dffest, nicht leicht zu zerkratzen und genie\u00dft eine lange Lebensdauer.<\/li>\n\n\n\n<li><strong>Bunt Optional: <\/strong>Diese quadratischen Backformen Gro\u00dfhandel sind in verschiedenen Farben, zum Beispiel, blau, himmelblau, wei\u00df, rot, dunkelgr\u00fcn, unter anderem zur Verf\u00fcgung. Als Hersteller k\u00f6nnen wir auch andere Farben auf der Grundlage der Anforderungen der Kunden anpassen.<\/li>\n\n\n\n<li><strong>Starke Praktikabilit\u00e4t: <\/strong>Diese kundenspezifischen Keramik-Backformen k\u00f6nnen in vielen Kochumgebungen eingesetzt werden, wie z. B. in \u00d6fen, Mikrowellen und K\u00fchlschr\u00e4nken, aber nicht nur dort. Sie k\u00f6nnen zum Braten von Fleisch, zum Backen von Reis, zur Zubereitung von Desserts usw. verwendet werden. Die Glasur der Backformen ist glatt und antihaftbeschichtet, so dass die Reinigung sehr einfach ist. Der Griff ist ergonomisch und rutschfest, was das Aufnehmen und Bewegen sehr bequem macht.<\/li>\n<\/ul>\n<\/div>\n\n\n\n<div class=\"wp-block-column is-layout-flow wp-block-column-is-layout-flow\">\n<figure class=\"wp-block-image size-full\"><img fetchpriority=\"high\" decoding=\"async\" width=\"1001\" height=\"1001\" src=\"https:\/\/jinhuaceramic.com\/wp-content\/uploads\/2024\/11\/Custom-Square-Ceramic-Baking-Dish-Wholesale-Professional-Bakeware-Supplies-3.webp\" alt=\"Keramische quadratische Backformen Gro\u00dfhandel, Bulk-Backwaren Supply-1\" class=\"wp-image-7032\" srcset=\"https:\/\/jinhuaceramic.com\/wp-content\/uploads\/2024\/11\/Custom-Square-Ceramic-Baking-Dish-Wholesale-Professional-Bakeware-Supplies-3.webp 1001w, https:\/\/jinhuaceramic.com\/wp-content\/uploads\/2024\/11\/Custom-Square-Ceramic-Baking-Dish-Wholesale-Professional-Bakeware-Supplies-3-300x300.webp 300w, https:\/\/jinhuaceramic.com\/wp-content\/uploads\/2024\/11\/Custom-Square-Ceramic-Baking-Dish-Wholesale-Professional-Bakeware-Supplies-3-150x150.webp 150w, https:\/\/jinhuaceramic.com\/wp-content\/uploads\/2024\/11\/Custom-Square-Ceramic-Baking-Dish-Wholesale-Professional-Bakeware-Supplies-3-768x768.webp 768w, https:\/\/jinhuaceramic.com\/wp-content\/uploads\/2024\/11\/Custom-Square-Ceramic-Baking-Dish-Wholesale-Professional-Bakeware-Supplies-3-12x12.webp 12w, https:\/\/jinhuaceramic.com\/wp-content\/uploads\/2024\/11\/Custom-Square-Ceramic-Baking-Dish-Wholesale-Professional-Bakeware-Supplies-3-285x285.webp 285w, https:\/\/jinhuaceramic.com\/wp-content\/uploads\/2024\/11\/Custom-Square-Ceramic-Baking-Dish-Wholesale-Professional-Bakeware-Supplies-3-270x270.webp 270w, https:\/\/jinhuaceramic.com\/wp-content\/uploads\/2024\/11\/Custom-Square-Ceramic-Baking-Dish-Wholesale-Professional-Bakeware-Supplies-3-540x540.webp 540w, https:\/\/jinhuaceramic.com\/wp-content\/uploads\/2024\/11\/Custom-Square-Ceramic-Baking-Dish-Wholesale-Professional-Bakeware-Supplies-3-660x660.webp 660w\" sizes=\"(max-width: 1001px) 100vw, 1001px\" \/><\/figure>\n<\/div>\n<\/div>","protected":false},"excerpt":{"rendered":"<p>Willkommen auf benutzerdefinierte Backform kaufen. Diese quadratischen Backformen aus Keramik sind sowohl \u00e4sthetisch ansprechend als auch praktisch. Aufgrund ihrer hervorragenden Best\u00e4ndigkeit gegen Hitze- und K\u00e4lteschocks k\u00f6nnen sie direkt in den Ofen, in die Mikrowelle, in den K\u00fchlschrank und in die Sp\u00fclmaschine gestellt werden. Au\u00dferdem sind sie aufgrund ihrer ungiftigen, verschlei\u00dffesten und leicht zu reinigenden Eigenschaften sehr praktisch in der K\u00fcche.<\/p>","protected":false},"featured_media":7031,"comment_status":"closed","ping_status":"closed","template":"","meta":{"_acf_changed":false},"product_brand":[],"product_cat":[53],"product_tag":[71],"class_list":{"0":"post-7030","1":"product","2":"type-product","3":"status-publish","4":"has-post-thumbnail","6":"product_cat-bakeware-in-bulk","7":"product_tag-wholesale-baking-pans","9":"first","10":"instock","11":"shipping-taxable","12":"product-type-simple"},"acf":[],"_links":{"self":[{"href":"https:\/\/jinhuaceramic.com\/de\/wp-json\/wp\/v2\/product\/7030","targetHints":{"allow":["GET"]}}],"collection":[{"href":"https:\/\/jinhuaceramic.com\/de\/wp-json\/wp\/v2\/product"}],"about":[{"href":"https:\/\/jinhuaceramic.com\/de\/wp-json\/wp\/v2\/types\/product"}],"replies":[{"embeddable":true,"href":"https:\/\/jinhuaceramic.com\/de\/wp-json\/wp\/v2\/comments?post=7030"}],"version-history":[{"count":0,"href":"https:\/\/jinhuaceramic.com\/de\/wp-json\/wp\/v2\/product\/7030\/revisions"}],"wp:featuredmedia":[{"embeddable":true,"href":"https:\/\/jinhuaceramic.com\/de\/wp-json\/wp\/v2\/media\/7031"}],"wp:attachment":[{"href":"https:\/\/jinhuaceramic.com\/de\/wp-json\/wp\/v2\/media?parent=7030"}],"wp:term":[{"taxonomy":"product_brand","embeddable":true,"href":"https:\/\/jinhuaceramic.com\/de\/wp-json\/wp\/v2\/product_brand?post=7030"},{"taxonomy":"product_cat","embeddable":true,"href":"https:\/\/jinhuaceramic.com\/de\/wp-json\/wp\/v2\/product_cat?post=7030"},{"taxonomy":"product_tag","embeddable":true,"href":"https:\/\/jinhuaceramic.com\/de\/wp-json\/wp\/v2\/product_tag?post=7030"}],"curies":[{"name":"wp","href":"https:\/\/api.w.org\/{rel}","templated":true}]}}