{"id":7043,"date":"2024-11-09T09:09:02","date_gmt":"2024-11-09T09:09:02","guid":{"rendered":"https:\/\/jinhuaceramic.com\/?post_type=product&#038;p=7043"},"modified":"2024-11-09T09:09:04","modified_gmt":"2024-11-09T09:09:04","slug":"bulk-bath-accessories","status":"publish","type":"product","link":"https:\/\/jinhuaceramic.com\/de\/product\/bulk-bath-accessories\/","title":{"rendered":"Modernes Badzubeh\u00f6r, Keramik-Badezimmer-Set Gro\u00dfhandel"},"content":{"rendered":"<div class=\"wp-block-columns is-layout-flex wp-container-core-columns-is-layout-9d6595d7 wp-block-columns-is-layout-flex\">\n<div class=\"wp-block-column is-layout-flow wp-block-column-is-layout-flow\">\n<h3 class=\"wp-block-heading\">Premium Bulk Bad-Accessoires Eigenschaften:<\/h3>\n\n\n\n<ul class=\"wp-block-list\">\n<li><strong>Elegantes Design: <\/strong>Diese keramischen Badaccessoires in reinem Wei\u00df und mit stromlinienf\u00f6rmigem Aussehen vermitteln den Menschen ein sauberes und erfrischendes Gef\u00fchl und lassen sich gut in die Badezimmerumgebung integrieren. Das einzigartige Design der geb\u00fcrsteten Textur auf der Oberfl\u00e4che erh\u00f6ht die Textur des Produkts und hat auch eine Anti-Rutsch-Effekt.<\/li>\n\n\n\n<li><strong>Hochwertiges Material: <\/strong>Diese modernen Gro\u00dfhandels-Badezimmer-Sets sind von erstklassiger Qualit\u00e4t und bestehen aus hochwertigem Keramikmaterial, das gegen hohe Temperaturen und Korrosion best\u00e4ndig und leicht zu reinigen ist. Daher sind sie sehr geeignet f\u00fcr Badezimmer Umgebungen. Keramische Materialien enthalten kein Blei oder Aluminium und sind unbedenklich f\u00fcr die menschliche Gesundheit.<\/li>\n\n\n\n<li><strong>Vollst\u00e4ndiger Satz: <\/strong>Diese gro\u00dfen Badaccessoires umfassen Seifenflaschen, Zahnb\u00fcrstenhalter, Mundsp\u00fclbecher, Seifenschalen und Tabletts, in denen sich alles aufbewahren und waschen l\u00e4sst, was im Bad ben\u00f6tigt wird. Jedes Zubeh\u00f6rteil ist in einer vern\u00fcnftigen und einfachen Art und Weise zu verwenden, vor allem, das Tablett kann andere Accessoires f\u00fcr die Herstellung von B\u00e4dern ordentlich zu halten.<\/li>\n\n\n\n<li><strong>Gro\u00dfhandel &amp; Personalisierung: <\/strong>Unsere Fabrik bietet Rabatte f\u00fcr Gro\u00dfbestellungen, um den Anforderungen von H\u00e4ndlern gerecht zu werden, die Badezimmer-Sets im Gro\u00dfhandel kaufen m\u00f6chten. Dar\u00fcber hinaus k\u00f6nnen wir personalisierte Anpassungsdienste anbieten, die die Anpassung von Logos, Farben, Gr\u00f6\u00dfen, Mustern usw. umfassen, um ein einzigartiges Badezimmerzubeh\u00f6rset zu entwickeln.<\/li>\n<\/ul>\n<\/div>\n\n\n\n<div class=\"wp-block-column is-layout-flow wp-block-column-is-layout-flow\">\n<figure class=\"wp-block-image size-full\"><img fetchpriority=\"high\" decoding=\"async\" width=\"1085\" height=\"1085\" src=\"https:\/\/jinhuaceramic.com\/wp-content\/uploads\/2024\/11\/Modern-Custom-Ceramic-Bathroom-Set-Hotel-Accessories-Supplies-5.webp\" alt=\"Moderne Badaccessoires in Gro\u00dfpackungen, Keramik-Badezimmersets im Gro\u00dfhandel-1\" class=\"wp-image-7047\" srcset=\"https:\/\/jinhuaceramic.com\/wp-content\/uploads\/2024\/11\/Modern-Custom-Ceramic-Bathroom-Set-Hotel-Accessories-Supplies-5.webp 1085w, https:\/\/jinhuaceramic.com\/wp-content\/uploads\/2024\/11\/Modern-Custom-Ceramic-Bathroom-Set-Hotel-Accessories-Supplies-5-300x300.webp 300w, https:\/\/jinhuaceramic.com\/wp-content\/uploads\/2024\/11\/Modern-Custom-Ceramic-Bathroom-Set-Hotel-Accessories-Supplies-5-150x150.webp 150w, https:\/\/jinhuaceramic.com\/wp-content\/uploads\/2024\/11\/Modern-Custom-Ceramic-Bathroom-Set-Hotel-Accessories-Supplies-5-768x768.webp 768w, https:\/\/jinhuaceramic.com\/wp-content\/uploads\/2024\/11\/Modern-Custom-Ceramic-Bathroom-Set-Hotel-Accessories-Supplies-5-12x12.webp 12w, https:\/\/jinhuaceramic.com\/wp-content\/uploads\/2024\/11\/Modern-Custom-Ceramic-Bathroom-Set-Hotel-Accessories-Supplies-5-285x285.webp 285w, https:\/\/jinhuaceramic.com\/wp-content\/uploads\/2024\/11\/Modern-Custom-Ceramic-Bathroom-Set-Hotel-Accessories-Supplies-5-270x270.webp 270w, https:\/\/jinhuaceramic.com\/wp-content\/uploads\/2024\/11\/Modern-Custom-Ceramic-Bathroom-Set-Hotel-Accessories-Supplies-5-540x540.webp 540w, https:\/\/jinhuaceramic.com\/wp-content\/uploads\/2024\/11\/Modern-Custom-Ceramic-Bathroom-Set-Hotel-Accessories-Supplies-5-660x660.webp 660w\" sizes=\"(max-width: 1085px) 100vw, 1085px\" \/><\/figure>\n<\/div>\n<\/div>","protected":false},"excerpt":{"rendered":"<p>Kauf Gro\u00dfhandel Bad-Sets aus der Fabrik. Diese modernen Gro\u00df Bad-Accessoires sind zart gestaltet vielseitig und langlebig. Sie sind f\u00fcr die Lagerung und das Waschen im Bad geeignet. Das Bad-Set ist nicht nur bequem, sondern macht auch das Bad mehr ordentlich und sch\u00f6n, die sehr geeignet f\u00fcr Menschen, die eine Lebensqualit\u00e4t ist.<\/p>","protected":false},"featured_media":7048,"comment_status":"closed","ping_status":"closed","template":"","meta":{"_acf_changed":false},"product_brand":[],"product_cat":[51],"product_tag":[],"class_list":{"0":"post-7043","1":"product","2":"type-product","3":"status-publish","4":"has-post-thumbnail","6":"product_cat-bathroom-accessories-wholesale","8":"first","9":"instock","10":"shipping-taxable","11":"product-type-simple"},"acf":[],"_links":{"self":[{"href":"https:\/\/jinhuaceramic.com\/de\/wp-json\/wp\/v2\/product\/7043","targetHints":{"allow":["GET"]}}],"collection":[{"href":"https:\/\/jinhuaceramic.com\/de\/wp-json\/wp\/v2\/product"}],"about":[{"href":"https:\/\/jinhuaceramic.com\/de\/wp-json\/wp\/v2\/types\/product"}],"replies":[{"embeddable":true,"href":"https:\/\/jinhuaceramic.com\/de\/wp-json\/wp\/v2\/comments?post=7043"}],"version-history":[{"count":0,"href":"https:\/\/jinhuaceramic.com\/de\/wp-json\/wp\/v2\/product\/7043\/revisions"}],"wp:featuredmedia":[{"embeddable":true,"href":"https:\/\/jinhuaceramic.com\/de\/wp-json\/wp\/v2\/media\/7048"}],"wp:attachment":[{"href":"https:\/\/jinhuaceramic.com\/de\/wp-json\/wp\/v2\/media?parent=7043"}],"wp:term":[{"taxonomy":"product_brand","embeddable":true,"href":"https:\/\/jinhuaceramic.com\/de\/wp-json\/wp\/v2\/product_brand?post=7043"},{"taxonomy":"product_cat","embeddable":true,"href":"https:\/\/jinhuaceramic.com\/de\/wp-json\/wp\/v2\/product_cat?post=7043"},{"taxonomy":"product_tag","embeddable":true,"href":"https:\/\/jinhuaceramic.com\/de\/wp-json\/wp\/v2\/product_tag?post=7043"}],"curies":[{"name":"wp","href":"https:\/\/api.w.org\/{rel}","templated":true}]}}