{"id":7058,"date":"2024-11-14T02:17:04","date_gmt":"2024-11-14T02:17:04","guid":{"rendered":"https:\/\/jinhuaceramic.com\/?post_type=product&#038;p=7058"},"modified":"2025-03-11T07:55:39","modified_gmt":"2025-03-11T07:55:39","slug":"pie-pans-bulk","status":"publish","type":"product","link":"https:\/\/jinhuaceramic.com\/de\/product\/pie-pans-bulk\/","title":{"rendered":"Runde keramische Kuchenpfannen Bulk, Gro\u00dfhandel Kuchenbacken Pfannen"},"content":{"rendered":"<div class=\"wp-block-columns is-layout-flex wp-container-core-columns-is-layout-9d6595d7 wp-block-columns-is-layout-flex\">\n<div class=\"wp-block-column is-layout-flow wp-block-column-is-layout-flow\">\n<h3 class=\"wp-block-heading\">Premium-Kuchenformen, Gro\u00dfpackung Eigenschaften:<\/h3>\n\n\n\n<ul class=\"wp-block-list\">\n<li><strong>Elegantes Design:<\/strong> Diese Keramik-Kuchenformen haben einen gewellten Rand, der die \u00c4sthetik der Kuchenform erh\u00f6ht und sie beim Einlegen von Lebensmitteln mehrschichtiger macht. Das strukturierte Design an der Au\u00dfenseite unterstreicht das elegante Aussehen der Kuchenform zus\u00e4tzlich. Die wei\u00dfe Keramik, die als Material f\u00fcr die Herstellung der Kuchenform verwendet wird, ist sauberer und gepflegter. Das Design eignet sich nicht nur f\u00fcr den privaten Gebrauch, sondern auch hervorragend f\u00fcr den Einsatz in gewerblichen Einrichtungen wie Restaurants oder Caf\u00e9s, um den Speisen einen zus\u00e4tzlichen Hauch von Klasse zu verleihen.<\/li>\n\n\n\n<li><strong>Hochwertiges keramisches Material: <\/strong>Diese runden Kuchenbackformen f\u00fcr den Gro\u00dfhandel sind extrem hitzebest\u00e4ndig. Sie verformen sich nicht und bekommen keine Risse, selbst wenn sie hohen Temperaturen ausgesetzt sind. Gleichzeitig ist die W\u00e4rmeleitf\u00e4higkeit von Keramik gleichm\u00e4\u00dfig, sodass die Temperatur der Speisen gleichm\u00e4\u00dfig bleibt und ein \u00dcberhitzen oder unvollst\u00e4ndiges Backen vermieden wird.<\/li>\n\n\n\n<li><strong>Perfekte Gr\u00f6\u00dfe:<\/strong> Diese runden Keramik-Kuchenformen im Gro\u00dfpack haben jeweils einen Durchmesser von 25 cm und eine Tiefe von 18 cm und sind damit ideal f\u00fcr alle Ihre Backvorhaben. Mit einem Fassungsverm\u00f6gen von 1,4 Litern eignen sie sich perfekt f\u00fcr mittelgro\u00dfe Kuchen oder andere Backwaren.<\/li>\n\n\n\n<li><strong>Antihaftbeschichtet und leicht zu reinigen: <\/strong>Hochwertige Keramik-Backformen f\u00fcr Kuchen haben eine glatte Oberfl\u00e4che und sind nicht leicht anzubacken. So lassen sich die Backwaren nach dem Backen leicht aus der Form l\u00f6sen. Au\u00dferdem nimmt die Keramikoberfl\u00e4che kein \u00d6l auf und hinterl\u00e4sst keine hartn\u00e4ckigen Flecken. So lassen sie sich m\u00fchelos von Hand oder in der Sp\u00fclmaschine reinigen.<\/li>\n<\/ul>\n<\/div>\n\n\n\n<div class=\"wp-block-column is-layout-flow wp-block-column-is-layout-flow\">\n<figure class=\"wp-block-image size-full\"><img fetchpriority=\"high\" decoding=\"async\" width=\"1000\" height=\"1000\" src=\"https:\/\/jinhuaceramic.com\/wp-content\/uploads\/2024\/11\/Wholesale-Ceramic-Pie-Pan-Round-Baking-Dish-Custom-Bakeware-Supplies-2.webp\" alt=\"Runde keramische Kuchenformen Bulk, Gro\u00dfhandel Kuchen backen Pfannen-1\" class=\"wp-image-7059\" srcset=\"https:\/\/jinhuaceramic.com\/wp-content\/uploads\/2024\/11\/Wholesale-Ceramic-Pie-Pan-Round-Baking-Dish-Custom-Bakeware-Supplies-2.webp 1000w, https:\/\/jinhuaceramic.com\/wp-content\/uploads\/2024\/11\/Wholesale-Ceramic-Pie-Pan-Round-Baking-Dish-Custom-Bakeware-Supplies-2-300x300.webp 300w, https:\/\/jinhuaceramic.com\/wp-content\/uploads\/2024\/11\/Wholesale-Ceramic-Pie-Pan-Round-Baking-Dish-Custom-Bakeware-Supplies-2-150x150.webp 150w, https:\/\/jinhuaceramic.com\/wp-content\/uploads\/2024\/11\/Wholesale-Ceramic-Pie-Pan-Round-Baking-Dish-Custom-Bakeware-Supplies-2-768x768.webp 768w, https:\/\/jinhuaceramic.com\/wp-content\/uploads\/2024\/11\/Wholesale-Ceramic-Pie-Pan-Round-Baking-Dish-Custom-Bakeware-Supplies-2-12x12.webp 12w, https:\/\/jinhuaceramic.com\/wp-content\/uploads\/2024\/11\/Wholesale-Ceramic-Pie-Pan-Round-Baking-Dish-Custom-Bakeware-Supplies-2-285x285.webp 285w, https:\/\/jinhuaceramic.com\/wp-content\/uploads\/2024\/11\/Wholesale-Ceramic-Pie-Pan-Round-Baking-Dish-Custom-Bakeware-Supplies-2-270x270.webp 270w, https:\/\/jinhuaceramic.com\/wp-content\/uploads\/2024\/11\/Wholesale-Ceramic-Pie-Pan-Round-Baking-Dish-Custom-Bakeware-Supplies-2-540x540.webp 540w, https:\/\/jinhuaceramic.com\/wp-content\/uploads\/2024\/11\/Wholesale-Ceramic-Pie-Pan-Round-Baking-Dish-Custom-Bakeware-Supplies-2-660x660.webp 660w\" sizes=\"(max-width: 1000px) 100vw, 1000px\" \/><\/figure>\n<\/div>\n<\/div>","protected":false},"excerpt":{"rendered":"<p>Willkommen beim Kauf von Keramik-Kuchenformen in Gro\u00dfmengen. Diese Gro\u00dfhandels-Kuchenbackformen sind sehr praktische K\u00fcchenutensilien. Zu den Vorteilen geh\u00f6ren hohe Temperaturbest\u00e4ndigkeit, Antihaftbeschichtung, Sicherheit und Gesundheit sowie ein ansprechendes Aussehen. Diese Kuchenform verbindet auf perfekte Weise Funktionalit\u00e4t mit ansprechendem Aussehen, was nicht nur mehr Spa\u00df beim Backen bringt, sondern auch der K\u00fcche eine elegante Note verleiht.<\/p>","protected":false},"featured_media":7060,"comment_status":"closed","ping_status":"closed","template":"","meta":{"_acf_changed":false},"product_brand":[],"product_cat":[53],"product_tag":[70],"class_list":{"0":"post-7058","1":"product","2":"type-product","3":"status-publish","4":"has-post-thumbnail","6":"product_cat-bakeware-in-bulk","7":"product_tag-custom-pie-pans","9":"first","10":"instock","11":"shipping-taxable","12":"product-type-simple"},"acf":[],"_links":{"self":[{"href":"https:\/\/jinhuaceramic.com\/de\/wp-json\/wp\/v2\/product\/7058","targetHints":{"allow":["GET"]}}],"collection":[{"href":"https:\/\/jinhuaceramic.com\/de\/wp-json\/wp\/v2\/product"}],"about":[{"href":"https:\/\/jinhuaceramic.com\/de\/wp-json\/wp\/v2\/types\/product"}],"replies":[{"embeddable":true,"href":"https:\/\/jinhuaceramic.com\/de\/wp-json\/wp\/v2\/comments?post=7058"}],"version-history":[{"count":0,"href":"https:\/\/jinhuaceramic.com\/de\/wp-json\/wp\/v2\/product\/7058\/revisions"}],"wp:featuredmedia":[{"embeddable":true,"href":"https:\/\/jinhuaceramic.com\/de\/wp-json\/wp\/v2\/media\/7060"}],"wp:attachment":[{"href":"https:\/\/jinhuaceramic.com\/de\/wp-json\/wp\/v2\/media?parent=7058"}],"wp:term":[{"taxonomy":"product_brand","embeddable":true,"href":"https:\/\/jinhuaceramic.com\/de\/wp-json\/wp\/v2\/product_brand?post=7058"},{"taxonomy":"product_cat","embeddable":true,"href":"https:\/\/jinhuaceramic.com\/de\/wp-json\/wp\/v2\/product_cat?post=7058"},{"taxonomy":"product_tag","embeddable":true,"href":"https:\/\/jinhuaceramic.com\/de\/wp-json\/wp\/v2\/product_tag?post=7058"}],"curies":[{"name":"wp","href":"https:\/\/api.w.org\/{rel}","templated":true}]}}