{"id":7075,"date":"2024-11-14T02:55:22","date_gmt":"2024-11-14T02:55:22","guid":{"rendered":"https:\/\/jinhuaceramic.com\/?post_type=product&#038;p=7075"},"modified":"2025-03-10T08:57:14","modified_gmt":"2025-03-10T08:57:14","slug":"creme-brulee-ramekins-bulk","status":"publish","type":"product","link":"https:\/\/jinhuaceramic.com\/de\/product\/creme-brulee-ramekins-bulk\/","title":{"rendered":"Keramik Creme Brulee Ramekins Bulk, Restaurant Versorgung Ramekins"},"content":{"rendered":"<div class=\"wp-block-columns is-layout-flex wp-container-core-columns-is-layout-9d6595d7 wp-block-columns-is-layout-flex\">\n<div class=\"wp-block-column is-layout-flow wp-block-column-is-layout-flow\">\n<h3 class=\"wp-block-heading\">Premium Creme Brulee Ramekins Bulk Eigenschaften:<\/h3>\n\n\n\n<ul class=\"wp-block-list\">\n<li><strong>Stilvolles Design: <\/strong>Die Au\u00dfenseite der keramischen Creme Brulee Auflaufformen hat ein Streifendesign, das vertikal und klassisch im Stil ist. Es macht sie sch\u00f6ner und erh\u00f6ht gleichzeitig die Reibung, damit sie bequem in die Hand genommen werden k\u00f6nnen. Weiche Farbserie einschlie\u00dflich, aber nicht beschr\u00e4nkt auf, himmelblau, mintgr\u00fcn, lila, rosa, etc. Sie k\u00f6nnen nicht nur zum Backen verwendet werden, sondern auch zur Dekoration auf dem Esstisch, um das Esserlebnis zu verbessern.<\/li>\n\n\n\n<li><strong>Hochwertiges keramisches Material: <\/strong>Unsere Restaurant Versorgung Auflaufformen Gro\u00dfhandel mit Deckel sind aus hochwertigem Keramik-Ton bei hoher Temperatur gebrannt, die hitzebest\u00e4ndig, langlebig, ungiftig und harmlos, sicher f\u00fcr Lebensmittelkontakt ist. Die glatte Oberfl\u00e4che der Keramik wird nicht an Lebensmitteln haften und ist leicht zu reinigen.<\/li>\n\n\n\n<li><strong>Vielseitigkeit: <\/strong>Unsere keramischen Creme-Brulee-F\u00f6rmchen mit Deckel k\u00f6nnen zum Backen vieler Arten von Desserts wie Creme Brulee, Souffle, K\u00e4sekuchen usw. verwendet werden, aber auch als Eisbecher, Puddingbecher oder zum Dippen von So\u00dfen.<\/li>\n\n\n\n<li><strong>Praktischer Deckel: <\/strong>Diese Restaurant Versorgung Gro\u00dfhandel Auflauff\u00f6rmchen kommen mit dicht schlie\u00dfenden Deckel, die effektiv verhindern, dass der Geschmack von Lebensmitteln auslaufen k\u00f6nnte und kann auch k\u00fchlen oder W\u00e4rme Lebensmittel.<\/li>\n<\/ul>\n<\/div>\n\n\n\n<div class=\"wp-block-column is-layout-flow wp-block-column-is-layout-flow\">\n<figure class=\"wp-block-image size-full\"><img fetchpriority=\"high\" decoding=\"async\" width=\"800\" height=\"800\" src=\"https:\/\/jinhuaceramic.com\/wp-content\/uploads\/2024\/11\/Bulk-Ceramic-Creme-Brulee-Ramekin-With-Lid-Wholesale-Souffle-Baking-Cup-6.webp\" alt=\"Keramische Creme Brulee-Ramekins Bulk, Restaurant Versorgung Ramekins-1\" class=\"wp-image-7080\" srcset=\"https:\/\/jinhuaceramic.com\/wp-content\/uploads\/2024\/11\/Bulk-Ceramic-Creme-Brulee-Ramekin-With-Lid-Wholesale-Souffle-Baking-Cup-6.webp 800w, https:\/\/jinhuaceramic.com\/wp-content\/uploads\/2024\/11\/Bulk-Ceramic-Creme-Brulee-Ramekin-With-Lid-Wholesale-Souffle-Baking-Cup-6-300x300.webp 300w, https:\/\/jinhuaceramic.com\/wp-content\/uploads\/2024\/11\/Bulk-Ceramic-Creme-Brulee-Ramekin-With-Lid-Wholesale-Souffle-Baking-Cup-6-150x150.webp 150w, https:\/\/jinhuaceramic.com\/wp-content\/uploads\/2024\/11\/Bulk-Ceramic-Creme-Brulee-Ramekin-With-Lid-Wholesale-Souffle-Baking-Cup-6-768x768.webp 768w, https:\/\/jinhuaceramic.com\/wp-content\/uploads\/2024\/11\/Bulk-Ceramic-Creme-Brulee-Ramekin-With-Lid-Wholesale-Souffle-Baking-Cup-6-12x12.webp 12w, https:\/\/jinhuaceramic.com\/wp-content\/uploads\/2024\/11\/Bulk-Ceramic-Creme-Brulee-Ramekin-With-Lid-Wholesale-Souffle-Baking-Cup-6-285x285.webp 285w, https:\/\/jinhuaceramic.com\/wp-content\/uploads\/2024\/11\/Bulk-Ceramic-Creme-Brulee-Ramekin-With-Lid-Wholesale-Souffle-Baking-Cup-6-270x270.webp 270w, https:\/\/jinhuaceramic.com\/wp-content\/uploads\/2024\/11\/Bulk-Ceramic-Creme-Brulee-Ramekin-With-Lid-Wholesale-Souffle-Baking-Cup-6-540x540.webp 540w, https:\/\/jinhuaceramic.com\/wp-content\/uploads\/2024\/11\/Bulk-Ceramic-Creme-Brulee-Ramekin-With-Lid-Wholesale-Souffle-Baking-Cup-6-660x660.webp 660w\" sizes=\"(max-width: 800px) 100vw, 800px\" \/><\/figure>\n<\/div>\n<\/div>","protected":false},"excerpt":{"rendered":"<p>Willkommen im Restaurant Versorgung Auflaufformen Gro\u00dfhandel zu kaufen. Diese keramischen Creme Brulee Auflauff\u00f6rmchen Masse mit Deckel Rang erste auf dem Markt durch verschiedene Farben, modisches Aussehen, langlebiges Material aus Keramik und Vielseitigkeit. Diese Auflaufformen sind nicht nur praktisch, sondern auch sch\u00f6n, so ein unverzichtbares Werkzeug beim Backen in einer K\u00fcche geworden.<\/p>","protected":false},"featured_media":7078,"comment_status":"closed","ping_status":"closed","template":"","meta":{"_acf_changed":false},"product_brand":[],"product_cat":[53],"product_tag":[69],"class_list":{"0":"post-7075","1":"product","2":"type-product","3":"status-publish","4":"has-post-thumbnail","6":"product_cat-bakeware-in-bulk","7":"product_tag-bulk-ramekins","9":"first","10":"instock","11":"shipping-taxable","12":"product-type-simple"},"acf":[],"_links":{"self":[{"href":"https:\/\/jinhuaceramic.com\/de\/wp-json\/wp\/v2\/product\/7075","targetHints":{"allow":["GET"]}}],"collection":[{"href":"https:\/\/jinhuaceramic.com\/de\/wp-json\/wp\/v2\/product"}],"about":[{"href":"https:\/\/jinhuaceramic.com\/de\/wp-json\/wp\/v2\/types\/product"}],"replies":[{"embeddable":true,"href":"https:\/\/jinhuaceramic.com\/de\/wp-json\/wp\/v2\/comments?post=7075"}],"version-history":[{"count":0,"href":"https:\/\/jinhuaceramic.com\/de\/wp-json\/wp\/v2\/product\/7075\/revisions"}],"wp:featuredmedia":[{"embeddable":true,"href":"https:\/\/jinhuaceramic.com\/de\/wp-json\/wp\/v2\/media\/7078"}],"wp:attachment":[{"href":"https:\/\/jinhuaceramic.com\/de\/wp-json\/wp\/v2\/media?parent=7075"}],"wp:term":[{"taxonomy":"product_brand","embeddable":true,"href":"https:\/\/jinhuaceramic.com\/de\/wp-json\/wp\/v2\/product_brand?post=7075"},{"taxonomy":"product_cat","embeddable":true,"href":"https:\/\/jinhuaceramic.com\/de\/wp-json\/wp\/v2\/product_cat?post=7075"},{"taxonomy":"product_tag","embeddable":true,"href":"https:\/\/jinhuaceramic.com\/de\/wp-json\/wp\/v2\/product_tag?post=7075"}],"curies":[{"name":"wp","href":"https:\/\/api.w.org\/{rel}","templated":true}]}}