{"id":7120,"date":"2024-11-16T01:38:12","date_gmt":"2024-11-16T01:38:12","guid":{"rendered":"https:\/\/jinhuaceramic.com\/?post_type=product&#038;p=7120"},"modified":"2024-11-16T01:38:14","modified_gmt":"2024-11-16T01:38:14","slug":"soap-dishes-wholesale","status":"publish","type":"product","link":"https:\/\/jinhuaceramic.com\/de\/product\/soap-dishes-wholesale\/","title":{"rendered":"Keramische Lotus Blatt Seifenschalen Gro\u00dfhandel, Badewanne Seifenschale Bulk"},"content":{"rendered":"<div class=\"wp-block-columns is-layout-flex wp-container-core-columns-is-layout-9d6595d7 wp-block-columns-is-layout-flex\">\n<div class=\"wp-block-column is-layout-flow wp-block-column-is-layout-flow\">\n<h3 class=\"wp-block-heading\">Premium Seifenschalen Gro\u00dfhandel Merkmale:<\/h3>\n\n\n\n<ul class=\"wp-block-list\">\n<li><strong>Form eines Lotusblatts:<\/strong> Die Form eines Lotusblatts wird als Design-Inspiration f\u00fcr diese Seifenschalen Gro\u00dfhandel verwendet. Mit klaren Linien auf den Bl\u00e4ttern, hat es gewellte Kanten, die das Design sehr realistisch macht. Es w\u00fcrde die Seifenschale lebendiger und interessanter machen und ihr Frische verleihen, wenn diese Natur integriert ist. Die R\u00e4nder der Seifenschale sind goldumrandet, was zur Exquisit\u00e4t der Seifenschale beitr\u00e4gt, dem Produkt einen Hauch von Luxus verleiht und es vornehm aussehen l\u00e4sst.<\/li>\n\n\n\n<li><strong>Verschiedene Farben: <\/strong>Diese keramischen Seifenschalen f\u00fcr die Badewanne sind in verschiedenen sanften Farben wie Gr\u00fcn, Rosa, Blau usw. sowie in luxuri\u00f6sem Silber und Gold erh\u00e4ltlich. Diese Farben bringen nicht nur einen Hauch von heller Farbe in das Badezimmer, sondern schaffen auch eine Atmosph\u00e4re von W\u00e4rme und Gem\u00fctlichkeit dort.<\/li>\n\n\n\n<li><strong>Hochwertiges keramisches Material: <\/strong>Diese Seifenschalen im Gro\u00dfhandel sind aus hochtemperaturbest\u00e4ndigem, korrosionsbest\u00e4ndigem, leicht abwaschbarem Keramikmaterial hergestellt. Sehr geeignet, um in der Badumgebung verwendet werden. Die keramische Seifenschale ist eine Art gr\u00fcnes, wiederverwendbares Produkt, das die Verwendung von Kunststoffprodukten reduzieren kann.<\/li>\n\n\n\n<li><strong>Drain-Funktion: <\/strong>Diese Lotosblattseifenschalen f\u00fcr die Badewanne verf\u00fcgen \u00fcber spezielle Abflussl\u00f6cher, die die Feuchtigkeit aus der Seife ableiten, damit sie nicht weich wird, was ihre Lebensdauer verl\u00e4ngert.<\/li>\n<\/ul>\n<\/div>\n\n\n\n<div class=\"wp-block-column is-layout-flow wp-block-column-is-layout-flow\">\n<figure class=\"wp-block-image size-full\"><img fetchpriority=\"high\" decoding=\"async\" width=\"1001\" height=\"1001\" src=\"https:\/\/jinhuaceramic.com\/wp-content\/uploads\/2024\/11\/Bulk-Ceramic-Lotus-Leaf-Soap-Dishes-Wholesale-Bathroom-Accessories-Supplies_\u7ed3\u679c.webp\" alt=\"Keramische Lotus Blatt Seifenschalen Gro\u00dfhandel, Badewanne Seifenschale Bulk-1\" class=\"wp-image-7128\" srcset=\"https:\/\/jinhuaceramic.com\/wp-content\/uploads\/2024\/11\/Bulk-Ceramic-Lotus-Leaf-Soap-Dishes-Wholesale-Bathroom-Accessories-Supplies_\u7ed3\u679c.webp 1001w, https:\/\/jinhuaceramic.com\/wp-content\/uploads\/2024\/11\/Bulk-Ceramic-Lotus-Leaf-Soap-Dishes-Wholesale-Bathroom-Accessories-Supplies_\u7ed3\u679c-300x300.webp 300w, https:\/\/jinhuaceramic.com\/wp-content\/uploads\/2024\/11\/Bulk-Ceramic-Lotus-Leaf-Soap-Dishes-Wholesale-Bathroom-Accessories-Supplies_\u7ed3\u679c-150x150.webp 150w, https:\/\/jinhuaceramic.com\/wp-content\/uploads\/2024\/11\/Bulk-Ceramic-Lotus-Leaf-Soap-Dishes-Wholesale-Bathroom-Accessories-Supplies_\u7ed3\u679c-768x768.webp 768w, https:\/\/jinhuaceramic.com\/wp-content\/uploads\/2024\/11\/Bulk-Ceramic-Lotus-Leaf-Soap-Dishes-Wholesale-Bathroom-Accessories-Supplies_\u7ed3\u679c-12x12.webp 12w, https:\/\/jinhuaceramic.com\/wp-content\/uploads\/2024\/11\/Bulk-Ceramic-Lotus-Leaf-Soap-Dishes-Wholesale-Bathroom-Accessories-Supplies_\u7ed3\u679c-285x285.webp 285w, https:\/\/jinhuaceramic.com\/wp-content\/uploads\/2024\/11\/Bulk-Ceramic-Lotus-Leaf-Soap-Dishes-Wholesale-Bathroom-Accessories-Supplies_\u7ed3\u679c-270x270.webp 270w, https:\/\/jinhuaceramic.com\/wp-content\/uploads\/2024\/11\/Bulk-Ceramic-Lotus-Leaf-Soap-Dishes-Wholesale-Bathroom-Accessories-Supplies_\u7ed3\u679c-540x540.webp 540w, https:\/\/jinhuaceramic.com\/wp-content\/uploads\/2024\/11\/Bulk-Ceramic-Lotus-Leaf-Soap-Dishes-Wholesale-Bathroom-Accessories-Supplies_\u7ed3\u679c-660x660.webp 660w\" sizes=\"(max-width: 1001px) 100vw, 1001px\" \/><\/figure>\n<\/div>\n<\/div>","protected":false},"excerpt":{"rendered":"<p>Willkommen zum Kauf Badewanne Seifenschale bulk. Diese Lotusblatt Seifenschalen Gro\u00dfhandel sind praktisch und sch\u00f6n, so dass sie eines der wesentlichen Elemente im Bad sind. Sie k\u00f6nnen nicht nur Seife setzen, um sie trocken zu halten, sondern auch das Bad zu dekorieren und machen es warm und gem\u00fctlich.<\/p>","protected":false},"featured_media":7126,"comment_status":"closed","ping_status":"closed","template":"","meta":{"_acf_changed":false},"product_brand":[],"product_cat":[51],"product_tag":[72],"class_list":{"0":"post-7120","1":"product","2":"type-product","3":"status-publish","4":"has-post-thumbnail","6":"product_cat-bathroom-accessories-wholesale","7":"product_tag-wholesale-soap-dishes","9":"first","10":"instock","11":"shipping-taxable","12":"product-type-simple"},"acf":[],"_links":{"self":[{"href":"https:\/\/jinhuaceramic.com\/de\/wp-json\/wp\/v2\/product\/7120","targetHints":{"allow":["GET"]}}],"collection":[{"href":"https:\/\/jinhuaceramic.com\/de\/wp-json\/wp\/v2\/product"}],"about":[{"href":"https:\/\/jinhuaceramic.com\/de\/wp-json\/wp\/v2\/types\/product"}],"replies":[{"embeddable":true,"href":"https:\/\/jinhuaceramic.com\/de\/wp-json\/wp\/v2\/comments?post=7120"}],"version-history":[{"count":0,"href":"https:\/\/jinhuaceramic.com\/de\/wp-json\/wp\/v2\/product\/7120\/revisions"}],"wp:featuredmedia":[{"embeddable":true,"href":"https:\/\/jinhuaceramic.com\/de\/wp-json\/wp\/v2\/media\/7126"}],"wp:attachment":[{"href":"https:\/\/jinhuaceramic.com\/de\/wp-json\/wp\/v2\/media?parent=7120"}],"wp:term":[{"taxonomy":"product_brand","embeddable":true,"href":"https:\/\/jinhuaceramic.com\/de\/wp-json\/wp\/v2\/product_brand?post=7120"},{"taxonomy":"product_cat","embeddable":true,"href":"https:\/\/jinhuaceramic.com\/de\/wp-json\/wp\/v2\/product_cat?post=7120"},{"taxonomy":"product_tag","embeddable":true,"href":"https:\/\/jinhuaceramic.com\/de\/wp-json\/wp\/v2\/product_tag?post=7120"}],"curies":[{"name":"wp","href":"https:\/\/api.w.org\/{rel}","templated":true}]}}