{"id":7180,"date":"2024-11-23T02:09:32","date_gmt":"2024-11-23T02:09:32","guid":{"rendered":"https:\/\/jinhuaceramic.com\/?post_type=product&#038;p=7180"},"modified":"2025-03-11T08:19:40","modified_gmt":"2025-03-11T08:19:40","slug":"ceramic-ramekins-bulk","status":"publish","type":"product","link":"https:\/\/jinhuaceramic.com\/de\/product\/ceramic-ramekins-bulk\/","title":{"rendered":"Wei\u00dfe keramische Ramekins Bulk, Gro\u00dfhandel kleine Backform"},"content":{"rendered":"<div class=\"wp-block-columns is-layout-flex wp-container-core-columns-is-layout-9d6595d7 wp-block-columns-is-layout-flex\">\n<div class=\"wp-block-column is-layout-flow wp-block-column-is-layout-flow\">\n<h3 class=\"wp-block-heading\">Premium-Keramik-Ramekins Bulk Eigenschaften:<\/h3>\n\n\n\n<ul class=\"wp-block-list\">\n<li><strong>Gepr\u00e4gtes Muster: <\/strong>Die Oberfl\u00e4che dieser Auflaufformen aus Keramik ist mit gepr\u00e4gten Mustern versehen, die eine Retro- und elegante Textur hinzuf\u00fcgen. Diese machen gew\u00f6hnliche Backformen viel exquisiter und sch\u00f6ner. Dieses Musterdesign bereichert nicht nur den visuellen Genuss, sondern unterstreicht auch die Kunstfertigkeit der Backform.<\/li>\n\n\n\n<li><strong>Dauerhaftes keramisches Material: <\/strong>Die kleine Backform f\u00fcr den Gro\u00dfhandel wird aus hochwertigen keramischen Rohstoffen hergestellt. Sie werden bei hohen Temperaturen gebrannt, was ihre Haltbarkeit beim Backen bei hohen Temperaturen erh\u00f6ht. Keramik-Backformen haben die Eigenschaft, die Temperatur zu halten und die Feuchtigkeit von Lebensmitteln zu speichern, so dass sie k\u00f6stlich schmecken.<\/li>\n\n\n\n<li><strong>Mini Gr\u00f6\u00dfe: <\/strong>Im Gegensatz zu den \u00fcblichen gro\u00dfen Backformen sind diese Keramik-Auflauff\u00f6rmchen in Mini-Gr\u00f6\u00dfe, mit einem Fassungsverm\u00f6gen von 305 ml, geeignet f\u00fcr die Zubereitung von einzelnen Portionen oder kleinen Portionen von Speisen wie gebackenem Reis, gebackenen Bohnen, kleinen Desserts, etc.<\/li>\n\n\n\n<li><strong>Praktikabilit\u00e4t: <\/strong>Die rechteckige Form, der Griff und die Stapelbarkeit tragen zur Funktionalit\u00e4t der Backform bei. Diese kleinen Auflaufformen aus dem Gro\u00dfhandel k\u00f6nnen in vielen Arten von Kochmethoden wie Backofen, Mikrowelle, Grill usw. verwendet werden, und die Produktionspalette ist ziemlich umfangreich.<\/li>\n<\/ul>\n<\/div>\n\n\n\n<div class=\"wp-block-column is-layout-flow wp-block-column-is-layout-flow\">\n<figure class=\"wp-block-image size-full\"><img fetchpriority=\"high\" decoding=\"async\" width=\"1024\" height=\"1024\" src=\"https:\/\/jinhuaceramic.com\/wp-content\/uploads\/2024\/11\/Wholesale-Mini-Custom-Baking-Dish-Ceramic-Bakeware-Supplies-6_\u7ed3\u679c.webp\" alt=\"Wei\u00dfe keramische Ramekins Bulk, Gro\u00dfhandel kleine Backform-5\" class=\"wp-image-7185\" srcset=\"https:\/\/jinhuaceramic.com\/wp-content\/uploads\/2024\/11\/Wholesale-Mini-Custom-Baking-Dish-Ceramic-Bakeware-Supplies-6_\u7ed3\u679c.webp 1024w, https:\/\/jinhuaceramic.com\/wp-content\/uploads\/2024\/11\/Wholesale-Mini-Custom-Baking-Dish-Ceramic-Bakeware-Supplies-6_\u7ed3\u679c-300x300.webp 300w, https:\/\/jinhuaceramic.com\/wp-content\/uploads\/2024\/11\/Wholesale-Mini-Custom-Baking-Dish-Ceramic-Bakeware-Supplies-6_\u7ed3\u679c-150x150.webp 150w, https:\/\/jinhuaceramic.com\/wp-content\/uploads\/2024\/11\/Wholesale-Mini-Custom-Baking-Dish-Ceramic-Bakeware-Supplies-6_\u7ed3\u679c-768x768.webp 768w, https:\/\/jinhuaceramic.com\/wp-content\/uploads\/2024\/11\/Wholesale-Mini-Custom-Baking-Dish-Ceramic-Bakeware-Supplies-6_\u7ed3\u679c-12x12.webp 12w, https:\/\/jinhuaceramic.com\/wp-content\/uploads\/2024\/11\/Wholesale-Mini-Custom-Baking-Dish-Ceramic-Bakeware-Supplies-6_\u7ed3\u679c-285x285.webp 285w, https:\/\/jinhuaceramic.com\/wp-content\/uploads\/2024\/11\/Wholesale-Mini-Custom-Baking-Dish-Ceramic-Bakeware-Supplies-6_\u7ed3\u679c-270x270.webp 270w, https:\/\/jinhuaceramic.com\/wp-content\/uploads\/2024\/11\/Wholesale-Mini-Custom-Baking-Dish-Ceramic-Bakeware-Supplies-6_\u7ed3\u679c-540x540.webp 540w, https:\/\/jinhuaceramic.com\/wp-content\/uploads\/2024\/11\/Wholesale-Mini-Custom-Baking-Dish-Ceramic-Bakeware-Supplies-6_\u7ed3\u679c-660x660.webp 660w\" sizes=\"(max-width: 1024px) 100vw, 1024px\" \/><\/figure>\n<\/div>\n<\/div>","protected":false},"excerpt":{"rendered":"<p>Willkommen bei Keramik Auflaufformen bulk kaufen. Das Design dieser Gro\u00dfhandel kleine Backformen perfekt kombiniert \u00c4sthetik und Funktionalit\u00e4t, nicht nur auf die Bed\u00fcrfnisse der t\u00e4glichen Backen zu erf\u00fcllen, sondern auch die Qualit\u00e4t der Mahlzeiten zu verbessern. Ob Gratins, Desserts, oder auch nur Service, kann dieser Satz von Mini-Backformen zeigen ihren einzigartigen Charme.<\/p>","protected":false},"featured_media":7182,"comment_status":"closed","ping_status":"closed","template":"","meta":{"_acf_changed":false},"product_brand":[],"product_cat":[53],"product_tag":[69,71],"class_list":{"0":"post-7180","1":"product","2":"type-product","3":"status-publish","4":"has-post-thumbnail","6":"product_cat-bakeware-in-bulk","7":"product_tag-bulk-ramekins","8":"product_tag-wholesale-baking-pans","10":"first","11":"instock","12":"shipping-taxable","13":"product-type-simple"},"acf":[],"_links":{"self":[{"href":"https:\/\/jinhuaceramic.com\/de\/wp-json\/wp\/v2\/product\/7180","targetHints":{"allow":["GET"]}}],"collection":[{"href":"https:\/\/jinhuaceramic.com\/de\/wp-json\/wp\/v2\/product"}],"about":[{"href":"https:\/\/jinhuaceramic.com\/de\/wp-json\/wp\/v2\/types\/product"}],"replies":[{"embeddable":true,"href":"https:\/\/jinhuaceramic.com\/de\/wp-json\/wp\/v2\/comments?post=7180"}],"version-history":[{"count":0,"href":"https:\/\/jinhuaceramic.com\/de\/wp-json\/wp\/v2\/product\/7180\/revisions"}],"wp:featuredmedia":[{"embeddable":true,"href":"https:\/\/jinhuaceramic.com\/de\/wp-json\/wp\/v2\/media\/7182"}],"wp:attachment":[{"href":"https:\/\/jinhuaceramic.com\/de\/wp-json\/wp\/v2\/media?parent=7180"}],"wp:term":[{"taxonomy":"product_brand","embeddable":true,"href":"https:\/\/jinhuaceramic.com\/de\/wp-json\/wp\/v2\/product_brand?post=7180"},{"taxonomy":"product_cat","embeddable":true,"href":"https:\/\/jinhuaceramic.com\/de\/wp-json\/wp\/v2\/product_cat?post=7180"},{"taxonomy":"product_tag","embeddable":true,"href":"https:\/\/jinhuaceramic.com\/de\/wp-json\/wp\/v2\/product_tag?post=7180"}],"curies":[{"name":"wp","href":"https:\/\/api.w.org\/{rel}","templated":true}]}}