{"id":7190,"date":"2024-11-23T02:21:34","date_gmt":"2024-11-23T02:21:34","guid":{"rendered":"https:\/\/jinhuaceramic.com\/?post_type=product&#038;p=7190"},"modified":"2025-03-11T08:03:11","modified_gmt":"2025-03-11T08:03:11","slug":"ceramic-ramekins-wholesale","status":"publish","type":"product","link":"https:\/\/jinhuaceramic.com\/de\/product\/ceramic-ramekins-wholesale\/","title":{"rendered":"Winzige keramische Ramekins Gro\u00dfhandel, Creme Brulee Ramekins Bulk mit Scalloped Edge"},"content":{"rendered":"<div class=\"wp-block-columns is-layout-flex wp-container-core-columns-is-layout-9d6595d7 wp-block-columns-is-layout-flex\">\n<div class=\"wp-block-column is-layout-flow wp-block-column-is-layout-flow\">\n<h3 class=\"wp-block-heading\">Premium-Keramik-Ramekins Gro\u00dfhandel Merkmale:<\/h3>\n\n\n\n<ul class=\"wp-block-list\">\n<li><strong>Wellenf\u00f6rmiger Rand: <\/strong>Im Gegensatz zu den \u00fcblichen runden Auflaufformen verwenden diese Keramik-Auflaufformen im Gro\u00dfhandel ein Design mit Wellenrand. Dieses Design erh\u00f6ht nicht nur den dreidimensionalen Sinn und die Sch\u00f6nheit der Schale, sondern l\u00e4sst auch die R\u00e4nder der gebackenen Speisen knuspriger werden.<\/li>\n\n\n\n<li><strong>Weiche Farben:<\/strong> Diese Auflaufformen f\u00fcr Creme Brulee sind in Wei\u00df und Blau erh\u00e4ltlich, eine klassische Kombination, die ein frisches, sauberes Gef\u00fchl vermittelt und zu einem Highlight auf dem Esstisch wird. Als Hersteller von Keramik-Backformen k\u00f6nnen wir auch Farben f\u00fcr unsere Kunden anpassen.<\/li>\n\n\n\n<li><strong>Hochwertiges keramisches Material: <\/strong>Diese Keramik Auflauff\u00f6rmchen Gro\u00dfhandel sind in hohen Temperaturen gebrannt, sie sind bleifrei, sicher und gesund. Die gute W\u00e4rmeleitf\u00e4higkeit und Konservierung des keramischen Materials k\u00f6nnen die Lebensmittel gleichm\u00e4\u00dfig erw\u00e4rmen und die Temperatur der Lebensmittel gut halten.<\/li>\n\n\n\n<li>Vielseitigkeit: Au\u00dfer zum Backen von Desserts wie Cr\u00e8me brulee, Souffle, K\u00e4sekuchen usw. k\u00f6nnen diese Keramik-Cr\u00e8me-brulee-F\u00f6rmchen in gro\u00dfen Mengen auch zur Zubereitung von Mousse, Pudding, Salat usw. dienen und auch als Eissch\u00fcssel und Dip-Schale verwendet werden.<\/li>\n<\/ul>\n<\/div>\n\n\n\n<div class=\"wp-block-column is-layout-flow wp-block-column-is-layout-flow\">\n<figure class=\"wp-block-image size-full\"><img fetchpriority=\"high\" decoding=\"async\" width=\"800\" height=\"800\" src=\"https:\/\/jinhuaceramic.com\/wp-content\/uploads\/2024\/11\/Creme-Brulee-Ramekin-With-Scalloped-Edge-Wholesale-Ceramic-Souffle-Cups-4_\u7ed3\u679c.webp\" alt=\"Winzige keramische Ramekins Gro\u00dfhandel, Creme Brulee Ramekins Bulk mit Wellenschliff Rand-1\" class=\"wp-image-7193\" srcset=\"https:\/\/jinhuaceramic.com\/wp-content\/uploads\/2024\/11\/Creme-Brulee-Ramekin-With-Scalloped-Edge-Wholesale-Ceramic-Souffle-Cups-4_\u7ed3\u679c.webp 800w, https:\/\/jinhuaceramic.com\/wp-content\/uploads\/2024\/11\/Creme-Brulee-Ramekin-With-Scalloped-Edge-Wholesale-Ceramic-Souffle-Cups-4_\u7ed3\u679c-300x300.webp 300w, https:\/\/jinhuaceramic.com\/wp-content\/uploads\/2024\/11\/Creme-Brulee-Ramekin-With-Scalloped-Edge-Wholesale-Ceramic-Souffle-Cups-4_\u7ed3\u679c-150x150.webp 150w, https:\/\/jinhuaceramic.com\/wp-content\/uploads\/2024\/11\/Creme-Brulee-Ramekin-With-Scalloped-Edge-Wholesale-Ceramic-Souffle-Cups-4_\u7ed3\u679c-768x768.webp 768w, https:\/\/jinhuaceramic.com\/wp-content\/uploads\/2024\/11\/Creme-Brulee-Ramekin-With-Scalloped-Edge-Wholesale-Ceramic-Souffle-Cups-4_\u7ed3\u679c-12x12.webp 12w, https:\/\/jinhuaceramic.com\/wp-content\/uploads\/2024\/11\/Creme-Brulee-Ramekin-With-Scalloped-Edge-Wholesale-Ceramic-Souffle-Cups-4_\u7ed3\u679c-285x285.webp 285w, https:\/\/jinhuaceramic.com\/wp-content\/uploads\/2024\/11\/Creme-Brulee-Ramekin-With-Scalloped-Edge-Wholesale-Ceramic-Souffle-Cups-4_\u7ed3\u679c-270x270.webp 270w, https:\/\/jinhuaceramic.com\/wp-content\/uploads\/2024\/11\/Creme-Brulee-Ramekin-With-Scalloped-Edge-Wholesale-Ceramic-Souffle-Cups-4_\u7ed3\u679c-540x540.webp 540w, https:\/\/jinhuaceramic.com\/wp-content\/uploads\/2024\/11\/Creme-Brulee-Ramekin-With-Scalloped-Edge-Wholesale-Ceramic-Souffle-Cups-4_\u7ed3\u679c-660x660.webp 660w\" sizes=\"(max-width: 800px) 100vw, 800px\" \/><\/figure>\n<\/div>\n<\/div>","protected":false},"excerpt":{"rendered":"<p>Willkommen bei Keramik Auflaufformen Gro\u00dfhandel zu kaufen. Das Design dieser Creme Brulee Auflauff\u00f6rmchen mit Wellenschliff kombiniert perfekt Funktionalit\u00e4t und \u00c4sthetik, die nicht nur die t\u00e4glichen Backen Bed\u00fcrfnisse erf\u00fcllen k\u00f6nnte, sondern auch die Qualit\u00e4t des Essens zu erh\u00f6hen. Egal, ob es sich um ein Familientreffen oder privaten Genuss, es ist eine gute Wahl.<\/p>","protected":false},"featured_media":7198,"comment_status":"closed","ping_status":"closed","template":"","meta":{"_acf_changed":false},"product_brand":[],"product_cat":[53],"product_tag":[69],"class_list":{"0":"post-7190","1":"product","2":"type-product","3":"status-publish","4":"has-post-thumbnail","6":"product_cat-bakeware-in-bulk","7":"product_tag-bulk-ramekins","9":"first","10":"instock","11":"shipping-taxable","12":"product-type-simple"},"acf":[],"_links":{"self":[{"href":"https:\/\/jinhuaceramic.com\/de\/wp-json\/wp\/v2\/product\/7190","targetHints":{"allow":["GET"]}}],"collection":[{"href":"https:\/\/jinhuaceramic.com\/de\/wp-json\/wp\/v2\/product"}],"about":[{"href":"https:\/\/jinhuaceramic.com\/de\/wp-json\/wp\/v2\/types\/product"}],"replies":[{"embeddable":true,"href":"https:\/\/jinhuaceramic.com\/de\/wp-json\/wp\/v2\/comments?post=7190"}],"version-history":[{"count":0,"href":"https:\/\/jinhuaceramic.com\/de\/wp-json\/wp\/v2\/product\/7190\/revisions"}],"wp:featuredmedia":[{"embeddable":true,"href":"https:\/\/jinhuaceramic.com\/de\/wp-json\/wp\/v2\/media\/7198"}],"wp:attachment":[{"href":"https:\/\/jinhuaceramic.com\/de\/wp-json\/wp\/v2\/media?parent=7190"}],"wp:term":[{"taxonomy":"product_brand","embeddable":true,"href":"https:\/\/jinhuaceramic.com\/de\/wp-json\/wp\/v2\/product_brand?post=7190"},{"taxonomy":"product_cat","embeddable":true,"href":"https:\/\/jinhuaceramic.com\/de\/wp-json\/wp\/v2\/product_cat?post=7190"},{"taxonomy":"product_tag","embeddable":true,"href":"https:\/\/jinhuaceramic.com\/de\/wp-json\/wp\/v2\/product_tag?post=7190"}],"curies":[{"name":"wp","href":"https:\/\/api.w.org\/{rel}","templated":true}]}}