{"id":7208,"date":"2024-11-25T08:53:39","date_gmt":"2024-11-25T08:53:39","guid":{"rendered":"https:\/\/jinhuaceramic.com\/?post_type=product&#038;p=7208"},"modified":"2024-11-25T08:53:41","modified_gmt":"2024-11-25T08:53:41","slug":"bulk-liquid-soap-dispenser","status":"publish","type":"product","link":"https:\/\/jinhuaceramic.com\/de\/product\/bulk-liquid-soap-dispenser\/","title":{"rendered":"Bulk Fl\u00fcssigseife Dispenser, keramische Schaumspender Flasche Gro\u00dfhandel"},"content":{"rendered":"<div class=\"wp-block-columns is-layout-flex wp-container-core-columns-is-layout-9d6595d7 wp-block-columns-is-layout-flex\">\n<div class=\"wp-block-column is-layout-flow wp-block-column-is-layout-flow\">\n<h3 class=\"wp-block-heading\">Premium Bulk Fl\u00fcssigseifenspender Merkmale:<\/h3>\n\n\n\n<ul class=\"wp-block-list\">\n<li><strong>Modernes Design: <\/strong>Die Gesamtform dieser Fl\u00fcssigseifenspender ist einfach, glatt, mit weichen Linien und ohne \u00fcberm\u00e4\u00dfige Verzierungen. Der goldene Pumpenkopf verleiht diesem Seifenspender einen Hauch von Luxus. Sie passen gut zu verschiedenen Wohnstilen und tragen zur allgemeinen Sch\u00f6nheit des Badezimmers oder der Toilette bei.<\/li>\n\n\n\n<li><strong>Verschiedene Farben: <\/strong>Vielf\u00e4ltige Farben: Diese Keramik Schaumspender Flasche Gro\u00dfhandel enth\u00e4lt verschiedene Farben wie gr\u00fcn, grau, wei\u00df und schwarz auf die Vorlieben und Stile der verschiedenen Menschen und H\u00e4user gerecht zu werden. Als Hersteller k\u00f6nnen wir auch andere Farben anpassen oder Markenlogos nach Kundenwunsch hinzuf\u00fcgen.<\/li>\n\n\n\n<li><strong>Hochwertiges keramisches Material: <\/strong>Diese modernen Fl\u00fcssigseifenspender bestehen aus hochwertiger Keramik, die robust, leicht zu reinigen und gut abgedichtet ist, um das Auslaufen von Seife wirksam zu verhindern.<\/li>\n\n\n\n<li><strong>Praktikabilit\u00e4t: <\/strong>Diese Keramik Schaumspender Flasche Gro\u00dfhandel mit 360 Grad drehbaren Pumpenkopf, und es ist glatt zu dr\u00fccken mit stabilen Fl\u00fcssigkeitsauslass, die es einfach zu bedienen macht. Handseifenspender kann nicht nur verwendet werden, um Handseife zu spenden, sondern auch Duschgel, Shampoo, Lotion, etc. halten. Dar\u00fcber hinaus sind die Keramikseifenspender bequem zu reinigen und k\u00f6nnen wiederverwendet werden, was sehr praktisch ist.<\/li>\n<\/ul>\n<\/div>\n\n\n\n<div class=\"wp-block-column is-layout-flow wp-block-column-is-layout-flow\">\n<figure class=\"wp-block-image size-full\"><img fetchpriority=\"high\" decoding=\"async\" width=\"1000\" height=\"1000\" src=\"https:\/\/jinhuaceramic.com\/wp-content\/uploads\/2024\/11\/Bulk-Modern-Custom-Liquid-Soap-Dispenser-Ceramic-Soap-Bottle-For-Bathroom-2_\u7ed3\u679c.webp\" alt=\"Bulk Fl\u00fcssigseife Dispenser, Keramik-Schaum-Spender-Flasche Gro\u00dfhandel-1\" class=\"wp-image-7209\" srcset=\"https:\/\/jinhuaceramic.com\/wp-content\/uploads\/2024\/11\/Bulk-Modern-Custom-Liquid-Soap-Dispenser-Ceramic-Soap-Bottle-For-Bathroom-2_\u7ed3\u679c.webp 1000w, https:\/\/jinhuaceramic.com\/wp-content\/uploads\/2024\/11\/Bulk-Modern-Custom-Liquid-Soap-Dispenser-Ceramic-Soap-Bottle-For-Bathroom-2_\u7ed3\u679c-300x300.webp 300w, https:\/\/jinhuaceramic.com\/wp-content\/uploads\/2024\/11\/Bulk-Modern-Custom-Liquid-Soap-Dispenser-Ceramic-Soap-Bottle-For-Bathroom-2_\u7ed3\u679c-150x150.webp 150w, https:\/\/jinhuaceramic.com\/wp-content\/uploads\/2024\/11\/Bulk-Modern-Custom-Liquid-Soap-Dispenser-Ceramic-Soap-Bottle-For-Bathroom-2_\u7ed3\u679c-768x768.webp 768w, https:\/\/jinhuaceramic.com\/wp-content\/uploads\/2024\/11\/Bulk-Modern-Custom-Liquid-Soap-Dispenser-Ceramic-Soap-Bottle-For-Bathroom-2_\u7ed3\u679c-12x12.webp 12w, https:\/\/jinhuaceramic.com\/wp-content\/uploads\/2024\/11\/Bulk-Modern-Custom-Liquid-Soap-Dispenser-Ceramic-Soap-Bottle-For-Bathroom-2_\u7ed3\u679c-285x285.webp 285w, https:\/\/jinhuaceramic.com\/wp-content\/uploads\/2024\/11\/Bulk-Modern-Custom-Liquid-Soap-Dispenser-Ceramic-Soap-Bottle-For-Bathroom-2_\u7ed3\u679c-270x270.webp 270w, https:\/\/jinhuaceramic.com\/wp-content\/uploads\/2024\/11\/Bulk-Modern-Custom-Liquid-Soap-Dispenser-Ceramic-Soap-Bottle-For-Bathroom-2_\u7ed3\u679c-540x540.webp 540w, https:\/\/jinhuaceramic.com\/wp-content\/uploads\/2024\/11\/Bulk-Modern-Custom-Liquid-Soap-Dispenser-Ceramic-Soap-Bottle-For-Bathroom-2_\u7ed3\u679c-660x660.webp 660w\" sizes=\"(max-width: 1000px) 100vw, 1000px\" \/><\/figure>\n<\/div>\n<\/div>","protected":false},"excerpt":{"rendered":"<p>Willkommen zum Kauf Schaumspender Flasche Gro\u00dfhandel. Diese Fl\u00fcssigseifenspender sind auf dem Markt f\u00fcr seine verschiedenen Farben, exquisites Aussehen, langlebiges Material und praktische Funktion beliebt. Neben den grundlegenden Funktionen der Seifenspender, haben diese Produkte auch dekorative Wirkung, die als Dekoration in Badezimmern oder Toiletten verwendet werden kann, um den Stil des Raumes zu erh\u00f6hen.<\/p>","protected":false},"featured_media":7215,"comment_status":"closed","ping_status":"closed","template":"","meta":{"_acf_changed":false},"product_brand":[],"product_cat":[51],"product_tag":[73],"class_list":{"0":"post-7208","1":"product","2":"type-product","3":"status-publish","4":"has-post-thumbnail","6":"product_cat-bathroom-accessories-wholesale","7":"product_tag-custom-soap-dispensers","9":"first","10":"instock","11":"shipping-taxable","12":"product-type-simple"},"acf":[],"_links":{"self":[{"href":"https:\/\/jinhuaceramic.com\/de\/wp-json\/wp\/v2\/product\/7208","targetHints":{"allow":["GET"]}}],"collection":[{"href":"https:\/\/jinhuaceramic.com\/de\/wp-json\/wp\/v2\/product"}],"about":[{"href":"https:\/\/jinhuaceramic.com\/de\/wp-json\/wp\/v2\/types\/product"}],"replies":[{"embeddable":true,"href":"https:\/\/jinhuaceramic.com\/de\/wp-json\/wp\/v2\/comments?post=7208"}],"version-history":[{"count":0,"href":"https:\/\/jinhuaceramic.com\/de\/wp-json\/wp\/v2\/product\/7208\/revisions"}],"wp:featuredmedia":[{"embeddable":true,"href":"https:\/\/jinhuaceramic.com\/de\/wp-json\/wp\/v2\/media\/7215"}],"wp:attachment":[{"href":"https:\/\/jinhuaceramic.com\/de\/wp-json\/wp\/v2\/media?parent=7208"}],"wp:term":[{"taxonomy":"product_brand","embeddable":true,"href":"https:\/\/jinhuaceramic.com\/de\/wp-json\/wp\/v2\/product_brand?post=7208"},{"taxonomy":"product_cat","embeddable":true,"href":"https:\/\/jinhuaceramic.com\/de\/wp-json\/wp\/v2\/product_cat?post=7208"},{"taxonomy":"product_tag","embeddable":true,"href":"https:\/\/jinhuaceramic.com\/de\/wp-json\/wp\/v2\/product_tag?post=7208"}],"curies":[{"name":"wp","href":"https:\/\/api.w.org\/{rel}","templated":true}]}}