{"id":7229,"date":"2024-11-27T10:20:55","date_gmt":"2024-11-27T10:20:55","guid":{"rendered":"https:\/\/jinhuaceramic.com\/?post_type=product&#038;p=7229"},"modified":"2025-03-11T08:02:01","modified_gmt":"2025-03-11T08:02:01","slug":"wholesale-baking-dishes-set","status":"publish","type":"product","link":"https:\/\/jinhuaceramic.com\/de\/product\/wholesale-baking-dishes-set\/","title":{"rendered":"Stapelbar Gro\u00dfhandel Backformen Set, Keramik-Backformen Bulk"},"content":{"rendered":"<div class=\"wp-block-columns is-layout-flex wp-container-core-columns-is-layout-9d6595d7 wp-block-columns-is-layout-flex\">\n<div class=\"wp-block-column is-layout-flow wp-block-column-is-layout-flow\">\n<h3 class=\"wp-block-heading\">Premium-Gro\u00dfhandel-Backformen-Set Eigenschaften:<\/h3>\n\n\n\n<ul class=\"wp-block-list\">\n<li><strong>Elegantes Design: <\/strong>Die Kombination aus Schwarz und Braun dieser Backformen-Sets f\u00fcr den Gro\u00dfhandel ist sowohl zur\u00fcckhaltend als auch elegant und verleiht Ihrer K\u00fcche einen modernen Touch. Dar\u00fcber hinaus sorgt die Kombination aus Wei\u00df und Braun f\u00fcr Frische und Eleganz in Ihrer K\u00fcche. Diese exquisit gefertigten Backformen aus Keramik k\u00f6nnen das Essenserlebnis und den Spa\u00df am Abendessen steigern.<\/li>\n\n\n\n<li><strong>Hochwertiges keramisches Material:<\/strong> Im Vergleich zu Backblechen aus Metall oder Silikon sind diese Keramik-Backformen langlebig, haben eine lange Lebensdauer und eine hervorragende Beschaffenheit. Au\u00dferdem ist die Oberfl\u00e4che der Keramik-Backformen glatt und leicht zu reinigen.<\/li>\n\n\n\n<li><strong>Verschiedene Gr\u00f6\u00dfen: <\/strong>Jedes der Gro\u00dfhandels-Backformensets umfasst drei unterschiedlich gro\u00dfe Backformen f\u00fcr verschiedene Arten von Backwaren. F\u00fcr eine gr\u00f6\u00dfere Menge an Zutaten ist jede Backform besonders tief gestaltet. Die lange Backform eignet sich perfekt f\u00fcr Brot, wie beispielsweise Bananenbrot; die quadratische Form ist ideal f\u00fcr Desserts wie Brownies und die gro\u00dfen Formen eignen sich am besten f\u00fcr Gerichte, die viel Platz ben\u00f6tigen, wie beispielsweise Lasagne.<\/li>\n\n\n\n<li><strong>Praktische Griffe &amp; stapelbar: <\/strong>Diese Keramik-Backformen f\u00fcr den Gro\u00dfhandel sind mit zwei Griffen ausgestattet, die die Handhabung und Bewegung erleichtern und Verbrennungen vermeiden. Bei Nichtgebrauch k\u00f6nnen die drei Gr\u00f6\u00dfen platzsparend ineinander gestapelt werden.<\/li>\n<\/ul>\n<\/div>\n\n\n\n<div class=\"wp-block-column is-layout-flow wp-block-column-is-layout-flow\">\n<figure class=\"wp-block-image size-full\"><img fetchpriority=\"high\" decoding=\"async\" width=\"1250\" height=\"1500\" src=\"https:\/\/jinhuaceramic.com\/wp-content\/uploads\/2024\/11\/Wholesale-Custom-Stackable-Baking-Dishes-Set-Ceramic-Bakeware-Supplies-3_\u7ed3\u679c.webp\" alt=\"Stapelbares Gro\u00dfhandel-Backformenset, Keramik-Backformen Gro\u00dfpackung-1\" class=\"wp-image-7231\" srcset=\"https:\/\/jinhuaceramic.com\/wp-content\/uploads\/2024\/11\/Wholesale-Custom-Stackable-Baking-Dishes-Set-Ceramic-Bakeware-Supplies-3_\u7ed3\u679c.webp 1250w, https:\/\/jinhuaceramic.com\/wp-content\/uploads\/2024\/11\/Wholesale-Custom-Stackable-Baking-Dishes-Set-Ceramic-Bakeware-Supplies-3_\u7ed3\u679c-250x300.webp 250w, https:\/\/jinhuaceramic.com\/wp-content\/uploads\/2024\/11\/Wholesale-Custom-Stackable-Baking-Dishes-Set-Ceramic-Bakeware-Supplies-3_\u7ed3\u679c-768x922.webp 768w, https:\/\/jinhuaceramic.com\/wp-content\/uploads\/2024\/11\/Wholesale-Custom-Stackable-Baking-Dishes-Set-Ceramic-Bakeware-Supplies-3_\u7ed3\u679c-10x12.webp 10w, https:\/\/jinhuaceramic.com\/wp-content\/uploads\/2024\/11\/Wholesale-Custom-Stackable-Baking-Dishes-Set-Ceramic-Bakeware-Supplies-3_\u7ed3\u679c-285x342.webp 285w, https:\/\/jinhuaceramic.com\/wp-content\/uploads\/2024\/11\/Wholesale-Custom-Stackable-Baking-Dishes-Set-Ceramic-Bakeware-Supplies-3_\u7ed3\u679c-550x660.webp 550w, https:\/\/jinhuaceramic.com\/wp-content\/uploads\/2024\/11\/Wholesale-Custom-Stackable-Baking-Dishes-Set-Ceramic-Bakeware-Supplies-3_\u7ed3\u679c-125x150.webp 125w\" sizes=\"(max-width: 1250px) 100vw, 1250px\" \/><\/figure>\n<\/div>\n<\/div>","protected":false},"excerpt":{"rendered":"<p>Willkommen beim Kauf von Backformen im Gro\u00dfhandel. Das Design dieser Backformensets f\u00fcr den Gro\u00dfhandel ber\u00fccksichtigt vollst\u00e4ndig die tats\u00e4chlichen Bed\u00fcrfnisse der Nutzer und verbindet auf perfekte Weise Funktionalit\u00e4t und \u00c4sthetik. Diese Backformensets aus Keramik sind in verschiedenen Designs und mit zahlreichen Funktionen erh\u00e4ltlich, um unterschiedlichen Backanforderungen gerecht zu werden. Ob f\u00fcr die heimische K\u00fcche oder f\u00fcr professionelles Backen \u2013 dieses Backformenset ist eine zuverl\u00e4ssige Wahl.<\/p>","protected":false},"featured_media":7235,"comment_status":"closed","ping_status":"closed","template":"","meta":{"_acf_changed":false},"product_brand":[],"product_cat":[53],"product_tag":[71],"class_list":{"0":"post-7229","1":"product","2":"type-product","3":"status-publish","4":"has-post-thumbnail","6":"product_cat-bakeware-in-bulk","7":"product_tag-wholesale-baking-pans","9":"first","10":"instock","11":"shipping-taxable","12":"product-type-simple"},"acf":[],"_links":{"self":[{"href":"https:\/\/jinhuaceramic.com\/de\/wp-json\/wp\/v2\/product\/7229","targetHints":{"allow":["GET"]}}],"collection":[{"href":"https:\/\/jinhuaceramic.com\/de\/wp-json\/wp\/v2\/product"}],"about":[{"href":"https:\/\/jinhuaceramic.com\/de\/wp-json\/wp\/v2\/types\/product"}],"replies":[{"embeddable":true,"href":"https:\/\/jinhuaceramic.com\/de\/wp-json\/wp\/v2\/comments?post=7229"}],"version-history":[{"count":0,"href":"https:\/\/jinhuaceramic.com\/de\/wp-json\/wp\/v2\/product\/7229\/revisions"}],"wp:featuredmedia":[{"embeddable":true,"href":"https:\/\/jinhuaceramic.com\/de\/wp-json\/wp\/v2\/media\/7235"}],"wp:attachment":[{"href":"https:\/\/jinhuaceramic.com\/de\/wp-json\/wp\/v2\/media?parent=7229"}],"wp:term":[{"taxonomy":"product_brand","embeddable":true,"href":"https:\/\/jinhuaceramic.com\/de\/wp-json\/wp\/v2\/product_brand?post=7229"},{"taxonomy":"product_cat","embeddable":true,"href":"https:\/\/jinhuaceramic.com\/de\/wp-json\/wp\/v2\/product_cat?post=7229"},{"taxonomy":"product_tag","embeddable":true,"href":"https:\/\/jinhuaceramic.com\/de\/wp-json\/wp\/v2\/product_tag?post=7229"}],"curies":[{"name":"wp","href":"https:\/\/api.w.org\/{rel}","templated":true}]}}