{"id":7288,"date":"2024-11-28T08:20:31","date_gmt":"2024-11-28T08:20:31","guid":{"rendered":"https:\/\/jinhuaceramic.com\/?post_type=product&#038;p=7288"},"modified":"2024-11-28T08:20:53","modified_gmt":"2024-11-28T08:20:53","slug":"wholesale-soap-dispenser-bottles","status":"publish","type":"product","link":"https:\/\/jinhuaceramic.com\/de\/product\/wholesale-soap-dispenser-bottles\/","title":{"rendered":"Keramische Gro\u00dfhandel Seifenspender Flaschen mit Schwamm Halter"},"content":{"rendered":"<div class=\"wp-block-columns is-layout-flex wp-container-core-columns-is-layout-9d6595d7 wp-block-columns-is-layout-flex\">\n<div class=\"wp-block-column is-layout-flow wp-block-column-is-layout-flow\">\n<h3 class=\"wp-block-heading\">Premium Gro\u00dfhandel Seifenspender Flaschen Merkmale:<\/h3>\n\n\n\n<ul class=\"wp-block-list\">\n<li><strong>Zwei-in-Eins-Design: <\/strong>Diese Seifenspenderflaschen aus dem Gro\u00dfhandel kombinieren auf kreative Weise die Funktion eines Seifenspenders mit der eines Schwammhalters und nutzen so den Platz neben dem Waschbecken voll aus, wodurch das Durcheinander auf den Arbeitsfl\u00e4chen verringert wird. So bleiben Ihre K\u00fcche und Ihr Bad sauber und aufger\u00e4umt. Au\u00dferdem kann der Schwammhalter nicht nur Schw\u00e4mme, sondern auch andere kleine B\u00fcrsten oder feste Seife aufnehmen.<\/li>\n\n\n\n<li><strong>Vielseitige Farben:<\/strong> Die Farbe dieser Suppenspender ist modern, schlicht und in zwei vielseitigen Farben erh\u00e4ltlich: wei\u00df und schwarz. Diese Farben lassen sich gut in verschiedene Einrichtungsstile integrieren und unterstreichen die Sch\u00f6nheit des Raums.<\/li>\n\n\n\n<li><strong>Hochwertiges keramisches Material:<\/strong> Hochwertiges keramisches Material wird verwendet, um unsere Gro\u00dfhandelsseifenspenderflaschen mit Schwammhalter herzustellen. Es ist langlebig und wiederverwendbar, mit einer glatten Oberfl\u00e4che f\u00fcr einfache Reinigung, nur mit einem feuchten Tuch.<\/li>\n\n\n\n<li><strong>Funktional und praktisch: <\/strong>Unsere gro\u00dfen Suppenspender k\u00f6nnen mit Fl\u00fcssigseife wie Sp\u00fclmittel, Handseife und Duschgel gef\u00fcllt werden und eignen sich sowohl f\u00fcr das Badezimmer als auch f\u00fcr die K\u00fcche. Legen Sie beim Geschirrsp\u00fclen eine Flasche Sp\u00fclmittel und einen Schwamm hinein, damit Sie w\u00e4hrend des gesamten Sp\u00fclvorgangs leicht darauf zugreifen k\u00f6nnen. Der Druck ist leichtg\u00e4ngig und der Auslass f\u00fcr die Fl\u00fcssigkeitsabgabe stabil. Gleichzeitig ist eine genaue Dosierung des Sp\u00fclmittels gew\u00e4hrleistet, um Verschwendung zu vermeiden - ein sehr praktisches Design.<\/li>\n<\/ul>\n<\/div>\n\n\n\n<div class=\"wp-block-column is-layout-flow wp-block-column-is-layout-flow\">\n<figure class=\"wp-block-image size-full\"><img fetchpriority=\"high\" decoding=\"async\" width=\"760\" height=\"760\" src=\"https:\/\/jinhuaceramic.com\/wp-content\/uploads\/2024\/11\/Bulk-Custom-Ceramic-Soap-Dispenser-With-Sponge-Holder-For-Bathroom-Kitchen-7_\u7ed3\u679c.webp\" alt=\"Keramische Gro\u00dfhandel Seifenspender Flaschen mit Schwamm Halter-1\" class=\"wp-image-7294\" srcset=\"https:\/\/jinhuaceramic.com\/wp-content\/uploads\/2024\/11\/Bulk-Custom-Ceramic-Soap-Dispenser-With-Sponge-Holder-For-Bathroom-Kitchen-7_\u7ed3\u679c.webp 760w, https:\/\/jinhuaceramic.com\/wp-content\/uploads\/2024\/11\/Bulk-Custom-Ceramic-Soap-Dispenser-With-Sponge-Holder-For-Bathroom-Kitchen-7_\u7ed3\u679c-300x300.webp 300w, https:\/\/jinhuaceramic.com\/wp-content\/uploads\/2024\/11\/Bulk-Custom-Ceramic-Soap-Dispenser-With-Sponge-Holder-For-Bathroom-Kitchen-7_\u7ed3\u679c-150x150.webp 150w, https:\/\/jinhuaceramic.com\/wp-content\/uploads\/2024\/11\/Bulk-Custom-Ceramic-Soap-Dispenser-With-Sponge-Holder-For-Bathroom-Kitchen-7_\u7ed3\u679c-12x12.webp 12w, https:\/\/jinhuaceramic.com\/wp-content\/uploads\/2024\/11\/Bulk-Custom-Ceramic-Soap-Dispenser-With-Sponge-Holder-For-Bathroom-Kitchen-7_\u7ed3\u679c-285x285.webp 285w, https:\/\/jinhuaceramic.com\/wp-content\/uploads\/2024\/11\/Bulk-Custom-Ceramic-Soap-Dispenser-With-Sponge-Holder-For-Bathroom-Kitchen-7_\u7ed3\u679c-270x270.webp 270w, https:\/\/jinhuaceramic.com\/wp-content\/uploads\/2024\/11\/Bulk-Custom-Ceramic-Soap-Dispenser-With-Sponge-Holder-For-Bathroom-Kitchen-7_\u7ed3\u679c-540x540.webp 540w, https:\/\/jinhuaceramic.com\/wp-content\/uploads\/2024\/11\/Bulk-Custom-Ceramic-Soap-Dispenser-With-Sponge-Holder-For-Bathroom-Kitchen-7_\u7ed3\u679c-660x660.webp 660w\" sizes=\"(max-width: 760px) 100vw, 760px\" \/><\/figure>\n<\/div>\n<\/div>","protected":false},"excerpt":{"rendered":"<p>Diese Gro\u00dfhandel Seifenspender Flaschen sind sowohl Seifenspender und Schwammhalter in einem, sehr praktisch. Zur gleichen Zeit, verschiedene Farben und modernes Design machen es zu einem gro\u00dfen Haus Dekoration. Wenn Sie auf der Suche nach sch\u00f6nen und praktischen Seifenspendern sind, muss dieses Produkt Ihre beste Wahl sein.<\/p>","protected":false},"featured_media":7291,"comment_status":"closed","ping_status":"closed","template":"","meta":{"_acf_changed":false},"product_brand":[],"product_cat":[51],"product_tag":[73],"class_list":{"0":"post-7288","1":"product","2":"type-product","3":"status-publish","4":"has-post-thumbnail","6":"product_cat-bathroom-accessories-wholesale","7":"product_tag-custom-soap-dispensers","9":"first","10":"instock","11":"shipping-taxable","12":"product-type-simple"},"acf":[],"_links":{"self":[{"href":"https:\/\/jinhuaceramic.com\/de\/wp-json\/wp\/v2\/product\/7288","targetHints":{"allow":["GET"]}}],"collection":[{"href":"https:\/\/jinhuaceramic.com\/de\/wp-json\/wp\/v2\/product"}],"about":[{"href":"https:\/\/jinhuaceramic.com\/de\/wp-json\/wp\/v2\/types\/product"}],"replies":[{"embeddable":true,"href":"https:\/\/jinhuaceramic.com\/de\/wp-json\/wp\/v2\/comments?post=7288"}],"version-history":[{"count":0,"href":"https:\/\/jinhuaceramic.com\/de\/wp-json\/wp\/v2\/product\/7288\/revisions"}],"wp:featuredmedia":[{"embeddable":true,"href":"https:\/\/jinhuaceramic.com\/de\/wp-json\/wp\/v2\/media\/7291"}],"wp:attachment":[{"href":"https:\/\/jinhuaceramic.com\/de\/wp-json\/wp\/v2\/media?parent=7288"}],"wp:term":[{"taxonomy":"product_brand","embeddable":true,"href":"https:\/\/jinhuaceramic.com\/de\/wp-json\/wp\/v2\/product_brand?post=7288"},{"taxonomy":"product_cat","embeddable":true,"href":"https:\/\/jinhuaceramic.com\/de\/wp-json\/wp\/v2\/product_cat?post=7288"},{"taxonomy":"product_tag","embeddable":true,"href":"https:\/\/jinhuaceramic.com\/de\/wp-json\/wp\/v2\/product_tag?post=7288"}],"curies":[{"name":"wp","href":"https:\/\/api.w.org\/{rel}","templated":true}]}}