{"id":7311,"date":"2024-11-29T09:35:21","date_gmt":"2024-11-29T09:35:21","guid":{"rendered":"https:\/\/jinhuaceramic.com\/?post_type=product&#038;p=7311"},"modified":"2025-01-16T06:24:09","modified_gmt":"2025-01-16T06:24:09","slug":"wholesale-dinnerware","status":"publish","type":"product","link":"https:\/\/jinhuaceramic.com\/de\/product\/wholesale-dinnerware\/","title":{"rendered":"Gro\u00dfhandel Geschirr, Catering Keramische Teller und Schalen Bulk"},"content":{"rendered":"<div class=\"wp-block-columns is-layout-flex wp-container-core-columns-is-layout-9d6595d7 wp-block-columns-is-layout-flex\">\n<div class=\"wp-block-column is-layout-flow wp-block-column-is-layout-flow\">\n<h3 class=\"wp-block-heading\">Premium-Gro\u00dfhandel-Geschirr Eigenschaften:<\/h3>\n\n\n\n<ul class=\"wp-block-list\">\n<li><strong>Elegantes Design:<\/strong> Diese Keramikteller und -schalen haben eine abgerundete Form und sind in sanftem Wei\u00df gehalten, das einen einfachen Stil zeigt. An den Seiten des Geschirrs befinden sich vertikale Streifen in hellbrauner Farbe, die einen nat\u00fcrlichen und rustikalen Charme verleihen. Dieses Design bringt Modernit\u00e4t und nat\u00fcrliche Sch\u00f6nheit perfekt in Einklang und unterstreicht die Sch\u00f6nheit des Geschirrs.<\/li>\n\n\n\n<li><strong>Hochwertiges keramisches Material: <\/strong>Durch das Brennen bei hohen Temperaturen sind sie widerstandsf\u00e4hig und bruchfest, lassen sich aber aufgrund ihrer glatten Oberfl\u00e4che leicht reinigen. Dieses hochwertige Gro\u00dfhandelsgeschirr kann problemlos in Mikrowellen, Back\u00f6fen, K\u00fchlschr\u00e4nken und Geschirrsp\u00fclmaschinen verwendet werden.<\/li>\n\n\n\n<li><strong>Vielseitigkeit: <\/strong>Unser Keramik-Teller- und Sch\u00fcsselset besteht aus einer Sch\u00fcssel und zwei Tellern in verschiedenen Gr\u00f6\u00dfen, die sich f\u00fcr verschiedene Zwecke eignen. Der gro\u00dfe Essteller kann f\u00fcr Hauptgerichte verwendet werden, der kleine f\u00fcr Beilagen und die Sch\u00fcssel f\u00fcr Suppe oder Reis.<\/li>\n\n\n\n<li><strong>Personalisierte Anpassung: <\/strong>Wir bieten ma\u00dfgeschneiderte Dienstleistungen f\u00fcr den Gro\u00dfhandel Geschirr in verschiedenen Farben, Formen und Mustern auf der Grundlage der Bed\u00fcrfnisse unserer Kunden, so dass einzigartige Produkte f\u00fcr Sie Tischkultur zu schaffen.<\/li>\n<\/ul>\n<\/div>\n\n\n\n<div class=\"wp-block-column is-layout-flow wp-block-column-is-layout-flow\">\n<figure class=\"wp-block-image size-full\"><img fetchpriority=\"high\" decoding=\"async\" width=\"1000\" height=\"1500\" src=\"https:\/\/jinhuaceramic.com\/wp-content\/uploads\/2024\/11\/Wholesale-Dinnerware-Set-Ceramic-Tableware-Custom-Kitchen-Supplies_\u7ed3\u679c.webp\" alt=\"Gro\u00dfhandel Geschirr, Catering keramische Teller und Schalen Bulk-1\" class=\"wp-image-7317\" srcset=\"https:\/\/jinhuaceramic.com\/wp-content\/uploads\/2024\/11\/Wholesale-Dinnerware-Set-Ceramic-Tableware-Custom-Kitchen-Supplies_\u7ed3\u679c.webp 1000w, https:\/\/jinhuaceramic.com\/wp-content\/uploads\/2024\/11\/Wholesale-Dinnerware-Set-Ceramic-Tableware-Custom-Kitchen-Supplies_\u7ed3\u679c-200x300.webp 200w, https:\/\/jinhuaceramic.com\/wp-content\/uploads\/2024\/11\/Wholesale-Dinnerware-Set-Ceramic-Tableware-Custom-Kitchen-Supplies_\u7ed3\u679c-768x1152.webp 768w, https:\/\/jinhuaceramic.com\/wp-content\/uploads\/2024\/11\/Wholesale-Dinnerware-Set-Ceramic-Tableware-Custom-Kitchen-Supplies_\u7ed3\u679c-8x12.webp 8w, https:\/\/jinhuaceramic.com\/wp-content\/uploads\/2024\/11\/Wholesale-Dinnerware-Set-Ceramic-Tableware-Custom-Kitchen-Supplies_\u7ed3\u679c-285x428.webp 285w, https:\/\/jinhuaceramic.com\/wp-content\/uploads\/2024\/11\/Wholesale-Dinnerware-Set-Ceramic-Tableware-Custom-Kitchen-Supplies_\u7ed3\u679c-440x660.webp 440w, https:\/\/jinhuaceramic.com\/wp-content\/uploads\/2024\/11\/Wholesale-Dinnerware-Set-Ceramic-Tableware-Custom-Kitchen-Supplies_\u7ed3\u679c-100x150.webp 100w\" sizes=\"(max-width: 1000px) 100vw, 1000px\" \/><\/figure>\n<\/div>\n<\/div>","protected":false},"excerpt":{"rendered":"<p>Willkommen zum Kauf von Gro\u00dfhandelsgeschirr. Kombiniert mit Zweckm\u00e4\u00dfigkeit und \u00c4sthetik im t\u00e4glichen Essen, diese Keramik-Teller und Schalen bulk verbessern nicht nur den t\u00e4glichen Bedarf Essen, sondern das Gef\u00fchl der Ess-Ritual mit ihrem Design-Stil. Der Design-Stil dieses Geschirrs ist sehr geeignet f\u00fcr Menschen, die Einfachheit, Mode und hochwertige Leben verfolgen.<\/p>","protected":false},"featured_media":7313,"comment_status":"closed","ping_status":"closed","template":"","meta":{"_acf_changed":false},"product_brand":[],"product_cat":[54,83],"product_tag":[78,76],"class_list":{"0":"post-7311","1":"product","2":"type-product","3":"status-publish","4":"has-post-thumbnail","6":"product_cat-tableware-wholesale","7":"product_cat-wholesale-dinnerware-sets","8":"product_tag-bulk-ceramic-bowls","9":"product_tag-dinner-plates-bulk","11":"first","12":"instock","13":"shipping-taxable","14":"product-type-simple"},"acf":[],"_links":{"self":[{"href":"https:\/\/jinhuaceramic.com\/de\/wp-json\/wp\/v2\/product\/7311","targetHints":{"allow":["GET"]}}],"collection":[{"href":"https:\/\/jinhuaceramic.com\/de\/wp-json\/wp\/v2\/product"}],"about":[{"href":"https:\/\/jinhuaceramic.com\/de\/wp-json\/wp\/v2\/types\/product"}],"replies":[{"embeddable":true,"href":"https:\/\/jinhuaceramic.com\/de\/wp-json\/wp\/v2\/comments?post=7311"}],"version-history":[{"count":0,"href":"https:\/\/jinhuaceramic.com\/de\/wp-json\/wp\/v2\/product\/7311\/revisions"}],"wp:featuredmedia":[{"embeddable":true,"href":"https:\/\/jinhuaceramic.com\/de\/wp-json\/wp\/v2\/media\/7313"}],"wp:attachment":[{"href":"https:\/\/jinhuaceramic.com\/de\/wp-json\/wp\/v2\/media?parent=7311"}],"wp:term":[{"taxonomy":"product_brand","embeddable":true,"href":"https:\/\/jinhuaceramic.com\/de\/wp-json\/wp\/v2\/product_brand?post=7311"},{"taxonomy":"product_cat","embeddable":true,"href":"https:\/\/jinhuaceramic.com\/de\/wp-json\/wp\/v2\/product_cat?post=7311"},{"taxonomy":"product_tag","embeddable":true,"href":"https:\/\/jinhuaceramic.com\/de\/wp-json\/wp\/v2\/product_tag?post=7311"}],"curies":[{"name":"wp","href":"https:\/\/api.w.org\/{rel}","templated":true}]}}