{"id":7324,"date":"2024-12-05T01:59:07","date_gmt":"2024-12-05T01:59:07","guid":{"rendered":"https:\/\/jinhuaceramic.com\/?post_type=product&#038;p=7324"},"modified":"2024-12-05T02:22:56","modified_gmt":"2024-12-05T02:22:56","slug":"ceramic-soap-dish-wholesale","status":"publish","type":"product","link":"https:\/\/jinhuaceramic.com\/de\/product\/ceramic-soap-dish-wholesale\/","title":{"rendered":"Shell geformt keramische Seife Sch\u00fcssel Gro\u00dfhandel, Reise Seife Sch\u00fcssel Bulk"},"content":{"rendered":"<div class=\"wp-block-columns is-layout-flex wp-container-core-columns-is-layout-9d6595d7 wp-block-columns-is-layout-flex\">\n<div class=\"wp-block-column is-layout-flow wp-block-column-is-layout-flow\">\n<h3 class=\"wp-block-heading\">Premium-Keramik-Seifenschale Gro\u00dfhandel Merkmale:<\/h3>\n\n\n\n<ul class=\"wp-block-list\">\n<li><strong>Kreatives Gestalten:<\/strong> Die Form dieser Keramik Seifenschale Gro\u00dfhandel imitiert die Form der Muscheln. Es zeigt hervorragende Kr\u00fcmmung und Textur, um sie so realistisch, erinnert an die romantische Atmosph\u00e4re am Strand zu machen. Sie bringt Nat\u00fcrlichkeit in das Badezimmer. In der Mitte dieser Seifenschale befindet sich eine perlen\u00e4hnliche Dekoration in wei\u00dfer Perlenform, die der Schale drei Dimensionen und dieser Seifenschale Sch\u00f6nheit verleiht.<\/li>\n\n\n\n<li><strong>Verschiedene weiche Farben: <\/strong>Diese Reiseseifenschale gibt es in g\u00e4ngigen Muschelfarben wie rosa, wei\u00df, hellblau, lila usw., die den Menschen ein warmes und angenehmes Gef\u00fchl vermitteln. Au\u00dferdem sind sie sehr geeignet f\u00fcr private R\u00e4ume wie B\u00e4der.<\/li>\n\n\n\n<li><strong>Hochwertiges keramisches Material: <\/strong>Diese keramische Seifenschale Gro\u00dfhandel mit einer hohen Klasse von keramischen Material, das es in einem Zustand zu halten, hohe Temperatur und Anti-Erosion ohne Verformung zu halten kann. Es ist ungiftig und ungiftig ohne Schaden f\u00fcr den Menschen.<\/li>\n\n\n\n<li><strong>Leicht zu reinigen: <\/strong>Die zarte Glasur dieser Reiseseifenschale aus Keramik nimmt keinen Schmutz auf, so dass das Badezimmer durch einfaches Absp\u00fclen mit klarem Wasser hygienisch sauber gehalten werden kann.<\/li>\n<\/ul>\n<\/div>\n\n\n\n<div class=\"wp-block-column is-layout-flow wp-block-column-is-layout-flow\">\n<figure class=\"wp-block-image size-full\"><img fetchpriority=\"high\" decoding=\"async\" width=\"800\" height=\"800\" src=\"https:\/\/jinhuaceramic.com\/wp-content\/uploads\/2024\/12\/Wholesale-Shell-Shaped-Soap-Dish-Ceramic-Bathroom-Accessories-Supplies-4_\u7ed3\u679c.webp\" alt=\"Muschel geformt keramische Seife Sch\u00fcssel Gro\u00dfhandel, Reise Seife Sch\u00fcssel Bulk-3\" class=\"wp-image-7327\" srcset=\"https:\/\/jinhuaceramic.com\/wp-content\/uploads\/2024\/12\/Wholesale-Shell-Shaped-Soap-Dish-Ceramic-Bathroom-Accessories-Supplies-4_\u7ed3\u679c.webp 800w, https:\/\/jinhuaceramic.com\/wp-content\/uploads\/2024\/12\/Wholesale-Shell-Shaped-Soap-Dish-Ceramic-Bathroom-Accessories-Supplies-4_\u7ed3\u679c-300x300.webp 300w, https:\/\/jinhuaceramic.com\/wp-content\/uploads\/2024\/12\/Wholesale-Shell-Shaped-Soap-Dish-Ceramic-Bathroom-Accessories-Supplies-4_\u7ed3\u679c-150x150.webp 150w, https:\/\/jinhuaceramic.com\/wp-content\/uploads\/2024\/12\/Wholesale-Shell-Shaped-Soap-Dish-Ceramic-Bathroom-Accessories-Supplies-4_\u7ed3\u679c-768x768.webp 768w, https:\/\/jinhuaceramic.com\/wp-content\/uploads\/2024\/12\/Wholesale-Shell-Shaped-Soap-Dish-Ceramic-Bathroom-Accessories-Supplies-4_\u7ed3\u679c-12x12.webp 12w, https:\/\/jinhuaceramic.com\/wp-content\/uploads\/2024\/12\/Wholesale-Shell-Shaped-Soap-Dish-Ceramic-Bathroom-Accessories-Supplies-4_\u7ed3\u679c-285x285.webp 285w, https:\/\/jinhuaceramic.com\/wp-content\/uploads\/2024\/12\/Wholesale-Shell-Shaped-Soap-Dish-Ceramic-Bathroom-Accessories-Supplies-4_\u7ed3\u679c-270x270.webp 270w, https:\/\/jinhuaceramic.com\/wp-content\/uploads\/2024\/12\/Wholesale-Shell-Shaped-Soap-Dish-Ceramic-Bathroom-Accessories-Supplies-4_\u7ed3\u679c-540x540.webp 540w, https:\/\/jinhuaceramic.com\/wp-content\/uploads\/2024\/12\/Wholesale-Shell-Shaped-Soap-Dish-Ceramic-Bathroom-Accessories-Supplies-4_\u7ed3\u679c-660x660.webp 660w\" sizes=\"(max-width: 800px) 100vw, 800px\" \/><\/figure>\n<\/div>\n<\/div>","protected":false},"excerpt":{"rendered":"<p>Willkommen zu kaufen Reise Seifenschale bulk. Unsere muschelf\u00f6rmige Keramik Seifenschale Gro\u00dfhandel ist praktisch und sch\u00f6n, ein unverzichtbares kleines Element im Badezimmer. Sie k\u00f6nnen nicht nur den t\u00e4glichen Gebrauch Bed\u00fcrfnisse erf\u00fcllen, sondern auch den gesamten Stil des Badezimmers zu verbessern und einen Hauch von Vergn\u00fcgen zum Baden Zeit hinzuf\u00fcgen.<\/p>","protected":false},"featured_media":7325,"comment_status":"closed","ping_status":"closed","template":"","meta":{"_acf_changed":false},"product_brand":[],"product_cat":[51],"product_tag":[72],"class_list":{"0":"post-7324","1":"product","2":"type-product","3":"status-publish","4":"has-post-thumbnail","6":"product_cat-bathroom-accessories-wholesale","7":"product_tag-wholesale-soap-dishes","9":"first","10":"instock","11":"shipping-taxable","12":"product-type-simple"},"acf":[],"_links":{"self":[{"href":"https:\/\/jinhuaceramic.com\/de\/wp-json\/wp\/v2\/product\/7324","targetHints":{"allow":["GET"]}}],"collection":[{"href":"https:\/\/jinhuaceramic.com\/de\/wp-json\/wp\/v2\/product"}],"about":[{"href":"https:\/\/jinhuaceramic.com\/de\/wp-json\/wp\/v2\/types\/product"}],"replies":[{"embeddable":true,"href":"https:\/\/jinhuaceramic.com\/de\/wp-json\/wp\/v2\/comments?post=7324"}],"version-history":[{"count":0,"href":"https:\/\/jinhuaceramic.com\/de\/wp-json\/wp\/v2\/product\/7324\/revisions"}],"wp:featuredmedia":[{"embeddable":true,"href":"https:\/\/jinhuaceramic.com\/de\/wp-json\/wp\/v2\/media\/7325"}],"wp:attachment":[{"href":"https:\/\/jinhuaceramic.com\/de\/wp-json\/wp\/v2\/media?parent=7324"}],"wp:term":[{"taxonomy":"product_brand","embeddable":true,"href":"https:\/\/jinhuaceramic.com\/de\/wp-json\/wp\/v2\/product_brand?post=7324"},{"taxonomy":"product_cat","embeddable":true,"href":"https:\/\/jinhuaceramic.com\/de\/wp-json\/wp\/v2\/product_cat?post=7324"},{"taxonomy":"product_tag","embeddable":true,"href":"https:\/\/jinhuaceramic.com\/de\/wp-json\/wp\/v2\/product_tag?post=7324"}],"curies":[{"name":"wp","href":"https:\/\/api.w.org\/{rel}","templated":true}]}}