{"id":7331,"date":"2024-12-05T02:20:34","date_gmt":"2024-12-05T02:20:34","guid":{"rendered":"https:\/\/jinhuaceramic.com\/?post_type=product&#038;p=7331"},"modified":"2025-03-11T07:57:46","modified_gmt":"2025-03-11T07:57:46","slug":"wholesale-kitchen-bakeware","status":"publish","type":"product","link":"https:\/\/jinhuaceramic.com\/de\/product\/wholesale-kitchen-bakeware\/","title":{"rendered":"Premium-Gro\u00dfhandel K\u00fcche Backformen, Bulk Keramik-Backformen"},"content":{"rendered":"<div class=\"wp-block-columns is-layout-flex wp-container-core-columns-is-layout-9d6595d7 wp-block-columns-is-layout-flex\">\n<div class=\"wp-block-column is-layout-flow wp-block-column-is-layout-flow\">\n<h3 class=\"wp-block-heading\">Premium Gro\u00dfhandel K\u00fcche Backformen Eigenschaften:<\/h3>\n\n\n\n<ul class=\"wp-block-list\">\n<li><strong>Klassisches geometrisches Muster:<\/strong> Diese keramischen Backformen f\u00fcr den Gro\u00dfhandel weisen ein klassisches geometrisches Rautenmuster auf der Oberfl\u00e4che auf, das in Blau und Wei\u00df gef\u00e4rbt ist und einen einfachen und eleganten Stil zeigt. Dieses sch\u00f6ne Muster Design ist zeitlos und geeignet f\u00fcr K\u00fcchen mit allen Arten von Stilen.<\/li>\n\n\n\n<li><strong>Hochwertiges Material: <\/strong>Diese gro\u00dfen Keramik-Backformen werden aus hochwertiger Keramik hergestellt, die temperaturbest\u00e4ndig ist, die Lebensmittel gleichm\u00e4\u00dfig erhitzt, die Feuchtigkeit einschlie\u00dft und den urspr\u00fcnglichen Geschmack bewahrt. Gleichzeitig ist die einfache Reinigung ein weiterer entscheidender Vorteil von Keramik.<\/li>\n\n\n\n<li><strong>Mehrere Gr\u00f6\u00dfen: <\/strong>Diese Gro\u00dfhandel K\u00fcche Backformen in quadratischen und rechteckigen Formen, mit verschiedenen Gr\u00f6\u00dfen, um die verschiedenen Backen Bed\u00fcrfnisse zu erf\u00fcllen. Als Hersteller k\u00f6nnen wir andere Gr\u00f6\u00dfen von Backformen nach Kundenw\u00fcnschen anpassen.<\/li>\n\n\n\n<li><strong>Quadratisches und doppelohriges Design:<\/strong> Das quadratische Design dieser gro\u00dfen Keramik-Backformen kann den Platz im Ofen viel besser ausnutzen als herk\u00f6mmliche runde Backbleche und mehr Lebensmittel aufnehmen. An beiden Seiten der Backform befinden sich doppelte \u00d6sen, die das Herausnehmen und Bewegen der Backform erleichtern und auch dann sicher funktionieren, wenn die Backform hei\u00dfe Speisen enth\u00e4lt.<\/li>\n<\/ul>\n<\/div>\n\n\n\n<div class=\"wp-block-column is-layout-flow wp-block-column-is-layout-flow\">\n<figure class=\"wp-block-image size-full\"><img fetchpriority=\"high\" decoding=\"async\" width=\"640\" height=\"640\" src=\"https:\/\/jinhuaceramic.com\/wp-content\/uploads\/2024\/12\/Bulk-Ceramic-Custom-Baking-Pans-Wholesale-Bakeware-Supplies_\u7ed3\u679c.webp\" alt=\"Premium-Gro\u00dfhandel K\u00fcche Backen Geschirr, Bulk Keramik Backformen-1\" class=\"wp-image-7335\" srcset=\"https:\/\/jinhuaceramic.com\/wp-content\/uploads\/2024\/12\/Bulk-Ceramic-Custom-Baking-Pans-Wholesale-Bakeware-Supplies_\u7ed3\u679c.webp 640w, https:\/\/jinhuaceramic.com\/wp-content\/uploads\/2024\/12\/Bulk-Ceramic-Custom-Baking-Pans-Wholesale-Bakeware-Supplies_\u7ed3\u679c-300x300.webp 300w, https:\/\/jinhuaceramic.com\/wp-content\/uploads\/2024\/12\/Bulk-Ceramic-Custom-Baking-Pans-Wholesale-Bakeware-Supplies_\u7ed3\u679c-150x150.webp 150w, https:\/\/jinhuaceramic.com\/wp-content\/uploads\/2024\/12\/Bulk-Ceramic-Custom-Baking-Pans-Wholesale-Bakeware-Supplies_\u7ed3\u679c-12x12.webp 12w, https:\/\/jinhuaceramic.com\/wp-content\/uploads\/2024\/12\/Bulk-Ceramic-Custom-Baking-Pans-Wholesale-Bakeware-Supplies_\u7ed3\u679c-285x285.webp 285w, https:\/\/jinhuaceramic.com\/wp-content\/uploads\/2024\/12\/Bulk-Ceramic-Custom-Baking-Pans-Wholesale-Bakeware-Supplies_\u7ed3\u679c-270x270.webp 270w, https:\/\/jinhuaceramic.com\/wp-content\/uploads\/2024\/12\/Bulk-Ceramic-Custom-Baking-Pans-Wholesale-Bakeware-Supplies_\u7ed3\u679c-540x540.webp 540w\" sizes=\"(max-width: 640px) 100vw, 640px\" \/><\/figure>\n<\/div>\n<\/div>","protected":false},"excerpt":{"rendered":"<p>Willkommen zum Kauf Gro\u00dfhandel K\u00fcche Backformen. Unsere gro\u00dfen Keramik-Backformen haben ein elegantes Design, eine solide Keramikstruktur, verschiedene Gr\u00f6\u00dfen, Doppelohr-Design, etc. Das Design dieser keramischen Backformen verbindet perfekt Sch\u00f6nheit und Funktionalit\u00e4t, die nicht nur das Aussehen der K\u00fcche zu verbessern, sondern auch die Bed\u00fcrfnisse der t\u00e4glichen Backen erf\u00fcllen k\u00f6nnen.<\/p>","protected":false},"featured_media":7334,"comment_status":"closed","ping_status":"closed","template":"","meta":{"_acf_changed":false},"product_brand":[],"product_cat":[53],"product_tag":[71],"class_list":{"0":"post-7331","1":"product","2":"type-product","3":"status-publish","4":"has-post-thumbnail","6":"product_cat-bakeware-in-bulk","7":"product_tag-wholesale-baking-pans","9":"first","10":"instock","11":"shipping-taxable","12":"product-type-simple"},"acf":[],"_links":{"self":[{"href":"https:\/\/jinhuaceramic.com\/de\/wp-json\/wp\/v2\/product\/7331","targetHints":{"allow":["GET"]}}],"collection":[{"href":"https:\/\/jinhuaceramic.com\/de\/wp-json\/wp\/v2\/product"}],"about":[{"href":"https:\/\/jinhuaceramic.com\/de\/wp-json\/wp\/v2\/types\/product"}],"replies":[{"embeddable":true,"href":"https:\/\/jinhuaceramic.com\/de\/wp-json\/wp\/v2\/comments?post=7331"}],"version-history":[{"count":0,"href":"https:\/\/jinhuaceramic.com\/de\/wp-json\/wp\/v2\/product\/7331\/revisions"}],"wp:featuredmedia":[{"embeddable":true,"href":"https:\/\/jinhuaceramic.com\/de\/wp-json\/wp\/v2\/media\/7334"}],"wp:attachment":[{"href":"https:\/\/jinhuaceramic.com\/de\/wp-json\/wp\/v2\/media?parent=7331"}],"wp:term":[{"taxonomy":"product_brand","embeddable":true,"href":"https:\/\/jinhuaceramic.com\/de\/wp-json\/wp\/v2\/product_brand?post=7331"},{"taxonomy":"product_cat","embeddable":true,"href":"https:\/\/jinhuaceramic.com\/de\/wp-json\/wp\/v2\/product_cat?post=7331"},{"taxonomy":"product_tag","embeddable":true,"href":"https:\/\/jinhuaceramic.com\/de\/wp-json\/wp\/v2\/product_tag?post=7331"}],"curies":[{"name":"wp","href":"https:\/\/api.w.org\/{rel}","templated":true}]}}