{"id":7338,"date":"2024-12-05T02:08:02","date_gmt":"2024-12-05T02:08:02","guid":{"rendered":"https:\/\/jinhuaceramic.com\/?post_type=product&#038;p=7338"},"modified":"2024-12-05T02:22:41","modified_gmt":"2024-12-05T02:22:41","slug":"designer-bathroom-sets-wholesale","status":"publish","type":"product","link":"https:\/\/jinhuaceramic.com\/de\/product\/designer-bathroom-sets-wholesale\/","title":{"rendered":"4-teilige Designer-Bad-Sets Gro\u00dfhandel, Bulk Bad-Accessoires"},"content":{"rendered":"<div class=\"wp-block-columns is-layout-flex wp-container-core-columns-is-layout-9d6595d7 wp-block-columns-is-layout-flex\">\n<div class=\"wp-block-column is-layout-flow wp-block-column-is-layout-flow\">\n<h3 class=\"wp-block-heading\">Premium-Designer-Badezimmer-Sets Gro\u00dfhandel Features:<\/h3>\n\n\n\n<ul class=\"wp-block-list\">\n<li><strong>Zweifarbiges Design: <\/strong>Diese Designer-Badezimmer-Sets im Gro\u00dfhandel sind in Wei\u00df und Braun gehalten und haben sowohl das Wei\u00df der Keramik als auch die W\u00e4rme des Holzes, einfach und stilvoll. Dieses Farbschema ist sehr vielseitig und eignet sich f\u00fcr B\u00e4der verschiedener Stilrichtungen.<\/li>\n\n\n\n<li><strong>Punkt Textur: <\/strong>Die blaue, gepunktete Textur dieser massiven Badaccessoires durchbricht die Monotonie der Unifarben, macht das Bad optisch interessant und l\u00e4sst es lebendiger erscheinen.<\/li>\n\n\n\n<li><strong>Hochwertiges Material: <\/strong>Das f\u00fcr diese Designer-Badezimmer-Sets verwendete Material ist Keramik bester Qualit\u00e4t. Seine feine Textur, die glatte Oberfl\u00e4che und die angenehme Haptik machen die Benutzung sehr angenehm. Keramik ist sehr temperaturbest\u00e4ndig, hat keine Angst vor W\u00e4rmeausdehnung und -kontraktion, verformt sich nicht leicht und h\u00e4lt l\u00e4nger.<\/li>\n\n\n\n<li><strong>Vollst\u00e4ndiger Satz: <\/strong>Zu diesen Badaccessoires aus Keramik geh\u00f6ren Seifenspender, Zahnb\u00fcrstenbecher, Mundwasserbecher und Seifenschalen f\u00fcr eine Vielzahl von t\u00e4glichen Waschanforderungen. Ein komplettes Set von Keramik-Badezimmer-Sets kann Ihnen helfen, verschiedene Toilettenartikel zu klassifizieren und zu platzieren und das Badezimmer ordentlich und aufger\u00e4umt zu halten.<\/li>\n<\/ul>\n<\/div>\n\n\n\n<div class=\"wp-block-column is-layout-flow wp-block-column-is-layout-flow\">\n<figure class=\"wp-block-image size-full\"><img fetchpriority=\"high\" decoding=\"async\" width=\"1500\" height=\"1500\" src=\"https:\/\/jinhuaceramic.com\/wp-content\/uploads\/2024\/12\/4-Piece-Custom-Ceramic-Bathroom-Accessories-Set-Wholesale-Supplies-2_\u7ed3\u679c.webp\" alt=\"4-teilige Designer-Bad-Sets Gro\u00dfhandel, Bulk Bad-Accessoires-1\" class=\"wp-image-7339\" srcset=\"https:\/\/jinhuaceramic.com\/wp-content\/uploads\/2024\/12\/4-Piece-Custom-Ceramic-Bathroom-Accessories-Set-Wholesale-Supplies-2_\u7ed3\u679c.webp 1500w, https:\/\/jinhuaceramic.com\/wp-content\/uploads\/2024\/12\/4-Piece-Custom-Ceramic-Bathroom-Accessories-Set-Wholesale-Supplies-2_\u7ed3\u679c-300x300.webp 300w, https:\/\/jinhuaceramic.com\/wp-content\/uploads\/2024\/12\/4-Piece-Custom-Ceramic-Bathroom-Accessories-Set-Wholesale-Supplies-2_\u7ed3\u679c-150x150.webp 150w, https:\/\/jinhuaceramic.com\/wp-content\/uploads\/2024\/12\/4-Piece-Custom-Ceramic-Bathroom-Accessories-Set-Wholesale-Supplies-2_\u7ed3\u679c-768x768.webp 768w, https:\/\/jinhuaceramic.com\/wp-content\/uploads\/2024\/12\/4-Piece-Custom-Ceramic-Bathroom-Accessories-Set-Wholesale-Supplies-2_\u7ed3\u679c-12x12.webp 12w, https:\/\/jinhuaceramic.com\/wp-content\/uploads\/2024\/12\/4-Piece-Custom-Ceramic-Bathroom-Accessories-Set-Wholesale-Supplies-2_\u7ed3\u679c-285x285.webp 285w, https:\/\/jinhuaceramic.com\/wp-content\/uploads\/2024\/12\/4-Piece-Custom-Ceramic-Bathroom-Accessories-Set-Wholesale-Supplies-2_\u7ed3\u679c-270x270.webp 270w, https:\/\/jinhuaceramic.com\/wp-content\/uploads\/2024\/12\/4-Piece-Custom-Ceramic-Bathroom-Accessories-Set-Wholesale-Supplies-2_\u7ed3\u679c-540x540.webp 540w, https:\/\/jinhuaceramic.com\/wp-content\/uploads\/2024\/12\/4-Piece-Custom-Ceramic-Bathroom-Accessories-Set-Wholesale-Supplies-2_\u7ed3\u679c-660x660.webp 660w\" sizes=\"(max-width: 1500px) 100vw, 1500px\" \/><\/figure>\n<\/div>\n<\/div>\n\n\n\n<p><\/p>","protected":false},"excerpt":{"rendered":"<p>Willkommen zu kaufen bulk Bad-Accessoires. Diese Designer-Bad-Sets Gro\u00dfhandel haben stilvolle zweifarbige Design und spezielle gepunktete Texturen, die effektiv das Aussehen des Badezimmers verbessern k\u00f6nnen. Zur gleichen Zeit, das hochwertige keramische Material und komplette Zubeh\u00f6r Kombination machen es sehr praktisch und eine gute Wahl, um die Lebensqualit\u00e4t zu verbessern.<\/p>","protected":false},"featured_media":7343,"comment_status":"closed","ping_status":"closed","template":"","meta":{"_acf_changed":false},"product_brand":[],"product_cat":[51],"product_tag":[74],"class_list":{"0":"post-7338","1":"product","2":"type-product","3":"status-publish","4":"has-post-thumbnail","6":"product_cat-bathroom-accessories-wholesale","7":"product_tag-ceramic-bath-accessories-wholesale","9":"first","10":"instock","11":"shipping-taxable","12":"product-type-simple"},"acf":[],"_links":{"self":[{"href":"https:\/\/jinhuaceramic.com\/de\/wp-json\/wp\/v2\/product\/7338","targetHints":{"allow":["GET"]}}],"collection":[{"href":"https:\/\/jinhuaceramic.com\/de\/wp-json\/wp\/v2\/product"}],"about":[{"href":"https:\/\/jinhuaceramic.com\/de\/wp-json\/wp\/v2\/types\/product"}],"replies":[{"embeddable":true,"href":"https:\/\/jinhuaceramic.com\/de\/wp-json\/wp\/v2\/comments?post=7338"}],"version-history":[{"count":0,"href":"https:\/\/jinhuaceramic.com\/de\/wp-json\/wp\/v2\/product\/7338\/revisions"}],"wp:featuredmedia":[{"embeddable":true,"href":"https:\/\/jinhuaceramic.com\/de\/wp-json\/wp\/v2\/media\/7343"}],"wp:attachment":[{"href":"https:\/\/jinhuaceramic.com\/de\/wp-json\/wp\/v2\/media?parent=7338"}],"wp:term":[{"taxonomy":"product_brand","embeddable":true,"href":"https:\/\/jinhuaceramic.com\/de\/wp-json\/wp\/v2\/product_brand?post=7338"},{"taxonomy":"product_cat","embeddable":true,"href":"https:\/\/jinhuaceramic.com\/de\/wp-json\/wp\/v2\/product_cat?post=7338"},{"taxonomy":"product_tag","embeddable":true,"href":"https:\/\/jinhuaceramic.com\/de\/wp-json\/wp\/v2\/product_tag?post=7338"}],"curies":[{"name":"wp","href":"https:\/\/api.w.org\/{rel}","templated":true}]}}